{"id":12152,"date":"2023-12-16T11:35:56","date_gmt":"2023-12-16T11:35:56","guid":{"rendered":"https:\/\/emecr.org\/?page_id=12152"},"modified":"2024-08-25T11:14:05","modified_gmt":"2024-08-25T11:14:05","slug":"reporting-scams","status":"publish","type":"page","link":"https:\/\/emecr.org\/es\/reporting-scams\/","title":{"rendered":"Denunciar estafas"},"content":{"rendered":"<div data-elementor-type=\"wp-page\" data-elementor-id=\"12152\" class=\"elementor elementor-12152\" data-elementor-post-type=\"page\">\n\t\t\t\t<div class=\"elementor-element elementor-element-8a50617 e-flex e-con-boxed e-con e-parent\" data-id=\"8a50617\" data-element_type=\"container\" data-e-type=\"container\" data-settings=\"{&quot;ekit_has_onepagescroll_dot&quot;:&quot;yes&quot;}\">\n\t\t\t\t\t<div class=\"e-con-inner\">\n\t\t<div class=\"elementor-element elementor-element-117d68d e-con-full e-flex e-con e-child\" data-id=\"117d68d\" data-element_type=\"container\" data-e-type=\"container\" data-settings=\"{&quot;ekit_has_onepagescroll_dot&quot;:&quot;yes&quot;}\">\n\t\t\t\t<div class=\"elementor-element elementor-element-0d73eeb elementor-widget elementor-widget-image\" data-id=\"0d73eeb\" data-element_type=\"widget\" data-e-type=\"widget\" data-settings=\"{&quot;ekit_we_effect_on&quot;:&quot;none&quot;}\" data-widget_type=\"image.default\">\n\t\t\t\t<div class=\"elementor-widget-container\">\n\t\t\t\t\t\t\t\t\t\t\t\t\t\t\t<img fetchpriority=\"high\" decoding=\"async\" width=\"800\" height=\"722\" src=\"https:\/\/emecr.org\/wp-content\/uploads\/2024\/06\/scams-alerts-1024x924.png\" class=\"attachment-large size-large wp-image-27949\" alt=\"\" srcset=\"https:\/\/emecr.org\/wp-content\/uploads\/2024\/06\/scams-alerts-1024x924.png 1024w, https:\/\/emecr.org\/wp-content\/uploads\/2024\/06\/scams-alerts-600x541.png 600w, https:\/\/emecr.org\/wp-content\/uploads\/2024\/06\/scams-alerts-300x271.png 300w, https:\/\/emecr.org\/wp-content\/uploads\/2024\/06\/scams-alerts-768x693.png 768w, https:\/\/emecr.org\/wp-content\/uploads\/2024\/06\/scams-alerts-1536x1385.png 1536w, https:\/\/emecr.org\/wp-content\/uploads\/2024\/06\/scams-alerts.png 2000w\" sizes=\"(max-width: 800px) 100vw, 800px\" \/>\t\t\t\t\t\t\t\t\t\t\t\t\t\t\t<\/div>\n\t\t\t\t<\/div>\n\t\t\t\t<\/div>\n\t\t<div class=\"elementor-element elementor-element-56602a6 e-con-full e-flex e-con e-child\" data-id=\"56602a6\" data-element_type=\"container\" data-e-type=\"container\" data-settings=\"{&quot;ekit_has_onepagescroll_dot&quot;:&quot;yes&quot;}\">\n\t\t\t\t<div class=\"elementor-element elementor-element-2d82202 elementor-widget__width-initial elementor-widget elementor-widget-elementskit-heading\" data-id=\"2d82202\" data-element_type=\"widget\" data-e-type=\"widget\" data-settings=\"{&quot;ekit_we_effect_on&quot;:&quot;none&quot;}\" data-widget_type=\"elementskit-heading.default\">\n\t\t\t\t<div class=\"elementor-widget-container\">\n\t\t\t\t\t<div class=\"ekit-wid-con\" ><div class=\"ekit-heading elementskit-section-title-wraper text_left   ekit_heading_tablet-   ekit_heading_mobile-\"><h2 class=\"ekit-heading--title elementskit-section-title\">Prevenci\u00f3n de actividades fraudulentas y denuncia de estafas<\/h2>\t\t\t\t<div class='ekit-heading__description'>\n\t\t\t\t\t<p><strong>Mantenemos los m\u00e1s altos est\u00e1ndares de integridad y protecci\u00f3n del bienestar de nuestra comunidad. Por desgracia, los estafadores pueden intentar aprovecharse de nuestro nombre para realizar actividades fraudulentas. <\/strong><\/p>\n<p><strong>Esta p\u00e1gina sirve de gu\u00eda sobre c\u00f3mo identificar y denunciar estafas relacionadas con nosotros.<\/strong><\/p>\n\t\t\t\t<\/div>\n\t\t\t<\/div><\/div>\t\t\t\t<\/div>\n\t\t\t\t<\/div>\n\t\t\t\t<div class=\"elementor-element elementor-element-d3db287 elementor-align-left elementor-widget elementor-widget-elementskit-button\" data-id=\"d3db287\" data-element_type=\"widget\" data-e-type=\"widget\" data-settings=\"{&quot;ekit_we_effect_on&quot;:&quot;none&quot;}\" data-widget_type=\"elementskit-button.default\">\n\t\t\t\t<div class=\"elementor-widget-container\">\n\t\t\t\t\t<div class=\"ekit-wid-con\" >\t\t<div class=\"ekit-btn-wraper\">\n\t\t\t\t\t\t\t<a href=\"https:\/\/emecr.org\/es\/contact\/\" class=\"elementskit-btn  whitespace--normal\" id=\"\">\n\t\t\t\t\t<i class=\"tsicon tsicon-caution\"><\/i>INFORME AHORA\t\t\t\t<\/a>\n\t\t\t\t\t<\/div>\n        <\/div>\t\t\t\t<\/div>\n\t\t\t\t<\/div>\n\t\t\t\t<\/div>\n\t\t\t\t\t<\/div>\n\t\t\t\t<\/div>\n\t\t<div class=\"elementor-element elementor-element-42061e8 e-flex e-con-boxed e-con e-parent\" data-id=\"42061e8\" data-element_type=\"container\" data-e-type=\"container\" data-settings=\"{&quot;ekit_has_onepagescroll_dot&quot;:&quot;yes&quot;}\">\n\t\t\t\t\t<div class=\"e-con-inner\">\n\t\t\t\t<div class=\"elementor-element elementor-element-176f232 elementor-widget__width-initial elementor-widget elementor-widget-elementskit-heading\" data-id=\"176f232\" data-element_type=\"widget\" data-e-type=\"widget\" data-settings=\"{&quot;ekit_we_effect_on&quot;:&quot;none&quot;}\" data-widget_type=\"elementskit-heading.default\">\n\t\t\t\t<div class=\"elementor-widget-container\">\n\t\t\t\t\t<div class=\"ekit-wid-con\" ><div class=\"ekit-heading elementskit-section-title-wraper text_left   ekit_heading_tablet-   ekit_heading_mobile-\"><h2 class=\"ekit-heading--title elementskit-section-title\">Identificar posibles estafas<\/h2><\/div><\/div>\t\t\t\t<\/div>\n\t\t\t\t<\/div>\n\t\t\t\t\t<\/div>\n\t\t\t\t<\/div>\n\t\t<div class=\"elementor-element elementor-element-e3b206a e-flex e-con-boxed e-con e-parent\" data-id=\"e3b206a\" data-element_type=\"container\" data-e-type=\"container\" data-settings=\"{&quot;ekit_has_onepagescroll_dot&quot;:&quot;yes&quot;}\">\n\t\t\t\t\t<div class=\"e-con-inner\">\n\t\t<div class=\"elementor-element elementor-element-d2e1285 e-con-full e-flex e-con e-child\" data-id=\"d2e1285\" data-element_type=\"container\" data-e-type=\"container\" data-settings=\"{&quot;ekit_has_onepagescroll_dot&quot;:&quot;yes&quot;}\">\n\t\t\t\t<div class=\"elementor-element elementor-element-69590fd elementor-widget__width-initial elementor-widget elementor-widget-text-editor\" data-id=\"69590fd\" data-element_type=\"widget\" data-e-type=\"widget\" data-settings=\"{&quot;ekit_we_effect_on&quot;:&quot;none&quot;}\" data-widget_type=\"text-editor.default\">\n\t\t\t\t<div class=\"elementor-widget-container\">\n\t\t\t\t\t\t\t\t\t<p><strong>Es importante mantenerse alerta y reconocer las posibles estafas. Tenga cuidado si se encuentra con:<\/strong><\/p><ul><li><strong>Comunicaci\u00f3n no solicitada: Nunca nos pondremos en contacto con usted de forma inesperada, especialmente a trav\u00e9s de correos electr\u00f3nicos, llamadas o mensajes no solicitados.<\/strong><\/li><li><strong>Solicitud de informaci\u00f3n personal: EMECR nunca solicitar\u00e1 informaci\u00f3n personal sensible, como contrase\u00f1as o datos financieros, a trav\u00e9s de canales no seguros.<\/strong><\/li><li><strong>Solicitudes de pago: No solicitamos el pago de servicios a trav\u00e9s de m\u00e9todos no convencionales, como tarjetas regalo o transferencias bancarias.<\/strong><\/li><li><strong>Falsa afiliaci\u00f3n: Los estafadores pueden afirmar falsamente que est\u00e1n asociados a EMECR. Verifique tales afirmaciones poni\u00e9ndose en contacto con nosotros directamente a trav\u00e9s de los canales oficiales.<\/strong><\/li><\/ul><h1><strong><br \/>Denunciar estafas<\/strong><\/h1><p><strong>Si sospecha de una actividad fraudulenta con el nombre de EMECR, siga estos pasos:<\/strong><\/p><p><strong>Re\u00fane informaci\u00f3n:<br \/>Documente cualquier detalle relevante, como la informaci\u00f3n de contacto del estafador, la naturaleza de la estafa y cualquier comunicaci\u00f3n recibida. Informe de la estafa al EMECR envi\u00e1ndonos un correo electr\u00f3nico a\u00a0<a href=\"mailto:scams@emecr.org\" target=\"_new\">scams@emecr.org<\/a>. Incluya la informaci\u00f3n recopilada para ayudar a nuestra investigaci\u00f3n.<\/strong><\/p><h1><strong>Cumplimiento de la ley<\/strong><\/h1><p><strong><br \/>Si cree que ha sido v\u00edctima de una estafa, p\u00f3ngase en contacto con las fuerzas de seguridad locales y facil\u00edteles los detalles del incidente. Denuncie las estafas en l\u00ednea a los organismos competentes en materia de delitos por Internet, como la EFCC y el Internet Crime Complaint Center (IC3).<\/strong><\/p><h1><strong>Prevenci\u00f3n de estafas<\/strong><\/h1><p><strong>Prot\u00e9jase y proteja a los dem\u00e1s siguiendo estas medidas preventivas:<\/strong><\/p><p><strong>Verificar la comunicaci\u00f3n y asegurar la transacci\u00f3n<br \/>En caso de duda, confirme la autenticidad de las comunicaciones de EMECR a trav\u00e9s de los canales oficiales. Su diligencia garantiza una interacci\u00f3n segura y protege contra posibles estafas. Realice los pagos \u00fanicamente a trav\u00e9s de m\u00e9todos seguros y fiables. EMECR nunca solicitar\u00e1 el pago a trav\u00e9s de medios no convencionales.<\/strong><\/p><h1><strong>Inf\u00f3rmate<\/strong><\/h1><p><strong>Mant\u00e9ngase informado sobre las estafas m\u00e1s comunes y sea precavido al compartir informaci\u00f3n personal en Internet.<\/strong><br \/><strong>Utilice los canales oficiales:<br \/>Realice tr\u00e1mites oficiales con el EMECR a trav\u00e9s de nuestro sitio web oficial (<a href=\"https:\/\/emecr.org\/es\/\" target=\"_new\">https:\/\/emecr.org<\/a>) y canales de comunicaci\u00f3n verificados. Si tiene alguna duda o pregunta sobre posibles estafas, p\u00f3ngase en contacto con nosotros en\u00a0<a href=\"mailto:scams@emecr.org\" target=\"_new\">scams@emecr.org<\/a>Su vigilancia nos ayuda a mantener un entorno seguro para nuestra comunidad.<\/strong><\/p>\t\t\t\t\t\t\t\t<\/div>\n\t\t\t\t<\/div>\n\t\t\t\t<\/div>\n\t\t<div class=\"elementor-element elementor-element-7b9a2f9 e-con-full e-flex e-con e-child\" data-id=\"7b9a2f9\" data-element_type=\"container\" data-e-type=\"container\" data-settings=\"{&quot;ekit_has_onepagescroll_dot&quot;:&quot;yes&quot;}\">\n\t\t\t\t<div class=\"elementor-element elementor-element-f190426 elementor-widget elementor-widget-video\" data-id=\"f190426\" data-element_type=\"widget\" data-e-type=\"widget\" data-settings=\"{&quot;youtube_url&quot;:&quot;https:\\\/\\\/www.youtube.com\\\/watch?v=HxySrSbSY7o&quot;,&quot;video_type&quot;:&quot;youtube&quot;,&quot;controls&quot;:&quot;yes&quot;,&quot;ekit_we_effect_on&quot;:&quot;none&quot;}\" data-widget_type=\"video.default\">\n\t\t\t\t<div class=\"elementor-widget-container\">\n\t\t\t\t\t\t\t<div class=\"elementor-wrapper elementor-open-inline\">\n\t\t\t<div class=\"elementor-video\"><\/div>\t\t<\/div>\n\t\t\t\t\t\t<\/div>\n\t\t\t\t<\/div>\n\t\t\t\t<div class=\"elementor-element elementor-element-b630e11 elementor-widget-divider--separator-type-pattern elementor-widget-divider--view-line elementor-widget elementor-widget-divider\" data-id=\"b630e11\" data-element_type=\"widget\" data-e-type=\"widget\" data-settings=\"{&quot;ekit_we_effect_on&quot;:&quot;none&quot;}\" data-widget_type=\"divider.default\">\n\t\t\t\t<div class=\"elementor-widget-container\">\n\t\t\t\t\t\t\t<div class=\"elementor-divider\" style=\"--divider-pattern-url: url(&quot;data:image\/svg+xml,%3Csvg xmlns=&#039;http:\/\/www.w3.org\/2000\/svg&#039; preserveAspectRatio=&#039;none&#039; overflow=&#039;visible&#039; height=&#039;100%&#039; viewBox=&#039;0 0 24 24&#039; fill=&#039;none&#039; stroke=&#039;black&#039; stroke-width=&#039;1&#039; stroke-linecap=&#039;square&#039; stroke-miterlimit=&#039;10&#039;%3E%3Cpolyline points=&#039;0,18 12,6 24,18 &#039;\/%3E%3C\/svg%3E&quot;);\">\n\t\t\t<span class=\"elementor-divider-separator\">\n\t\t\t\t\t\t<\/span>\n\t\t<\/div>\n\t\t\t\t\t\t<\/div>\n\t\t\t\t<\/div>\n\t\t\t\t<div class=\"elementor-element elementor-element-51624d4 elementor-widget__width-initial elementor-widget elementor-widget-elementskit-heading\" data-id=\"51624d4\" data-element_type=\"widget\" data-e-type=\"widget\" data-settings=\"{&quot;ekit_we_effect_on&quot;:&quot;none&quot;}\" data-widget_type=\"elementskit-heading.default\">\n\t\t\t\t<div class=\"elementor-widget-container\">\n\t\t\t\t\t<div class=\"ekit-wid-con\" ><div class=\"ekit-heading elementskit-section-title-wraper text_left   ekit_heading_tablet-   ekit_heading_mobile-\"><h3 class=\"elementskit-section-subtitle\">\n\t\t\t\t\t\tConsejos en v\u00eddeo\n\t\t\t\t\t<\/h3><h2 class=\"ekit-heading--title elementskit-section-title\">Seguridad en l\u00ednea<\/h2><\/div><\/div>\t\t\t\t<\/div>\n\t\t\t\t<\/div>\n\t\t\t\t<\/div>\n\t\t\t\t\t<\/div>\n\t\t\t\t<\/div>\n\t\t\t\t<\/div>","protected":false},"excerpt":{"rendered":"<p>Preventing fraudulent Activities and Reporting Scams We maintain the highest standards of integrity and protecting the well-being of our community. Unfortunately, scammers may attempt to exploit our name for fraudulent [&hellip;]<\/p>\n","protected":false},"author":1,"featured_media":0,"parent":0,"menu_order":0,"comment_status":"closed","ping_status":"closed","template":"elementor_header_footer","meta":{"rs_blank_template":"","rs_page_bg_color":"","slide_template_v7":"","footnotes":""},"class_list":["post-12152","page","type-page","status-publish","hentry"],"yoast_head":"<!-- This site is optimized with the Yoast SEO Premium plugin v27.1 (Yoast SEO v27.4) - https:\/\/yoast.com\/product\/yoast-seo-premium-wordpress\/ -->\n<title>Reporting scams &#8226; Equitable Medicaid and Clinical Research<\/title>\n<meta name=\"robots\" content=\"index, follow, max-snippet:-1, max-image-preview:large, max-video-preview:-1\" \/>\n<link rel=\"canonical\" href=\"https:\/\/emecr.org\/es\/reporting-scams\/\" \/>\n<meta property=\"og:locale\" content=\"es_ES\" \/>\n<meta property=\"og:type\" content=\"article\" \/>\n<meta property=\"og:title\" content=\"Reporting scams\" \/>\n<meta property=\"og:description\" content=\"Preventing fraudulent Activities and Reporting Scams We maintain the highest standards of integrity and protecting the well-being of our community. Unfortunately, scammers may attempt to exploit our name for fraudulent [&hellip;]\" \/>\n<meta property=\"og:url\" content=\"https:\/\/emecr.org\/es\/reporting-scams\/\" \/>\n<meta property=\"og:site_name\" content=\"Equitable Medicaid and Clinical Research\" \/>\n<meta property=\"article:publisher\" content=\"https:\/\/www.facebook.com\/hq.emecr\" \/>\n<meta property=\"article:modified_time\" content=\"2024-08-25T11:14:05+00:00\" \/>\n<meta property=\"og:image\" content=\"https:\/\/emecr.org\/wp-content\/uploads\/2024\/06\/scams-alerts.png\" \/>\n\t<meta property=\"og:image:width\" content=\"2000\" \/>\n\t<meta property=\"og:image:height\" content=\"1804\" \/>\n\t<meta property=\"og:image:type\" content=\"image\/png\" \/>\n<meta name=\"twitter:card\" content=\"summary_large_image\" \/>\n<meta name=\"twitter:site\" content=\"@hq_emecr\" \/>\n<meta name=\"twitter:label1\" content=\"Tiempo de lectura\" \/>\n\t<meta name=\"twitter:data1\" content=\"2 minutos\" \/>\n<script type=\"application\/ld+json\" class=\"yoast-schema-graph\">{\"@context\":\"https:\\\/\\\/schema.org\",\"@graph\":[{\"@type\":\"WebPage\",\"@id\":\"https:\\\/\\\/emecr.org\\\/reporting-scams\\\/\",\"url\":\"https:\\\/\\\/emecr.org\\\/reporting-scams\\\/\",\"name\":\"Reporting scams &#8226; Equitable Medicaid and Clinical Research\",\"isPartOf\":{\"@id\":\"https:\\\/\\\/emecr.org\\\/#website\"},\"primaryImageOfPage\":{\"@id\":\"https:\\\/\\\/emecr.org\\\/reporting-scams\\\/#primaryimage\"},\"image\":{\"@id\":\"https:\\\/\\\/emecr.org\\\/reporting-scams\\\/#primaryimage\"},\"thumbnailUrl\":\"https:\\\/\\\/emecr.org\\\/wp-content\\\/uploads\\\/2024\\\/06\\\/scams-alerts-1024x924.png\",\"datePublished\":\"2023-12-16T11:35:56+00:00\",\"dateModified\":\"2024-08-25T11:14:05+00:00\",\"breadcrumb\":{\"@id\":\"https:\\\/\\\/emecr.org\\\/reporting-scams\\\/#breadcrumb\"},\"inLanguage\":\"es\",\"potentialAction\":[{\"@type\":\"ReadAction\",\"target\":[\"https:\\\/\\\/emecr.org\\\/reporting-scams\\\/\"]}]},{\"@type\":\"ImageObject\",\"inLanguage\":\"es\",\"@id\":\"https:\\\/\\\/emecr.org\\\/reporting-scams\\\/#primaryimage\",\"url\":\"https:\\\/\\\/emecr.org\\\/wp-content\\\/uploads\\\/2024\\\/06\\\/scams-alerts-1024x924.png\",\"contentUrl\":\"https:\\\/\\\/emecr.org\\\/wp-content\\\/uploads\\\/2024\\\/06\\\/scams-alerts-1024x924.png\"},{\"@type\":\"BreadcrumbList\",\"@id\":\"https:\\\/\\\/emecr.org\\\/reporting-scams\\\/#breadcrumb\",\"itemListElement\":[{\"@type\":\"ListItem\",\"position\":1,\"name\":\"Home\",\"item\":\"https:\\\/\\\/emecr.org\\\/\"},{\"@type\":\"ListItem\",\"position\":2,\"name\":\"Reporting scams\"}]},{\"@type\":\"WebSite\",\"@id\":\"https:\\\/\\\/emecr.org\\\/#website\",\"url\":\"https:\\\/\\\/emecr.org\\\/\",\"name\":\"Equitable Medicaid and Clinical Research\",\"description\":\"Every Life Matters\",\"publisher\":{\"@id\":\"https:\\\/\\\/emecr.org\\\/#organization\"},\"alternateName\":\"EMCR\",\"potentialAction\":[{\"@type\":\"SearchAction\",\"target\":{\"@type\":\"EntryPoint\",\"urlTemplate\":\"https:\\\/\\\/emecr.org\\\/?s={search_term_string}\"},\"query-input\":{\"@type\":\"PropertyValueSpecification\",\"valueRequired\":true,\"valueName\":\"search_term_string\"}}],\"inLanguage\":\"es\"},{\"@type\":\"Organization\",\"@id\":\"https:\\\/\\\/emecr.org\\\/#organization\",\"name\":\"Equitable Medicaid and Clinical Research\",\"alternateName\":\"EMCR\",\"url\":\"https:\\\/\\\/emecr.org\\\/\",\"logo\":{\"@type\":\"ImageObject\",\"inLanguage\":\"es\",\"@id\":\"https:\\\/\\\/emecr.org\\\/#\\\/schema\\\/logo\\\/image\\\/\",\"url\":\"https:\\\/\\\/emecr.org\\\/wp-content\\\/uploads\\\/2025\\\/03\\\/logo.png\",\"contentUrl\":\"https:\\\/\\\/emecr.org\\\/wp-content\\\/uploads\\\/2025\\\/03\\\/logo.png\",\"width\":1500,\"height\":867,\"caption\":\"Equitable Medicaid and Clinical Research\"},\"image\":{\"@id\":\"https:\\\/\\\/emecr.org\\\/#\\\/schema\\\/logo\\\/image\\\/\"},\"sameAs\":[\"https:\\\/\\\/www.facebook.com\\\/hq.emecr\",\"https:\\\/\\\/x.com\\\/hq_emecr\",\"https:\\\/\\\/www.instagram.com\\\/hq.emcr\\\/\",\"https:\\\/\\\/linkedin.com\\\/company\\\/hq-emecr\",\"http:\\\/\\\/www.youtube.com\\\/@hq_emecr\",\"https:\\\/\\\/www.tiktok.com\\\/@hq_emcr\"],\"description\":\"Equitable Medicaid and Clinical Research is a women-led non-profit organization that focuses on providing equal access to healthcare for economically disadvantaged populations, especially in rural and underserved communities, regardless of background, income levels, or geographical location. Founded on the belief that everyone deserves equitable access to quality medical services, we strive to bridge the gap in healthcare disparities. Our technology-driven approach helps deepen access to primary healthcare in hard-to-reach and neglected regions. Clinical research is at the heart of our mission. We conduct studies that support the development of safe and effective medicines and treatments. Through these efforts, we work to improve public health and strengthen healthcare access for communities across Africa and around the world.\",\"email\":\"info@emecr.org\",\"telephone\":\"+234806-2491-386\",\"legalName\":\"Equitable Medicaid and Clinical Research Ltd\\\/Gte\",\"foundingDate\":\"2024-05-06\",\"numberOfEmployees\":{\"@type\":\"QuantitativeValue\",\"minValue\":\"51\",\"maxValue\":\"200\"}}]}<\/script>\n<!-- \/ Yoast SEO Premium plugin. -->","yoast_head_json":{"title":"Reporting scams &#8226; Equitable Medicaid and Clinical Research","robots":{"index":"index","follow":"follow","max-snippet":"max-snippet:-1","max-image-preview":"max-image-preview:large","max-video-preview":"max-video-preview:-1"},"canonical":"https:\/\/emecr.org\/es\/reporting-scams\/","og_locale":"es_ES","og_type":"article","og_title":"Reporting scams","og_description":"Preventing fraudulent Activities and Reporting Scams We maintain the highest standards of integrity and protecting the well-being of our community. Unfortunately, scammers may attempt to exploit our name for fraudulent [&hellip;]","og_url":"https:\/\/emecr.org\/es\/reporting-scams\/","og_site_name":"Equitable Medicaid and Clinical Research","article_publisher":"https:\/\/www.facebook.com\/hq.emecr","article_modified_time":"2024-08-25T11:14:05+00:00","og_image":[{"width":2000,"height":1804,"url":"https:\/\/emecr.org\/wp-content\/uploads\/2024\/06\/scams-alerts.png","type":"image\/png"}],"twitter_card":"summary_large_image","twitter_site":"@hq_emecr","twitter_misc":{"Tiempo de lectura":"2 minutos"},"schema":{"@context":"https:\/\/schema.org","@graph":[{"@type":"WebPage","@id":"https:\/\/emecr.org\/reporting-scams\/","url":"https:\/\/emecr.org\/reporting-scams\/","name":"Reporting scams &#8226; Equitable Medicaid and Clinical Research","isPartOf":{"@id":"https:\/\/emecr.org\/#website"},"primaryImageOfPage":{"@id":"https:\/\/emecr.org\/reporting-scams\/#primaryimage"},"image":{"@id":"https:\/\/emecr.org\/reporting-scams\/#primaryimage"},"thumbnailUrl":"https:\/\/emecr.org\/wp-content\/uploads\/2024\/06\/scams-alerts-1024x924.png","datePublished":"2023-12-16T11:35:56+00:00","dateModified":"2024-08-25T11:14:05+00:00","breadcrumb":{"@id":"https:\/\/emecr.org\/reporting-scams\/#breadcrumb"},"inLanguage":"es","potentialAction":[{"@type":"ReadAction","target":["https:\/\/emecr.org\/reporting-scams\/"]}]},{"@type":"ImageObject","inLanguage":"es","@id":"https:\/\/emecr.org\/reporting-scams\/#primaryimage","url":"https:\/\/emecr.org\/wp-content\/uploads\/2024\/06\/scams-alerts-1024x924.png","contentUrl":"https:\/\/emecr.org\/wp-content\/uploads\/2024\/06\/scams-alerts-1024x924.png"},{"@type":"BreadcrumbList","@id":"https:\/\/emecr.org\/reporting-scams\/#breadcrumb","itemListElement":[{"@type":"ListItem","position":1,"name":"Home","item":"https:\/\/emecr.org\/"},{"@type":"ListItem","position":2,"name":"Reporting scams"}]},{"@type":"WebSite","@id":"https:\/\/emecr.org\/#website","url":"https:\/\/emecr.org\/","name":"Medicaid equitativo e investigaci\u00f3n cl\u00ednica","description":"Cada vida es importante","publisher":{"@id":"https:\/\/emecr.org\/#organization"},"alternateName":"EMCR","potentialAction":[{"@type":"SearchAction","target":{"@type":"EntryPoint","urlTemplate":"https:\/\/emecr.org\/?s={search_term_string}"},"query-input":{"@type":"PropertyValueSpecification","valueRequired":true,"valueName":"search_term_string"}}],"inLanguage":"es"},{"@type":"Organization","@id":"https:\/\/emecr.org\/#organization","name":"Medicaid equitativo e investigaci\u00f3n cl\u00ednica","alternateName":"EMCR","url":"https:\/\/emecr.org\/","logo":{"@type":"ImageObject","inLanguage":"es","@id":"https:\/\/emecr.org\/#\/schema\/logo\/image\/","url":"https:\/\/emecr.org\/wp-content\/uploads\/2025\/03\/logo.png","contentUrl":"https:\/\/emecr.org\/wp-content\/uploads\/2025\/03\/logo.png","width":1500,"height":867,"caption":"Equitable Medicaid and Clinical Research"},"image":{"@id":"https:\/\/emecr.org\/#\/schema\/logo\/image\/"},"sameAs":["https:\/\/www.facebook.com\/hq.emecr","https:\/\/x.com\/hq_emecr","https:\/\/www.instagram.com\/hq.emcr\/","https:\/\/linkedin.com\/company\/hq-emecr","http:\/\/www.youtube.com\/@hq_emecr","https:\/\/www.tiktok.com\/@hq_emcr"],"description":"Equitable Medicaid and Clinical Research is a women-led non-profit organization that focuses on providing equal access to healthcare for economically disadvantaged populations, especially in rural and underserved communities, regardless of background, income levels, or geographical location. Founded on the belief that everyone deserves equitable access to quality medical services, we strive to bridge the gap in healthcare disparities. Our technology-driven approach helps deepen access to primary healthcare in hard-to-reach and neglected regions. Clinical research is at the heart of our mission. We conduct studies that support the development of safe and effective medicines and treatments. Through these efforts, we work to improve public health and strengthen healthcare access for communities across Africa and around the world.","email":"info@emecr.org","telephone":"+234806-2491-386","legalName":"Equitable Medicaid and Clinical Research Ltd\/Gte","foundingDate":"2024-05-06","numberOfEmployees":{"@type":"QuantitativeValue","minValue":"51","maxValue":"200"}}]}},"_links":{"self":[{"href":"https:\/\/emecr.org\/es\/wp-json\/wp\/v2\/pages\/12152","targetHints":{"allow":["GET"]}}],"collection":[{"href":"https:\/\/emecr.org\/es\/wp-json\/wp\/v2\/pages"}],"about":[{"href":"https:\/\/emecr.org\/es\/wp-json\/wp\/v2\/types\/page"}],"author":[{"embeddable":true,"href":"https:\/\/emecr.org\/es\/wp-json\/wp\/v2\/users\/1"}],"replies":[{"embeddable":true,"href":"https:\/\/emecr.org\/es\/wp-json\/wp\/v2\/comments?post=12152"}],"version-history":[{"count":0,"href":"https:\/\/emecr.org\/es\/wp-json\/wp\/v2\/pages\/12152\/revisions"}],"wp:attachment":[{"href":"https:\/\/emecr.org\/es\/wp-json\/wp\/v2\/media?parent=12152"}],"curies":[{"name":"wp","href":"https:\/\/api.w.org\/{rel}","templated":true}]}}