{"id":13488,"date":"2024-01-02T16:47:34","date_gmt":"2024-01-02T16:47:34","guid":{"rendered":"https:\/\/emecr.org\/?page_id=13488"},"modified":"2025-12-08T23:51:15","modified_gmt":"2025-12-08T23:51:15","slug":"our-story","status":"publish","type":"page","link":"https:\/\/emecr.org\/es\/our-story\/","title":{"rendered":"Nuestra historia"},"content":{"rendered":"<div data-elementor-type=\"wp-page\" data-elementor-id=\"13488\" class=\"elementor elementor-13488\" data-elementor-post-type=\"page\">\n\t\t\t\t\t\t<section class=\"elementor-section elementor-top-section elementor-element elementor-element-a7284f1 elementor-section-boxed elementor-section-height-default elementor-section-height-default\" data-id=\"a7284f1\" data-element_type=\"section\" data-e-type=\"section\" data-settings=\"{&quot;ekit_has_onepagescroll_dot&quot;:&quot;yes&quot;}\">\n\t\t\t\t\t\t<div class=\"elementor-container elementor-column-gap-default\">\n\t\t\t\t\t<div class=\"elementor-column elementor-col-50 elementor-top-column elementor-element elementor-element-c653841\" data-id=\"c653841\" data-element_type=\"column\" data-e-type=\"column\">\n\t\t\t<div class=\"elementor-widget-wrap elementor-element-populated\">\n\t\t\t\t\t\t<div class=\"elementor-element elementor-element-96c8830 elementor-widget elementor-widget-image\" data-id=\"96c8830\" data-element_type=\"widget\" data-e-type=\"widget\" data-settings=\"{&quot;ekit_we_effect_on&quot;:&quot;none&quot;}\" data-widget_type=\"image.default\">\n\t\t\t\t<div class=\"elementor-widget-container\">\n\t\t\t\t\t\t\t\t\t\t\t\t\t\t\t<img fetchpriority=\"high\" decoding=\"async\" width=\"1000\" height=\"1326\" src=\"https:\/\/emecr.org\/wp-content\/uploads\/2024\/02\/FounderJOY.png\" class=\"attachment-full size-full wp-image-17772\" alt=\"Founder of Equitable Medicaid and Clinical Research\" srcset=\"https:\/\/emecr.org\/wp-content\/uploads\/2024\/02\/FounderJOY.png 1000w, https:\/\/emecr.org\/wp-content\/uploads\/2024\/02\/FounderJOY-600x796.png 600w, https:\/\/emecr.org\/wp-content\/uploads\/2024\/02\/FounderJOY-226x300.png 226w, https:\/\/emecr.org\/wp-content\/uploads\/2024\/02\/FounderJOY-772x1024.png 772w, https:\/\/emecr.org\/wp-content\/uploads\/2024\/02\/FounderJOY-768x1018.png 768w\" sizes=\"(max-width: 1000px) 100vw, 1000px\" \/>\t\t\t\t\t\t\t\t\t\t\t\t\t\t\t<\/div>\n\t\t\t\t<\/div>\n\t\t\t\t<div class=\"elementor-element elementor-element-eea7e07 elementor-widget elementor-widget-elementskit-heading\" data-id=\"eea7e07\" data-element_type=\"widget\" data-e-type=\"widget\" data-settings=\"{&quot;ekit_we_effect_on&quot;:&quot;none&quot;}\" data-widget_type=\"elementskit-heading.default\">\n\t\t\t\t<div class=\"elementor-widget-container\">\n\t\t\t\t\t<div class=\"ekit-wid-con\" ><div class=\"ekit-heading elementskit-section-title-wraper text_left   ekit_heading_tablet-   ekit_heading_mobile-\"><h2 class=\"ekit-heading--title elementskit-section-title\">Etubi, Joy OJochogwu<\/h2><h3 class=\"ekit-heading--subtitle elementskit-section-subtitle\">\n\t\t\t\t\t\tFundador\n\t\t\t\t\t<\/h3><\/div><\/div>\t\t\t\t<\/div>\n\t\t\t\t<\/div>\n\t\t\t\t<div class=\"elementor-element elementor-element-c0acf28 elementor-widget-divider--view-line elementor-widget elementor-widget-divider\" data-id=\"c0acf28\" data-element_type=\"widget\" data-e-type=\"widget\" data-settings=\"{&quot;ekit_we_effect_on&quot;:&quot;none&quot;}\" data-widget_type=\"divider.default\">\n\t\t\t\t<div class=\"elementor-widget-container\">\n\t\t\t\t\t\t\t<div class=\"elementor-divider\">\n\t\t\t<span class=\"elementor-divider-separator\">\n\t\t\t\t\t\t<\/span>\n\t\t<\/div>\n\t\t\t\t\t\t<\/div>\n\t\t\t\t<\/div>\n\t\t\t\t\t<\/div>\n\t\t<\/div>\n\t\t\t\t<div class=\"elementor-column elementor-col-50 elementor-top-column elementor-element elementor-element-26b05db\" data-id=\"26b05db\" data-element_type=\"column\" data-e-type=\"column\">\n\t\t\t<div class=\"elementor-widget-wrap elementor-element-populated\">\n\t\t\t\t\t\t<div class=\"elementor-element elementor-element-51bc681 elementor-widget__width-initial elementor-widget elementor-widget-heading\" data-id=\"51bc681\" data-element_type=\"widget\" data-e-type=\"widget\" data-settings=\"{&quot;ekit_we_effect_on&quot;:&quot;none&quot;}\" data-widget_type=\"heading.default\">\n\t\t\t\t<div class=\"elementor-widget-container\">\n\t\t\t\t\t<h2 class=\"elementor-heading-title elementor-size-default\">Nuestra historia fundacional<\/h2>\t\t\t\t<\/div>\n\t\t\t\t<\/div>\n\t\t\t\t<div class=\"elementor-element elementor-element-5a5b17b elementor-widget elementor-widget-text-editor\" data-id=\"5a5b17b\" data-element_type=\"widget\" data-e-type=\"widget\" data-settings=\"{&quot;ekit_we_effect_on&quot;:&quot;none&quot;}\" data-widget_type=\"text-editor.default\">\n\t\t\t\t<div class=\"elementor-widget-container\">\n\t\t\t\t\t\t\t\t\t<p>En Nigeria, acceder a la atenci\u00f3n sanitaria b\u00e1sica no deber\u00eda ser un privilegio, pero para muchos es un sue\u00f1o imposible. Hemos sido testigos directos de esta lucha: las largas esperas, la falta de recursos, las decisiones desesperadas que la gente se ve obligada a tomar. El coste de la desigualdad sanitaria no es s\u00f3lo econ\u00f3mico; se paga en vidas que se pierden demasiado pronto, en familias destrozadas por enfermedades prevenibles. Esta realidad despert\u00f3 en nosotros la determinaci\u00f3n de cambiar las cosas.<\/p><p>Fundamos Equitable Medicaid and Clinical Research Ltd\/Gte porque no pod\u00edamos quedarnos de brazos cruzados mientras tantas personas de nuestras comunidades sufr\u00edan. Sab\u00edamos que si no actu\u00e1bamos, el ciclo de abandono continuar\u00eda. Enfermedades que podr\u00edan tratarse se estaban dejando pudrir porque la investigaci\u00f3n y los ensayos cl\u00ednicos avanzados eran casi inexistentes en nuestro pa\u00eds. Vimos c\u00f3mo personas reales -con esperanzas, sue\u00f1os y seres queridos- se convert\u00edan en estad\u00edsticas, con sus vidas truncadas porque no pod\u00edan acceder a la atenci\u00f3n que necesitaban.<\/p><p>En las zonas rurales y los suburbios urbanos, donde la vida cotidiana ya es una lucha, las crisis sanitarias golpean con mayor dureza. Enfermedades prevenibles se cobran vidas silenciosamente, y la medicina tradicional, que tiene un gran valor en nuestra cultura, a veces hace m\u00e1s mal que bien sin las pruebas cl\u00ednicas adecuadas. Consideramos que este uso indebido no es un fallo de la tradici\u00f3n, sino un fallo del sistema a la hora de apoyar pr\u00e1cticas seguras y eficaces.<\/p>\t\t\t\t\t\t\t\t<\/div>\n\t\t\t\t<\/div>\n\t\t\t\t\t<\/div>\n\t\t<\/div>\n\t\t\t\t\t<\/div>\n\t\t<\/section>\n\t\t\t\t<section class=\"elementor-section elementor-top-section elementor-element elementor-element-c5152b7 elementor-reverse-mobile elementor-section-boxed elementor-section-height-default elementor-section-height-default\" data-id=\"c5152b7\" data-element_type=\"section\" data-e-type=\"section\" data-settings=\"{&quot;ekit_has_onepagescroll_dot&quot;:&quot;yes&quot;}\">\n\t\t\t\t\t\t<div class=\"elementor-container elementor-column-gap-default\">\n\t\t\t\t\t<div class=\"elementor-column elementor-col-50 elementor-top-column elementor-element elementor-element-08657cd\" data-id=\"08657cd\" data-element_type=\"column\" data-e-type=\"column\">\n\t\t\t<div class=\"elementor-widget-wrap elementor-element-populated\">\n\t\t\t\t\t\t<div class=\"elementor-element elementor-element-954e35c elementor-widget elementor-widget-image\" data-id=\"954e35c\" data-element_type=\"widget\" data-e-type=\"widget\" data-settings=\"{&quot;ekit_we_effect_on&quot;:&quot;none&quot;}\" data-widget_type=\"image.default\">\n\t\t\t\t<div class=\"elementor-widget-container\">\n\t\t\t\t\t\t\t\t\t\t\t\t\t\t\t<img decoding=\"async\" width=\"1000\" height=\"1326\" src=\"https:\/\/emecr.org\/wp-content\/uploads\/2024\/02\/cofounderKD.png\" class=\"attachment-full size-full wp-image-17774\" alt=\"public health research organization\" srcset=\"https:\/\/emecr.org\/wp-content\/uploads\/2024\/02\/cofounderKD.png 1000w, https:\/\/emecr.org\/wp-content\/uploads\/2024\/02\/cofounderKD-600x796.png 600w, https:\/\/emecr.org\/wp-content\/uploads\/2024\/02\/cofounderKD-226x300.png 226w, https:\/\/emecr.org\/wp-content\/uploads\/2024\/02\/cofounderKD-772x1024.png 772w, https:\/\/emecr.org\/wp-content\/uploads\/2024\/02\/cofounderKD-768x1018.png 768w\" sizes=\"(max-width: 1000px) 100vw, 1000px\" \/>\t\t\t\t\t\t\t\t\t\t\t\t\t\t\t<\/div>\n\t\t\t\t<\/div>\n\t\t\t\t<div class=\"elementor-element elementor-element-f963606 elementor-widget elementor-widget-elementskit-heading\" data-id=\"f963606\" data-element_type=\"widget\" data-e-type=\"widget\" data-settings=\"{&quot;ekit_we_effect_on&quot;:&quot;none&quot;}\" data-widget_type=\"elementskit-heading.default\">\n\t\t\t\t<div class=\"elementor-widget-container\">\n\t\t\t\t\t<div class=\"ekit-wid-con\" ><div class=\"ekit-heading elementskit-section-title-wraper text_left   ekit_heading_tablet-   ekit_heading_mobile-\"><h2 class=\"ekit-heading--title elementskit-section-title\">Kadiri, Ugbede-Ojo D.<\/h2><h3 class=\"ekit-heading--subtitle elementskit-section-subtitle\">\n\t\t\t\t\t\tCofundador\n\t\t\t\t\t<\/h3><\/div><\/div>\t\t\t\t<\/div>\n\t\t\t\t<\/div>\n\t\t\t\t<div class=\"elementor-element elementor-element-8e87c88 elementor-widget-divider--view-line elementor-widget elementor-widget-divider\" data-id=\"8e87c88\" data-element_type=\"widget\" data-e-type=\"widget\" data-settings=\"{&quot;ekit_we_effect_on&quot;:&quot;none&quot;}\" data-widget_type=\"divider.default\">\n\t\t\t\t<div class=\"elementor-widget-container\">\n\t\t\t\t\t\t\t<div class=\"elementor-divider\">\n\t\t\t<span class=\"elementor-divider-separator\">\n\t\t\t\t\t\t<\/span>\n\t\t<\/div>\n\t\t\t\t\t\t<\/div>\n\t\t\t\t<\/div>\n\t\t\t\t\t<\/div>\n\t\t<\/div>\n\t\t\t\t<div class=\"elementor-column elementor-col-50 elementor-top-column elementor-element elementor-element-a7703ee\" data-id=\"a7703ee\" data-element_type=\"column\" data-e-type=\"column\">\n\t\t\t<div class=\"elementor-widget-wrap elementor-element-populated\">\n\t\t\t\t\t\t<div class=\"elementor-element elementor-element-51ab37e elementor-widget elementor-widget-text-editor\" data-id=\"51ab37e\" data-element_type=\"widget\" data-e-type=\"widget\" data-settings=\"{&quot;ekit_we_effect_on&quot;:&quot;none&quot;}\" data-widget_type=\"text-editor.default\">\n\t\t\t\t<div class=\"elementor-widget-container\">\n\t\t\t\t\t\t\t\t\t<p>Para las mujeres y las j\u00f3venes, lo que est\u00e1 en juego es a\u00fan mayor. La mortalidad materna es una tr\u00e1gica realidad, agravada por la falta de educaci\u00f3n y recursos en torno a la salud sexual y reproductiva. Los matrimonios precoces, los embarazos no deseados y la propagaci\u00f3n de enfermedades no son s\u00f3lo problemas: son crisis a las que nuestras madres, hermanas e hijas se enfrentan cada d\u00eda. La anticuada dependencia del sistema de los registros en papel s\u00f3lo dificulta la prestaci\u00f3n de una atenci\u00f3n que podr\u00eda salvar vidas.<\/p><p>A menudo se olvida tambi\u00e9n a los ancianos, a los que se deja afrontar sus \u00faltimos a\u00f1os sin apenas apoyo. Se ignora la salud mental y se deja de lado a los que sufren, tachando su dolor de superstici\u00f3n. Los vemos, vagando por las calles, perdidos en sus luchas, y sabemos que este estigma debe acabar.<\/p><p>Por eso fundamos Equitable Medicaid and Clinical Research. No somos una organizaci\u00f3n m\u00e1s; somos personas que creen que cada vida, por peque\u00f1a o marginada que sea, importa. Nos centramos en las personas que se han quedado atr\u00e1s, llevando la asistencia sanitaria a quienes m\u00e1s la necesitan. Nuestro trabajo est\u00e1 impulsado por una simple verdad: cada vida importa.<\/p><p>Para nosotros no es s\u00f3lo un lema, es una promesa. Estamos aqu\u00ed para marcar una diferencia real, para cambiar la historia de quienes han sido olvidados. Y no pararemos hasta que todas las personas, en todas las comunidades, tengan la oportunidad de vivir una vida sana y digna.<\/p>\t\t\t\t\t\t\t\t<\/div>\n\t\t\t\t<\/div>\n\t\t\t\t\t<\/div>\n\t\t<\/div>\n\t\t\t\t\t<\/div>\n\t\t<\/section>\n\t\t\t\t<\/div>","protected":false},"excerpt":{"rendered":"<p>Etubi, Joy OJochogwu Founder Our Founding Story In Nigeria, accessing basic healthcare shouldn\u2019t be a privilege, but for many, it feels like an impossible dream. We\u2019ve witnessed this struggle firsthand [&hellip;]<\/p>\n","protected":false},"author":1,"featured_media":0,"parent":0,"menu_order":0,"comment_status":"closed","ping_status":"closed","template":"elementor_header_footer","meta":{"rs_blank_template":"","rs_page_bg_color":"","slide_template_v7":"","footnotes":""},"class_list":["post-13488","page","type-page","status-publish","hentry"],"yoast_head":"<!-- This site is optimized with the Yoast SEO Premium plugin v27.1 (Yoast SEO v27.4) - https:\/\/yoast.com\/product\/yoast-seo-premium-wordpress\/ -->\n<title>Our Story &#8226; Equitable Medicaid and Clinical Research<\/title>\n<meta name=\"robots\" content=\"index, follow, max-snippet:-1, max-image-preview:large, max-video-preview:-1\" \/>\n<link rel=\"canonical\" href=\"http:\/\/emecr.org\/es\/our-story\/\" \/>\n<meta property=\"og:locale\" content=\"es_ES\" \/>\n<meta property=\"og:type\" content=\"article\" \/>\n<meta property=\"og:title\" content=\"Our Story\" \/>\n<meta property=\"og:description\" content=\"Etubi, Joy OJochogwu Founder Our Founding Story In Nigeria, accessing basic healthcare shouldn\u2019t be a privilege, but for many, it feels like an impossible dream. We\u2019ve witnessed this struggle firsthand [&hellip;]\" \/>\n<meta property=\"og:url\" content=\"http:\/\/emecr.org\/es\/our-story\/\" \/>\n<meta property=\"og:site_name\" content=\"Equitable Medicaid and Clinical Research\" \/>\n<meta property=\"article:publisher\" content=\"https:\/\/www.facebook.com\/hq.emecr\" \/>\n<meta property=\"article:modified_time\" content=\"2025-12-08T23:51:15+00:00\" \/>\n<meta property=\"og:image\" content=\"https:\/\/emecr.org\/wp-content\/uploads\/2024\/02\/FounderJOY.png\" \/>\n\t<meta property=\"og:image:width\" content=\"1000\" \/>\n\t<meta property=\"og:image:height\" content=\"1326\" \/>\n\t<meta property=\"og:image:type\" content=\"image\/png\" \/>\n<meta name=\"twitter:card\" content=\"summary_large_image\" \/>\n<meta name=\"twitter:site\" content=\"@hq_emecr\" \/>\n<meta name=\"twitter:label1\" content=\"Tiempo de lectura\" \/>\n\t<meta name=\"twitter:data1\" content=\"2 minutos\" \/>\n<script type=\"application\/ld+json\" class=\"yoast-schema-graph\">{\"@context\":\"https:\\\/\\\/schema.org\",\"@graph\":[{\"@type\":\"WebPage\",\"@id\":\"http:\\\/\\\/emecr.org\\\/pt\\\/our-story\\\/\",\"url\":\"http:\\\/\\\/emecr.org\\\/pt\\\/our-story\\\/\",\"name\":\"Our Story &#8226; Equitable Medicaid and Clinical Research\",\"isPartOf\":{\"@id\":\"https:\\\/\\\/emecr.org\\\/#website\"},\"primaryImageOfPage\":{\"@id\":\"http:\\\/\\\/emecr.org\\\/pt\\\/our-story\\\/#primaryimage\"},\"image\":{\"@id\":\"http:\\\/\\\/emecr.org\\\/pt\\\/our-story\\\/#primaryimage\"},\"thumbnailUrl\":\"https:\\\/\\\/emecr.org\\\/wp-content\\\/uploads\\\/2024\\\/02\\\/FounderJOY.png\",\"datePublished\":\"2024-01-02T16:47:34+00:00\",\"dateModified\":\"2025-12-08T23:51:15+00:00\",\"breadcrumb\":{\"@id\":\"http:\\\/\\\/emecr.org\\\/pt\\\/our-story\\\/#breadcrumb\"},\"inLanguage\":\"es\",\"potentialAction\":[{\"@type\":\"ReadAction\",\"target\":[\"http:\\\/\\\/emecr.org\\\/pt\\\/our-story\\\/\"]}]},{\"@type\":\"ImageObject\",\"inLanguage\":\"es\",\"@id\":\"http:\\\/\\\/emecr.org\\\/pt\\\/our-story\\\/#primaryimage\",\"url\":\"https:\\\/\\\/emecr.org\\\/wp-content\\\/uploads\\\/2024\\\/02\\\/FounderJOY.png\",\"contentUrl\":\"https:\\\/\\\/emecr.org\\\/wp-content\\\/uploads\\\/2024\\\/02\\\/FounderJOY.png\"},{\"@type\":\"BreadcrumbList\",\"@id\":\"http:\\\/\\\/emecr.org\\\/pt\\\/our-story\\\/#breadcrumb\",\"itemListElement\":[{\"@type\":\"ListItem\",\"position\":1,\"name\":\"Home\",\"item\":\"https:\\\/\\\/emecr.org\\\/\"},{\"@type\":\"ListItem\",\"position\":2,\"name\":\"Our Story\"}]},{\"@type\":\"WebSite\",\"@id\":\"https:\\\/\\\/emecr.org\\\/#website\",\"url\":\"https:\\\/\\\/emecr.org\\\/\",\"name\":\"Equitable Medicaid and Clinical Research\",\"description\":\"Every Life Matters\",\"publisher\":{\"@id\":\"https:\\\/\\\/emecr.org\\\/#organization\"},\"alternateName\":\"EMCR\",\"potentialAction\":[{\"@type\":\"SearchAction\",\"target\":{\"@type\":\"EntryPoint\",\"urlTemplate\":\"https:\\\/\\\/emecr.org\\\/?s={search_term_string}\"},\"query-input\":{\"@type\":\"PropertyValueSpecification\",\"valueRequired\":true,\"valueName\":\"search_term_string\"}}],\"inLanguage\":\"es\"},{\"@type\":\"Organization\",\"@id\":\"https:\\\/\\\/emecr.org\\\/#organization\",\"name\":\"Equitable Medicaid and Clinical Research\",\"alternateName\":\"EMCR\",\"url\":\"https:\\\/\\\/emecr.org\\\/\",\"logo\":{\"@type\":\"ImageObject\",\"inLanguage\":\"es\",\"@id\":\"https:\\\/\\\/emecr.org\\\/#\\\/schema\\\/logo\\\/image\\\/\",\"url\":\"https:\\\/\\\/emecr.org\\\/wp-content\\\/uploads\\\/2025\\\/03\\\/logo.png\",\"contentUrl\":\"https:\\\/\\\/emecr.org\\\/wp-content\\\/uploads\\\/2025\\\/03\\\/logo.png\",\"width\":1500,\"height\":867,\"caption\":\"Equitable Medicaid and Clinical Research\"},\"image\":{\"@id\":\"https:\\\/\\\/emecr.org\\\/#\\\/schema\\\/logo\\\/image\\\/\"},\"sameAs\":[\"https:\\\/\\\/www.facebook.com\\\/hq.emecr\",\"https:\\\/\\\/x.com\\\/hq_emecr\",\"https:\\\/\\\/www.instagram.com\\\/hq.emcr\\\/\",\"https:\\\/\\\/linkedin.com\\\/company\\\/hq-emecr\",\"http:\\\/\\\/www.youtube.com\\\/@hq_emecr\",\"https:\\\/\\\/www.tiktok.com\\\/@hq_emcr\"],\"description\":\"Equitable Medicaid and Clinical Research is a women-led non-profit organization that focuses on providing equal access to healthcare for economically disadvantaged populations, especially in rural and underserved communities, regardless of background, income levels, or geographical location. Founded on the belief that everyone deserves equitable access to quality medical services, we strive to bridge the gap in healthcare disparities. Our technology-driven approach helps deepen access to primary healthcare in hard-to-reach and neglected regions. Clinical research is at the heart of our mission. We conduct studies that support the development of safe and effective medicines and treatments. Through these efforts, we work to improve public health and strengthen healthcare access for communities across Africa and around the world.\",\"email\":\"info@emecr.org\",\"telephone\":\"+234806-2491-386\",\"legalName\":\"Equitable Medicaid and Clinical Research Ltd\\\/Gte\",\"foundingDate\":\"2024-05-06\",\"numberOfEmployees\":{\"@type\":\"QuantitativeValue\",\"minValue\":\"51\",\"maxValue\":\"200\"}}]}<\/script>\n<!-- \/ Yoast SEO Premium plugin. -->","yoast_head_json":{"title":"Our Story &#8226; Equitable Medicaid and Clinical Research","robots":{"index":"index","follow":"follow","max-snippet":"max-snippet:-1","max-image-preview":"max-image-preview:large","max-video-preview":"max-video-preview:-1"},"canonical":"http:\/\/emecr.org\/es\/our-story\/","og_locale":"es_ES","og_type":"article","og_title":"Our Story","og_description":"Etubi, Joy OJochogwu Founder Our Founding Story In Nigeria, accessing basic healthcare shouldn\u2019t be a privilege, but for many, it feels like an impossible dream. We\u2019ve witnessed this struggle firsthand [&hellip;]","og_url":"http:\/\/emecr.org\/es\/our-story\/","og_site_name":"Equitable Medicaid and Clinical Research","article_publisher":"https:\/\/www.facebook.com\/hq.emecr","article_modified_time":"2025-12-08T23:51:15+00:00","og_image":[{"width":1000,"height":1326,"url":"https:\/\/emecr.org\/wp-content\/uploads\/2024\/02\/FounderJOY.png","type":"image\/png"}],"twitter_card":"summary_large_image","twitter_site":"@hq_emecr","twitter_misc":{"Tiempo de lectura":"2 minutos"},"schema":{"@context":"https:\/\/schema.org","@graph":[{"@type":"WebPage","@id":"http:\/\/emecr.org\/pt\/our-story\/","url":"http:\/\/emecr.org\/pt\/our-story\/","name":"Our Story &#8226; Equitable Medicaid and Clinical Research","isPartOf":{"@id":"https:\/\/emecr.org\/#website"},"primaryImageOfPage":{"@id":"http:\/\/emecr.org\/pt\/our-story\/#primaryimage"},"image":{"@id":"http:\/\/emecr.org\/pt\/our-story\/#primaryimage"},"thumbnailUrl":"https:\/\/emecr.org\/wp-content\/uploads\/2024\/02\/FounderJOY.png","datePublished":"2024-01-02T16:47:34+00:00","dateModified":"2025-12-08T23:51:15+00:00","breadcrumb":{"@id":"http:\/\/emecr.org\/pt\/our-story\/#breadcrumb"},"inLanguage":"es","potentialAction":[{"@type":"ReadAction","target":["http:\/\/emecr.org\/pt\/our-story\/"]}]},{"@type":"ImageObject","inLanguage":"es","@id":"http:\/\/emecr.org\/pt\/our-story\/#primaryimage","url":"https:\/\/emecr.org\/wp-content\/uploads\/2024\/02\/FounderJOY.png","contentUrl":"https:\/\/emecr.org\/wp-content\/uploads\/2024\/02\/FounderJOY.png"},{"@type":"BreadcrumbList","@id":"http:\/\/emecr.org\/pt\/our-story\/#breadcrumb","itemListElement":[{"@type":"ListItem","position":1,"name":"Home","item":"https:\/\/emecr.org\/"},{"@type":"ListItem","position":2,"name":"Our Story"}]},{"@type":"WebSite","@id":"https:\/\/emecr.org\/#website","url":"https:\/\/emecr.org\/","name":"Medicaid equitativo e investigaci\u00f3n cl\u00ednica","description":"Cada vida es importante","publisher":{"@id":"https:\/\/emecr.org\/#organization"},"alternateName":"EMCR","potentialAction":[{"@type":"SearchAction","target":{"@type":"EntryPoint","urlTemplate":"https:\/\/emecr.org\/?s={search_term_string}"},"query-input":{"@type":"PropertyValueSpecification","valueRequired":true,"valueName":"search_term_string"}}],"inLanguage":"es"},{"@type":"Organization","@id":"https:\/\/emecr.org\/#organization","name":"Medicaid equitativo e investigaci\u00f3n cl\u00ednica","alternateName":"EMCR","url":"https:\/\/emecr.org\/","logo":{"@type":"ImageObject","inLanguage":"es","@id":"https:\/\/emecr.org\/#\/schema\/logo\/image\/","url":"https:\/\/emecr.org\/wp-content\/uploads\/2025\/03\/logo.png","contentUrl":"https:\/\/emecr.org\/wp-content\/uploads\/2025\/03\/logo.png","width":1500,"height":867,"caption":"Equitable Medicaid and Clinical Research"},"image":{"@id":"https:\/\/emecr.org\/#\/schema\/logo\/image\/"},"sameAs":["https:\/\/www.facebook.com\/hq.emecr","https:\/\/x.com\/hq_emecr","https:\/\/www.instagram.com\/hq.emcr\/","https:\/\/linkedin.com\/company\/hq-emecr","http:\/\/www.youtube.com\/@hq_emecr","https:\/\/www.tiktok.com\/@hq_emcr"],"description":"Equitable Medicaid and Clinical Research is a women-led non-profit organization that focuses on providing equal access to healthcare for economically disadvantaged populations, especially in rural and underserved communities, regardless of background, income levels, or geographical location. Founded on the belief that everyone deserves equitable access to quality medical services, we strive to bridge the gap in healthcare disparities. Our technology-driven approach helps deepen access to primary healthcare in hard-to-reach and neglected regions. Clinical research is at the heart of our mission. We conduct studies that support the development of safe and effective medicines and treatments. Through these efforts, we work to improve public health and strengthen healthcare access for communities across Africa and around the world.","email":"info@emecr.org","telephone":"+234806-2491-386","legalName":"Equitable Medicaid and Clinical Research Ltd\/Gte","foundingDate":"2024-05-06","numberOfEmployees":{"@type":"QuantitativeValue","minValue":"51","maxValue":"200"}}]}},"_links":{"self":[{"href":"https:\/\/emecr.org\/es\/wp-json\/wp\/v2\/pages\/13488","targetHints":{"allow":["GET"]}}],"collection":[{"href":"https:\/\/emecr.org\/es\/wp-json\/wp\/v2\/pages"}],"about":[{"href":"https:\/\/emecr.org\/es\/wp-json\/wp\/v2\/types\/page"}],"author":[{"embeddable":true,"href":"https:\/\/emecr.org\/es\/wp-json\/wp\/v2\/users\/1"}],"replies":[{"embeddable":true,"href":"https:\/\/emecr.org\/es\/wp-json\/wp\/v2\/comments?post=13488"}],"version-history":[{"count":0,"href":"https:\/\/emecr.org\/es\/wp-json\/wp\/v2\/pages\/13488\/revisions"}],"wp:attachment":[{"href":"https:\/\/emecr.org\/es\/wp-json\/wp\/v2\/media?parent=13488"}],"curies":[{"name":"wp","href":"https:\/\/api.w.org\/{rel}","templated":true}]}}