{"id":28113,"date":"2024-06-11T21:32:49","date_gmt":"2024-06-11T21:32:49","guid":{"rendered":"https:\/\/emecr.org\/?page_id=28113"},"modified":"2024-08-25T11:36:13","modified_gmt":"2024-08-25T11:36:13","slug":"medicorps","status":"publish","type":"page","link":"https:\/\/emecr.org\/es\/medicorps\/","title":{"rendered":"Medicorps"},"content":{"rendered":"<div data-elementor-type=\"wp-page\" data-elementor-id=\"28113\" class=\"elementor elementor-28113\" data-elementor-post-type=\"page\">\n\t\t\t\t<div class=\"elementor-element elementor-element-ac813b1 e-flex e-con-boxed e-con e-parent\" data-id=\"ac813b1\" data-element_type=\"container\" data-e-type=\"container\" data-settings=\"{&quot;background_background&quot;:&quot;classic&quot;,&quot;ekit_has_onepagescroll_dot&quot;:&quot;yes&quot;}\">\n\t\t\t\t\t<div class=\"e-con-inner\">\n\t\t<div class=\"elementor-element elementor-element-34afde4 e-con-full e-flex e-con e-child\" data-id=\"34afde4\" data-element_type=\"container\" data-e-type=\"container\" data-settings=\"{&quot;ekit_has_onepagescroll_dot&quot;:&quot;yes&quot;}\">\n\t\t\t\t<div class=\"elementor-element elementor-element-8da902b elementor-widget elementor-widget-video\" data-id=\"8da902b\" data-element_type=\"widget\" data-e-type=\"widget\" data-settings=\"{&quot;youtube_url&quot;:&quot;#&quot;,&quot;show_image_overlay&quot;:&quot;yes&quot;,&quot;image_overlay&quot;:{&quot;url&quot;:&quot;https:\\\/\\\/emecr.org\\\/wp-content\\\/uploads\\\/2024\\\/06\\\/precision-medicine.jpeg&quot;,&quot;id&quot;:28010,&quot;size&quot;:&quot;&quot;,&quot;alt&quot;:&quot;&quot;,&quot;source&quot;:&quot;library&quot;},&quot;video_type&quot;:&quot;youtube&quot;,&quot;controls&quot;:&quot;yes&quot;,&quot;ekit_we_effect_on&quot;:&quot;none&quot;}\" data-widget_type=\"video.default\">\n\t\t\t\t<div class=\"elementor-widget-container\">\n\t\t\t\t\t\t\t<div class=\"elementor-wrapper elementor-open-inline\">\n\t\t\t<div class=\"elementor-video\"><\/div>\t\t\t\t<div class=\"elementor-custom-embed-image-overlay\" style=\"background-image: url(https:\/\/emecr.org\/wp-content\/uploads\/2024\/06\/precision-medicine.jpeg);\">\n\t\t\t\t\t\t\t\t\t\t\t\t\t\t\t\t<div class=\"elementor-custom-embed-play\" role=\"button\" aria-label=\"Reproducir v\u00eddeo\" tabindex=\"0\">\n\t\t\t\t\t\t\t<i aria-hidden=\"true\" class=\"fas fa-play-circle\"><\/i>\t\t\t\t\t\t<\/div>\n\t\t\t\t\t\t\t\t\t<\/div>\n\t\t\t\t\t<\/div>\n\t\t\t\t\t\t<\/div>\n\t\t\t\t<\/div>\n\t\t\t\t<\/div>\n\t\t<div class=\"elementor-element elementor-element-01590b2 e-con-full e-flex e-con e-child\" data-id=\"01590b2\" data-element_type=\"container\" data-e-type=\"container\" data-settings=\"{&quot;ekit_has_onepagescroll_dot&quot;:&quot;yes&quot;}\">\n\t\t\t\t<div class=\"elementor-element elementor-element-29ca043 elementor-widget elementor-widget-elementskit-heading\" data-id=\"29ca043\" data-element_type=\"widget\" data-e-type=\"widget\" data-settings=\"{&quot;ekit_we_effect_on&quot;:&quot;none&quot;}\" data-widget_type=\"elementskit-heading.default\">\n\t\t\t\t<div class=\"elementor-widget-container\">\n\t\t\t\t\t<div class=\"ekit-wid-con\" ><div class=\"ekit-heading elementskit-section-title-wraper    ekit_heading_tablet-   ekit_heading_mobile-\"><h2 class=\"ekit-heading--title elementskit-section-title\">Medicorps<\/h2>\t\t\t\t<div class='ekit-heading__description'>\n\t\t\t\t\t<p>Podcast sobre temas m\u00e9dicos, informes sanitarios, brotes, consejos m\u00e9dicos, sugerencias e informaci\u00f3n sobre tratamientos m\u00e9dicos de vanguardia.<\/p>\n<p>Nuestro objetivo es educar, capacitar e inspirar a nuestros oyentes para que se conviertan en defensores del cambio. Creemos que cada vida es importante y que la atenci\u00f3n sanitaria es un derecho humano fundamental.<\/p>\n\t\t\t\t<\/div>\n\t\t\t<\/div><\/div>\t\t\t\t<\/div>\n\t\t\t\t<\/div>\n\t\t\t\t<div class=\"elementor-element elementor-element-3c35360 elementor-widget-divider--separator-type-pattern elementor-widget-divider--no-spacing elementor-widget-divider--view-line elementor-widget elementor-widget-divider\" data-id=\"3c35360\" data-element_type=\"widget\" data-e-type=\"widget\" data-settings=\"{&quot;ekit_we_effect_on&quot;:&quot;none&quot;}\" data-widget_type=\"divider.default\">\n\t\t\t\t<div class=\"elementor-widget-container\">\n\t\t\t\t\t\t\t<div class=\"elementor-divider\" style=\"--divider-pattern-url: url(&quot;data:image\/svg+xml,%3Csvg xmlns=&#039;http:\/\/www.w3.org\/2000\/svg&#039; preserveAspectRatio=&#039;xMidYMid meet&#039; overflow=&#039;visible&#039; height=&#039;100%&#039; viewBox=&#039;0 0 126 26&#039; fill=&#039;black&#039; stroke=&#039;none&#039;%3E%3Cpath d=&#039;M10.7,6l2.5,2.6l-4,4.3l4,5.4l-2.5,1.9l-4.5-5.2l-3.9,4.2L0.7,17L4,13.1L0,8.6l2.3-1.3l3.9,3.9L10.7,6z M23.9,6.6l4.2,4.5L32,7.2l2.3,1.3l-4,4.5l3.2,3.9L32,19.1l-3.9-3.3l-4.5,4.3l-2.5-1.9l4.4-5.1l-4.2-3.9L23.9,6.6zM73.5,6L76,8.6l-4,4.3l4,5.4l-2.5,1.9l-4.5-5.2l-3.9,4.2L63.5,17l4.1-4.7L63.5,8l2.3-1.3l4.1,3.6L73.5,6z M94,6l2.5,2.6l-4,4.3l4,5.4L94,20.1l-3.9-5l-3.9,4.2L84,17l3.2-3.9L84,8.6l2.3-1.3l3.2,3.9L94,6z M106.9,6l4.5,5.1l3.9-3.9l2.3,1.3l-4,4.5l3.2,3.9l-1.6,2.1l-3.9-4.2l-4.5,5.2l-2.5-1.9l4-5.4l-4-4.3L106.9,6z M53.1,6l2.5,2.6l-4,4.3l4,4.6l-2.5,1.9l-4.5-4.5l-3.5,4.5L43.1,17l3.2-3.9l-4-4.5l2.3-1.3l3.9,3.9L53.1,6z&#039;\/%3E%3C\/svg%3E&quot;);\">\n\t\t\t<span class=\"elementor-divider-separator\">\n\t\t\t\t\t\t<\/span>\n\t\t<\/div>\n\t\t\t\t\t\t<\/div>\n\t\t\t\t<\/div>\n\t\t\t\t<div class=\"elementor-element elementor-element-1a51185 elementor-align-left elementor-widget elementor-widget-elementskit-button\" data-id=\"1a51185\" data-element_type=\"widget\" data-e-type=\"widget\" data-settings=\"{&quot;ekit_we_effect_on&quot;:&quot;none&quot;}\" data-widget_type=\"elementskit-button.default\">\n\t\t\t\t<div class=\"elementor-widget-container\">\n\t\t\t\t\t<div class=\"ekit-wid-con\" >\t\t<div class=\"ekit-btn-wraper\">\n\t\t\t\t\t\t\t<a href=\"https:\/\/www.youtube.com\/@hq_emecr\" class=\"elementskit-btn  whitespace--normal\" id=\"\">\n\t\t\t\t\t<i class=\"icon icon-youtube-feed\"><\/i>VER AHORA\t\t\t\t<\/a>\n\t\t\t\t\t<\/div>\n        <\/div>\t\t\t\t<\/div>\n\t\t\t\t<\/div>\n\t\t\t\t<\/div>\n\t\t\t\t\t<\/div>\n\t\t\t\t<\/div>\n\t\t\t\t<\/div>","protected":false},"excerpt":{"rendered":"<p># Medicorps Podcast on medical issues, health reports, outbreaks, medical advice, tips, and cutting-edge medical treatments information. Our goal is to educate, empower, and inspire our listeners to become advocates [&hellip;]<\/p>\n","protected":false},"author":1,"featured_media":0,"parent":0,"menu_order":0,"comment_status":"closed","ping_status":"closed","template":"elementor_header_footer","meta":{"rs_blank_template":"","rs_page_bg_color":"","slide_template_v7":"","footnotes":""},"class_list":["post-28113","page","type-page","status-publish","hentry"],"yoast_head":"<!-- This site is optimized with the Yoast SEO Premium plugin v27.1 (Yoast SEO v27.4) - https:\/\/yoast.com\/product\/yoast-seo-premium-wordpress\/ -->\n<title>Medicorps &#8226; Equitable Medicaid and Clinical Research<\/title>\n<meta name=\"robots\" content=\"index, follow, max-snippet:-1, max-image-preview:large, max-video-preview:-1\" \/>\n<link rel=\"canonical\" href=\"https:\/\/emecr.org\/es\/medicorps\/\" \/>\n<meta property=\"og:locale\" content=\"es_ES\" \/>\n<meta property=\"og:type\" content=\"article\" \/>\n<meta property=\"og:title\" content=\"Medicorps\" \/>\n<meta property=\"og:description\" content=\"# Medicorps Podcast on medical issues, health reports, outbreaks, medical advice, tips, and cutting-edge medical treatments information. Our goal is to educate, empower, and inspire our listeners to become advocates [&hellip;]\" \/>\n<meta property=\"og:url\" content=\"https:\/\/emecr.org\/es\/medicorps\/\" \/>\n<meta property=\"og:site_name\" content=\"Equitable Medicaid and Clinical Research\" \/>\n<meta property=\"article:publisher\" content=\"https:\/\/www.facebook.com\/hq.emecr\" \/>\n<meta property=\"article:modified_time\" content=\"2024-08-25T11:36:13+00:00\" \/>\n<meta name=\"twitter:card\" content=\"summary_large_image\" \/>\n<meta name=\"twitter:site\" content=\"@hq_emecr\" \/>\n<script type=\"application\/ld+json\" class=\"yoast-schema-graph\">{\"@context\":\"https:\\\/\\\/schema.org\",\"@graph\":[{\"@type\":\"WebPage\",\"@id\":\"https:\\\/\\\/emecr.org\\\/medicorps\\\/\",\"url\":\"https:\\\/\\\/emecr.org\\\/medicorps\\\/\",\"name\":\"Medicorps &#8226; Equitable Medicaid and Clinical Research\",\"isPartOf\":{\"@id\":\"https:\\\/\\\/emecr.org\\\/#website\"},\"datePublished\":\"2024-06-11T21:32:49+00:00\",\"dateModified\":\"2024-08-25T11:36:13+00:00\",\"breadcrumb\":{\"@id\":\"https:\\\/\\\/emecr.org\\\/medicorps\\\/#breadcrumb\"},\"inLanguage\":\"es\",\"potentialAction\":[{\"@type\":\"ReadAction\",\"target\":[\"https:\\\/\\\/emecr.org\\\/medicorps\\\/\"]}]},{\"@type\":\"BreadcrumbList\",\"@id\":\"https:\\\/\\\/emecr.org\\\/medicorps\\\/#breadcrumb\",\"itemListElement\":[{\"@type\":\"ListItem\",\"position\":1,\"name\":\"Home\",\"item\":\"https:\\\/\\\/emecr.org\\\/\"},{\"@type\":\"ListItem\",\"position\":2,\"name\":\"Medicorps\"}]},{\"@type\":\"WebSite\",\"@id\":\"https:\\\/\\\/emecr.org\\\/#website\",\"url\":\"https:\\\/\\\/emecr.org\\\/\",\"name\":\"Equitable Medicaid and Clinical Research\",\"description\":\"Every Life Matters\",\"publisher\":{\"@id\":\"https:\\\/\\\/emecr.org\\\/#organization\"},\"alternateName\":\"EMCR\",\"potentialAction\":[{\"@type\":\"SearchAction\",\"target\":{\"@type\":\"EntryPoint\",\"urlTemplate\":\"https:\\\/\\\/emecr.org\\\/?s={search_term_string}\"},\"query-input\":{\"@type\":\"PropertyValueSpecification\",\"valueRequired\":true,\"valueName\":\"search_term_string\"}}],\"inLanguage\":\"es\"},{\"@type\":\"Organization\",\"@id\":\"https:\\\/\\\/emecr.org\\\/#organization\",\"name\":\"Equitable Medicaid and Clinical Research\",\"alternateName\":\"EMCR\",\"url\":\"https:\\\/\\\/emecr.org\\\/\",\"logo\":{\"@type\":\"ImageObject\",\"inLanguage\":\"es\",\"@id\":\"https:\\\/\\\/emecr.org\\\/#\\\/schema\\\/logo\\\/image\\\/\",\"url\":\"https:\\\/\\\/emecr.org\\\/wp-content\\\/uploads\\\/2025\\\/03\\\/logo.png\",\"contentUrl\":\"https:\\\/\\\/emecr.org\\\/wp-content\\\/uploads\\\/2025\\\/03\\\/logo.png\",\"width\":1500,\"height\":867,\"caption\":\"Equitable Medicaid and Clinical Research\"},\"image\":{\"@id\":\"https:\\\/\\\/emecr.org\\\/#\\\/schema\\\/logo\\\/image\\\/\"},\"sameAs\":[\"https:\\\/\\\/www.facebook.com\\\/hq.emecr\",\"https:\\\/\\\/x.com\\\/hq_emecr\",\"https:\\\/\\\/www.instagram.com\\\/hq.emcr\\\/\",\"https:\\\/\\\/linkedin.com\\\/company\\\/hq-emecr\",\"http:\\\/\\\/www.youtube.com\\\/@hq_emecr\",\"https:\\\/\\\/www.tiktok.com\\\/@hq_emcr\"],\"description\":\"Equitable Medicaid and Clinical Research is a women-led non-profit organization that focuses on providing equal access to healthcare for economically disadvantaged populations, especially in rural and underserved communities, regardless of background, income levels, or geographical location. Founded on the belief that everyone deserves equitable access to quality medical services, we strive to bridge the gap in healthcare disparities. Our technology-driven approach helps deepen access to primary healthcare in hard-to-reach and neglected regions. Clinical research is at the heart of our mission. We conduct studies that support the development of safe and effective medicines and treatments. Through these efforts, we work to improve public health and strengthen healthcare access for communities across Africa and around the world.\",\"email\":\"info@emecr.org\",\"telephone\":\"+234806-2491-386\",\"legalName\":\"Equitable Medicaid and Clinical Research Ltd\\\/Gte\",\"foundingDate\":\"2024-05-06\",\"numberOfEmployees\":{\"@type\":\"QuantitativeValue\",\"minValue\":\"51\",\"maxValue\":\"200\"}}]}<\/script>\n<!-- \/ Yoast SEO Premium plugin. -->","yoast_head_json":{"title":"Medicorps &#8226; Equitable Medicaid and Clinical Research","robots":{"index":"index","follow":"follow","max-snippet":"max-snippet:-1","max-image-preview":"max-image-preview:large","max-video-preview":"max-video-preview:-1"},"canonical":"https:\/\/emecr.org\/es\/medicorps\/","og_locale":"es_ES","og_type":"article","og_title":"Medicorps","og_description":"# Medicorps Podcast on medical issues, health reports, outbreaks, medical advice, tips, and cutting-edge medical treatments information. Our goal is to educate, empower, and inspire our listeners to become advocates [&hellip;]","og_url":"https:\/\/emecr.org\/es\/medicorps\/","og_site_name":"Equitable Medicaid and Clinical Research","article_publisher":"https:\/\/www.facebook.com\/hq.emecr","article_modified_time":"2024-08-25T11:36:13+00:00","twitter_card":"summary_large_image","twitter_site":"@hq_emecr","schema":{"@context":"https:\/\/schema.org","@graph":[{"@type":"WebPage","@id":"https:\/\/emecr.org\/medicorps\/","url":"https:\/\/emecr.org\/medicorps\/","name":"Medicorps &#8226; Equitable Medicaid and Clinical Research","isPartOf":{"@id":"https:\/\/emecr.org\/#website"},"datePublished":"2024-06-11T21:32:49+00:00","dateModified":"2024-08-25T11:36:13+00:00","breadcrumb":{"@id":"https:\/\/emecr.org\/medicorps\/#breadcrumb"},"inLanguage":"es","potentialAction":[{"@type":"ReadAction","target":["https:\/\/emecr.org\/medicorps\/"]}]},{"@type":"BreadcrumbList","@id":"https:\/\/emecr.org\/medicorps\/#breadcrumb","itemListElement":[{"@type":"ListItem","position":1,"name":"Home","item":"https:\/\/emecr.org\/"},{"@type":"ListItem","position":2,"name":"Medicorps"}]},{"@type":"WebSite","@id":"https:\/\/emecr.org\/#website","url":"https:\/\/emecr.org\/","name":"Medicaid equitativo e investigaci\u00f3n cl\u00ednica","description":"Cada vida es importante","publisher":{"@id":"https:\/\/emecr.org\/#organization"},"alternateName":"EMCR","potentialAction":[{"@type":"SearchAction","target":{"@type":"EntryPoint","urlTemplate":"https:\/\/emecr.org\/?s={search_term_string}"},"query-input":{"@type":"PropertyValueSpecification","valueRequired":true,"valueName":"search_term_string"}}],"inLanguage":"es"},{"@type":"Organization","@id":"https:\/\/emecr.org\/#organization","name":"Medicaid equitativo e investigaci\u00f3n cl\u00ednica","alternateName":"EMCR","url":"https:\/\/emecr.org\/","logo":{"@type":"ImageObject","inLanguage":"es","@id":"https:\/\/emecr.org\/#\/schema\/logo\/image\/","url":"https:\/\/emecr.org\/wp-content\/uploads\/2025\/03\/logo.png","contentUrl":"https:\/\/emecr.org\/wp-content\/uploads\/2025\/03\/logo.png","width":1500,"height":867,"caption":"Equitable Medicaid and Clinical Research"},"image":{"@id":"https:\/\/emecr.org\/#\/schema\/logo\/image\/"},"sameAs":["https:\/\/www.facebook.com\/hq.emecr","https:\/\/x.com\/hq_emecr","https:\/\/www.instagram.com\/hq.emcr\/","https:\/\/linkedin.com\/company\/hq-emecr","http:\/\/www.youtube.com\/@hq_emecr","https:\/\/www.tiktok.com\/@hq_emcr"],"description":"Equitable Medicaid and Clinical Research is a women-led non-profit organization that focuses on providing equal access to healthcare for economically disadvantaged populations, especially in rural and underserved communities, regardless of background, income levels, or geographical location. Founded on the belief that everyone deserves equitable access to quality medical services, we strive to bridge the gap in healthcare disparities. Our technology-driven approach helps deepen access to primary healthcare in hard-to-reach and neglected regions. Clinical research is at the heart of our mission. We conduct studies that support the development of safe and effective medicines and treatments. Through these efforts, we work to improve public health and strengthen healthcare access for communities across Africa and around the world.","email":"info@emecr.org","telephone":"+234806-2491-386","legalName":"Equitable Medicaid and Clinical Research Ltd\/Gte","foundingDate":"2024-05-06","numberOfEmployees":{"@type":"QuantitativeValue","minValue":"51","maxValue":"200"}}]}},"_links":{"self":[{"href":"https:\/\/emecr.org\/es\/wp-json\/wp\/v2\/pages\/28113","targetHints":{"allow":["GET"]}}],"collection":[{"href":"https:\/\/emecr.org\/es\/wp-json\/wp\/v2\/pages"}],"about":[{"href":"https:\/\/emecr.org\/es\/wp-json\/wp\/v2\/types\/page"}],"author":[{"embeddable":true,"href":"https:\/\/emecr.org\/es\/wp-json\/wp\/v2\/users\/1"}],"replies":[{"embeddable":true,"href":"https:\/\/emecr.org\/es\/wp-json\/wp\/v2\/comments?post=28113"}],"version-history":[{"count":0,"href":"https:\/\/emecr.org\/es\/wp-json\/wp\/v2\/pages\/28113\/revisions"}],"wp:attachment":[{"href":"https:\/\/emecr.org\/es\/wp-json\/wp\/v2\/media?parent=28113"}],"curies":[{"name":"wp","href":"https:\/\/api.w.org\/{rel}","templated":true}]}}