{"id":12152,"date":"2023-12-16T11:35:56","date_gmt":"2023-12-16T11:35:56","guid":{"rendered":"https:\/\/emecr.org\/?page_id=12152"},"modified":"2024-08-25T11:14:05","modified_gmt":"2024-08-25T11:14:05","slug":"reporting-scams","status":"publish","type":"page","link":"https:\/\/emecr.org\/fr\/reporting-scams\/","title":{"rendered":"Signaler les escroqueries"},"content":{"rendered":"<div data-elementor-type=\"wp-page\" data-elementor-id=\"12152\" class=\"elementor elementor-12152\" data-elementor-post-type=\"page\">\n\t\t\t\t<div class=\"elementor-element elementor-element-8a50617 e-flex e-con-boxed e-con e-parent\" data-id=\"8a50617\" data-element_type=\"container\" data-e-type=\"container\" data-settings=\"{&quot;ekit_has_onepagescroll_dot&quot;:&quot;yes&quot;}\">\n\t\t\t\t\t<div class=\"e-con-inner\">\n\t\t<div class=\"elementor-element elementor-element-117d68d e-con-full e-flex e-con e-child\" data-id=\"117d68d\" data-element_type=\"container\" data-e-type=\"container\" data-settings=\"{&quot;ekit_has_onepagescroll_dot&quot;:&quot;yes&quot;}\">\n\t\t\t\t<div class=\"elementor-element elementor-element-0d73eeb elementor-widget elementor-widget-image\" data-id=\"0d73eeb\" data-element_type=\"widget\" data-e-type=\"widget\" data-settings=\"{&quot;ekit_we_effect_on&quot;:&quot;none&quot;}\" data-widget_type=\"image.default\">\n\t\t\t\t<div class=\"elementor-widget-container\">\n\t\t\t\t\t\t\t\t\t\t\t\t\t\t\t<img fetchpriority=\"high\" decoding=\"async\" width=\"800\" height=\"722\" src=\"https:\/\/emecr.org\/wp-content\/uploads\/2024\/06\/scams-alerts-1024x924.png\" class=\"attachment-large size-large wp-image-27949\" alt=\"\" srcset=\"https:\/\/emecr.org\/wp-content\/uploads\/2024\/06\/scams-alerts-1024x924.png 1024w, https:\/\/emecr.org\/wp-content\/uploads\/2024\/06\/scams-alerts-600x541.png 600w, https:\/\/emecr.org\/wp-content\/uploads\/2024\/06\/scams-alerts-300x271.png 300w, https:\/\/emecr.org\/wp-content\/uploads\/2024\/06\/scams-alerts-768x693.png 768w, https:\/\/emecr.org\/wp-content\/uploads\/2024\/06\/scams-alerts-1536x1385.png 1536w, https:\/\/emecr.org\/wp-content\/uploads\/2024\/06\/scams-alerts.png 2000w\" sizes=\"(max-width: 800px) 100vw, 800px\" \/>\t\t\t\t\t\t\t\t\t\t\t\t\t\t\t<\/div>\n\t\t\t\t<\/div>\n\t\t\t\t<\/div>\n\t\t<div class=\"elementor-element elementor-element-56602a6 e-con-full e-flex e-con e-child\" data-id=\"56602a6\" data-element_type=\"container\" data-e-type=\"container\" data-settings=\"{&quot;ekit_has_onepagescroll_dot&quot;:&quot;yes&quot;}\">\n\t\t\t\t<div class=\"elementor-element elementor-element-2d82202 elementor-widget__width-initial elementor-widget elementor-widget-elementskit-heading\" data-id=\"2d82202\" data-element_type=\"widget\" data-e-type=\"widget\" data-settings=\"{&quot;ekit_we_effect_on&quot;:&quot;none&quot;}\" data-widget_type=\"elementskit-heading.default\">\n\t\t\t\t<div class=\"elementor-widget-container\">\n\t\t\t\t\t<div class=\"ekit-wid-con\" ><div class=\"ekit-heading elementskit-section-title-wraper text_left   ekit_heading_tablet-   ekit_heading_mobile-\"><h2 class=\"ekit-heading--title elementskit-section-title\">Pr\u00e9venir les activit\u00e9s frauduleuses et signaler les escroqueries<\/h2>\t\t\t\t<div class='ekit-heading__description'>\n\t\t\t\t\t<p><strong>Nous respectons les normes les plus strictes en mati\u00e8re d'int\u00e9grit\u00e9 et de protection du bien-\u00eatre de notre communaut\u00e9. Malheureusement, des escrocs peuvent tenter d'exploiter notre nom pour des activit\u00e9s frauduleuses. <\/strong><\/p>\n<p><strong>Cette page sert de guide sur la mani\u00e8re d'identifier et de signaler les escroqueries nous concernant.<\/strong><\/p>\n\t\t\t\t<\/div>\n\t\t\t<\/div><\/div>\t\t\t\t<\/div>\n\t\t\t\t<\/div>\n\t\t\t\t<div class=\"elementor-element elementor-element-d3db287 elementor-align-left elementor-widget elementor-widget-elementskit-button\" data-id=\"d3db287\" data-element_type=\"widget\" data-e-type=\"widget\" data-settings=\"{&quot;ekit_we_effect_on&quot;:&quot;none&quot;}\" data-widget_type=\"elementskit-button.default\">\n\t\t\t\t<div class=\"elementor-widget-container\">\n\t\t\t\t\t<div class=\"ekit-wid-con\" >\t\t<div class=\"ekit-btn-wraper\">\n\t\t\t\t\t\t\t<a href=\"https:\/\/emecr.org\/fr\/contact\/\" class=\"elementskit-btn  whitespace--normal\" id=\"\">\n\t\t\t\t\t<i class=\"tsicon tsicon-caution\"><\/i>RAPPORTER MAINTENANT\t\t\t\t<\/a>\n\t\t\t\t\t<\/div>\n        <\/div>\t\t\t\t<\/div>\n\t\t\t\t<\/div>\n\t\t\t\t<\/div>\n\t\t\t\t\t<\/div>\n\t\t\t\t<\/div>\n\t\t<div class=\"elementor-element elementor-element-42061e8 e-flex e-con-boxed e-con e-parent\" data-id=\"42061e8\" data-element_type=\"container\" data-e-type=\"container\" data-settings=\"{&quot;ekit_has_onepagescroll_dot&quot;:&quot;yes&quot;}\">\n\t\t\t\t\t<div class=\"e-con-inner\">\n\t\t\t\t<div class=\"elementor-element elementor-element-176f232 elementor-widget__width-initial elementor-widget elementor-widget-elementskit-heading\" data-id=\"176f232\" data-element_type=\"widget\" data-e-type=\"widget\" data-settings=\"{&quot;ekit_we_effect_on&quot;:&quot;none&quot;}\" data-widget_type=\"elementskit-heading.default\">\n\t\t\t\t<div class=\"elementor-widget-container\">\n\t\t\t\t\t<div class=\"ekit-wid-con\" ><div class=\"ekit-heading elementskit-section-title-wraper text_left   ekit_heading_tablet-   ekit_heading_mobile-\"><h2 class=\"ekit-heading--title elementskit-section-title\">Identifier les escroqueries potentielles<\/h2><\/div><\/div>\t\t\t\t<\/div>\n\t\t\t\t<\/div>\n\t\t\t\t\t<\/div>\n\t\t\t\t<\/div>\n\t\t<div class=\"elementor-element elementor-element-e3b206a e-flex e-con-boxed e-con e-parent\" data-id=\"e3b206a\" data-element_type=\"container\" data-e-type=\"container\" data-settings=\"{&quot;ekit_has_onepagescroll_dot&quot;:&quot;yes&quot;}\">\n\t\t\t\t\t<div class=\"e-con-inner\">\n\t\t<div class=\"elementor-element elementor-element-d2e1285 e-con-full e-flex e-con e-child\" data-id=\"d2e1285\" data-element_type=\"container\" data-e-type=\"container\" data-settings=\"{&quot;ekit_has_onepagescroll_dot&quot;:&quot;yes&quot;}\">\n\t\t\t\t<div class=\"elementor-element elementor-element-69590fd elementor-widget__width-initial elementor-widget elementor-widget-text-editor\" data-id=\"69590fd\" data-element_type=\"widget\" data-e-type=\"widget\" data-settings=\"{&quot;ekit_we_effect_on&quot;:&quot;none&quot;}\" data-widget_type=\"text-editor.default\">\n\t\t\t\t<div class=\"elementor-widget-container\">\n\t\t\t\t\t\t\t\t\t<p><strong>Il est important de rester vigilant et de reconna\u00eetre les escroqueries potentielles. Soyez prudent si vous rencontrez :<\/strong><\/p><ul><li><strong>Communication non sollicit\u00e9e : Nous ne vous contacterons jamais de mani\u00e8re inattendue, notamment par le biais d'e-mails, d'appels ou de messages non sollicit\u00e9s.<\/strong><\/li><li><strong>Demandes d'informations personnelles : EMECR ne demandera jamais d'informations personnelles sensibles, telles que des mots de passe ou des donn\u00e9es financi\u00e8res, par le biais de canaux non s\u00e9curis\u00e9s.<\/strong><\/li><li><strong>Demandes de paiement : Nous ne demandons pas le paiement des services par des m\u00e9thodes non conventionnelles, telles que les cartes-cadeaux ou les virements bancaires.<\/strong><\/li><li><strong>Fausse affiliation : Les escrocs peuvent pr\u00e9tendre \u00e0 tort \u00eatre associ\u00e9s \u00e0 EMECR. V\u00e9rifiez ces affirmations en nous contactant directement par les voies officielles.<\/strong><\/li><\/ul><h1><strong><br \/>Signalement des escroqueries<\/strong><\/h1><p><strong>Si vous soup\u00e7onnez une activit\u00e9 frauduleuse utilisant le nom EMECR, veuillez suivre les \u00e9tapes suivantes :<\/strong><\/p><p><strong>Rassembler les informations :<br \/>Consignez tous les d\u00e9tails pertinents, tels que les coordonn\u00e9es de l'escroc, la nature de l'escroquerie et toute communication re\u00e7ue. Signalez l'escroquerie \u00e0 l'EMECR en nous envoyant un courriel \u00e0 l'adresse suivante\u00a0<a href=\"mailto:scams@emecr.org\" target=\"_new\">scams@emecr.org<\/a>. Inclure les informations recueillies pour faciliter notre enqu\u00eate.<\/strong><\/p><h1><strong>Application de la loi<\/strong><\/h1><p><strong><br \/>Si vous pensez avoir \u00e9t\u00e9 victime d'une escroquerie, contactez les forces de l'ordre locales et donnez-leur les d\u00e9tails de l'incident. Signalez les escroqueries en ligne aux organismes comp\u00e9tents en mati\u00e8re de criminalit\u00e9 sur internet, tels que l'EFCC et l'Internet Crime Complaint Center (IC3).<\/strong><\/p><h1><strong>Pr\u00e9venir les escroqueries<\/strong><\/h1><p><strong>Prot\u00e9gez-vous et prot\u00e9gez les autres en suivant ces mesures pr\u00e9ventives :<\/strong><\/p><p><strong>V\u00e9rifier la communication et s\u00e9curiser la transaction<br \/>En cas de doute, confirmez l'authenticit\u00e9 des communications d'EMECR en passant par les canaux officiels. Votre diligence garantit une interaction s\u00fbre et vous prot\u00e8ge contre les escroqueries potentielles. N'effectuez des paiements qu'au moyen de m\u00e9thodes s\u00fbres et r\u00e9put\u00e9es. EMECR ne demandera jamais de paiement par des moyens non conventionnels.<\/strong><\/p><h1><strong>S'informer<\/strong><\/h1><p><strong>Restez inform\u00e9 des escroqueries les plus courantes et soyez prudent lorsque vous communiquez des informations personnelles en ligne.<\/strong><br \/><strong>Utiliser les canaux officiels :<br \/>Effectuer des transactions officielles avec EMECR par l'interm\u00e9diaire de notre site web officiel (<a href=\"https:\/\/emecr.org\/fr\/\" target=\"_new\">https:\/\/emecr.org<\/a>) et des canaux de communication v\u00e9rifi\u00e9s. Si vous avez des inqui\u00e9tudes ou des questions concernant des escroqueries potentielles, veuillez nous contacter \u00e0 l'adresse suivante\u00a0<a href=\"mailto:scams@emecr.org\" target=\"_new\">scams@emecr.org<\/a>Votre vigilance nous aide \u00e0 maintenir un environnement s\u00fbr pour notre communaut\u00e9.<\/strong><\/p>\t\t\t\t\t\t\t\t<\/div>\n\t\t\t\t<\/div>\n\t\t\t\t<\/div>\n\t\t<div class=\"elementor-element elementor-element-7b9a2f9 e-con-full e-flex e-con e-child\" data-id=\"7b9a2f9\" data-element_type=\"container\" data-e-type=\"container\" data-settings=\"{&quot;ekit_has_onepagescroll_dot&quot;:&quot;yes&quot;}\">\n\t\t\t\t<div class=\"elementor-element elementor-element-f190426 elementor-widget elementor-widget-video\" data-id=\"f190426\" data-element_type=\"widget\" data-e-type=\"widget\" data-settings=\"{&quot;youtube_url&quot;:&quot;https:\\\/\\\/www.youtube.com\\\/watch?v=HxySrSbSY7o&quot;,&quot;video_type&quot;:&quot;youtube&quot;,&quot;controls&quot;:&quot;yes&quot;,&quot;ekit_we_effect_on&quot;:&quot;none&quot;}\" data-widget_type=\"video.default\">\n\t\t\t\t<div class=\"elementor-widget-container\">\n\t\t\t\t\t\t\t<div class=\"elementor-wrapper elementor-open-inline\">\n\t\t\t<div class=\"elementor-video\"><\/div>\t\t<\/div>\n\t\t\t\t\t\t<\/div>\n\t\t\t\t<\/div>\n\t\t\t\t<div class=\"elementor-element elementor-element-b630e11 elementor-widget-divider--separator-type-pattern elementor-widget-divider--view-line elementor-widget elementor-widget-divider\" data-id=\"b630e11\" data-element_type=\"widget\" data-e-type=\"widget\" data-settings=\"{&quot;ekit_we_effect_on&quot;:&quot;none&quot;}\" data-widget_type=\"divider.default\">\n\t\t\t\t<div class=\"elementor-widget-container\">\n\t\t\t\t\t\t\t<div class=\"elementor-divider\" style=\"--divider-pattern-url: url(&quot;data:image\/svg+xml,%3Csvg xmlns=&#039;http:\/\/www.w3.org\/2000\/svg&#039; preserveAspectRatio=&#039;none&#039; overflow=&#039;visible&#039; height=&#039;100%&#039; viewBox=&#039;0 0 24 24&#039; fill=&#039;none&#039; stroke=&#039;black&#039; stroke-width=&#039;1&#039; stroke-linecap=&#039;square&#039; stroke-miterlimit=&#039;10&#039;%3E%3Cpolyline points=&#039;0,18 12,6 24,18 &#039;\/%3E%3C\/svg%3E&quot;);\">\n\t\t\t<span class=\"elementor-divider-separator\">\n\t\t\t\t\t\t<\/span>\n\t\t<\/div>\n\t\t\t\t\t\t<\/div>\n\t\t\t\t<\/div>\n\t\t\t\t<div class=\"elementor-element elementor-element-51624d4 elementor-widget__width-initial elementor-widget elementor-widget-elementskit-heading\" data-id=\"51624d4\" data-element_type=\"widget\" data-e-type=\"widget\" data-settings=\"{&quot;ekit_we_effect_on&quot;:&quot;none&quot;}\" data-widget_type=\"elementskit-heading.default\">\n\t\t\t\t<div class=\"elementor-widget-container\">\n\t\t\t\t\t<div class=\"ekit-wid-con\" ><div class=\"ekit-heading elementskit-section-title-wraper text_left   ekit_heading_tablet-   ekit_heading_mobile-\"><h3 class=\"elementskit-section-subtitle\">\n\t\t\t\t\t\tConseils vid\u00e9o\n\t\t\t\t\t<\/h3><h2 class=\"ekit-heading--title elementskit-section-title\">S\u00e9curit\u00e9 en ligne<\/h2><\/div><\/div>\t\t\t\t<\/div>\n\t\t\t\t<\/div>\n\t\t\t\t<\/div>\n\t\t\t\t\t<\/div>\n\t\t\t\t<\/div>\n\t\t\t\t<\/div>","protected":false},"excerpt":{"rendered":"<p>Preventing fraudulent Activities and Reporting Scams We maintain the highest standards of integrity and protecting the well-being of our community. Unfortunately, scammers may attempt to exploit our name for fraudulent [&hellip;]<\/p>\n","protected":false},"author":1,"featured_media":0,"parent":0,"menu_order":0,"comment_status":"closed","ping_status":"closed","template":"elementor_header_footer","meta":{"rs_blank_template":"","rs_page_bg_color":"","slide_template_v7":"","footnotes":""},"class_list":["post-12152","page","type-page","status-publish","hentry"],"yoast_head":"<!-- This site is optimized with the Yoast SEO Premium plugin v27.1 (Yoast SEO v27.5) - https:\/\/yoast.com\/product\/yoast-seo-premium-wordpress\/ -->\n<title>Reporting scams &#8226; Equitable Medicaid and Clinical Research<\/title>\n<meta name=\"robots\" content=\"index, follow, max-snippet:-1, max-image-preview:large, max-video-preview:-1\" \/>\n<link rel=\"canonical\" href=\"https:\/\/emecr.org\/fr\/reporting-scams\/\" \/>\n<meta property=\"og:locale\" content=\"fr_FR\" \/>\n<meta property=\"og:type\" content=\"article\" \/>\n<meta property=\"og:title\" content=\"Reporting scams\" \/>\n<meta property=\"og:description\" content=\"Preventing fraudulent Activities and Reporting Scams We maintain the highest standards of integrity and protecting the well-being of our community. Unfortunately, scammers may attempt to exploit our name for fraudulent [&hellip;]\" \/>\n<meta property=\"og:url\" content=\"https:\/\/emecr.org\/fr\/reporting-scams\/\" \/>\n<meta property=\"og:site_name\" content=\"Equitable Medicaid and Clinical Research\" \/>\n<meta property=\"article:publisher\" content=\"https:\/\/www.facebook.com\/hq.emecr\" \/>\n<meta property=\"article:modified_time\" content=\"2024-08-25T11:14:05+00:00\" \/>\n<meta property=\"og:image\" content=\"https:\/\/emecr.org\/wp-content\/uploads\/2024\/06\/scams-alerts.png\" \/>\n\t<meta property=\"og:image:width\" content=\"2000\" \/>\n\t<meta property=\"og:image:height\" content=\"1804\" \/>\n\t<meta property=\"og:image:type\" content=\"image\/png\" \/>\n<meta name=\"twitter:card\" content=\"summary_large_image\" \/>\n<meta name=\"twitter:site\" content=\"@hq_emecr\" \/>\n<meta name=\"twitter:label1\" content=\"Dur\u00e9e de lecture estim\u00e9e\" \/>\n\t<meta name=\"twitter:data1\" content=\"2 minutes\" \/>\n<script type=\"application\/ld+json\" class=\"yoast-schema-graph\">{\"@context\":\"https:\\\/\\\/schema.org\",\"@graph\":[{\"@type\":\"WebPage\",\"@id\":\"https:\\\/\\\/emecr.org\\\/reporting-scams\\\/\",\"url\":\"https:\\\/\\\/emecr.org\\\/reporting-scams\\\/\",\"name\":\"Reporting scams &#8226; Equitable Medicaid and Clinical Research\",\"isPartOf\":{\"@id\":\"https:\\\/\\\/emecr.org\\\/#website\"},\"primaryImageOfPage\":{\"@id\":\"https:\\\/\\\/emecr.org\\\/reporting-scams\\\/#primaryimage\"},\"image\":{\"@id\":\"https:\\\/\\\/emecr.org\\\/reporting-scams\\\/#primaryimage\"},\"thumbnailUrl\":\"https:\\\/\\\/emecr.org\\\/wp-content\\\/uploads\\\/2024\\\/06\\\/scams-alerts-1024x924.png\",\"datePublished\":\"2023-12-16T11:35:56+00:00\",\"dateModified\":\"2024-08-25T11:14:05+00:00\",\"breadcrumb\":{\"@id\":\"https:\\\/\\\/emecr.org\\\/reporting-scams\\\/#breadcrumb\"},\"inLanguage\":\"fr-FR\",\"potentialAction\":[{\"@type\":\"ReadAction\",\"target\":[\"https:\\\/\\\/emecr.org\\\/reporting-scams\\\/\"]}]},{\"@type\":\"ImageObject\",\"inLanguage\":\"fr-FR\",\"@id\":\"https:\\\/\\\/emecr.org\\\/reporting-scams\\\/#primaryimage\",\"url\":\"https:\\\/\\\/emecr.org\\\/wp-content\\\/uploads\\\/2024\\\/06\\\/scams-alerts-1024x924.png\",\"contentUrl\":\"https:\\\/\\\/emecr.org\\\/wp-content\\\/uploads\\\/2024\\\/06\\\/scams-alerts-1024x924.png\"},{\"@type\":\"BreadcrumbList\",\"@id\":\"https:\\\/\\\/emecr.org\\\/reporting-scams\\\/#breadcrumb\",\"itemListElement\":[{\"@type\":\"ListItem\",\"position\":1,\"name\":\"Home\",\"item\":\"https:\\\/\\\/emecr.org\\\/\"},{\"@type\":\"ListItem\",\"position\":2,\"name\":\"Reporting scams\"}]},{\"@type\":\"WebSite\",\"@id\":\"https:\\\/\\\/emecr.org\\\/#website\",\"url\":\"https:\\\/\\\/emecr.org\\\/\",\"name\":\"Equitable Medicaid and Clinical Research\",\"description\":\"Every Life Matters\",\"publisher\":{\"@id\":\"https:\\\/\\\/emecr.org\\\/#organization\"},\"alternateName\":\"EMCR\",\"potentialAction\":[{\"@type\":\"SearchAction\",\"target\":{\"@type\":\"EntryPoint\",\"urlTemplate\":\"https:\\\/\\\/emecr.org\\\/?s={search_term_string}\"},\"query-input\":{\"@type\":\"PropertyValueSpecification\",\"valueRequired\":true,\"valueName\":\"search_term_string\"}}],\"inLanguage\":\"fr-FR\"},{\"@type\":\"Organization\",\"@id\":\"https:\\\/\\\/emecr.org\\\/#organization\",\"name\":\"Equitable Medicaid and Clinical Research\",\"alternateName\":\"EMCR\",\"url\":\"https:\\\/\\\/emecr.org\\\/\",\"logo\":{\"@type\":\"ImageObject\",\"inLanguage\":\"fr-FR\",\"@id\":\"https:\\\/\\\/emecr.org\\\/#\\\/schema\\\/logo\\\/image\\\/\",\"url\":\"https:\\\/\\\/emecr.org\\\/wp-content\\\/uploads\\\/2025\\\/03\\\/logo.png\",\"contentUrl\":\"https:\\\/\\\/emecr.org\\\/wp-content\\\/uploads\\\/2025\\\/03\\\/logo.png\",\"width\":1500,\"height\":867,\"caption\":\"Equitable Medicaid and Clinical Research\"},\"image\":{\"@id\":\"https:\\\/\\\/emecr.org\\\/#\\\/schema\\\/logo\\\/image\\\/\"},\"sameAs\":[\"https:\\\/\\\/www.facebook.com\\\/hq.emecr\",\"https:\\\/\\\/x.com\\\/hq_emecr\",\"https:\\\/\\\/www.instagram.com\\\/hq.emcr\\\/\",\"https:\\\/\\\/linkedin.com\\\/company\\\/hq-emecr\",\"http:\\\/\\\/www.youtube.com\\\/@hq_emecr\",\"https:\\\/\\\/www.tiktok.com\\\/@hq_emcr\"],\"description\":\"Equitable Medicaid and Clinical Research is a women-led non-profit organization that focuses on providing equal access to healthcare for economically disadvantaged populations, especially in rural and underserved communities, regardless of background, income levels, or geographical location. Founded on the belief that everyone deserves equitable access to quality medical services, we strive to bridge the gap in healthcare disparities. Our technology-driven approach helps deepen access to primary healthcare in hard-to-reach and neglected regions. Clinical research is at the heart of our mission. We conduct studies that support the development of safe and effective medicines and treatments. Through these efforts, we work to improve public health and strengthen healthcare access for communities across Africa and around the world.\",\"email\":\"info@emecr.org\",\"telephone\":\"+234806-2491-386\",\"legalName\":\"Equitable Medicaid and Clinical Research Ltd\\\/Gte\",\"foundingDate\":\"2024-05-06\",\"numberOfEmployees\":{\"@type\":\"QuantitativeValue\",\"minValue\":\"51\",\"maxValue\":\"200\"}}]}<\/script>\n<!-- \/ Yoast SEO Premium plugin. -->","yoast_head_json":{"title":"Reporting scams &#8226; Equitable Medicaid and Clinical Research","robots":{"index":"index","follow":"follow","max-snippet":"max-snippet:-1","max-image-preview":"max-image-preview:large","max-video-preview":"max-video-preview:-1"},"canonical":"https:\/\/emecr.org\/fr\/reporting-scams\/","og_locale":"fr_FR","og_type":"article","og_title":"Reporting scams","og_description":"Preventing fraudulent Activities and Reporting Scams We maintain the highest standards of integrity and protecting the well-being of our community. Unfortunately, scammers may attempt to exploit our name for fraudulent [&hellip;]","og_url":"https:\/\/emecr.org\/fr\/reporting-scams\/","og_site_name":"Equitable Medicaid and Clinical Research","article_publisher":"https:\/\/www.facebook.com\/hq.emecr","article_modified_time":"2024-08-25T11:14:05+00:00","og_image":[{"width":2000,"height":1804,"url":"https:\/\/emecr.org\/wp-content\/uploads\/2024\/06\/scams-alerts.png","type":"image\/png"}],"twitter_card":"summary_large_image","twitter_site":"@hq_emecr","twitter_misc":{"Dur\u00e9e de lecture estim\u00e9e":"2 minutes"},"schema":{"@context":"https:\/\/schema.org","@graph":[{"@type":"WebPage","@id":"https:\/\/emecr.org\/reporting-scams\/","url":"https:\/\/emecr.org\/reporting-scams\/","name":"Reporting scams &#8226; Equitable Medicaid and Clinical Research","isPartOf":{"@id":"https:\/\/emecr.org\/#website"},"primaryImageOfPage":{"@id":"https:\/\/emecr.org\/reporting-scams\/#primaryimage"},"image":{"@id":"https:\/\/emecr.org\/reporting-scams\/#primaryimage"},"thumbnailUrl":"https:\/\/emecr.org\/wp-content\/uploads\/2024\/06\/scams-alerts-1024x924.png","datePublished":"2023-12-16T11:35:56+00:00","dateModified":"2024-08-25T11:14:05+00:00","breadcrumb":{"@id":"https:\/\/emecr.org\/reporting-scams\/#breadcrumb"},"inLanguage":"fr-FR","potentialAction":[{"@type":"ReadAction","target":["https:\/\/emecr.org\/reporting-scams\/"]}]},{"@type":"ImageObject","inLanguage":"fr-FR","@id":"https:\/\/emecr.org\/reporting-scams\/#primaryimage","url":"https:\/\/emecr.org\/wp-content\/uploads\/2024\/06\/scams-alerts-1024x924.png","contentUrl":"https:\/\/emecr.org\/wp-content\/uploads\/2024\/06\/scams-alerts-1024x924.png"},{"@type":"BreadcrumbList","@id":"https:\/\/emecr.org\/reporting-scams\/#breadcrumb","itemListElement":[{"@type":"ListItem","position":1,"name":"Home","item":"https:\/\/emecr.org\/"},{"@type":"ListItem","position":2,"name":"Reporting scams"}]},{"@type":"WebSite","@id":"https:\/\/emecr.org\/#website","url":"https:\/\/emecr.org\/","name":"Medicaid \u00e9quitable et recherche clinique","description":"Chaque vie compte","publisher":{"@id":"https:\/\/emecr.org\/#organization"},"alternateName":"EMCR","potentialAction":[{"@type":"SearchAction","target":{"@type":"EntryPoint","urlTemplate":"https:\/\/emecr.org\/?s={search_term_string}"},"query-input":{"@type":"PropertyValueSpecification","valueRequired":true,"valueName":"search_term_string"}}],"inLanguage":"fr-FR"},{"@type":"Organization","@id":"https:\/\/emecr.org\/#organization","name":"Medicaid \u00e9quitable et recherche clinique","alternateName":"EMCR","url":"https:\/\/emecr.org\/","logo":{"@type":"ImageObject","inLanguage":"fr-FR","@id":"https:\/\/emecr.org\/#\/schema\/logo\/image\/","url":"https:\/\/emecr.org\/wp-content\/uploads\/2025\/03\/logo.png","contentUrl":"https:\/\/emecr.org\/wp-content\/uploads\/2025\/03\/logo.png","width":1500,"height":867,"caption":"Equitable Medicaid and Clinical Research"},"image":{"@id":"https:\/\/emecr.org\/#\/schema\/logo\/image\/"},"sameAs":["https:\/\/www.facebook.com\/hq.emecr","https:\/\/x.com\/hq_emecr","https:\/\/www.instagram.com\/hq.emcr\/","https:\/\/linkedin.com\/company\/hq-emecr","http:\/\/www.youtube.com\/@hq_emecr","https:\/\/www.tiktok.com\/@hq_emcr"],"description":"Equitable Medicaid and Clinical Research is a women-led non-profit organization that focuses on providing equal access to healthcare for economically disadvantaged populations, especially in rural and underserved communities, regardless of background, income levels, or geographical location. Founded on the belief that everyone deserves equitable access to quality medical services, we strive to bridge the gap in healthcare disparities. Our technology-driven approach helps deepen access to primary healthcare in hard-to-reach and neglected regions. Clinical research is at the heart of our mission. We conduct studies that support the development of safe and effective medicines and treatments. Through these efforts, we work to improve public health and strengthen healthcare access for communities across Africa and around the world.","email":"info@emecr.org","telephone":"+234806-2491-386","legalName":"Equitable Medicaid and Clinical Research Ltd\/Gte","foundingDate":"2024-05-06","numberOfEmployees":{"@type":"QuantitativeValue","minValue":"51","maxValue":"200"}}]}},"_links":{"self":[{"href":"https:\/\/emecr.org\/fr\/wp-json\/wp\/v2\/pages\/12152","targetHints":{"allow":["GET"]}}],"collection":[{"href":"https:\/\/emecr.org\/fr\/wp-json\/wp\/v2\/pages"}],"about":[{"href":"https:\/\/emecr.org\/fr\/wp-json\/wp\/v2\/types\/page"}],"author":[{"embeddable":true,"href":"https:\/\/emecr.org\/fr\/wp-json\/wp\/v2\/users\/1"}],"replies":[{"embeddable":true,"href":"https:\/\/emecr.org\/fr\/wp-json\/wp\/v2\/comments?post=12152"}],"version-history":[{"count":0,"href":"https:\/\/emecr.org\/fr\/wp-json\/wp\/v2\/pages\/12152\/revisions"}],"wp:attachment":[{"href":"https:\/\/emecr.org\/fr\/wp-json\/wp\/v2\/media?parent=12152"}],"curies":[{"name":"wp","href":"https:\/\/api.w.org\/{rel}","templated":true}]}}