{"id":13488,"date":"2024-01-02T16:47:34","date_gmt":"2024-01-02T16:47:34","guid":{"rendered":"https:\/\/emecr.org\/?page_id=13488"},"modified":"2025-12-08T23:51:15","modified_gmt":"2025-12-08T23:51:15","slug":"our-story","status":"publish","type":"page","link":"https:\/\/emecr.org\/fr\/our-story\/","title":{"rendered":"Notre histoire"},"content":{"rendered":"<div data-elementor-type=\"wp-page\" data-elementor-id=\"13488\" class=\"elementor elementor-13488\" data-elementor-post-type=\"page\">\n\t\t\t\t\t\t<section class=\"elementor-section elementor-top-section elementor-element elementor-element-a7284f1 elementor-section-boxed elementor-section-height-default elementor-section-height-default\" data-id=\"a7284f1\" data-element_type=\"section\" data-e-type=\"section\" data-settings=\"{&quot;ekit_has_onepagescroll_dot&quot;:&quot;yes&quot;}\">\n\t\t\t\t\t\t<div class=\"elementor-container elementor-column-gap-default\">\n\t\t\t\t\t<div class=\"elementor-column elementor-col-50 elementor-top-column elementor-element elementor-element-c653841\" data-id=\"c653841\" data-element_type=\"column\" data-e-type=\"column\">\n\t\t\t<div class=\"elementor-widget-wrap elementor-element-populated\">\n\t\t\t\t\t\t<div class=\"elementor-element elementor-element-96c8830 elementor-widget elementor-widget-image\" data-id=\"96c8830\" data-element_type=\"widget\" data-e-type=\"widget\" data-settings=\"{&quot;ekit_we_effect_on&quot;:&quot;none&quot;}\" data-widget_type=\"image.default\">\n\t\t\t\t<div class=\"elementor-widget-container\">\n\t\t\t\t\t\t\t\t\t\t\t\t\t\t\t<img fetchpriority=\"high\" decoding=\"async\" width=\"1000\" height=\"1326\" src=\"https:\/\/emecr.org\/wp-content\/uploads\/2024\/02\/FounderJOY.png\" class=\"attachment-full size-full wp-image-17772\" alt=\"Founder of Equitable Medicaid and Clinical Research\" srcset=\"https:\/\/emecr.org\/wp-content\/uploads\/2024\/02\/FounderJOY.png 1000w, https:\/\/emecr.org\/wp-content\/uploads\/2024\/02\/FounderJOY-600x796.png 600w, https:\/\/emecr.org\/wp-content\/uploads\/2024\/02\/FounderJOY-226x300.png 226w, https:\/\/emecr.org\/wp-content\/uploads\/2024\/02\/FounderJOY-772x1024.png 772w, https:\/\/emecr.org\/wp-content\/uploads\/2024\/02\/FounderJOY-768x1018.png 768w\" sizes=\"(max-width: 1000px) 100vw, 1000px\" \/>\t\t\t\t\t\t\t\t\t\t\t\t\t\t\t<\/div>\n\t\t\t\t<\/div>\n\t\t\t\t<div class=\"elementor-element elementor-element-eea7e07 elementor-widget elementor-widget-elementskit-heading\" data-id=\"eea7e07\" data-element_type=\"widget\" data-e-type=\"widget\" data-settings=\"{&quot;ekit_we_effect_on&quot;:&quot;none&quot;}\" data-widget_type=\"elementskit-heading.default\">\n\t\t\t\t<div class=\"elementor-widget-container\">\n\t\t\t\t\t<div class=\"ekit-wid-con\" ><div class=\"ekit-heading elementskit-section-title-wraper text_left   ekit_heading_tablet-   ekit_heading_mobile-\"><h2 class=\"ekit-heading--title elementskit-section-title\">Etubi, Joy OJochogwu<\/h2><h3 class=\"ekit-heading--subtitle elementskit-section-subtitle\">\n\t\t\t\t\t\tFondateur\n\t\t\t\t\t<\/h3><\/div><\/div>\t\t\t\t<\/div>\n\t\t\t\t<\/div>\n\t\t\t\t<div class=\"elementor-element elementor-element-c0acf28 elementor-widget-divider--view-line elementor-widget elementor-widget-divider\" data-id=\"c0acf28\" data-element_type=\"widget\" data-e-type=\"widget\" data-settings=\"{&quot;ekit_we_effect_on&quot;:&quot;none&quot;}\" data-widget_type=\"divider.default\">\n\t\t\t\t<div class=\"elementor-widget-container\">\n\t\t\t\t\t\t\t<div class=\"elementor-divider\">\n\t\t\t<span class=\"elementor-divider-separator\">\n\t\t\t\t\t\t<\/span>\n\t\t<\/div>\n\t\t\t\t\t\t<\/div>\n\t\t\t\t<\/div>\n\t\t\t\t\t<\/div>\n\t\t<\/div>\n\t\t\t\t<div class=\"elementor-column elementor-col-50 elementor-top-column elementor-element elementor-element-26b05db\" data-id=\"26b05db\" data-element_type=\"column\" data-e-type=\"column\">\n\t\t\t<div class=\"elementor-widget-wrap elementor-element-populated\">\n\t\t\t\t\t\t<div class=\"elementor-element elementor-element-51bc681 elementor-widget__width-initial elementor-widget elementor-widget-heading\" data-id=\"51bc681\" data-element_type=\"widget\" data-e-type=\"widget\" data-settings=\"{&quot;ekit_we_effect_on&quot;:&quot;none&quot;}\" data-widget_type=\"heading.default\">\n\t\t\t\t<div class=\"elementor-widget-container\">\n\t\t\t\t\t<h2 class=\"elementor-heading-title elementor-size-default\">Notre histoire fondatrice<\/h2>\t\t\t\t<\/div>\n\t\t\t\t<\/div>\n\t\t\t\t<div class=\"elementor-element elementor-element-5a5b17b elementor-widget elementor-widget-text-editor\" data-id=\"5a5b17b\" data-element_type=\"widget\" data-e-type=\"widget\" data-settings=\"{&quot;ekit_we_effect_on&quot;:&quot;none&quot;}\" data-widget_type=\"text-editor.default\">\n\t\t\t\t<div class=\"elementor-widget-container\">\n\t\t\t\t\t\t\t\t\t<p>Au Nigeria, l'acc\u00e8s aux soins de sant\u00e9 de base ne devrait pas \u00eatre un privil\u00e8ge, mais pour beaucoup, cela ressemble \u00e0 un r\u00eave impossible. Nous avons \u00e9t\u00e9 les t\u00e9moins directs de cette lutte : les longues attentes, le manque de ressources, les choix d\u00e9sesp\u00e9r\u00e9s que les gens sont oblig\u00e9s de faire. Le co\u00fbt de l'in\u00e9galit\u00e9 en mati\u00e8re de sant\u00e9 n'est pas seulement financier ; il se paie en vies perdues trop t\u00f4t, en familles d\u00e9chir\u00e9es par des maladies \u00e9vitables. Cette r\u00e9alit\u00e9 a fait na\u00eetre en nous un sentiment profond, une d\u00e9termination \u00e0 cr\u00e9er le changement.<\/p><p>Nous avons fond\u00e9 Equitable Medicaid and Clinical Research Ltd\/Gte parce que nous ne pouvions pas rester sans rien faire alors que tant de personnes dans nos communaut\u00e9s souffraient. Nous savions que si nous n'agissions pas, le cycle de la n\u00e9gligence se poursuivrait. Des maladies qui pourraient \u00eatre trait\u00e9es \u00e9taient laiss\u00e9es \u00e0 l'abandon parce que la recherche clinique avanc\u00e9e et les essais \u00e9taient pratiquement inexistants dans notre pays. Nous avons vu des personnes - de vraies personnes avec des espoirs, des r\u00eaves et des proches - devenir des statistiques, leur vie \u00e9court\u00e9e parce qu'elles ne pouvaient pas acc\u00e9der aux soins dont elles avaient besoin.<\/p><p>Dans les zones rurales et les bidonvilles urbains, o\u00f9 la vie quotidienne est d\u00e9j\u00e0 difficile, les crises sanitaires sont les plus graves. Des maladies \u00e9vitables font discr\u00e8tement des victimes et la m\u00e9decine traditionnelle, qui a une grande valeur dans notre culture, fait parfois plus de mal que de bien en l'absence de tests cliniques appropri\u00e9s. Nous consid\u00e9rons que cette mauvaise utilisation n'est pas un \u00e9chec de la tradition, mais un \u00e9chec du syst\u00e8me \u00e0 soutenir des pratiques s\u00fbres et efficaces.<\/p>\t\t\t\t\t\t\t\t<\/div>\n\t\t\t\t<\/div>\n\t\t\t\t\t<\/div>\n\t\t<\/div>\n\t\t\t\t\t<\/div>\n\t\t<\/section>\n\t\t\t\t<section class=\"elementor-section elementor-top-section elementor-element elementor-element-c5152b7 elementor-reverse-mobile elementor-section-boxed elementor-section-height-default elementor-section-height-default\" data-id=\"c5152b7\" data-element_type=\"section\" data-e-type=\"section\" data-settings=\"{&quot;ekit_has_onepagescroll_dot&quot;:&quot;yes&quot;}\">\n\t\t\t\t\t\t<div class=\"elementor-container elementor-column-gap-default\">\n\t\t\t\t\t<div class=\"elementor-column elementor-col-50 elementor-top-column elementor-element elementor-element-08657cd\" data-id=\"08657cd\" data-element_type=\"column\" data-e-type=\"column\">\n\t\t\t<div class=\"elementor-widget-wrap elementor-element-populated\">\n\t\t\t\t\t\t<div class=\"elementor-element elementor-element-954e35c elementor-widget elementor-widget-image\" data-id=\"954e35c\" data-element_type=\"widget\" data-e-type=\"widget\" data-settings=\"{&quot;ekit_we_effect_on&quot;:&quot;none&quot;}\" data-widget_type=\"image.default\">\n\t\t\t\t<div class=\"elementor-widget-container\">\n\t\t\t\t\t\t\t\t\t\t\t\t\t\t\t<img decoding=\"async\" width=\"1000\" height=\"1326\" src=\"https:\/\/emecr.org\/wp-content\/uploads\/2024\/02\/cofounderKD.png\" class=\"attachment-full size-full wp-image-17774\" alt=\"public health research organization\" srcset=\"https:\/\/emecr.org\/wp-content\/uploads\/2024\/02\/cofounderKD.png 1000w, https:\/\/emecr.org\/wp-content\/uploads\/2024\/02\/cofounderKD-600x796.png 600w, https:\/\/emecr.org\/wp-content\/uploads\/2024\/02\/cofounderKD-226x300.png 226w, https:\/\/emecr.org\/wp-content\/uploads\/2024\/02\/cofounderKD-772x1024.png 772w, https:\/\/emecr.org\/wp-content\/uploads\/2024\/02\/cofounderKD-768x1018.png 768w\" sizes=\"(max-width: 1000px) 100vw, 1000px\" \/>\t\t\t\t\t\t\t\t\t\t\t\t\t\t\t<\/div>\n\t\t\t\t<\/div>\n\t\t\t\t<div class=\"elementor-element elementor-element-f963606 elementor-widget elementor-widget-elementskit-heading\" data-id=\"f963606\" data-element_type=\"widget\" data-e-type=\"widget\" data-settings=\"{&quot;ekit_we_effect_on&quot;:&quot;none&quot;}\" data-widget_type=\"elementskit-heading.default\">\n\t\t\t\t<div class=\"elementor-widget-container\">\n\t\t\t\t\t<div class=\"ekit-wid-con\" ><div class=\"ekit-heading elementskit-section-title-wraper text_left   ekit_heading_tablet-   ekit_heading_mobile-\"><h2 class=\"ekit-heading--title elementskit-section-title\">Kadiri, Ugbede-Ojo D.<\/h2><h3 class=\"ekit-heading--subtitle elementskit-section-subtitle\">\n\t\t\t\t\t\tCo-fondateur\n\t\t\t\t\t<\/h3><\/div><\/div>\t\t\t\t<\/div>\n\t\t\t\t<\/div>\n\t\t\t\t<div class=\"elementor-element elementor-element-8e87c88 elementor-widget-divider--view-line elementor-widget elementor-widget-divider\" data-id=\"8e87c88\" data-element_type=\"widget\" data-e-type=\"widget\" data-settings=\"{&quot;ekit_we_effect_on&quot;:&quot;none&quot;}\" data-widget_type=\"divider.default\">\n\t\t\t\t<div class=\"elementor-widget-container\">\n\t\t\t\t\t\t\t<div class=\"elementor-divider\">\n\t\t\t<span class=\"elementor-divider-separator\">\n\t\t\t\t\t\t<\/span>\n\t\t<\/div>\n\t\t\t\t\t\t<\/div>\n\t\t\t\t<\/div>\n\t\t\t\t\t<\/div>\n\t\t<\/div>\n\t\t\t\t<div class=\"elementor-column elementor-col-50 elementor-top-column elementor-element elementor-element-a7703ee\" data-id=\"a7703ee\" data-element_type=\"column\" data-e-type=\"column\">\n\t\t\t<div class=\"elementor-widget-wrap elementor-element-populated\">\n\t\t\t\t\t\t<div class=\"elementor-element elementor-element-51ab37e elementor-widget elementor-widget-text-editor\" data-id=\"51ab37e\" data-element_type=\"widget\" data-e-type=\"widget\" data-settings=\"{&quot;ekit_we_effect_on&quot;:&quot;none&quot;}\" data-widget_type=\"text-editor.default\">\n\t\t\t\t<div class=\"elementor-widget-container\">\n\t\t\t\t\t\t\t\t\t<p>Pour les femmes et les jeunes filles, les enjeux sont encore plus importants. La mortalit\u00e9 maternelle est une r\u00e9alit\u00e9 tragique, aggrav\u00e9e par le manque d'\u00e9ducation et de ressources en mati\u00e8re de sant\u00e9 sexuelle et g\u00e9n\u00e9sique. Les mariages pr\u00e9coces, les grossesses non d\u00e9sir\u00e9es et la propagation des maladies ne sont pas seulement des probl\u00e8mes, ce sont des crises auxquelles nos m\u00e8res, nos s\u0153urs et nos filles sont confront\u00e9es chaque jour. La d\u00e9pendance obsol\u00e8te du syst\u00e8me \u00e0 l'\u00e9gard des dossiers papier ne fait que compliquer la fourniture des soins qui pourraient sauver des vies.<\/p><p>Les personnes \u00e2g\u00e9es, elles aussi, sont souvent oubli\u00e9es, laiss\u00e9es \u00e0 elles-m\u00eames pour affronter leurs derni\u00e8res ann\u00e9es avec peu ou pas de soutien. La sant\u00e9 mentale est ignor\u00e9e et les personnes qui souffrent sont mises de c\u00f4t\u00e9, leur douleur \u00e9tant consid\u00e9r\u00e9e comme une superstition. Nous les voyons, errant dans les rues, perdus dans leurs luttes, et nous savons que cette stigmatisation doit cesser.<\/p><p>C'est pourquoi nous avons cr\u00e9\u00e9 Equitable Medicaid and Clinical Research. Nous ne sommes pas une organisation comme les autres ; nous sommes des personnes qui croient que chaque vie, aussi petite ou marginalis\u00e9e soit-elle, est importante. Nous nous concentrons sur les personnes qui ont \u00e9t\u00e9 laiss\u00e9es pour compte, en apportant des soins de sant\u00e9 \u00e0 ceux qui en ont le plus besoin. Notre travail est motiv\u00e9 par une v\u00e9rit\u00e9 simple : chaque vie compte.<\/p><p>Ce n'est pas seulement une devise pour nous, c'est une promesse. Nous sommes ici pour faire une r\u00e9elle diff\u00e9rence, pour changer l'histoire de ceux qui ont \u00e9t\u00e9 oubli\u00e9s. Et nous ne nous arr\u00eaterons pas tant que chaque personne, dans chaque communaut\u00e9, n'aura pas la possibilit\u00e9 de vivre une vie saine et digne.<\/p>\t\t\t\t\t\t\t\t<\/div>\n\t\t\t\t<\/div>\n\t\t\t\t\t<\/div>\n\t\t<\/div>\n\t\t\t\t\t<\/div>\n\t\t<\/section>\n\t\t\t\t<\/div>","protected":false},"excerpt":{"rendered":"<p>Etubi, Joy OJochogwu Founder Our Founding Story In Nigeria, accessing basic healthcare shouldn\u2019t be a privilege, but for many, it feels like an impossible dream. We\u2019ve witnessed this struggle firsthand [&hellip;]<\/p>\n","protected":false},"author":1,"featured_media":0,"parent":0,"menu_order":0,"comment_status":"closed","ping_status":"closed","template":"elementor_header_footer","meta":{"rs_blank_template":"","rs_page_bg_color":"","slide_template_v7":"","footnotes":""},"class_list":["post-13488","page","type-page","status-publish","hentry"],"yoast_head":"<!-- This site is optimized with the Yoast SEO Premium plugin v27.1 (Yoast SEO v27.4) - https:\/\/yoast.com\/product\/yoast-seo-premium-wordpress\/ -->\n<title>Our Story &#8226; Equitable Medicaid and Clinical Research<\/title>\n<meta name=\"robots\" content=\"index, follow, max-snippet:-1, max-image-preview:large, max-video-preview:-1\" \/>\n<link rel=\"canonical\" href=\"http:\/\/emecr.org\/fr\/our-story\/\" \/>\n<meta property=\"og:locale\" content=\"fr_FR\" \/>\n<meta property=\"og:type\" content=\"article\" \/>\n<meta property=\"og:title\" content=\"Our Story\" \/>\n<meta property=\"og:description\" content=\"Etubi, Joy OJochogwu Founder Our Founding Story In Nigeria, accessing basic healthcare shouldn\u2019t be a privilege, but for many, it feels like an impossible dream. We\u2019ve witnessed this struggle firsthand [&hellip;]\" \/>\n<meta property=\"og:url\" content=\"http:\/\/emecr.org\/fr\/our-story\/\" \/>\n<meta property=\"og:site_name\" content=\"Equitable Medicaid and Clinical Research\" \/>\n<meta property=\"article:publisher\" content=\"https:\/\/www.facebook.com\/hq.emecr\" \/>\n<meta property=\"article:modified_time\" content=\"2025-12-08T23:51:15+00:00\" \/>\n<meta property=\"og:image\" content=\"https:\/\/emecr.org\/wp-content\/uploads\/2024\/02\/FounderJOY.png\" \/>\n\t<meta property=\"og:image:width\" content=\"1000\" \/>\n\t<meta property=\"og:image:height\" content=\"1326\" \/>\n\t<meta property=\"og:image:type\" content=\"image\/png\" \/>\n<meta name=\"twitter:card\" content=\"summary_large_image\" \/>\n<meta name=\"twitter:site\" content=\"@hq_emecr\" \/>\n<meta name=\"twitter:label1\" content=\"Dur\u00e9e de lecture estim\u00e9e\" \/>\n\t<meta name=\"twitter:data1\" content=\"2 minutes\" \/>\n<script type=\"application\/ld+json\" class=\"yoast-schema-graph\">{\"@context\":\"https:\\\/\\\/schema.org\",\"@graph\":[{\"@type\":\"WebPage\",\"@id\":\"http:\\\/\\\/emecr.org\\\/pt\\\/our-story\\\/\",\"url\":\"http:\\\/\\\/emecr.org\\\/pt\\\/our-story\\\/\",\"name\":\"Our Story &#8226; Equitable Medicaid and Clinical Research\",\"isPartOf\":{\"@id\":\"https:\\\/\\\/emecr.org\\\/#website\"},\"primaryImageOfPage\":{\"@id\":\"http:\\\/\\\/emecr.org\\\/pt\\\/our-story\\\/#primaryimage\"},\"image\":{\"@id\":\"http:\\\/\\\/emecr.org\\\/pt\\\/our-story\\\/#primaryimage\"},\"thumbnailUrl\":\"https:\\\/\\\/emecr.org\\\/wp-content\\\/uploads\\\/2024\\\/02\\\/FounderJOY.png\",\"datePublished\":\"2024-01-02T16:47:34+00:00\",\"dateModified\":\"2025-12-08T23:51:15+00:00\",\"breadcrumb\":{\"@id\":\"http:\\\/\\\/emecr.org\\\/pt\\\/our-story\\\/#breadcrumb\"},\"inLanguage\":\"fr-FR\",\"potentialAction\":[{\"@type\":\"ReadAction\",\"target\":[\"http:\\\/\\\/emecr.org\\\/pt\\\/our-story\\\/\"]}]},{\"@type\":\"ImageObject\",\"inLanguage\":\"fr-FR\",\"@id\":\"http:\\\/\\\/emecr.org\\\/pt\\\/our-story\\\/#primaryimage\",\"url\":\"https:\\\/\\\/emecr.org\\\/wp-content\\\/uploads\\\/2024\\\/02\\\/FounderJOY.png\",\"contentUrl\":\"https:\\\/\\\/emecr.org\\\/wp-content\\\/uploads\\\/2024\\\/02\\\/FounderJOY.png\"},{\"@type\":\"BreadcrumbList\",\"@id\":\"http:\\\/\\\/emecr.org\\\/pt\\\/our-story\\\/#breadcrumb\",\"itemListElement\":[{\"@type\":\"ListItem\",\"position\":1,\"name\":\"Home\",\"item\":\"https:\\\/\\\/emecr.org\\\/\"},{\"@type\":\"ListItem\",\"position\":2,\"name\":\"Our Story\"}]},{\"@type\":\"WebSite\",\"@id\":\"https:\\\/\\\/emecr.org\\\/#website\",\"url\":\"https:\\\/\\\/emecr.org\\\/\",\"name\":\"Equitable Medicaid and Clinical Research\",\"description\":\"Every Life Matters\",\"publisher\":{\"@id\":\"https:\\\/\\\/emecr.org\\\/#organization\"},\"alternateName\":\"EMCR\",\"potentialAction\":[{\"@type\":\"SearchAction\",\"target\":{\"@type\":\"EntryPoint\",\"urlTemplate\":\"https:\\\/\\\/emecr.org\\\/?s={search_term_string}\"},\"query-input\":{\"@type\":\"PropertyValueSpecification\",\"valueRequired\":true,\"valueName\":\"search_term_string\"}}],\"inLanguage\":\"fr-FR\"},{\"@type\":\"Organization\",\"@id\":\"https:\\\/\\\/emecr.org\\\/#organization\",\"name\":\"Equitable Medicaid and Clinical Research\",\"alternateName\":\"EMCR\",\"url\":\"https:\\\/\\\/emecr.org\\\/\",\"logo\":{\"@type\":\"ImageObject\",\"inLanguage\":\"fr-FR\",\"@id\":\"https:\\\/\\\/emecr.org\\\/#\\\/schema\\\/logo\\\/image\\\/\",\"url\":\"https:\\\/\\\/emecr.org\\\/wp-content\\\/uploads\\\/2025\\\/03\\\/logo.png\",\"contentUrl\":\"https:\\\/\\\/emecr.org\\\/wp-content\\\/uploads\\\/2025\\\/03\\\/logo.png\",\"width\":1500,\"height\":867,\"caption\":\"Equitable Medicaid and Clinical Research\"},\"image\":{\"@id\":\"https:\\\/\\\/emecr.org\\\/#\\\/schema\\\/logo\\\/image\\\/\"},\"sameAs\":[\"https:\\\/\\\/www.facebook.com\\\/hq.emecr\",\"https:\\\/\\\/x.com\\\/hq_emecr\",\"https:\\\/\\\/www.instagram.com\\\/hq.emcr\\\/\",\"https:\\\/\\\/linkedin.com\\\/company\\\/hq-emecr\",\"http:\\\/\\\/www.youtube.com\\\/@hq_emecr\",\"https:\\\/\\\/www.tiktok.com\\\/@hq_emcr\"],\"description\":\"Equitable Medicaid and Clinical Research is a women-led non-profit organization that focuses on providing equal access to healthcare for economically disadvantaged populations, especially in rural and underserved communities, regardless of background, income levels, or geographical location. Founded on the belief that everyone deserves equitable access to quality medical services, we strive to bridge the gap in healthcare disparities. Our technology-driven approach helps deepen access to primary healthcare in hard-to-reach and neglected regions. Clinical research is at the heart of our mission. We conduct studies that support the development of safe and effective medicines and treatments. Through these efforts, we work to improve public health and strengthen healthcare access for communities across Africa and around the world.\",\"email\":\"info@emecr.org\",\"telephone\":\"+234806-2491-386\",\"legalName\":\"Equitable Medicaid and Clinical Research Ltd\\\/Gte\",\"foundingDate\":\"2024-05-06\",\"numberOfEmployees\":{\"@type\":\"QuantitativeValue\",\"minValue\":\"51\",\"maxValue\":\"200\"}}]}<\/script>\n<!-- \/ Yoast SEO Premium plugin. -->","yoast_head_json":{"title":"Our Story &#8226; Equitable Medicaid and Clinical Research","robots":{"index":"index","follow":"follow","max-snippet":"max-snippet:-1","max-image-preview":"max-image-preview:large","max-video-preview":"max-video-preview:-1"},"canonical":"http:\/\/emecr.org\/fr\/our-story\/","og_locale":"fr_FR","og_type":"article","og_title":"Our Story","og_description":"Etubi, Joy OJochogwu Founder Our Founding Story In Nigeria, accessing basic healthcare shouldn\u2019t be a privilege, but for many, it feels like an impossible dream. We\u2019ve witnessed this struggle firsthand [&hellip;]","og_url":"http:\/\/emecr.org\/fr\/our-story\/","og_site_name":"Equitable Medicaid and Clinical Research","article_publisher":"https:\/\/www.facebook.com\/hq.emecr","article_modified_time":"2025-12-08T23:51:15+00:00","og_image":[{"width":1000,"height":1326,"url":"https:\/\/emecr.org\/wp-content\/uploads\/2024\/02\/FounderJOY.png","type":"image\/png"}],"twitter_card":"summary_large_image","twitter_site":"@hq_emecr","twitter_misc":{"Dur\u00e9e de lecture estim\u00e9e":"2 minutes"},"schema":{"@context":"https:\/\/schema.org","@graph":[{"@type":"WebPage","@id":"http:\/\/emecr.org\/pt\/our-story\/","url":"http:\/\/emecr.org\/pt\/our-story\/","name":"Our Story &#8226; Equitable Medicaid and Clinical Research","isPartOf":{"@id":"https:\/\/emecr.org\/#website"},"primaryImageOfPage":{"@id":"http:\/\/emecr.org\/pt\/our-story\/#primaryimage"},"image":{"@id":"http:\/\/emecr.org\/pt\/our-story\/#primaryimage"},"thumbnailUrl":"https:\/\/emecr.org\/wp-content\/uploads\/2024\/02\/FounderJOY.png","datePublished":"2024-01-02T16:47:34+00:00","dateModified":"2025-12-08T23:51:15+00:00","breadcrumb":{"@id":"http:\/\/emecr.org\/pt\/our-story\/#breadcrumb"},"inLanguage":"fr-FR","potentialAction":[{"@type":"ReadAction","target":["http:\/\/emecr.org\/pt\/our-story\/"]}]},{"@type":"ImageObject","inLanguage":"fr-FR","@id":"http:\/\/emecr.org\/pt\/our-story\/#primaryimage","url":"https:\/\/emecr.org\/wp-content\/uploads\/2024\/02\/FounderJOY.png","contentUrl":"https:\/\/emecr.org\/wp-content\/uploads\/2024\/02\/FounderJOY.png"},{"@type":"BreadcrumbList","@id":"http:\/\/emecr.org\/pt\/our-story\/#breadcrumb","itemListElement":[{"@type":"ListItem","position":1,"name":"Home","item":"https:\/\/emecr.org\/"},{"@type":"ListItem","position":2,"name":"Our Story"}]},{"@type":"WebSite","@id":"https:\/\/emecr.org\/#website","url":"https:\/\/emecr.org\/","name":"Medicaid \u00e9quitable et recherche clinique","description":"Chaque vie compte","publisher":{"@id":"https:\/\/emecr.org\/#organization"},"alternateName":"EMCR","potentialAction":[{"@type":"SearchAction","target":{"@type":"EntryPoint","urlTemplate":"https:\/\/emecr.org\/?s={search_term_string}"},"query-input":{"@type":"PropertyValueSpecification","valueRequired":true,"valueName":"search_term_string"}}],"inLanguage":"fr-FR"},{"@type":"Organization","@id":"https:\/\/emecr.org\/#organization","name":"Medicaid \u00e9quitable et recherche clinique","alternateName":"EMCR","url":"https:\/\/emecr.org\/","logo":{"@type":"ImageObject","inLanguage":"fr-FR","@id":"https:\/\/emecr.org\/#\/schema\/logo\/image\/","url":"https:\/\/emecr.org\/wp-content\/uploads\/2025\/03\/logo.png","contentUrl":"https:\/\/emecr.org\/wp-content\/uploads\/2025\/03\/logo.png","width":1500,"height":867,"caption":"Equitable Medicaid and Clinical Research"},"image":{"@id":"https:\/\/emecr.org\/#\/schema\/logo\/image\/"},"sameAs":["https:\/\/www.facebook.com\/hq.emecr","https:\/\/x.com\/hq_emecr","https:\/\/www.instagram.com\/hq.emcr\/","https:\/\/linkedin.com\/company\/hq-emecr","http:\/\/www.youtube.com\/@hq_emecr","https:\/\/www.tiktok.com\/@hq_emcr"],"description":"Equitable Medicaid and Clinical Research is a women-led non-profit organization that focuses on providing equal access to healthcare for economically disadvantaged populations, especially in rural and underserved communities, regardless of background, income levels, or geographical location. Founded on the belief that everyone deserves equitable access to quality medical services, we strive to bridge the gap in healthcare disparities. Our technology-driven approach helps deepen access to primary healthcare in hard-to-reach and neglected regions. Clinical research is at the heart of our mission. We conduct studies that support the development of safe and effective medicines and treatments. Through these efforts, we work to improve public health and strengthen healthcare access for communities across Africa and around the world.","email":"info@emecr.org","telephone":"+234806-2491-386","legalName":"Equitable Medicaid and Clinical Research Ltd\/Gte","foundingDate":"2024-05-06","numberOfEmployees":{"@type":"QuantitativeValue","minValue":"51","maxValue":"200"}}]}},"_links":{"self":[{"href":"https:\/\/emecr.org\/fr\/wp-json\/wp\/v2\/pages\/13488","targetHints":{"allow":["GET"]}}],"collection":[{"href":"https:\/\/emecr.org\/fr\/wp-json\/wp\/v2\/pages"}],"about":[{"href":"https:\/\/emecr.org\/fr\/wp-json\/wp\/v2\/types\/page"}],"author":[{"embeddable":true,"href":"https:\/\/emecr.org\/fr\/wp-json\/wp\/v2\/users\/1"}],"replies":[{"embeddable":true,"href":"https:\/\/emecr.org\/fr\/wp-json\/wp\/v2\/comments?post=13488"}],"version-history":[{"count":0,"href":"https:\/\/emecr.org\/fr\/wp-json\/wp\/v2\/pages\/13488\/revisions"}],"wp:attachment":[{"href":"https:\/\/emecr.org\/fr\/wp-json\/wp\/v2\/media?parent=13488"}],"curies":[{"name":"wp","href":"https:\/\/api.w.org\/{rel}","templated":true}]}}