{"id":28488,"date":"2024-06-12T10:29:31","date_gmt":"2024-06-12T10:29:31","guid":{"rendered":"https:\/\/emecr.org\/?page_id=28488"},"modified":"2024-08-25T11:15:12","modified_gmt":"2024-08-25T11:15:12","slug":"public-policy","status":"publish","type":"page","link":"https:\/\/emecr.org\/fr\/public-policy\/","title":{"rendered":"Politique publique"},"content":{"rendered":"<div data-elementor-type=\"wp-page\" data-elementor-id=\"28488\" class=\"elementor elementor-28488\" data-elementor-post-type=\"page\">\n\t\t\t\t<div class=\"elementor-element elementor-element-ea5e3e2 e-flex e-con-boxed e-con e-parent\" data-id=\"ea5e3e2\" data-element_type=\"container\" data-e-type=\"container\" data-settings=\"{&quot;background_background&quot;:&quot;classic&quot;,&quot;ekit_has_onepagescroll_dot&quot;:&quot;yes&quot;}\">\n\t\t\t\t\t<div class=\"e-con-inner\">\n\t\t<div class=\"elementor-element elementor-element-cfc5f5f e-con-full e-flex e-con e-child\" data-id=\"cfc5f5f\" data-element_type=\"container\" data-e-type=\"container\" data-settings=\"{&quot;ekit_has_onepagescroll_dot&quot;:&quot;yes&quot;}\">\n\t\t\t\t<div class=\"elementor-element elementor-element-1c13bfd elementor-widget elementor-widget-image\" data-id=\"1c13bfd\" data-element_type=\"widget\" data-e-type=\"widget\" data-settings=\"{&quot;ekit_we_effect_on&quot;:&quot;none&quot;}\" data-widget_type=\"image.default\">\n\t\t\t\t<div class=\"elementor-widget-container\">\n\t\t\t\t\t\t\t\t\t\t\t\t\t\t\t<img fetchpriority=\"high\" decoding=\"async\" width=\"1100\" height=\"825\" src=\"https:\/\/emecr.org\/wp-content\/uploads\/2024\/06\/give.png\" class=\"attachment-full size-full wp-image-28088\" alt=\"\" srcset=\"https:\/\/emecr.org\/wp-content\/uploads\/2024\/06\/give.png 1100w, https:\/\/emecr.org\/wp-content\/uploads\/2024\/06\/give-600x450.png 600w, https:\/\/emecr.org\/wp-content\/uploads\/2024\/06\/give-300x225.png 300w, https:\/\/emecr.org\/wp-content\/uploads\/2024\/06\/give-1024x768.png 1024w, https:\/\/emecr.org\/wp-content\/uploads\/2024\/06\/give-768x576.png 768w\" sizes=\"(max-width: 1100px) 100vw, 1100px\" \/>\t\t\t\t\t\t\t\t\t\t\t\t\t\t\t<\/div>\n\t\t\t\t<\/div>\n\t\t\t\t<\/div>\n\t\t<div class=\"elementor-element elementor-element-14808a2 e-con-full e-flex e-con e-child\" data-id=\"14808a2\" data-element_type=\"container\" data-e-type=\"container\" data-settings=\"{&quot;ekit_has_onepagescroll_dot&quot;:&quot;yes&quot;}\">\n\t\t\t\t<div class=\"elementor-element elementor-element-55df9bd elementor-widget__width-initial elementor-widget elementor-widget-elementskit-heading\" data-id=\"55df9bd\" data-element_type=\"widget\" data-e-type=\"widget\" data-settings=\"{&quot;ekit_we_effect_on&quot;:&quot;none&quot;}\" data-widget_type=\"elementskit-heading.default\">\n\t\t\t\t<div class=\"elementor-widget-container\">\n\t\t\t\t\t<div class=\"ekit-wid-con\" ><div class=\"ekit-heading elementskit-section-title-wraper    ekit_heading_tablet-   ekit_heading_mobile-\"><h2 class=\"ekit-heading--title elementskit-section-title\">Nos politiques publiques<\/h2>\t\t\t\t<div class='ekit-heading__description'>\n\t\t\t\t\t<p>Notre politique publique consiste en des lois, des r\u00e8glements et des lignes directrices qui r\u00e9gissent notre organisation et influencent la prestation des services de sant\u00e9.<\/p>\n<p>Ces politiques garantissent l'acc\u00e8s, l'\u00e9quit\u00e9, la qualit\u00e9 et la s\u00e9curit\u00e9 de nos services de sant\u00e9, refl\u00e9tant ainsi notre engagement en faveur de l'excellence et du bien-\u00eatre des patients.<\/p>\n<p>Nous pensons que chaque personne en Afrique m\u00e9rite d'avoir acc\u00e8s \u00e0 des soins de sant\u00e9 de qualit\u00e9, quels que soient son origine, sa situation financi\u00e8re ou sa localisation g\u00e9ographique.<\/p>\n\t\t\t\t<\/div>\n\t\t\t<\/div><\/div>\t\t\t\t<\/div>\n\t\t\t\t<\/div>\n\t\t\t\t<div class=\"elementor-element elementor-element-459bcf1 elementor-align-left elementor-widget elementor-widget-elementskit-button\" data-id=\"459bcf1\" data-element_type=\"widget\" data-e-type=\"widget\" data-settings=\"{&quot;ekit_we_effect_on&quot;:&quot;none&quot;}\" data-widget_type=\"elementskit-button.default\">\n\t\t\t\t<div class=\"elementor-widget-container\">\n\t\t\t\t\t<div class=\"ekit-wid-con\" >\t\t<div class=\"ekit-btn-wraper\">\n\t\t\t\t\t\t\t<a href=\"#\" class=\"elementskit-btn  whitespace--normal\" id=\"\">\n\t\t\t\t\t<i class=\"far fa-file-pdf\"><\/i>T\u00c9L\u00c9CHARGER\t\t\t\t<\/a>\n\t\t\t\t\t<\/div>\n        <\/div>\t\t\t\t<\/div>\n\t\t\t\t<\/div>\n\t\t\t\t<\/div>\n\t\t\t\t\t<\/div>\n\t\t\t\t<\/div>\n\t\t\t\t<\/div>","protected":false},"excerpt":{"rendered":"<p>Our Public Policies Our public policy consists of laws, regulations, and guidelines that govern our organization, shaping healthcare service delivery. These policies ensure access, equity, quality, and safety in our [&hellip;]<\/p>\n","protected":false},"author":1,"featured_media":0,"parent":0,"menu_order":0,"comment_status":"closed","ping_status":"closed","template":"elementor_header_footer","meta":{"rs_blank_template":"","rs_page_bg_color":"","slide_template_v7":"","footnotes":""},"class_list":["post-28488","page","type-page","status-publish","hentry"],"yoast_head":"<!-- This site is optimized with the Yoast SEO Premium plugin v27.1 (Yoast SEO v27.5) - https:\/\/yoast.com\/product\/yoast-seo-premium-wordpress\/ -->\n<title>Public Policy &#8226; Equitable Medicaid and Clinical Research<\/title>\n<meta name=\"robots\" content=\"index, follow, max-snippet:-1, max-image-preview:large, max-video-preview:-1\" \/>\n<link rel=\"canonical\" href=\"https:\/\/emecr.org\/fr\/public-policy\/\" \/>\n<meta property=\"og:locale\" content=\"fr_FR\" \/>\n<meta property=\"og:type\" content=\"article\" \/>\n<meta property=\"og:title\" content=\"Public Policy\" \/>\n<meta property=\"og:description\" content=\"Our Public Policies Our public policy consists of laws, regulations, and guidelines that govern our organization, shaping healthcare service delivery. These policies ensure access, equity, quality, and safety in our [&hellip;]\" \/>\n<meta property=\"og:url\" content=\"https:\/\/emecr.org\/fr\/public-policy\/\" \/>\n<meta property=\"og:site_name\" content=\"Equitable Medicaid and Clinical Research\" \/>\n<meta property=\"article:publisher\" content=\"https:\/\/www.facebook.com\/hq.emecr\" \/>\n<meta property=\"article:modified_time\" content=\"2024-08-25T11:15:12+00:00\" \/>\n<meta property=\"og:image\" content=\"https:\/\/emecr.org\/wp-content\/uploads\/2024\/06\/give.png\" \/>\n\t<meta property=\"og:image:width\" content=\"1100\" \/>\n\t<meta property=\"og:image:height\" content=\"825\" \/>\n\t<meta property=\"og:image:type\" content=\"image\/png\" \/>\n<meta name=\"twitter:card\" content=\"summary_large_image\" \/>\n<meta name=\"twitter:site\" content=\"@hq_emecr\" \/>\n<script type=\"application\/ld+json\" class=\"yoast-schema-graph\">{\"@context\":\"https:\\\/\\\/schema.org\",\"@graph\":[{\"@type\":\"WebPage\",\"@id\":\"https:\\\/\\\/emecr.org\\\/public-policy\\\/\",\"url\":\"https:\\\/\\\/emecr.org\\\/public-policy\\\/\",\"name\":\"Public Policy &#8226; Equitable Medicaid and Clinical Research\",\"isPartOf\":{\"@id\":\"https:\\\/\\\/emecr.org\\\/#website\"},\"primaryImageOfPage\":{\"@id\":\"https:\\\/\\\/emecr.org\\\/public-policy\\\/#primaryimage\"},\"image\":{\"@id\":\"https:\\\/\\\/emecr.org\\\/public-policy\\\/#primaryimage\"},\"thumbnailUrl\":\"https:\\\/\\\/emecr.org\\\/wp-content\\\/uploads\\\/2024\\\/06\\\/give.png\",\"datePublished\":\"2024-06-12T10:29:31+00:00\",\"dateModified\":\"2024-08-25T11:15:12+00:00\",\"breadcrumb\":{\"@id\":\"https:\\\/\\\/emecr.org\\\/public-policy\\\/#breadcrumb\"},\"inLanguage\":\"fr-FR\",\"potentialAction\":[{\"@type\":\"ReadAction\",\"target\":[\"https:\\\/\\\/emecr.org\\\/public-policy\\\/\"]}]},{\"@type\":\"ImageObject\",\"inLanguage\":\"fr-FR\",\"@id\":\"https:\\\/\\\/emecr.org\\\/public-policy\\\/#primaryimage\",\"url\":\"https:\\\/\\\/emecr.org\\\/wp-content\\\/uploads\\\/2024\\\/06\\\/give.png\",\"contentUrl\":\"https:\\\/\\\/emecr.org\\\/wp-content\\\/uploads\\\/2024\\\/06\\\/give.png\"},{\"@type\":\"BreadcrumbList\",\"@id\":\"https:\\\/\\\/emecr.org\\\/public-policy\\\/#breadcrumb\",\"itemListElement\":[{\"@type\":\"ListItem\",\"position\":1,\"name\":\"Home\",\"item\":\"https:\\\/\\\/emecr.org\\\/\"},{\"@type\":\"ListItem\",\"position\":2,\"name\":\"Public Policy\"}]},{\"@type\":\"WebSite\",\"@id\":\"https:\\\/\\\/emecr.org\\\/#website\",\"url\":\"https:\\\/\\\/emecr.org\\\/\",\"name\":\"Equitable Medicaid and Clinical Research\",\"description\":\"Every Life Matters\",\"publisher\":{\"@id\":\"https:\\\/\\\/emecr.org\\\/#organization\"},\"alternateName\":\"EMCR\",\"potentialAction\":[{\"@type\":\"SearchAction\",\"target\":{\"@type\":\"EntryPoint\",\"urlTemplate\":\"https:\\\/\\\/emecr.org\\\/?s={search_term_string}\"},\"query-input\":{\"@type\":\"PropertyValueSpecification\",\"valueRequired\":true,\"valueName\":\"search_term_string\"}}],\"inLanguage\":\"fr-FR\"},{\"@type\":\"Organization\",\"@id\":\"https:\\\/\\\/emecr.org\\\/#organization\",\"name\":\"Equitable Medicaid and Clinical Research\",\"alternateName\":\"EMCR\",\"url\":\"https:\\\/\\\/emecr.org\\\/\",\"logo\":{\"@type\":\"ImageObject\",\"inLanguage\":\"fr-FR\",\"@id\":\"https:\\\/\\\/emecr.org\\\/#\\\/schema\\\/logo\\\/image\\\/\",\"url\":\"https:\\\/\\\/emecr.org\\\/wp-content\\\/uploads\\\/2025\\\/03\\\/logo.png\",\"contentUrl\":\"https:\\\/\\\/emecr.org\\\/wp-content\\\/uploads\\\/2025\\\/03\\\/logo.png\",\"width\":1500,\"height\":867,\"caption\":\"Equitable Medicaid and Clinical Research\"},\"image\":{\"@id\":\"https:\\\/\\\/emecr.org\\\/#\\\/schema\\\/logo\\\/image\\\/\"},\"sameAs\":[\"https:\\\/\\\/www.facebook.com\\\/hq.emecr\",\"https:\\\/\\\/x.com\\\/hq_emecr\",\"https:\\\/\\\/www.instagram.com\\\/hq.emcr\\\/\",\"https:\\\/\\\/linkedin.com\\\/company\\\/hq-emecr\",\"http:\\\/\\\/www.youtube.com\\\/@hq_emecr\",\"https:\\\/\\\/www.tiktok.com\\\/@hq_emcr\"],\"description\":\"Equitable Medicaid and Clinical Research is a women-led non-profit organization that focuses on providing equal access to healthcare for economically disadvantaged populations, especially in rural and underserved communities, regardless of background, income levels, or geographical location. Founded on the belief that everyone deserves equitable access to quality medical services, we strive to bridge the gap in healthcare disparities. Our technology-driven approach helps deepen access to primary healthcare in hard-to-reach and neglected regions. Clinical research is at the heart of our mission. We conduct studies that support the development of safe and effective medicines and treatments. Through these efforts, we work to improve public health and strengthen healthcare access for communities across Africa and around the world.\",\"email\":\"info@emecr.org\",\"telephone\":\"+234806-2491-386\",\"legalName\":\"Equitable Medicaid and Clinical Research Ltd\\\/Gte\",\"foundingDate\":\"2024-05-06\",\"numberOfEmployees\":{\"@type\":\"QuantitativeValue\",\"minValue\":\"51\",\"maxValue\":\"200\"}}]}<\/script>\n<!-- \/ Yoast SEO Premium plugin. -->","yoast_head_json":{"title":"Public Policy &#8226; Equitable Medicaid and Clinical Research","robots":{"index":"index","follow":"follow","max-snippet":"max-snippet:-1","max-image-preview":"max-image-preview:large","max-video-preview":"max-video-preview:-1"},"canonical":"https:\/\/emecr.org\/fr\/public-policy\/","og_locale":"fr_FR","og_type":"article","og_title":"Public Policy","og_description":"Our Public Policies Our public policy consists of laws, regulations, and guidelines that govern our organization, shaping healthcare service delivery. These policies ensure access, equity, quality, and safety in our [&hellip;]","og_url":"https:\/\/emecr.org\/fr\/public-policy\/","og_site_name":"Equitable Medicaid and Clinical Research","article_publisher":"https:\/\/www.facebook.com\/hq.emecr","article_modified_time":"2024-08-25T11:15:12+00:00","og_image":[{"width":1100,"height":825,"url":"https:\/\/emecr.org\/wp-content\/uploads\/2024\/06\/give.png","type":"image\/png"}],"twitter_card":"summary_large_image","twitter_site":"@hq_emecr","schema":{"@context":"https:\/\/schema.org","@graph":[{"@type":"WebPage","@id":"https:\/\/emecr.org\/public-policy\/","url":"https:\/\/emecr.org\/public-policy\/","name":"Public Policy &#8226; Equitable Medicaid and Clinical Research","isPartOf":{"@id":"https:\/\/emecr.org\/#website"},"primaryImageOfPage":{"@id":"https:\/\/emecr.org\/public-policy\/#primaryimage"},"image":{"@id":"https:\/\/emecr.org\/public-policy\/#primaryimage"},"thumbnailUrl":"https:\/\/emecr.org\/wp-content\/uploads\/2024\/06\/give.png","datePublished":"2024-06-12T10:29:31+00:00","dateModified":"2024-08-25T11:15:12+00:00","breadcrumb":{"@id":"https:\/\/emecr.org\/public-policy\/#breadcrumb"},"inLanguage":"fr-FR","potentialAction":[{"@type":"ReadAction","target":["https:\/\/emecr.org\/public-policy\/"]}]},{"@type":"ImageObject","inLanguage":"fr-FR","@id":"https:\/\/emecr.org\/public-policy\/#primaryimage","url":"https:\/\/emecr.org\/wp-content\/uploads\/2024\/06\/give.png","contentUrl":"https:\/\/emecr.org\/wp-content\/uploads\/2024\/06\/give.png"},{"@type":"BreadcrumbList","@id":"https:\/\/emecr.org\/public-policy\/#breadcrumb","itemListElement":[{"@type":"ListItem","position":1,"name":"Home","item":"https:\/\/emecr.org\/"},{"@type":"ListItem","position":2,"name":"Public Policy"}]},{"@type":"WebSite","@id":"https:\/\/emecr.org\/#website","url":"https:\/\/emecr.org\/","name":"Medicaid \u00e9quitable et recherche clinique","description":"Chaque vie compte","publisher":{"@id":"https:\/\/emecr.org\/#organization"},"alternateName":"EMCR","potentialAction":[{"@type":"SearchAction","target":{"@type":"EntryPoint","urlTemplate":"https:\/\/emecr.org\/?s={search_term_string}"},"query-input":{"@type":"PropertyValueSpecification","valueRequired":true,"valueName":"search_term_string"}}],"inLanguage":"fr-FR"},{"@type":"Organization","@id":"https:\/\/emecr.org\/#organization","name":"Medicaid \u00e9quitable et recherche clinique","alternateName":"EMCR","url":"https:\/\/emecr.org\/","logo":{"@type":"ImageObject","inLanguage":"fr-FR","@id":"https:\/\/emecr.org\/#\/schema\/logo\/image\/","url":"https:\/\/emecr.org\/wp-content\/uploads\/2025\/03\/logo.png","contentUrl":"https:\/\/emecr.org\/wp-content\/uploads\/2025\/03\/logo.png","width":1500,"height":867,"caption":"Equitable Medicaid and Clinical Research"},"image":{"@id":"https:\/\/emecr.org\/#\/schema\/logo\/image\/"},"sameAs":["https:\/\/www.facebook.com\/hq.emecr","https:\/\/x.com\/hq_emecr","https:\/\/www.instagram.com\/hq.emcr\/","https:\/\/linkedin.com\/company\/hq-emecr","http:\/\/www.youtube.com\/@hq_emecr","https:\/\/www.tiktok.com\/@hq_emcr"],"description":"Equitable Medicaid and Clinical Research is a women-led non-profit organization that focuses on providing equal access to healthcare for economically disadvantaged populations, especially in rural and underserved communities, regardless of background, income levels, or geographical location. Founded on the belief that everyone deserves equitable access to quality medical services, we strive to bridge the gap in healthcare disparities. Our technology-driven approach helps deepen access to primary healthcare in hard-to-reach and neglected regions. Clinical research is at the heart of our mission. We conduct studies that support the development of safe and effective medicines and treatments. Through these efforts, we work to improve public health and strengthen healthcare access for communities across Africa and around the world.","email":"info@emecr.org","telephone":"+234806-2491-386","legalName":"Equitable Medicaid and Clinical Research Ltd\/Gte","foundingDate":"2024-05-06","numberOfEmployees":{"@type":"QuantitativeValue","minValue":"51","maxValue":"200"}}]}},"_links":{"self":[{"href":"https:\/\/emecr.org\/fr\/wp-json\/wp\/v2\/pages\/28488","targetHints":{"allow":["GET"]}}],"collection":[{"href":"https:\/\/emecr.org\/fr\/wp-json\/wp\/v2\/pages"}],"about":[{"href":"https:\/\/emecr.org\/fr\/wp-json\/wp\/v2\/types\/page"}],"author":[{"embeddable":true,"href":"https:\/\/emecr.org\/fr\/wp-json\/wp\/v2\/users\/1"}],"replies":[{"embeddable":true,"href":"https:\/\/emecr.org\/fr\/wp-json\/wp\/v2\/comments?post=28488"}],"version-history":[{"count":0,"href":"https:\/\/emecr.org\/fr\/wp-json\/wp\/v2\/pages\/28488\/revisions"}],"wp:attachment":[{"href":"https:\/\/emecr.org\/fr\/wp-json\/wp\/v2\/media?parent=28488"}],"curies":[{"name":"wp","href":"https:\/\/api.w.org\/{rel}","templated":true}]}}