{"id":11339,"date":"2023-12-10T23:26:06","date_gmt":"2023-12-10T23:26:06","guid":{"rendered":"https:\/\/emecr.org\/?page_id=11339"},"modified":"2026-02-10T10:29:36","modified_gmt":"2026-02-10T10:29:36","slug":"annual-reports-and-financials","status":"publish","type":"page","link":"https:\/\/emecr.org\/it\/annual-reports-and-financials\/","title":{"rendered":"Rapporti annuali e bilanci"},"content":{"rendered":"<div data-elementor-type=\"wp-page\" data-elementor-id=\"11339\" class=\"elementor elementor-11339\" data-elementor-post-type=\"page\">\n\t\t\t\t\t\t<section class=\"elementor-section elementor-top-section elementor-element elementor-element-7ca5440 elementor-section-content-top elementor-section-boxed elementor-section-height-default elementor-section-height-default\" data-id=\"7ca5440\" data-element_type=\"section\" data-e-type=\"section\" data-settings=\"{&quot;ekit_has_onepagescroll_dot&quot;:&quot;yes&quot;}\">\n\t\t\t\t\t\t<div class=\"elementor-container elementor-column-gap-default\">\n\t\t\t\t\t<div class=\"elementor-column elementor-col-50 elementor-top-column elementor-element elementor-element-2b4d1dd\" data-id=\"2b4d1dd\" data-element_type=\"column\" data-e-type=\"column\">\n\t\t\t<div class=\"elementor-widget-wrap elementor-element-populated\">\n\t\t\t\t\t\t<div class=\"elementor-element elementor-element-52c481d elementor-widget elementor-widget-image\" data-id=\"52c481d\" data-element_type=\"widget\" data-e-type=\"widget\" data-settings=\"{&quot;ekit_we_effect_on&quot;:&quot;none&quot;}\" data-widget_type=\"image.default\">\n\t\t\t\t<div class=\"elementor-widget-container\">\n\t\t\t\t\t\t\t\t\t\t\t\t\t\t\t<img fetchpriority=\"high\" decoding=\"async\" width=\"750\" height=\"518\" src=\"https:\/\/emecr.org\/wp-content\/uploads\/2024\/04\/faqs.jpg\" class=\"attachment-full size-full wp-image-24544\" alt=\"\" srcset=\"https:\/\/emecr.org\/wp-content\/uploads\/2024\/04\/faqs.jpg 750w, https:\/\/emecr.org\/wp-content\/uploads\/2024\/04\/faqs-600x414.jpg 600w, https:\/\/emecr.org\/wp-content\/uploads\/2024\/04\/faqs-300x207.jpg 300w\" sizes=\"(max-width: 750px) 100vw, 750px\" \/>\t\t\t\t\t\t\t\t\t\t\t\t\t\t\t<\/div>\n\t\t\t\t<\/div>\n\t\t\t\t<div class=\"elementor-element elementor-element-1baa4c8 elementor-widget__width-auto elementor-widget elementor-widget-elementskit-heading\" data-id=\"1baa4c8\" data-element_type=\"widget\" data-e-type=\"widget\" data-settings=\"{&quot;ekit_we_effect_on&quot;:&quot;none&quot;}\" data-widget_type=\"elementskit-heading.default\">\n\t\t\t\t<div class=\"elementor-widget-container\">\n\t\t\t\t\t<div class=\"ekit-wid-con\" ><div class=\"ekit-heading elementskit-section-title-wraper text_left   ekit_heading_tablet-   ekit_heading_mobile- ekit-heading__title-in-left\">\t\t\t\t<div class='ekit-heading__title-wrapper'>\n\t\t\t<h3 class=\"ekit-heading--title elementskit-section-title\">11<\/h3>\t\t\t\t<\/div>\n\t\t\t\t<div class='ekit-heading__content-wrapper'>\n\t\t\t\t\t\t\t<div class='ekit-heading__description'>\n\t\t\t\t\t<p>Anni<br \/>Competenza<\/p>\n\t\t\t\t<\/div>\n\t\t\t\t\t\t\t<\/div>\n\t\t\t<\/div><\/div>\t\t\t\t<\/div>\n\t\t\t\t<\/div>\n\t\t\t\t\t<\/div>\n\t\t<\/div>\n\t\t\t\t<div class=\"elementor-column elementor-col-50 elementor-top-column elementor-element elementor-element-b1d30e9\" data-id=\"b1d30e9\" data-element_type=\"column\" data-e-type=\"column\">\n\t\t\t<div class=\"elementor-widget-wrap elementor-element-populated\">\n\t\t\t\t\t\t<div class=\"elementor-element elementor-element-d6d501d elementor-widget elementor-widget-elementskit-heading\" data-id=\"d6d501d\" data-element_type=\"widget\" data-e-type=\"widget\" data-settings=\"{&quot;ekit_we_effect_on&quot;:&quot;none&quot;}\" data-widget_type=\"elementskit-heading.default\">\n\t\t\t\t<div class=\"elementor-widget-container\">\n\t\t\t\t\t<div class=\"ekit-wid-con\" ><div class=\"ekit-heading elementskit-section-title-wraper text_left   ekit_heading_tablet-   ekit_heading_mobile-\"><h2 class=\"ekit-heading--title elementskit-section-title\">Rapporti annuali e bilanci<\/h2>\t\t\t\t<div class='ekit-heading__description'>\n\t\t\t\t\t<p>La trasparenza e la responsabilit\u00e0 non sono solo valori che sosteniamo, ma sono fondamentali per la nostra credibilit\u00e0, affidabilit\u00e0 ed efficacia come organizzazione.<\/p>\n\t\t\t\t<\/div>\n\t\t\t<\/div><\/div>\t\t\t\t<\/div>\n\t\t\t\t<\/div>\n\t\t\t\t<div class=\"elementor-element elementor-element-705639d elementor-align-start elementor-widget__width-auto elementor-icon-list--layout-traditional elementor-list-item-link-full_width elementor-widget elementor-widget-icon-list\" data-id=\"705639d\" data-element_type=\"widget\" data-e-type=\"widget\" data-settings=\"{&quot;ekit_we_effect_on&quot;:&quot;none&quot;}\" data-widget_type=\"icon-list.default\">\n\t\t\t\t<div class=\"elementor-widget-container\">\n\t\t\t\t\t\t\t<ul class=\"elementor-icon-list-items\">\n\t\t\t\t\t\t\t<li class=\"elementor-icon-list-item\">\n\t\t\t\t\t\t\t\t\t\t\t<span class=\"elementor-icon-list-icon\">\n\t\t\t\t\t\t\t<i aria-hidden=\"true\" class=\"fas fa-check-circle\"><\/i>\t\t\t\t\t\t<\/span>\n\t\t\t\t\t\t\t\t\t\t<span class=\"elementor-icon-list-text\">Audit del conto esterno<\/span>\n\t\t\t\t\t\t\t\t\t<\/li>\n\t\t\t\t\t\t\t\t<li class=\"elementor-icon-list-item\">\n\t\t\t\t\t\t\t\t\t\t\t<span class=\"elementor-icon-list-icon\">\n\t\t\t\t\t\t\t<i aria-hidden=\"true\" class=\"fas fa-check-circle\"><\/i>\t\t\t\t\t\t<\/span>\n\t\t\t\t\t\t\t\t\t\t<span class=\"elementor-icon-list-text\">Pratiche contabili etiche<\/span>\n\t\t\t\t\t\t\t\t\t<\/li>\n\t\t\t\t\t\t<\/ul>\n\t\t\t\t\t\t<\/div>\n\t\t\t\t<\/div>\n\t\t\t\t<div class=\"elementor-element elementor-element-893cb08 elementor-align-start elementor-widget__width-auto elementor-icon-list--layout-traditional elementor-list-item-link-full_width elementor-widget elementor-widget-icon-list\" data-id=\"893cb08\" data-element_type=\"widget\" data-e-type=\"widget\" data-settings=\"{&quot;ekit_we_effect_on&quot;:&quot;none&quot;}\" data-widget_type=\"icon-list.default\">\n\t\t\t\t<div class=\"elementor-widget-container\">\n\t\t\t\t\t\t\t<ul class=\"elementor-icon-list-items\">\n\t\t\t\t\t\t\t<li class=\"elementor-icon-list-item\">\n\t\t\t\t\t\t\t\t\t\t\t<span class=\"elementor-icon-list-icon\">\n\t\t\t\t\t\t\t<i aria-hidden=\"true\" class=\"fas fa-check-circle\"><\/i>\t\t\t\t\t\t<\/span>\n\t\t\t\t\t\t\t\t\t\t<span class=\"elementor-icon-list-text\">Tenuta diligente dei registri<\/span>\n\t\t\t\t\t\t\t\t\t<\/li>\n\t\t\t\t\t\t\t\t<li class=\"elementor-icon-list-item\">\n\t\t\t\t\t\t\t\t\t\t\t<span class=\"elementor-icon-list-icon\">\n\t\t\t\t\t\t\t<i aria-hidden=\"true\" class=\"fas fa-check-circle\"><\/i>\t\t\t\t\t\t<\/span>\n\t\t\t\t\t\t\t\t\t\t<span class=\"elementor-icon-list-text\">Gestione del budget<\/span>\n\t\t\t\t\t\t\t\t\t<\/li>\n\t\t\t\t\t\t<\/ul>\n\t\t\t\t\t\t<\/div>\n\t\t\t\t<\/div>\n\t\t\t\t<div class=\"elementor-element elementor-element-0b612d3 elementor-widget-divider--view-line elementor-widget elementor-widget-divider\" data-id=\"0b612d3\" data-element_type=\"widget\" data-e-type=\"widget\" data-settings=\"{&quot;ekit_we_effect_on&quot;:&quot;none&quot;}\" data-widget_type=\"divider.default\">\n\t\t\t\t<div class=\"elementor-widget-container\">\n\t\t\t\t\t\t\t<div class=\"elementor-divider\">\n\t\t\t<span class=\"elementor-divider-separator\">\n\t\t\t\t\t\t<\/span>\n\t\t<\/div>\n\t\t\t\t\t\t<\/div>\n\t\t\t\t<\/div>\n\t\t\t\t<div class=\"elementor-element elementor-element-cc78837 elementor-align-left elementor-widget elementor-widget-elementskit-button\" data-id=\"cc78837\" data-element_type=\"widget\" data-e-type=\"widget\" data-settings=\"{&quot;ekit_we_effect_on&quot;:&quot;none&quot;}\" data-widget_type=\"elementskit-button.default\">\n\t\t\t\t<div class=\"elementor-widget-container\">\n\t\t\t\t\t<div class=\"ekit-wid-con\" >\t\t<div class=\"ekit-btn-wraper\">\n\t\t\t\t\t\t\t<a href=\"https:\/\/emecr.org\/it\/downloads-annual-reports-financials\/\" class=\"elementskit-btn  whitespace--normal\" id=\"\">\n\t\t\t\t\t<i class=\"fas fa-external-link-square-alt\"><\/i>DOWNLOADS\t\t\t\t<\/a>\n\t\t\t\t\t<\/div>\n        <\/div>\t\t\t\t<\/div>\n\t\t\t\t<\/div>\n\t\t\t\t\t<\/div>\n\t\t<\/div>\n\t\t\t\t\t<\/div>\n\t\t<\/section>\n\t\t\t\t<\/div>","protected":false},"excerpt":{"rendered":"<p>11 YearsExpertise Annual Reports and Financials Transparency and accountability are not just values we uphold; they are fundamental to our credibility, trustworthiness, and effectiveness as an organization. External Account Audit [&hellip;]<\/p>\n","protected":false},"author":1,"featured_media":0,"parent":0,"menu_order":0,"comment_status":"closed","ping_status":"closed","template":"elementor_header_footer","meta":{"rs_blank_template":"","rs_page_bg_color":"","slide_template_v7":"","footnotes":""},"class_list":["post-11339","page","type-page","status-publish","hentry"],"yoast_head":"<!-- This site is optimized with the Yoast SEO Premium plugin v27.1 (Yoast SEO v27.4) - https:\/\/yoast.com\/product\/yoast-seo-premium-wordpress\/ -->\n<title>Annual Reports and Financials &#8226; Equitable Medicaid and Clinical Research<\/title>\n<meta name=\"robots\" content=\"index, follow, max-snippet:-1, max-image-preview:large, max-video-preview:-1\" \/>\n<link rel=\"canonical\" href=\"https:\/\/emecr.org\/it\/annual-reports-and-financials\/\" \/>\n<meta property=\"og:locale\" content=\"it_IT\" \/>\n<meta property=\"og:type\" content=\"article\" \/>\n<meta property=\"og:title\" content=\"Annual Reports and Financials\" \/>\n<meta property=\"og:description\" content=\"11 YearsExpertise Annual Reports and Financials Transparency and accountability are not just values we uphold; they are fundamental to our credibility, trustworthiness, and effectiveness as an organization. External Account Audit [&hellip;]\" \/>\n<meta property=\"og:url\" content=\"https:\/\/emecr.org\/it\/annual-reports-and-financials\/\" \/>\n<meta property=\"og:site_name\" content=\"Equitable Medicaid and Clinical Research\" \/>\n<meta property=\"article:publisher\" content=\"https:\/\/www.facebook.com\/hq.emecr\" \/>\n<meta property=\"article:modified_time\" content=\"2026-02-10T10:29:36+00:00\" \/>\n<meta property=\"og:image\" content=\"https:\/\/emecr.org\/wp-content\/uploads\/2024\/04\/faqs.jpg\" \/>\n\t<meta property=\"og:image:width\" content=\"750\" \/>\n\t<meta property=\"og:image:height\" content=\"518\" \/>\n\t<meta property=\"og:image:type\" content=\"image\/jpeg\" \/>\n<meta name=\"twitter:card\" content=\"summary_large_image\" \/>\n<meta name=\"twitter:site\" content=\"@hq_emecr\" \/>\n<script type=\"application\/ld+json\" class=\"yoast-schema-graph\">{\"@context\":\"https:\\\/\\\/schema.org\",\"@graph\":[{\"@type\":\"WebPage\",\"@id\":\"https:\\\/\\\/emecr.org\\\/annual-reports-and-financials\\\/\",\"url\":\"https:\\\/\\\/emecr.org\\\/annual-reports-and-financials\\\/\",\"name\":\"Annual Reports and Financials &#8226; Equitable Medicaid and Clinical Research\",\"isPartOf\":{\"@id\":\"https:\\\/\\\/emecr.org\\\/#website\"},\"primaryImageOfPage\":{\"@id\":\"https:\\\/\\\/emecr.org\\\/annual-reports-and-financials\\\/#primaryimage\"},\"image\":{\"@id\":\"https:\\\/\\\/emecr.org\\\/annual-reports-and-financials\\\/#primaryimage\"},\"thumbnailUrl\":\"https:\\\/\\\/emecr.org\\\/wp-content\\\/uploads\\\/2024\\\/04\\\/faqs.jpg\",\"datePublished\":\"2023-12-10T23:26:06+00:00\",\"dateModified\":\"2026-02-10T10:29:36+00:00\",\"breadcrumb\":{\"@id\":\"https:\\\/\\\/emecr.org\\\/annual-reports-and-financials\\\/#breadcrumb\"},\"inLanguage\":\"it-IT\",\"potentialAction\":[{\"@type\":\"ReadAction\",\"target\":[\"https:\\\/\\\/emecr.org\\\/annual-reports-and-financials\\\/\"]}]},{\"@type\":\"ImageObject\",\"inLanguage\":\"it-IT\",\"@id\":\"https:\\\/\\\/emecr.org\\\/annual-reports-and-financials\\\/#primaryimage\",\"url\":\"https:\\\/\\\/emecr.org\\\/wp-content\\\/uploads\\\/2024\\\/04\\\/faqs.jpg\",\"contentUrl\":\"https:\\\/\\\/emecr.org\\\/wp-content\\\/uploads\\\/2024\\\/04\\\/faqs.jpg\"},{\"@type\":\"BreadcrumbList\",\"@id\":\"https:\\\/\\\/emecr.org\\\/annual-reports-and-financials\\\/#breadcrumb\",\"itemListElement\":[{\"@type\":\"ListItem\",\"position\":1,\"name\":\"Home\",\"item\":\"https:\\\/\\\/emecr.org\\\/\"},{\"@type\":\"ListItem\",\"position\":2,\"name\":\"Annual Reports and Financials\"}]},{\"@type\":\"WebSite\",\"@id\":\"https:\\\/\\\/emecr.org\\\/#website\",\"url\":\"https:\\\/\\\/emecr.org\\\/\",\"name\":\"Equitable Medicaid and Clinical Research\",\"description\":\"Every Life Matters\",\"publisher\":{\"@id\":\"https:\\\/\\\/emecr.org\\\/#organization\"},\"alternateName\":\"EMCR\",\"potentialAction\":[{\"@type\":\"SearchAction\",\"target\":{\"@type\":\"EntryPoint\",\"urlTemplate\":\"https:\\\/\\\/emecr.org\\\/?s={search_term_string}\"},\"query-input\":{\"@type\":\"PropertyValueSpecification\",\"valueRequired\":true,\"valueName\":\"search_term_string\"}}],\"inLanguage\":\"it-IT\"},{\"@type\":\"Organization\",\"@id\":\"https:\\\/\\\/emecr.org\\\/#organization\",\"name\":\"Equitable Medicaid and Clinical Research\",\"alternateName\":\"EMCR\",\"url\":\"https:\\\/\\\/emecr.org\\\/\",\"logo\":{\"@type\":\"ImageObject\",\"inLanguage\":\"it-IT\",\"@id\":\"https:\\\/\\\/emecr.org\\\/#\\\/schema\\\/logo\\\/image\\\/\",\"url\":\"https:\\\/\\\/emecr.org\\\/wp-content\\\/uploads\\\/2025\\\/03\\\/logo.png\",\"contentUrl\":\"https:\\\/\\\/emecr.org\\\/wp-content\\\/uploads\\\/2025\\\/03\\\/logo.png\",\"width\":1500,\"height\":867,\"caption\":\"Equitable Medicaid and Clinical Research\"},\"image\":{\"@id\":\"https:\\\/\\\/emecr.org\\\/#\\\/schema\\\/logo\\\/image\\\/\"},\"sameAs\":[\"https:\\\/\\\/www.facebook.com\\\/hq.emecr\",\"https:\\\/\\\/x.com\\\/hq_emecr\",\"https:\\\/\\\/www.instagram.com\\\/hq.emcr\\\/\",\"https:\\\/\\\/linkedin.com\\\/company\\\/hq-emecr\",\"http:\\\/\\\/www.youtube.com\\\/@hq_emecr\",\"https:\\\/\\\/www.tiktok.com\\\/@hq_emcr\"],\"description\":\"Equitable Medicaid and Clinical Research is a women-led non-profit organization that focuses on providing equal access to healthcare for economically disadvantaged populations, especially in rural and underserved communities, regardless of background, income levels, or geographical location. Founded on the belief that everyone deserves equitable access to quality medical services, we strive to bridge the gap in healthcare disparities. Our technology-driven approach helps deepen access to primary healthcare in hard-to-reach and neglected regions. Clinical research is at the heart of our mission. We conduct studies that support the development of safe and effective medicines and treatments. Through these efforts, we work to improve public health and strengthen healthcare access for communities across Africa and around the world.\",\"email\":\"info@emecr.org\",\"telephone\":\"+234806-2491-386\",\"legalName\":\"Equitable Medicaid and Clinical Research Ltd\\\/Gte\",\"foundingDate\":\"2024-05-06\",\"numberOfEmployees\":{\"@type\":\"QuantitativeValue\",\"minValue\":\"51\",\"maxValue\":\"200\"}}]}<\/script>\n<!-- \/ Yoast SEO Premium plugin. -->","yoast_head_json":{"title":"Annual Reports and Financials &#8226; Equitable Medicaid and Clinical Research","robots":{"index":"index","follow":"follow","max-snippet":"max-snippet:-1","max-image-preview":"max-image-preview:large","max-video-preview":"max-video-preview:-1"},"canonical":"https:\/\/emecr.org\/it\/annual-reports-and-financials\/","og_locale":"it_IT","og_type":"article","og_title":"Annual Reports and Financials","og_description":"11 YearsExpertise Annual Reports and Financials Transparency and accountability are not just values we uphold; they are fundamental to our credibility, trustworthiness, and effectiveness as an organization. External Account Audit [&hellip;]","og_url":"https:\/\/emecr.org\/it\/annual-reports-and-financials\/","og_site_name":"Equitable Medicaid and Clinical Research","article_publisher":"https:\/\/www.facebook.com\/hq.emecr","article_modified_time":"2026-02-10T10:29:36+00:00","og_image":[{"width":750,"height":518,"url":"https:\/\/emecr.org\/wp-content\/uploads\/2024\/04\/faqs.jpg","type":"image\/jpeg"}],"twitter_card":"summary_large_image","twitter_site":"@hq_emecr","schema":{"@context":"https:\/\/schema.org","@graph":[{"@type":"WebPage","@id":"https:\/\/emecr.org\/annual-reports-and-financials\/","url":"https:\/\/emecr.org\/annual-reports-and-financials\/","name":"Annual Reports and Financials &#8226; Equitable Medicaid and Clinical Research","isPartOf":{"@id":"https:\/\/emecr.org\/#website"},"primaryImageOfPage":{"@id":"https:\/\/emecr.org\/annual-reports-and-financials\/#primaryimage"},"image":{"@id":"https:\/\/emecr.org\/annual-reports-and-financials\/#primaryimage"},"thumbnailUrl":"https:\/\/emecr.org\/wp-content\/uploads\/2024\/04\/faqs.jpg","datePublished":"2023-12-10T23:26:06+00:00","dateModified":"2026-02-10T10:29:36+00:00","breadcrumb":{"@id":"https:\/\/emecr.org\/annual-reports-and-financials\/#breadcrumb"},"inLanguage":"it-IT","potentialAction":[{"@type":"ReadAction","target":["https:\/\/emecr.org\/annual-reports-and-financials\/"]}]},{"@type":"ImageObject","inLanguage":"it-IT","@id":"https:\/\/emecr.org\/annual-reports-and-financials\/#primaryimage","url":"https:\/\/emecr.org\/wp-content\/uploads\/2024\/04\/faqs.jpg","contentUrl":"https:\/\/emecr.org\/wp-content\/uploads\/2024\/04\/faqs.jpg"},{"@type":"BreadcrumbList","@id":"https:\/\/emecr.org\/annual-reports-and-financials\/#breadcrumb","itemListElement":[{"@type":"ListItem","position":1,"name":"Home","item":"https:\/\/emecr.org\/"},{"@type":"ListItem","position":2,"name":"Annual Reports and Financials"}]},{"@type":"WebSite","@id":"https:\/\/emecr.org\/#website","url":"https:\/\/emecr.org\/","name":"Medicaid equo e ricerca clinica","description":"Ogni vita \u00e8 importante","publisher":{"@id":"https:\/\/emecr.org\/#organization"},"alternateName":"EMCR","potentialAction":[{"@type":"SearchAction","target":{"@type":"EntryPoint","urlTemplate":"https:\/\/emecr.org\/?s={search_term_string}"},"query-input":{"@type":"PropertyValueSpecification","valueRequired":true,"valueName":"search_term_string"}}],"inLanguage":"it-IT"},{"@type":"Organization","@id":"https:\/\/emecr.org\/#organization","name":"Medicaid equo e ricerca clinica","alternateName":"EMCR","url":"https:\/\/emecr.org\/","logo":{"@type":"ImageObject","inLanguage":"it-IT","@id":"https:\/\/emecr.org\/#\/schema\/logo\/image\/","url":"https:\/\/emecr.org\/wp-content\/uploads\/2025\/03\/logo.png","contentUrl":"https:\/\/emecr.org\/wp-content\/uploads\/2025\/03\/logo.png","width":1500,"height":867,"caption":"Equitable Medicaid and Clinical Research"},"image":{"@id":"https:\/\/emecr.org\/#\/schema\/logo\/image\/"},"sameAs":["https:\/\/www.facebook.com\/hq.emecr","https:\/\/x.com\/hq_emecr","https:\/\/www.instagram.com\/hq.emcr\/","https:\/\/linkedin.com\/company\/hq-emecr","http:\/\/www.youtube.com\/@hq_emecr","https:\/\/www.tiktok.com\/@hq_emcr"],"description":"Equitable Medicaid and Clinical Research is a women-led non-profit organization that focuses on providing equal access to healthcare for economically disadvantaged populations, especially in rural and underserved communities, regardless of background, income levels, or geographical location. Founded on the belief that everyone deserves equitable access to quality medical services, we strive to bridge the gap in healthcare disparities. Our technology-driven approach helps deepen access to primary healthcare in hard-to-reach and neglected regions. Clinical research is at the heart of our mission. We conduct studies that support the development of safe and effective medicines and treatments. Through these efforts, we work to improve public health and strengthen healthcare access for communities across Africa and around the world.","email":"info@emecr.org","telephone":"+234806-2491-386","legalName":"Equitable Medicaid and Clinical Research Ltd\/Gte","foundingDate":"2024-05-06","numberOfEmployees":{"@type":"QuantitativeValue","minValue":"51","maxValue":"200"}}]}},"_links":{"self":[{"href":"https:\/\/emecr.org\/it\/wp-json\/wp\/v2\/pages\/11339","targetHints":{"allow":["GET"]}}],"collection":[{"href":"https:\/\/emecr.org\/it\/wp-json\/wp\/v2\/pages"}],"about":[{"href":"https:\/\/emecr.org\/it\/wp-json\/wp\/v2\/types\/page"}],"author":[{"embeddable":true,"href":"https:\/\/emecr.org\/it\/wp-json\/wp\/v2\/users\/1"}],"replies":[{"embeddable":true,"href":"https:\/\/emecr.org\/it\/wp-json\/wp\/v2\/comments?post=11339"}],"version-history":[{"count":0,"href":"https:\/\/emecr.org\/it\/wp-json\/wp\/v2\/pages\/11339\/revisions"}],"wp:attachment":[{"href":"https:\/\/emecr.org\/it\/wp-json\/wp\/v2\/media?parent=11339"}],"curies":[{"name":"wp","href":"https:\/\/api.w.org\/{rel}","templated":true}]}}