{"id":13488,"date":"2024-01-02T16:47:34","date_gmt":"2024-01-02T16:47:34","guid":{"rendered":"https:\/\/emecr.org\/?page_id=13488"},"modified":"2025-12-08T23:51:15","modified_gmt":"2025-12-08T23:51:15","slug":"our-story","status":"publish","type":"page","link":"https:\/\/emecr.org\/it\/our-story\/","title":{"rendered":"La nostra storia"},"content":{"rendered":"<div data-elementor-type=\"wp-page\" data-elementor-id=\"13488\" class=\"elementor elementor-13488\" data-elementor-post-type=\"page\">\n\t\t\t\t\t\t<section class=\"elementor-section elementor-top-section elementor-element elementor-element-a7284f1 elementor-section-boxed elementor-section-height-default elementor-section-height-default\" data-id=\"a7284f1\" data-element_type=\"section\" data-e-type=\"section\" data-settings=\"{&quot;ekit_has_onepagescroll_dot&quot;:&quot;yes&quot;}\">\n\t\t\t\t\t\t<div class=\"elementor-container elementor-column-gap-default\">\n\t\t\t\t\t<div class=\"elementor-column elementor-col-50 elementor-top-column elementor-element elementor-element-c653841\" data-id=\"c653841\" data-element_type=\"column\" data-e-type=\"column\">\n\t\t\t<div class=\"elementor-widget-wrap elementor-element-populated\">\n\t\t\t\t\t\t<div class=\"elementor-element elementor-element-96c8830 elementor-widget elementor-widget-image\" data-id=\"96c8830\" data-element_type=\"widget\" data-e-type=\"widget\" data-settings=\"{&quot;ekit_we_effect_on&quot;:&quot;none&quot;}\" data-widget_type=\"image.default\">\n\t\t\t\t<div class=\"elementor-widget-container\">\n\t\t\t\t\t\t\t\t\t\t\t\t\t\t\t<img fetchpriority=\"high\" decoding=\"async\" width=\"1000\" height=\"1326\" src=\"https:\/\/emecr.org\/wp-content\/uploads\/2024\/02\/FounderJOY.png\" class=\"attachment-full size-full wp-image-17772\" alt=\"Founder of Equitable Medicaid and Clinical Research\" srcset=\"https:\/\/emecr.org\/wp-content\/uploads\/2024\/02\/FounderJOY.png 1000w, https:\/\/emecr.org\/wp-content\/uploads\/2024\/02\/FounderJOY-600x796.png 600w, https:\/\/emecr.org\/wp-content\/uploads\/2024\/02\/FounderJOY-226x300.png 226w, https:\/\/emecr.org\/wp-content\/uploads\/2024\/02\/FounderJOY-772x1024.png 772w, https:\/\/emecr.org\/wp-content\/uploads\/2024\/02\/FounderJOY-768x1018.png 768w\" sizes=\"(max-width: 1000px) 100vw, 1000px\" \/>\t\t\t\t\t\t\t\t\t\t\t\t\t\t\t<\/div>\n\t\t\t\t<\/div>\n\t\t\t\t<div class=\"elementor-element elementor-element-eea7e07 elementor-widget elementor-widget-elementskit-heading\" data-id=\"eea7e07\" data-element_type=\"widget\" data-e-type=\"widget\" data-settings=\"{&quot;ekit_we_effect_on&quot;:&quot;none&quot;}\" data-widget_type=\"elementskit-heading.default\">\n\t\t\t\t<div class=\"elementor-widget-container\">\n\t\t\t\t\t<div class=\"ekit-wid-con\" ><div class=\"ekit-heading elementskit-section-title-wraper text_left   ekit_heading_tablet-   ekit_heading_mobile-\"><h2 class=\"ekit-heading--title elementskit-section-title\">Etubi, Joy OJochogwu<\/h2><h3 class=\"ekit-heading--subtitle elementskit-section-subtitle\">\n\t\t\t\t\t\tFondatore\n\t\t\t\t\t<\/h3><\/div><\/div>\t\t\t\t<\/div>\n\t\t\t\t<\/div>\n\t\t\t\t<div class=\"elementor-element elementor-element-c0acf28 elementor-widget-divider--view-line elementor-widget elementor-widget-divider\" data-id=\"c0acf28\" data-element_type=\"widget\" data-e-type=\"widget\" data-settings=\"{&quot;ekit_we_effect_on&quot;:&quot;none&quot;}\" data-widget_type=\"divider.default\">\n\t\t\t\t<div class=\"elementor-widget-container\">\n\t\t\t\t\t\t\t<div class=\"elementor-divider\">\n\t\t\t<span class=\"elementor-divider-separator\">\n\t\t\t\t\t\t<\/span>\n\t\t<\/div>\n\t\t\t\t\t\t<\/div>\n\t\t\t\t<\/div>\n\t\t\t\t\t<\/div>\n\t\t<\/div>\n\t\t\t\t<div class=\"elementor-column elementor-col-50 elementor-top-column elementor-element elementor-element-26b05db\" data-id=\"26b05db\" data-element_type=\"column\" data-e-type=\"column\">\n\t\t\t<div class=\"elementor-widget-wrap elementor-element-populated\">\n\t\t\t\t\t\t<div class=\"elementor-element elementor-element-51bc681 elementor-widget__width-initial elementor-widget elementor-widget-heading\" data-id=\"51bc681\" data-element_type=\"widget\" data-e-type=\"widget\" data-settings=\"{&quot;ekit_we_effect_on&quot;:&quot;none&quot;}\" data-widget_type=\"heading.default\">\n\t\t\t\t<div class=\"elementor-widget-container\">\n\t\t\t\t\t<h2 class=\"elementor-heading-title elementor-size-default\">La nostra storia di fondazione<\/h2>\t\t\t\t<\/div>\n\t\t\t\t<\/div>\n\t\t\t\t<div class=\"elementor-element elementor-element-5a5b17b elementor-widget elementor-widget-text-editor\" data-id=\"5a5b17b\" data-element_type=\"widget\" data-e-type=\"widget\" data-settings=\"{&quot;ekit_we_effect_on&quot;:&quot;none&quot;}\" data-widget_type=\"text-editor.default\">\n\t\t\t\t<div class=\"elementor-widget-container\">\n\t\t\t\t\t\t\t\t\t<p>In Nigeria, accedere all'assistenza sanitaria di base non dovrebbe essere un privilegio, ma per molti sembra un sogno impossibile. Abbiamo assistito a questa lotta in prima persona: le lunghe attese, la mancanza di risorse, le scelte disperate che le persone sono costrette a fare. Il costo della disuguaglianza sanitaria non \u00e8 solo finanziario: si paga in vite perse troppo presto, in famiglie distrutte da malattie prevenibili. Questa realt\u00e0 ha innescato qualcosa di profondo in noi, la determinazione a creare un cambiamento.<\/p><p>Abbiamo fondato Equitable Medicaid and Clinical Research Ltd\/Gte perch\u00e9 non potevamo restare inerti mentre tante persone nelle nostre comunit\u00e0 soffrivano. Sapevamo che se non avessimo agito, il ciclo di abbandono sarebbe continuato. Malattie che potevano essere curate venivano lasciate a marcire perch\u00e9 la ricerca clinica avanzata e le sperimentazioni erano quasi inesistenti nel nostro Paese. Abbiamo assistito a persone - persone vere, con speranze, sogni e persone care - che sono diventate statistiche, con le loro vite stroncate dall'impossibilit\u00e0 di accedere alle cure di cui avevano bisogno.<\/p><p>Nelle aree rurali e nelle baraccopoli urbane, dove la vita quotidiana \u00e8 gi\u00e0 una lotta, le crisi sanitarie colpiscono pi\u00f9 duramente. Le malattie prevenibili mietono silenziosamente vittime e la medicina tradizionale, che ha un grande valore nella nostra cultura, a volte fa pi\u00f9 male che bene senza un'adeguata verifica clinica. Consideriamo questo abuso non come un fallimento della tradizione, ma come un fallimento del sistema a sostegno di pratiche sicure ed efficaci.<\/p>\t\t\t\t\t\t\t\t<\/div>\n\t\t\t\t<\/div>\n\t\t\t\t\t<\/div>\n\t\t<\/div>\n\t\t\t\t\t<\/div>\n\t\t<\/section>\n\t\t\t\t<section class=\"elementor-section elementor-top-section elementor-element elementor-element-c5152b7 elementor-reverse-mobile elementor-section-boxed elementor-section-height-default elementor-section-height-default\" data-id=\"c5152b7\" data-element_type=\"section\" data-e-type=\"section\" data-settings=\"{&quot;ekit_has_onepagescroll_dot&quot;:&quot;yes&quot;}\">\n\t\t\t\t\t\t<div class=\"elementor-container elementor-column-gap-default\">\n\t\t\t\t\t<div class=\"elementor-column elementor-col-50 elementor-top-column elementor-element elementor-element-08657cd\" data-id=\"08657cd\" data-element_type=\"column\" data-e-type=\"column\">\n\t\t\t<div class=\"elementor-widget-wrap elementor-element-populated\">\n\t\t\t\t\t\t<div class=\"elementor-element elementor-element-954e35c elementor-widget elementor-widget-image\" data-id=\"954e35c\" data-element_type=\"widget\" data-e-type=\"widget\" data-settings=\"{&quot;ekit_we_effect_on&quot;:&quot;none&quot;}\" data-widget_type=\"image.default\">\n\t\t\t\t<div class=\"elementor-widget-container\">\n\t\t\t\t\t\t\t\t\t\t\t\t\t\t\t<img decoding=\"async\" width=\"1000\" height=\"1326\" src=\"https:\/\/emecr.org\/wp-content\/uploads\/2024\/02\/cofounderKD.png\" class=\"attachment-full size-full wp-image-17774\" alt=\"public health research organization\" srcset=\"https:\/\/emecr.org\/wp-content\/uploads\/2024\/02\/cofounderKD.png 1000w, https:\/\/emecr.org\/wp-content\/uploads\/2024\/02\/cofounderKD-600x796.png 600w, https:\/\/emecr.org\/wp-content\/uploads\/2024\/02\/cofounderKD-226x300.png 226w, https:\/\/emecr.org\/wp-content\/uploads\/2024\/02\/cofounderKD-772x1024.png 772w, https:\/\/emecr.org\/wp-content\/uploads\/2024\/02\/cofounderKD-768x1018.png 768w\" sizes=\"(max-width: 1000px) 100vw, 1000px\" \/>\t\t\t\t\t\t\t\t\t\t\t\t\t\t\t<\/div>\n\t\t\t\t<\/div>\n\t\t\t\t<div class=\"elementor-element elementor-element-f963606 elementor-widget elementor-widget-elementskit-heading\" data-id=\"f963606\" data-element_type=\"widget\" data-e-type=\"widget\" data-settings=\"{&quot;ekit_we_effect_on&quot;:&quot;none&quot;}\" data-widget_type=\"elementskit-heading.default\">\n\t\t\t\t<div class=\"elementor-widget-container\">\n\t\t\t\t\t<div class=\"ekit-wid-con\" ><div class=\"ekit-heading elementskit-section-title-wraper text_left   ekit_heading_tablet-   ekit_heading_mobile-\"><h2 class=\"ekit-heading--title elementskit-section-title\">Kadiri, Ugbede-Ojo D.<\/h2><h3 class=\"ekit-heading--subtitle elementskit-section-subtitle\">\n\t\t\t\t\t\tCofondatore\n\t\t\t\t\t<\/h3><\/div><\/div>\t\t\t\t<\/div>\n\t\t\t\t<\/div>\n\t\t\t\t<div class=\"elementor-element elementor-element-8e87c88 elementor-widget-divider--view-line elementor-widget elementor-widget-divider\" data-id=\"8e87c88\" data-element_type=\"widget\" data-e-type=\"widget\" data-settings=\"{&quot;ekit_we_effect_on&quot;:&quot;none&quot;}\" data-widget_type=\"divider.default\">\n\t\t\t\t<div class=\"elementor-widget-container\">\n\t\t\t\t\t\t\t<div class=\"elementor-divider\">\n\t\t\t<span class=\"elementor-divider-separator\">\n\t\t\t\t\t\t<\/span>\n\t\t<\/div>\n\t\t\t\t\t\t<\/div>\n\t\t\t\t<\/div>\n\t\t\t\t\t<\/div>\n\t\t<\/div>\n\t\t\t\t<div class=\"elementor-column elementor-col-50 elementor-top-column elementor-element elementor-element-a7703ee\" data-id=\"a7703ee\" data-element_type=\"column\" data-e-type=\"column\">\n\t\t\t<div class=\"elementor-widget-wrap elementor-element-populated\">\n\t\t\t\t\t\t<div class=\"elementor-element elementor-element-51ab37e elementor-widget elementor-widget-text-editor\" data-id=\"51ab37e\" data-element_type=\"widget\" data-e-type=\"widget\" data-settings=\"{&quot;ekit_we_effect_on&quot;:&quot;none&quot;}\" data-widget_type=\"text-editor.default\">\n\t\t\t\t<div class=\"elementor-widget-container\">\n\t\t\t\t\t\t\t\t\t<p>Per le donne e le giovani ragazze, la posta in gioco \u00e8 ancora pi\u00f9 alta. La mortalit\u00e0 materna \u00e8 una tragica realt\u00e0, aggravata dalla mancanza di educazione e di risorse per la salute sessuale e riproduttiva. I matrimoni precoci, le gravidanze indesiderate e la diffusione delle malattie non sono solo problemi: sono crisi che le nostre madri, sorelle e figlie affrontano ogni giorno. L'obsoleta dipendenza del sistema dai registri cartacei rende solo pi\u00f9 difficile fornire le cure che potrebbero salvare delle vite.<\/p><p>Anche gli anziani sono spesso dimenticati, lasciati ad affrontare i loro ultimi anni con poco o nessun sostegno. La salute mentale \u00e8 ignorata e le persone che soffrono vengono messe da parte, il loro dolore viene liquidato come superstizione. Li vediamo vagare per le strade, persi nelle loro battaglie, e sappiamo che questo stigma deve finire.<\/p><p>\u00c8 per questo che abbiamo dato vita a Equitable Medicaid and Clinical Research. Non siamo un'organizzazione qualsiasi; siamo persone che credono che ogni vita, per quanto piccola o emarginata, sia importante. Ci concentriamo sulle persone che sono state lasciate indietro, portando l'assistenza sanitaria a chi ne ha pi\u00f9 bisogno. Il nostro lavoro \u00e8 guidato da una semplice verit\u00e0: ogni vita \u00e8 importante.<\/p><p>Questo per noi non \u00e8 solo un motto, ma una promessa. Siamo qui per fare la differenza, per cambiare la storia di coloro che sono stati dimenticati. E non ci fermeremo finch\u00e9 ogni persona, in ogni comunit\u00e0, non avr\u00e0 la possibilit\u00e0 di vivere una vita sana e dignitosa.<\/p>\t\t\t\t\t\t\t\t<\/div>\n\t\t\t\t<\/div>\n\t\t\t\t\t<\/div>\n\t\t<\/div>\n\t\t\t\t\t<\/div>\n\t\t<\/section>\n\t\t\t\t<\/div>","protected":false},"excerpt":{"rendered":"<p>Etubi, Joy OJochogwu Founder Our Founding Story In Nigeria, accessing basic healthcare shouldn\u2019t be a privilege, but for many, it feels like an impossible dream. We\u2019ve witnessed this struggle firsthand [&hellip;]<\/p>\n","protected":false},"author":1,"featured_media":0,"parent":0,"menu_order":0,"comment_status":"closed","ping_status":"closed","template":"elementor_header_footer","meta":{"rs_blank_template":"","rs_page_bg_color":"","slide_template_v7":"","footnotes":""},"class_list":["post-13488","page","type-page","status-publish","hentry"],"yoast_head":"<!-- This site is optimized with the Yoast SEO Premium plugin v27.1 (Yoast SEO v27.5) - https:\/\/yoast.com\/product\/yoast-seo-premium-wordpress\/ -->\n<title>Our Story &#8226; Equitable Medicaid and Clinical Research<\/title>\n<meta name=\"robots\" content=\"index, follow, max-snippet:-1, max-image-preview:large, max-video-preview:-1\" \/>\n<link rel=\"canonical\" href=\"http:\/\/emecr.org\/it\/our-story\/\" \/>\n<meta property=\"og:locale\" content=\"it_IT\" \/>\n<meta property=\"og:type\" content=\"article\" \/>\n<meta property=\"og:title\" content=\"Our Story\" \/>\n<meta property=\"og:description\" content=\"Etubi, Joy OJochogwu Founder Our Founding Story In Nigeria, accessing basic healthcare shouldn\u2019t be a privilege, but for many, it feels like an impossible dream. We\u2019ve witnessed this struggle firsthand [&hellip;]\" \/>\n<meta property=\"og:url\" content=\"http:\/\/emecr.org\/it\/our-story\/\" \/>\n<meta property=\"og:site_name\" content=\"Equitable Medicaid and Clinical Research\" \/>\n<meta property=\"article:publisher\" content=\"https:\/\/www.facebook.com\/hq.emecr\" \/>\n<meta property=\"article:modified_time\" content=\"2025-12-08T23:51:15+00:00\" \/>\n<meta property=\"og:image\" content=\"https:\/\/emecr.org\/wp-content\/uploads\/2024\/02\/FounderJOY.png\" \/>\n\t<meta property=\"og:image:width\" content=\"1000\" \/>\n\t<meta property=\"og:image:height\" content=\"1326\" \/>\n\t<meta property=\"og:image:type\" content=\"image\/png\" \/>\n<meta name=\"twitter:card\" content=\"summary_large_image\" \/>\n<meta name=\"twitter:site\" content=\"@hq_emecr\" \/>\n<meta name=\"twitter:label1\" content=\"Tempo di lettura stimato\" \/>\n\t<meta name=\"twitter:data1\" content=\"2 minuti\" \/>\n<script type=\"application\/ld+json\" class=\"yoast-schema-graph\">{\"@context\":\"https:\\\/\\\/schema.org\",\"@graph\":[{\"@type\":\"WebPage\",\"@id\":\"http:\\\/\\\/emecr.org\\\/pt\\\/our-story\\\/\",\"url\":\"http:\\\/\\\/emecr.org\\\/pt\\\/our-story\\\/\",\"name\":\"Our Story &#8226; Equitable Medicaid and Clinical Research\",\"isPartOf\":{\"@id\":\"https:\\\/\\\/emecr.org\\\/#website\"},\"primaryImageOfPage\":{\"@id\":\"http:\\\/\\\/emecr.org\\\/pt\\\/our-story\\\/#primaryimage\"},\"image\":{\"@id\":\"http:\\\/\\\/emecr.org\\\/pt\\\/our-story\\\/#primaryimage\"},\"thumbnailUrl\":\"https:\\\/\\\/emecr.org\\\/wp-content\\\/uploads\\\/2024\\\/02\\\/FounderJOY.png\",\"datePublished\":\"2024-01-02T16:47:34+00:00\",\"dateModified\":\"2025-12-08T23:51:15+00:00\",\"breadcrumb\":{\"@id\":\"http:\\\/\\\/emecr.org\\\/pt\\\/our-story\\\/#breadcrumb\"},\"inLanguage\":\"it-IT\",\"potentialAction\":[{\"@type\":\"ReadAction\",\"target\":[\"http:\\\/\\\/emecr.org\\\/pt\\\/our-story\\\/\"]}]},{\"@type\":\"ImageObject\",\"inLanguage\":\"it-IT\",\"@id\":\"http:\\\/\\\/emecr.org\\\/pt\\\/our-story\\\/#primaryimage\",\"url\":\"https:\\\/\\\/emecr.org\\\/wp-content\\\/uploads\\\/2024\\\/02\\\/FounderJOY.png\",\"contentUrl\":\"https:\\\/\\\/emecr.org\\\/wp-content\\\/uploads\\\/2024\\\/02\\\/FounderJOY.png\"},{\"@type\":\"BreadcrumbList\",\"@id\":\"http:\\\/\\\/emecr.org\\\/pt\\\/our-story\\\/#breadcrumb\",\"itemListElement\":[{\"@type\":\"ListItem\",\"position\":1,\"name\":\"Home\",\"item\":\"https:\\\/\\\/emecr.org\\\/\"},{\"@type\":\"ListItem\",\"position\":2,\"name\":\"Our Story\"}]},{\"@type\":\"WebSite\",\"@id\":\"https:\\\/\\\/emecr.org\\\/#website\",\"url\":\"https:\\\/\\\/emecr.org\\\/\",\"name\":\"Equitable Medicaid and Clinical Research\",\"description\":\"Every Life Matters\",\"publisher\":{\"@id\":\"https:\\\/\\\/emecr.org\\\/#organization\"},\"alternateName\":\"EMCR\",\"potentialAction\":[{\"@type\":\"SearchAction\",\"target\":{\"@type\":\"EntryPoint\",\"urlTemplate\":\"https:\\\/\\\/emecr.org\\\/?s={search_term_string}\"},\"query-input\":{\"@type\":\"PropertyValueSpecification\",\"valueRequired\":true,\"valueName\":\"search_term_string\"}}],\"inLanguage\":\"it-IT\"},{\"@type\":\"Organization\",\"@id\":\"https:\\\/\\\/emecr.org\\\/#organization\",\"name\":\"Equitable Medicaid and Clinical Research\",\"alternateName\":\"EMCR\",\"url\":\"https:\\\/\\\/emecr.org\\\/\",\"logo\":{\"@type\":\"ImageObject\",\"inLanguage\":\"it-IT\",\"@id\":\"https:\\\/\\\/emecr.org\\\/#\\\/schema\\\/logo\\\/image\\\/\",\"url\":\"https:\\\/\\\/emecr.org\\\/wp-content\\\/uploads\\\/2025\\\/03\\\/logo.png\",\"contentUrl\":\"https:\\\/\\\/emecr.org\\\/wp-content\\\/uploads\\\/2025\\\/03\\\/logo.png\",\"width\":1500,\"height\":867,\"caption\":\"Equitable Medicaid and Clinical Research\"},\"image\":{\"@id\":\"https:\\\/\\\/emecr.org\\\/#\\\/schema\\\/logo\\\/image\\\/\"},\"sameAs\":[\"https:\\\/\\\/www.facebook.com\\\/hq.emecr\",\"https:\\\/\\\/x.com\\\/hq_emecr\",\"https:\\\/\\\/www.instagram.com\\\/hq.emcr\\\/\",\"https:\\\/\\\/linkedin.com\\\/company\\\/hq-emecr\",\"http:\\\/\\\/www.youtube.com\\\/@hq_emecr\",\"https:\\\/\\\/www.tiktok.com\\\/@hq_emcr\"],\"description\":\"Equitable Medicaid and Clinical Research is a women-led non-profit organization that focuses on providing equal access to healthcare for economically disadvantaged populations, especially in rural and underserved communities, regardless of background, income levels, or geographical location. Founded on the belief that everyone deserves equitable access to quality medical services, we strive to bridge the gap in healthcare disparities. Our technology-driven approach helps deepen access to primary healthcare in hard-to-reach and neglected regions. Clinical research is at the heart of our mission. We conduct studies that support the development of safe and effective medicines and treatments. Through these efforts, we work to improve public health and strengthen healthcare access for communities across Africa and around the world.\",\"email\":\"info@emecr.org\",\"telephone\":\"+234806-2491-386\",\"legalName\":\"Equitable Medicaid and Clinical Research Ltd\\\/Gte\",\"foundingDate\":\"2024-05-06\",\"numberOfEmployees\":{\"@type\":\"QuantitativeValue\",\"minValue\":\"51\",\"maxValue\":\"200\"}}]}<\/script>\n<!-- \/ Yoast SEO Premium plugin. -->","yoast_head_json":{"title":"Our Story &#8226; Equitable Medicaid and Clinical Research","robots":{"index":"index","follow":"follow","max-snippet":"max-snippet:-1","max-image-preview":"max-image-preview:large","max-video-preview":"max-video-preview:-1"},"canonical":"http:\/\/emecr.org\/it\/our-story\/","og_locale":"it_IT","og_type":"article","og_title":"Our Story","og_description":"Etubi, Joy OJochogwu Founder Our Founding Story In Nigeria, accessing basic healthcare shouldn\u2019t be a privilege, but for many, it feels like an impossible dream. We\u2019ve witnessed this struggle firsthand [&hellip;]","og_url":"http:\/\/emecr.org\/it\/our-story\/","og_site_name":"Equitable Medicaid and Clinical Research","article_publisher":"https:\/\/www.facebook.com\/hq.emecr","article_modified_time":"2025-12-08T23:51:15+00:00","og_image":[{"width":1000,"height":1326,"url":"https:\/\/emecr.org\/wp-content\/uploads\/2024\/02\/FounderJOY.png","type":"image\/png"}],"twitter_card":"summary_large_image","twitter_site":"@hq_emecr","twitter_misc":{"Tempo di lettura stimato":"2 minuti"},"schema":{"@context":"https:\/\/schema.org","@graph":[{"@type":"WebPage","@id":"http:\/\/emecr.org\/pt\/our-story\/","url":"http:\/\/emecr.org\/pt\/our-story\/","name":"Our Story &#8226; Equitable Medicaid and Clinical Research","isPartOf":{"@id":"https:\/\/emecr.org\/#website"},"primaryImageOfPage":{"@id":"http:\/\/emecr.org\/pt\/our-story\/#primaryimage"},"image":{"@id":"http:\/\/emecr.org\/pt\/our-story\/#primaryimage"},"thumbnailUrl":"https:\/\/emecr.org\/wp-content\/uploads\/2024\/02\/FounderJOY.png","datePublished":"2024-01-02T16:47:34+00:00","dateModified":"2025-12-08T23:51:15+00:00","breadcrumb":{"@id":"http:\/\/emecr.org\/pt\/our-story\/#breadcrumb"},"inLanguage":"it-IT","potentialAction":[{"@type":"ReadAction","target":["http:\/\/emecr.org\/pt\/our-story\/"]}]},{"@type":"ImageObject","inLanguage":"it-IT","@id":"http:\/\/emecr.org\/pt\/our-story\/#primaryimage","url":"https:\/\/emecr.org\/wp-content\/uploads\/2024\/02\/FounderJOY.png","contentUrl":"https:\/\/emecr.org\/wp-content\/uploads\/2024\/02\/FounderJOY.png"},{"@type":"BreadcrumbList","@id":"http:\/\/emecr.org\/pt\/our-story\/#breadcrumb","itemListElement":[{"@type":"ListItem","position":1,"name":"Home","item":"https:\/\/emecr.org\/"},{"@type":"ListItem","position":2,"name":"Our Story"}]},{"@type":"WebSite","@id":"https:\/\/emecr.org\/#website","url":"https:\/\/emecr.org\/","name":"Medicaid equo e ricerca clinica","description":"Ogni vita \u00e8 importante","publisher":{"@id":"https:\/\/emecr.org\/#organization"},"alternateName":"EMCR","potentialAction":[{"@type":"SearchAction","target":{"@type":"EntryPoint","urlTemplate":"https:\/\/emecr.org\/?s={search_term_string}"},"query-input":{"@type":"PropertyValueSpecification","valueRequired":true,"valueName":"search_term_string"}}],"inLanguage":"it-IT"},{"@type":"Organization","@id":"https:\/\/emecr.org\/#organization","name":"Medicaid equo e ricerca clinica","alternateName":"EMCR","url":"https:\/\/emecr.org\/","logo":{"@type":"ImageObject","inLanguage":"it-IT","@id":"https:\/\/emecr.org\/#\/schema\/logo\/image\/","url":"https:\/\/emecr.org\/wp-content\/uploads\/2025\/03\/logo.png","contentUrl":"https:\/\/emecr.org\/wp-content\/uploads\/2025\/03\/logo.png","width":1500,"height":867,"caption":"Equitable Medicaid and Clinical Research"},"image":{"@id":"https:\/\/emecr.org\/#\/schema\/logo\/image\/"},"sameAs":["https:\/\/www.facebook.com\/hq.emecr","https:\/\/x.com\/hq_emecr","https:\/\/www.instagram.com\/hq.emcr\/","https:\/\/linkedin.com\/company\/hq-emecr","http:\/\/www.youtube.com\/@hq_emecr","https:\/\/www.tiktok.com\/@hq_emcr"],"description":"Equitable Medicaid and Clinical Research is a women-led non-profit organization that focuses on providing equal access to healthcare for economically disadvantaged populations, especially in rural and underserved communities, regardless of background, income levels, or geographical location. Founded on the belief that everyone deserves equitable access to quality medical services, we strive to bridge the gap in healthcare disparities. Our technology-driven approach helps deepen access to primary healthcare in hard-to-reach and neglected regions. Clinical research is at the heart of our mission. We conduct studies that support the development of safe and effective medicines and treatments. Through these efforts, we work to improve public health and strengthen healthcare access for communities across Africa and around the world.","email":"info@emecr.org","telephone":"+234806-2491-386","legalName":"Equitable Medicaid and Clinical Research Ltd\/Gte","foundingDate":"2024-05-06","numberOfEmployees":{"@type":"QuantitativeValue","minValue":"51","maxValue":"200"}}]}},"_links":{"self":[{"href":"https:\/\/emecr.org\/it\/wp-json\/wp\/v2\/pages\/13488","targetHints":{"allow":["GET"]}}],"collection":[{"href":"https:\/\/emecr.org\/it\/wp-json\/wp\/v2\/pages"}],"about":[{"href":"https:\/\/emecr.org\/it\/wp-json\/wp\/v2\/types\/page"}],"author":[{"embeddable":true,"href":"https:\/\/emecr.org\/it\/wp-json\/wp\/v2\/users\/1"}],"replies":[{"embeddable":true,"href":"https:\/\/emecr.org\/it\/wp-json\/wp\/v2\/comments?post=13488"}],"version-history":[{"count":0,"href":"https:\/\/emecr.org\/it\/wp-json\/wp\/v2\/pages\/13488\/revisions"}],"wp:attachment":[{"href":"https:\/\/emecr.org\/it\/wp-json\/wp\/v2\/media?parent=13488"}],"curies":[{"name":"wp","href":"https:\/\/api.w.org\/{rel}","templated":true}]}}