{"id":28589,"date":"2024-06-12T16:51:13","date_gmt":"2024-06-12T16:51:13","guid":{"rendered":"https:\/\/emecr.org\/?page_id=28589"},"modified":"2024-08-23T14:30:30","modified_gmt":"2024-08-23T14:30:30","slug":"accessibility-and-disclaimer","status":"publish","type":"page","link":"https:\/\/emecr.org\/it\/accessibility-and-disclaimer\/","title":{"rendered":"Accessibility and Disclaimer"},"content":{"rendered":"<div data-elementor-type=\"wp-page\" data-elementor-id=\"28589\" class=\"elementor elementor-28589\" data-elementor-post-type=\"page\">\n\t\t\t\t<div class=\"elementor-element elementor-element-6da56ef e-flex e-con-boxed e-con e-parent\" data-id=\"6da56ef\" data-element_type=\"container\" data-e-type=\"container\" data-settings=\"{&quot;ekit_has_onepagescroll_dot&quot;:&quot;yes&quot;}\">\n\t\t\t\t\t<div class=\"e-con-inner\">\n\t\t\t\t<div class=\"elementor-element elementor-element-e64764c elementor-widget elementor-widget-text-editor\" data-id=\"e64764c\" data-element_type=\"widget\" data-e-type=\"widget\" data-settings=\"{&quot;ekit_we_effect_on&quot;:&quot;none&quot;}\" data-widget_type=\"text-editor.default\">\n\t\t\t\t<div class=\"elementor-widget-container\">\n\t\t\t\t\t\t\t\t\t<h1 style=\"text-align: center;\" data-custom-class=\"title\"><strong>DICHIARAZIONE DI ACCESSIBILIT\u00c0 WEB E DISCLAIMER<br \/><\/strong><\/h1><p style=\"text-align: center;\" data-custom-class=\"subtitle\"><strong>Ultimo aggiornamento<\/strong> <strong>12 giugno 2024<\/strong><\/p><p>Noi di Equitable Medicaid and Clinical Research (EMECR) ci impegniamo a garantire che il nostro sito web sia accessibile a tutti. Crediamo che tutti gli utenti, indipendentemente dalle loro capacit\u00e0, debbano essere in grado di accedere e interagire con le informazioni e i servizi che forniamo.<\/p><h4>Il nostro impegno<\/h4><p>Ci sforziamo di aderire alle migliori pratiche e agli standard definiti dalle Linee guida per l'accessibilit\u00e0 dei contenuti web (WCAG) 2.1 Livello AA. I nostri continui sforzi per migliorare l'accessibilit\u00e0 sono guidati dai seguenti principi:<\/p><ul><li><strong>Inclusivit\u00e0<\/strong>: Il nostro obiettivo \u00e8 quello di creare un ambiente online inclusivo in cui tutti gli individui, compresi quelli con disabilit\u00e0, abbiano pari accesso ai nostri contenuti e servizi.<\/li><li><strong>Usabilit\u00e0<\/strong>: Ci impegniamo a rendere il nostro sito web facile e intuitivo, in modo che possa essere navigato facilmente da tutti.<\/li><li><strong>Trasparenza<\/strong>: Siamo aperti ai nostri sforzi in materia di accessibilit\u00e0 e accogliamo i feedback per migliorare continuamente l'esperienza dell'utente.<\/li><\/ul><h4>Caratteristiche di accessibilit\u00e0<\/h4><ul><li><strong>Testo alternativo<\/strong>: Le immagini sul nostro sito includono un testo alt descrittivo per supportare i lettori di schermo.<\/li><li><strong>Navigazione da tastiera<\/strong>: Il nostro sito web \u00e8 stato progettato per essere completamente navigabile tramite input da tastiera.<\/li><li><strong>Testo leggibile<\/strong>: Utilizziamo caratteri chiari e manteniamo un elevato contrasto tra testo e sfondo per migliorare la leggibilit\u00e0.<\/li><li><strong>Design reattivo<\/strong>: Il nostro sito \u00e8 ottimizzato per vari dispositivi, garantendo un'esperienza senza soluzione di continuit\u00e0 su desktop, tablet e telefoni cellulari.<\/li><li><strong>Contenuti video e audio<\/strong>: Ove applicabile, forniamo didascalie o trascrizioni per i contenuti multimediali.<\/li><\/ul><h4>\u00a0<\/h4><h4>Sforzi in corso<\/h4><p>L'accessibilit\u00e0 \u00e8 un impegno costante e lavoriamo continuamente per migliorare il nostro sito. Esaminiamo regolarmente il nostro sito e cerchiamo di aggiornare e migliorare le funzioni di accessibilit\u00e0 in base al feedback degli utenti e ai progressi tecnologici.<\/p><h1><strong>DISCLAIMER<\/strong><\/h1><p>Le informazioni fornite sul sito web di Equitable Medicaid and Clinical Research (EMECR) (emecr.org) sono solo a scopo informativo generale. Tutte le informazioni contenute nel sito sono fornite in buona fede; tuttavia, non forniamo alcuna dichiarazione o garanzia di alcun tipo, espressa o implicita, in merito all'accuratezza, all'adeguatezza, alla validit\u00e0, all'affidabilit\u00e0, alla disponibilit\u00e0 o alla completezza delle informazioni contenute nel sito.<\/p><h4>Esclusione di responsabilit\u00e0 medica<\/h4><ul><li><strong>Non \u00e8 un consiglio medico<\/strong>: Il contenuto di questo sito web non intende sostituire la consulenza, la diagnosi o il trattamento medico professionale. Per qualsiasi domanda relativa a una condizione medica, rivolgersi sempre al proprio medico o a un altro operatore sanitario qualificato.<\/li><li><strong>Nessun rapporto medico-paziente<\/strong>: L'uso di questo sito web non crea un rapporto medico-paziente tra l'utente e i medici o i fornitori di assistenza sanitaria affiliati a EMECR.<\/li><\/ul><h4>Esclusione di responsabilit\u00e0 per la ricerca<\/h4><ul><li><strong>Precisione delle informazioni<\/strong>: Sebbene ci sforziamo di fornire informazioni accurate e aggiornate sulla ricerca clinica e sugli studi, EMECR non garantisce la completezza o l'accuratezza di queste informazioni. La ricerca clinica \u00e8 in continua evoluzione e le informazioni possono cambiare nel tempo.<\/li><li><strong>Responsabilit\u00e0 dei partecipanti<\/strong>: La partecipazione agli studi di ricerca clinica \u00e8 volontaria. I potenziali partecipanti devono esaminare attentamente tutte le informazioni fornite dagli organizzatori dello studio e consultare i loro fornitori di assistenza sanitaria prima di iscriversi a qualsiasi studio.<\/li><\/ul><h4>Disclaimer sui link esterni<\/h4><ul><li><strong>Siti web di terze parti<\/strong>: Il sito web di EMECR pu\u00f2 contenere link ad altri siti web o contenuti appartenenti o provenienti da terzi. Tali link esterni non vengono da noi studiati, monitorati o controllati per quanto riguarda l'accuratezza, l'adeguatezza, la validit\u00e0, l'affidabilit\u00e0, la disponibilit\u00e0 o la completezza.<\/li><li><strong>Nessuna approvazione<\/strong>: Non approviamo, garantiamo o ci assumiamo la responsabilit\u00e0 per l'accuratezza o l'affidabilit\u00e0 di qualsiasi informazione offerta da siti web di terzi collegati attraverso il nostro sito.<\/li><\/ul><h4>Limitazione di responsabilit\u00e0<\/h4><ul><li><strong>Utilizzo a proprio rischio e pericolo<\/strong>: L'utilizzo del sito e l'affidamento su qualsiasi informazione presente sul sito sono esclusivamente a rischio dell'utente. EMECR non sar\u00e0 responsabile di eventuali errori o omissioni nelle informazioni fornite sul sito o di eventuali perdite o danni di qualsiasi tipo subiti in seguito all'utilizzo del sito.<\/li><li><strong>Nessuna garanzia<\/strong>: EMECR fornisce il sito e il suo contenuto \"cos\u00ec com'\u00e8\" e \"come disponibile\" senza alcuna garanzia di alcun tipo, sia espressa che implicita, comprese, ma non solo, le garanzie implicite di commerciabilit\u00e0, idoneit\u00e0 per uno scopo particolare o non violazione.<\/li><\/ul><h4>\u00a0<\/h4><h4>Aggiornamenti alla presente clausola di esclusione della responsabilit\u00e0<\/h4><p>Potremmo aggiornare questa clausola di esclusione della responsabilit\u00e0 di volta in volta per riflettere le modifiche apportate alle nostre pratiche o per altri motivi operativi, legali o normativi. Vi invitiamo a rivedere periodicamente questa pagina per avere informazioni aggiornate sulle nostre esclusioni di responsabilit\u00e0.<\/p>\t\t\t\t\t\t\t\t<\/div>\n\t\t\t\t<\/div>\n\t\t\t\t\t<\/div>\n\t\t\t\t<\/div>\n\t\t\t\t<\/div>","protected":false},"excerpt":{"rendered":"<p>WEB ACCESSIBILITY STATEMENT AND DISCLAIMER Last updated June 12, 2024 At Equitable Medicaid and Clinical Research (EMECR), we are committed to ensuring that our website is accessible to everyone. We [&hellip;]<\/p>\n","protected":false},"author":1,"featured_media":0,"parent":0,"menu_order":0,"comment_status":"closed","ping_status":"closed","template":"elementor_header_footer","meta":{"rs_blank_template":"","rs_page_bg_color":"","slide_template_v7":"","footnotes":""},"class_list":["post-28589","page","type-page","status-publish","hentry"],"yoast_head":"<!-- This site is optimized with the Yoast SEO Premium plugin v27.1 (Yoast SEO v27.4) - https:\/\/yoast.com\/product\/yoast-seo-premium-wordpress\/ -->\n<title>Accessibility and Disclaimer &#8226; Equitable Medicaid and Clinical Research<\/title>\n<meta name=\"robots\" content=\"index, follow, max-snippet:-1, max-image-preview:large, max-video-preview:-1\" \/>\n<link rel=\"canonical\" href=\"https:\/\/emecr.org\/it\/accessibility-and-disclaimer\/\" \/>\n<meta property=\"og:locale\" content=\"it_IT\" \/>\n<meta property=\"og:type\" content=\"article\" \/>\n<meta property=\"og:title\" content=\"Accessibility and Disclaimer\" \/>\n<meta property=\"og:description\" content=\"WEB ACCESSIBILITY STATEMENT AND DISCLAIMER Last updated June 12, 2024 At Equitable Medicaid and Clinical Research (EMECR), we are committed to ensuring that our website is accessible to everyone. We [&hellip;]\" \/>\n<meta property=\"og:url\" content=\"https:\/\/emecr.org\/it\/accessibility-and-disclaimer\/\" \/>\n<meta property=\"og:site_name\" content=\"Equitable Medicaid and Clinical Research\" \/>\n<meta property=\"article:publisher\" content=\"https:\/\/www.facebook.com\/hq.emecr\" \/>\n<meta property=\"article:modified_time\" content=\"2024-08-23T14:30:30+00:00\" \/>\n<meta name=\"twitter:card\" content=\"summary_large_image\" \/>\n<meta name=\"twitter:site\" content=\"@hq_emecr\" \/>\n<meta name=\"twitter:label1\" content=\"Tempo di lettura stimato\" \/>\n\t<meta name=\"twitter:data1\" content=\"3 minuti\" \/>\n<script type=\"application\/ld+json\" class=\"yoast-schema-graph\">{\"@context\":\"https:\\\/\\\/schema.org\",\"@graph\":[{\"@type\":\"WebPage\",\"@id\":\"https:\\\/\\\/emecr.org\\\/accessibility-and-disclaimer\\\/\",\"url\":\"https:\\\/\\\/emecr.org\\\/accessibility-and-disclaimer\\\/\",\"name\":\"Accessibility and Disclaimer &#8226; Equitable Medicaid and Clinical Research\",\"isPartOf\":{\"@id\":\"https:\\\/\\\/emecr.org\\\/#website\"},\"datePublished\":\"2024-06-12T16:51:13+00:00\",\"dateModified\":\"2024-08-23T14:30:30+00:00\",\"breadcrumb\":{\"@id\":\"https:\\\/\\\/emecr.org\\\/accessibility-and-disclaimer\\\/#breadcrumb\"},\"inLanguage\":\"it-IT\",\"potentialAction\":[{\"@type\":\"ReadAction\",\"target\":[\"https:\\\/\\\/emecr.org\\\/accessibility-and-disclaimer\\\/\"]}]},{\"@type\":\"BreadcrumbList\",\"@id\":\"https:\\\/\\\/emecr.org\\\/accessibility-and-disclaimer\\\/#breadcrumb\",\"itemListElement\":[{\"@type\":\"ListItem\",\"position\":1,\"name\":\"Home\",\"item\":\"https:\\\/\\\/emecr.org\\\/\"},{\"@type\":\"ListItem\",\"position\":2,\"name\":\"Accessibility and Disclaimer\"}]},{\"@type\":\"WebSite\",\"@id\":\"https:\\\/\\\/emecr.org\\\/#website\",\"url\":\"https:\\\/\\\/emecr.org\\\/\",\"name\":\"Equitable Medicaid and Clinical Research\",\"description\":\"Every Life Matters\",\"publisher\":{\"@id\":\"https:\\\/\\\/emecr.org\\\/#organization\"},\"alternateName\":\"EMCR\",\"potentialAction\":[{\"@type\":\"SearchAction\",\"target\":{\"@type\":\"EntryPoint\",\"urlTemplate\":\"https:\\\/\\\/emecr.org\\\/?s={search_term_string}\"},\"query-input\":{\"@type\":\"PropertyValueSpecification\",\"valueRequired\":true,\"valueName\":\"search_term_string\"}}],\"inLanguage\":\"it-IT\"},{\"@type\":\"Organization\",\"@id\":\"https:\\\/\\\/emecr.org\\\/#organization\",\"name\":\"Equitable Medicaid and Clinical Research\",\"alternateName\":\"EMCR\",\"url\":\"https:\\\/\\\/emecr.org\\\/\",\"logo\":{\"@type\":\"ImageObject\",\"inLanguage\":\"it-IT\",\"@id\":\"https:\\\/\\\/emecr.org\\\/#\\\/schema\\\/logo\\\/image\\\/\",\"url\":\"https:\\\/\\\/emecr.org\\\/wp-content\\\/uploads\\\/2025\\\/03\\\/logo.png\",\"contentUrl\":\"https:\\\/\\\/emecr.org\\\/wp-content\\\/uploads\\\/2025\\\/03\\\/logo.png\",\"width\":1500,\"height\":867,\"caption\":\"Equitable Medicaid and Clinical Research\"},\"image\":{\"@id\":\"https:\\\/\\\/emecr.org\\\/#\\\/schema\\\/logo\\\/image\\\/\"},\"sameAs\":[\"https:\\\/\\\/www.facebook.com\\\/hq.emecr\",\"https:\\\/\\\/x.com\\\/hq_emecr\",\"https:\\\/\\\/www.instagram.com\\\/hq.emcr\\\/\",\"https:\\\/\\\/linkedin.com\\\/company\\\/hq-emecr\",\"http:\\\/\\\/www.youtube.com\\\/@hq_emecr\",\"https:\\\/\\\/www.tiktok.com\\\/@hq_emcr\"],\"description\":\"Equitable Medicaid and Clinical Research is a women-led non-profit organization that focuses on providing equal access to healthcare for economically disadvantaged populations, especially in rural and underserved communities, regardless of background, income levels, or geographical location. Founded on the belief that everyone deserves equitable access to quality medical services, we strive to bridge the gap in healthcare disparities. Our technology-driven approach helps deepen access to primary healthcare in hard-to-reach and neglected regions. Clinical research is at the heart of our mission. We conduct studies that support the development of safe and effective medicines and treatments. Through these efforts, we work to improve public health and strengthen healthcare access for communities across Africa and around the world.\",\"email\":\"info@emecr.org\",\"telephone\":\"+234806-2491-386\",\"legalName\":\"Equitable Medicaid and Clinical Research Ltd\\\/Gte\",\"foundingDate\":\"2024-05-06\",\"numberOfEmployees\":{\"@type\":\"QuantitativeValue\",\"minValue\":\"51\",\"maxValue\":\"200\"}}]}<\/script>\n<!-- \/ Yoast SEO Premium plugin. -->","yoast_head_json":{"title":"Accessibility and Disclaimer &#8226; Equitable Medicaid and Clinical Research","robots":{"index":"index","follow":"follow","max-snippet":"max-snippet:-1","max-image-preview":"max-image-preview:large","max-video-preview":"max-video-preview:-1"},"canonical":"https:\/\/emecr.org\/it\/accessibility-and-disclaimer\/","og_locale":"it_IT","og_type":"article","og_title":"Accessibility and Disclaimer","og_description":"WEB ACCESSIBILITY STATEMENT AND DISCLAIMER Last updated June 12, 2024 At Equitable Medicaid and Clinical Research (EMECR), we are committed to ensuring that our website is accessible to everyone. We [&hellip;]","og_url":"https:\/\/emecr.org\/it\/accessibility-and-disclaimer\/","og_site_name":"Equitable Medicaid and Clinical Research","article_publisher":"https:\/\/www.facebook.com\/hq.emecr","article_modified_time":"2024-08-23T14:30:30+00:00","twitter_card":"summary_large_image","twitter_site":"@hq_emecr","twitter_misc":{"Tempo di lettura stimato":"3 minuti"},"schema":{"@context":"https:\/\/schema.org","@graph":[{"@type":"WebPage","@id":"https:\/\/emecr.org\/accessibility-and-disclaimer\/","url":"https:\/\/emecr.org\/accessibility-and-disclaimer\/","name":"Accessibility and Disclaimer &#8226; Equitable Medicaid and Clinical Research","isPartOf":{"@id":"https:\/\/emecr.org\/#website"},"datePublished":"2024-06-12T16:51:13+00:00","dateModified":"2024-08-23T14:30:30+00:00","breadcrumb":{"@id":"https:\/\/emecr.org\/accessibility-and-disclaimer\/#breadcrumb"},"inLanguage":"it-IT","potentialAction":[{"@type":"ReadAction","target":["https:\/\/emecr.org\/accessibility-and-disclaimer\/"]}]},{"@type":"BreadcrumbList","@id":"https:\/\/emecr.org\/accessibility-and-disclaimer\/#breadcrumb","itemListElement":[{"@type":"ListItem","position":1,"name":"Home","item":"https:\/\/emecr.org\/"},{"@type":"ListItem","position":2,"name":"Accessibility and Disclaimer"}]},{"@type":"WebSite","@id":"https:\/\/emecr.org\/#website","url":"https:\/\/emecr.org\/","name":"Medicaid equo e ricerca clinica","description":"Ogni vita \u00e8 importante","publisher":{"@id":"https:\/\/emecr.org\/#organization"},"alternateName":"EMCR","potentialAction":[{"@type":"SearchAction","target":{"@type":"EntryPoint","urlTemplate":"https:\/\/emecr.org\/?s={search_term_string}"},"query-input":{"@type":"PropertyValueSpecification","valueRequired":true,"valueName":"search_term_string"}}],"inLanguage":"it-IT"},{"@type":"Organization","@id":"https:\/\/emecr.org\/#organization","name":"Medicaid equo e ricerca clinica","alternateName":"EMCR","url":"https:\/\/emecr.org\/","logo":{"@type":"ImageObject","inLanguage":"it-IT","@id":"https:\/\/emecr.org\/#\/schema\/logo\/image\/","url":"https:\/\/emecr.org\/wp-content\/uploads\/2025\/03\/logo.png","contentUrl":"https:\/\/emecr.org\/wp-content\/uploads\/2025\/03\/logo.png","width":1500,"height":867,"caption":"Equitable Medicaid and Clinical Research"},"image":{"@id":"https:\/\/emecr.org\/#\/schema\/logo\/image\/"},"sameAs":["https:\/\/www.facebook.com\/hq.emecr","https:\/\/x.com\/hq_emecr","https:\/\/www.instagram.com\/hq.emcr\/","https:\/\/linkedin.com\/company\/hq-emecr","http:\/\/www.youtube.com\/@hq_emecr","https:\/\/www.tiktok.com\/@hq_emcr"],"description":"Equitable Medicaid and Clinical Research is a women-led non-profit organization that focuses on providing equal access to healthcare for economically disadvantaged populations, especially in rural and underserved communities, regardless of background, income levels, or geographical location. Founded on the belief that everyone deserves equitable access to quality medical services, we strive to bridge the gap in healthcare disparities. Our technology-driven approach helps deepen access to primary healthcare in hard-to-reach and neglected regions. Clinical research is at the heart of our mission. We conduct studies that support the development of safe and effective medicines and treatments. Through these efforts, we work to improve public health and strengthen healthcare access for communities across Africa and around the world.","email":"info@emecr.org","telephone":"+234806-2491-386","legalName":"Equitable Medicaid and Clinical Research Ltd\/Gte","foundingDate":"2024-05-06","numberOfEmployees":{"@type":"QuantitativeValue","minValue":"51","maxValue":"200"}}]}},"_links":{"self":[{"href":"https:\/\/emecr.org\/it\/wp-json\/wp\/v2\/pages\/28589","targetHints":{"allow":["GET"]}}],"collection":[{"href":"https:\/\/emecr.org\/it\/wp-json\/wp\/v2\/pages"}],"about":[{"href":"https:\/\/emecr.org\/it\/wp-json\/wp\/v2\/types\/page"}],"author":[{"embeddable":true,"href":"https:\/\/emecr.org\/it\/wp-json\/wp\/v2\/users\/1"}],"replies":[{"embeddable":true,"href":"https:\/\/emecr.org\/it\/wp-json\/wp\/v2\/comments?post=28589"}],"version-history":[{"count":0,"href":"https:\/\/emecr.org\/it\/wp-json\/wp\/v2\/pages\/28589\/revisions"}],"wp:attachment":[{"href":"https:\/\/emecr.org\/it\/wp-json\/wp\/v2\/media?parent=28589"}],"curies":[{"name":"wp","href":"https:\/\/api.w.org\/{rel}","templated":true}]}}