{"id":12152,"date":"2023-12-16T11:35:56","date_gmt":"2023-12-16T11:35:56","guid":{"rendered":"https:\/\/emecr.org\/?page_id=12152"},"modified":"2024-08-25T11:14:05","modified_gmt":"2024-08-25T11:14:05","slug":"reporting-scams","status":"publish","type":"page","link":"https:\/\/emecr.org\/pt\/reporting-scams\/","title":{"rendered":"Denunciar fraudes"},"content":{"rendered":"<div data-elementor-type=\"wp-page\" data-elementor-id=\"12152\" class=\"elementor elementor-12152\" data-elementor-post-type=\"page\">\n\t\t\t\t<div class=\"elementor-element elementor-element-8a50617 e-flex e-con-boxed e-con e-parent\" data-id=\"8a50617\" data-element_type=\"container\" data-e-type=\"container\" data-settings=\"{&quot;ekit_has_onepagescroll_dot&quot;:&quot;yes&quot;}\">\n\t\t\t\t\t<div class=\"e-con-inner\">\n\t\t<div class=\"elementor-element elementor-element-117d68d e-con-full e-flex e-con e-child\" data-id=\"117d68d\" data-element_type=\"container\" data-e-type=\"container\" data-settings=\"{&quot;ekit_has_onepagescroll_dot&quot;:&quot;yes&quot;}\">\n\t\t\t\t<div class=\"elementor-element elementor-element-0d73eeb elementor-widget elementor-widget-image\" data-id=\"0d73eeb\" data-element_type=\"widget\" data-e-type=\"widget\" data-settings=\"{&quot;ekit_we_effect_on&quot;:&quot;none&quot;}\" data-widget_type=\"image.default\">\n\t\t\t\t<div class=\"elementor-widget-container\">\n\t\t\t\t\t\t\t\t\t\t\t\t\t\t\t<img fetchpriority=\"high\" decoding=\"async\" width=\"800\" height=\"722\" src=\"https:\/\/emecr.org\/wp-content\/uploads\/2024\/06\/scams-alerts-1024x924.png\" class=\"attachment-large size-large wp-image-27949\" alt=\"\" srcset=\"https:\/\/emecr.org\/wp-content\/uploads\/2024\/06\/scams-alerts-1024x924.png 1024w, https:\/\/emecr.org\/wp-content\/uploads\/2024\/06\/scams-alerts-600x541.png 600w, https:\/\/emecr.org\/wp-content\/uploads\/2024\/06\/scams-alerts-300x271.png 300w, https:\/\/emecr.org\/wp-content\/uploads\/2024\/06\/scams-alerts-768x693.png 768w, https:\/\/emecr.org\/wp-content\/uploads\/2024\/06\/scams-alerts-1536x1385.png 1536w, https:\/\/emecr.org\/wp-content\/uploads\/2024\/06\/scams-alerts.png 2000w\" sizes=\"(max-width: 800px) 100vw, 800px\" \/>\t\t\t\t\t\t\t\t\t\t\t\t\t\t\t<\/div>\n\t\t\t\t<\/div>\n\t\t\t\t<\/div>\n\t\t<div class=\"elementor-element elementor-element-56602a6 e-con-full e-flex e-con e-child\" data-id=\"56602a6\" data-element_type=\"container\" data-e-type=\"container\" data-settings=\"{&quot;ekit_has_onepagescroll_dot&quot;:&quot;yes&quot;}\">\n\t\t\t\t<div class=\"elementor-element elementor-element-2d82202 elementor-widget__width-initial elementor-widget elementor-widget-elementskit-heading\" data-id=\"2d82202\" data-element_type=\"widget\" data-e-type=\"widget\" data-settings=\"{&quot;ekit_we_effect_on&quot;:&quot;none&quot;}\" data-widget_type=\"elementskit-heading.default\">\n\t\t\t\t<div class=\"elementor-widget-container\">\n\t\t\t\t\t<div class=\"ekit-wid-con\" ><div class=\"ekit-heading elementskit-section-title-wraper text_left   ekit_heading_tablet-   ekit_heading_mobile-\"><h2 class=\"ekit-heading--title elementskit-section-title\">Prevenir actividades fraudulentas e denunciar burlas<\/h2>\t\t\t\t<div class='ekit-heading__description'>\n\t\t\t\t\t<p><strong>Mantemos os mais elevados padr\u00f5es de integridade e de prote\u00e7\u00e3o do bem-estar da nossa comunidade. Infelizmente, os burl\u00f5es podem tentar explorar o nosso nome para actividades fraudulentas. <\/strong><\/p>\n<p><strong>Esta p\u00e1gina serve de guia sobre como identificar e denunciar fraudes relacionadas connosco.<\/strong><\/p>\n\t\t\t\t<\/div>\n\t\t\t<\/div><\/div>\t\t\t\t<\/div>\n\t\t\t\t<\/div>\n\t\t\t\t<div class=\"elementor-element elementor-element-d3db287 elementor-align-left elementor-widget elementor-widget-elementskit-button\" data-id=\"d3db287\" data-element_type=\"widget\" data-e-type=\"widget\" data-settings=\"{&quot;ekit_we_effect_on&quot;:&quot;none&quot;}\" data-widget_type=\"elementskit-button.default\">\n\t\t\t\t<div class=\"elementor-widget-container\">\n\t\t\t\t\t<div class=\"ekit-wid-con\" >\t\t<div class=\"ekit-btn-wraper\">\n\t\t\t\t\t\t\t<a href=\"https:\/\/emecr.org\/pt\/contact\/\" class=\"elementskit-btn  whitespace--normal\" id=\"\">\n\t\t\t\t\t<i class=\"tsicon tsicon-caution\"><\/i>RELAT\u00d3RIO AGORA\t\t\t\t<\/a>\n\t\t\t\t\t<\/div>\n        <\/div>\t\t\t\t<\/div>\n\t\t\t\t<\/div>\n\t\t\t\t<\/div>\n\t\t\t\t\t<\/div>\n\t\t\t\t<\/div>\n\t\t<div class=\"elementor-element elementor-element-42061e8 e-flex e-con-boxed e-con e-parent\" data-id=\"42061e8\" data-element_type=\"container\" data-e-type=\"container\" data-settings=\"{&quot;ekit_has_onepagescroll_dot&quot;:&quot;yes&quot;}\">\n\t\t\t\t\t<div class=\"e-con-inner\">\n\t\t\t\t<div class=\"elementor-element elementor-element-176f232 elementor-widget__width-initial elementor-widget elementor-widget-elementskit-heading\" data-id=\"176f232\" data-element_type=\"widget\" data-e-type=\"widget\" data-settings=\"{&quot;ekit_we_effect_on&quot;:&quot;none&quot;}\" data-widget_type=\"elementskit-heading.default\">\n\t\t\t\t<div class=\"elementor-widget-container\">\n\t\t\t\t\t<div class=\"ekit-wid-con\" ><div class=\"ekit-heading elementskit-section-title-wraper text_left   ekit_heading_tablet-   ekit_heading_mobile-\"><h2 class=\"ekit-heading--title elementskit-section-title\">Identificar potenciais burlas<\/h2><\/div><\/div>\t\t\t\t<\/div>\n\t\t\t\t<\/div>\n\t\t\t\t\t<\/div>\n\t\t\t\t<\/div>\n\t\t<div class=\"elementor-element elementor-element-e3b206a e-flex e-con-boxed e-con e-parent\" data-id=\"e3b206a\" data-element_type=\"container\" data-e-type=\"container\" data-settings=\"{&quot;ekit_has_onepagescroll_dot&quot;:&quot;yes&quot;}\">\n\t\t\t\t\t<div class=\"e-con-inner\">\n\t\t<div class=\"elementor-element elementor-element-d2e1285 e-con-full e-flex e-con e-child\" data-id=\"d2e1285\" data-element_type=\"container\" data-e-type=\"container\" data-settings=\"{&quot;ekit_has_onepagescroll_dot&quot;:&quot;yes&quot;}\">\n\t\t\t\t<div class=\"elementor-element elementor-element-69590fd elementor-widget__width-initial elementor-widget elementor-widget-text-editor\" data-id=\"69590fd\" data-element_type=\"widget\" data-e-type=\"widget\" data-settings=\"{&quot;ekit_we_effect_on&quot;:&quot;none&quot;}\" data-widget_type=\"text-editor.default\">\n\t\t\t\t<div class=\"elementor-widget-container\">\n\t\t\t\t\t\t\t\t\t<p><strong>\u00c9 importante manter-se vigilante e reconhecer potenciais burlas. Seja cauteloso se encontrar:<\/strong><\/p><ul><li><strong>Comunica\u00e7\u00e3o n\u00e3o solicitada: Nunca o contactaremos de forma inesperada, especialmente atrav\u00e9s de e-mails, chamadas ou mensagens n\u00e3o solicitadas.<\/strong><\/li><li><strong>Pedidos de informa\u00e7\u00f5es pessoais: A EMECR nunca solicitar\u00e1 informa\u00e7\u00f5es pessoais sens\u00edveis, tais como palavras-passe ou dados financeiros, atrav\u00e9s de canais n\u00e3o seguros.<\/strong><\/li><li><strong>Pedidos de pagamento: N\u00e3o solicitamos o pagamento de servi\u00e7os atrav\u00e9s de m\u00e9todos n\u00e3o convencionais, tais como cart\u00f5es de oferta ou transfer\u00eancias electr\u00f3nicas.<\/strong><\/li><li><strong>Falsa afilia\u00e7\u00e3o: Os burl\u00f5es podem alegar falsamente uma associa\u00e7\u00e3o com a EMECR. Verifique essas alega\u00e7\u00f5es contactando-nos diretamente atrav\u00e9s dos canais oficiais.<\/strong><\/li><\/ul><h1><strong><br \/>Den\u00fancia de burlas<\/strong><\/h1><p><strong>Se suspeitar de atividade fraudulenta utilizando o nome EMECR, siga estes passos:<\/strong><\/p><p><strong>Recolher informa\u00e7\u00f5es:<br \/>Documentar todos os detalhes relevantes, tais como as informa\u00e7\u00f5es de contacto do burl\u00e3o, a natureza da burla e qualquer comunica\u00e7\u00e3o recebida. Comunique a burla \u00e0 EMECR, enviando-nos um e-mail para\u00a0<a href=\"mailto:scams@emecr.org\" target=\"_new\">scams@emecr.org<\/a>. Incluir as informa\u00e7\u00f5es recolhidas para ajudar a nossa investiga\u00e7\u00e3o.<\/strong><\/p><h1><strong>Aplica\u00e7\u00e3o da lei<\/strong><\/h1><p><strong><br \/>Se acredita ter sido v\u00edtima de uma burla, contacte a autoridade policial local e forne\u00e7a-lhe os detalhes do incidente. Denuncie as burlas em linha \u00e0s ag\u00eancias de combate ao crime na Internet, como a EFCC e o Internet Crime Complaint Center (IC3).<\/strong><\/p><h1><strong>Prevenir as burlas<\/strong><\/h1><p><strong>Proteja-se a si e aos outros seguindo estas medidas preventivas:<\/strong><\/p><p><strong>Verificar a comunica\u00e7\u00e3o e a transa\u00e7\u00e3o segura<br \/>Em caso de d\u00favida, confirme a autenticidade das comunica\u00e7\u00f5es da EMECR contactando os canais oficiais. A sua dilig\u00eancia garante uma intera\u00e7\u00e3o segura e protege contra potenciais burlas. Efectue pagamentos apenas atrav\u00e9s de m\u00e9todos seguros e respeit\u00e1veis. A EMECR nunca solicitar\u00e1 pagamentos atrav\u00e9s de meios n\u00e3o convencionais.<\/strong><\/p><h1><strong>Educar-se a si pr\u00f3prio<\/strong><\/h1><p><strong>Mantenha-se informado sobre as burlas mais comuns e tenha cuidado ao partilhar informa\u00e7\u00f5es pessoais em linha.<\/strong><br \/><strong>Utilizar os canais oficiais:<br \/>Realizar neg\u00f3cios oficiais com a EMECR atrav\u00e9s do nosso s\u00edtio Web oficial (<a href=\"https:\/\/emecr.org\/pt\/\" target=\"_new\">https:\/\/emecr.org<\/a>) e canais de comunica\u00e7\u00e3o verificados. Se tiver quaisquer preocupa\u00e7\u00f5es ou perguntas sobre potenciais burlas, contacte-nos atrav\u00e9s de\u00a0<a href=\"mailto:scams@emecr.org\" target=\"_new\">scams@emecr.org<\/a>A sua vigil\u00e2ncia ajuda-nos a manter um ambiente seguro para a nossa comunidade.<\/strong><\/p>\t\t\t\t\t\t\t\t<\/div>\n\t\t\t\t<\/div>\n\t\t\t\t<\/div>\n\t\t<div class=\"elementor-element elementor-element-7b9a2f9 e-con-full e-flex e-con e-child\" data-id=\"7b9a2f9\" data-element_type=\"container\" data-e-type=\"container\" data-settings=\"{&quot;ekit_has_onepagescroll_dot&quot;:&quot;yes&quot;}\">\n\t\t\t\t<div class=\"elementor-element elementor-element-f190426 elementor-widget elementor-widget-video\" data-id=\"f190426\" data-element_type=\"widget\" data-e-type=\"widget\" data-settings=\"{&quot;youtube_url&quot;:&quot;https:\\\/\\\/www.youtube.com\\\/watch?v=HxySrSbSY7o&quot;,&quot;video_type&quot;:&quot;youtube&quot;,&quot;controls&quot;:&quot;yes&quot;,&quot;ekit_we_effect_on&quot;:&quot;none&quot;}\" data-widget_type=\"video.default\">\n\t\t\t\t<div class=\"elementor-widget-container\">\n\t\t\t\t\t\t\t<div class=\"elementor-wrapper elementor-open-inline\">\n\t\t\t<div class=\"elementor-video\"><\/div>\t\t<\/div>\n\t\t\t\t\t\t<\/div>\n\t\t\t\t<\/div>\n\t\t\t\t<div class=\"elementor-element elementor-element-b630e11 elementor-widget-divider--separator-type-pattern elementor-widget-divider--view-line elementor-widget elementor-widget-divider\" data-id=\"b630e11\" data-element_type=\"widget\" data-e-type=\"widget\" data-settings=\"{&quot;ekit_we_effect_on&quot;:&quot;none&quot;}\" data-widget_type=\"divider.default\">\n\t\t\t\t<div class=\"elementor-widget-container\">\n\t\t\t\t\t\t\t<div class=\"elementor-divider\" style=\"--divider-pattern-url: url(&quot;data:image\/svg+xml,%3Csvg xmlns=&#039;http:\/\/www.w3.org\/2000\/svg&#039; preserveAspectRatio=&#039;none&#039; overflow=&#039;visible&#039; height=&#039;100%&#039; viewBox=&#039;0 0 24 24&#039; fill=&#039;none&#039; stroke=&#039;black&#039; stroke-width=&#039;1&#039; stroke-linecap=&#039;square&#039; stroke-miterlimit=&#039;10&#039;%3E%3Cpolyline points=&#039;0,18 12,6 24,18 &#039;\/%3E%3C\/svg%3E&quot;);\">\n\t\t\t<span class=\"elementor-divider-separator\">\n\t\t\t\t\t\t<\/span>\n\t\t<\/div>\n\t\t\t\t\t\t<\/div>\n\t\t\t\t<\/div>\n\t\t\t\t<div class=\"elementor-element elementor-element-51624d4 elementor-widget__width-initial elementor-widget elementor-widget-elementskit-heading\" data-id=\"51624d4\" data-element_type=\"widget\" data-e-type=\"widget\" data-settings=\"{&quot;ekit_we_effect_on&quot;:&quot;none&quot;}\" data-widget_type=\"elementskit-heading.default\">\n\t\t\t\t<div class=\"elementor-widget-container\">\n\t\t\t\t\t<div class=\"ekit-wid-con\" ><div class=\"ekit-heading elementskit-section-title-wraper text_left   ekit_heading_tablet-   ekit_heading_mobile-\"><h3 class=\"elementskit-section-subtitle\">\n\t\t\t\t\t\tSugest\u00f5es de v\u00eddeo\n\t\t\t\t\t<\/h3><h2 class=\"ekit-heading--title elementskit-section-title\">Seguran\u00e7a online<\/h2><\/div><\/div>\t\t\t\t<\/div>\n\t\t\t\t<\/div>\n\t\t\t\t<\/div>\n\t\t\t\t\t<\/div>\n\t\t\t\t<\/div>\n\t\t\t\t<\/div>","protected":false},"excerpt":{"rendered":"<p>Preventing fraudulent Activities and Reporting Scams We maintain the highest standards of integrity and protecting the well-being of our community. Unfortunately, scammers may attempt to exploit our name for fraudulent [&hellip;]<\/p>\n","protected":false},"author":1,"featured_media":0,"parent":0,"menu_order":0,"comment_status":"closed","ping_status":"closed","template":"elementor_header_footer","meta":{"rs_blank_template":"","rs_page_bg_color":"","slide_template_v7":"","footnotes":""},"class_list":["post-12152","page","type-page","status-publish","hentry"],"yoast_head":"<!-- This site is optimized with the Yoast SEO Premium plugin v27.1 (Yoast SEO v27.5) - https:\/\/yoast.com\/product\/yoast-seo-premium-wordpress\/ -->\n<title>Reporting scams &#8226; Equitable Medicaid and Clinical Research<\/title>\n<meta name=\"robots\" content=\"index, follow, max-snippet:-1, max-image-preview:large, max-video-preview:-1\" \/>\n<link rel=\"canonical\" href=\"https:\/\/emecr.org\/pt\/reporting-scams\/\" \/>\n<meta property=\"og:locale\" content=\"pt_PT\" \/>\n<meta property=\"og:type\" content=\"article\" \/>\n<meta property=\"og:title\" content=\"Reporting scams\" \/>\n<meta property=\"og:description\" content=\"Preventing fraudulent Activities and Reporting Scams We maintain the highest standards of integrity and protecting the well-being of our community. Unfortunately, scammers may attempt to exploit our name for fraudulent [&hellip;]\" \/>\n<meta property=\"og:url\" content=\"https:\/\/emecr.org\/pt\/reporting-scams\/\" \/>\n<meta property=\"og:site_name\" content=\"Equitable Medicaid and Clinical Research\" \/>\n<meta property=\"article:publisher\" content=\"https:\/\/www.facebook.com\/hq.emecr\" \/>\n<meta property=\"article:modified_time\" content=\"2024-08-25T11:14:05+00:00\" \/>\n<meta property=\"og:image\" content=\"https:\/\/emecr.org\/wp-content\/uploads\/2024\/06\/scams-alerts.png\" \/>\n\t<meta property=\"og:image:width\" content=\"2000\" \/>\n\t<meta property=\"og:image:height\" content=\"1804\" \/>\n\t<meta property=\"og:image:type\" content=\"image\/png\" \/>\n<meta name=\"twitter:card\" content=\"summary_large_image\" \/>\n<meta name=\"twitter:site\" content=\"@hq_emecr\" \/>\n<meta name=\"twitter:label1\" content=\"Tempo estimado de leitura\" \/>\n\t<meta name=\"twitter:data1\" content=\"2 minutos\" \/>\n<script type=\"application\/ld+json\" class=\"yoast-schema-graph\">{\"@context\":\"https:\\\/\\\/schema.org\",\"@graph\":[{\"@type\":\"WebPage\",\"@id\":\"https:\\\/\\\/emecr.org\\\/reporting-scams\\\/\",\"url\":\"https:\\\/\\\/emecr.org\\\/reporting-scams\\\/\",\"name\":\"Reporting scams &#8226; Equitable Medicaid and Clinical Research\",\"isPartOf\":{\"@id\":\"https:\\\/\\\/emecr.org\\\/#website\"},\"primaryImageOfPage\":{\"@id\":\"https:\\\/\\\/emecr.org\\\/reporting-scams\\\/#primaryimage\"},\"image\":{\"@id\":\"https:\\\/\\\/emecr.org\\\/reporting-scams\\\/#primaryimage\"},\"thumbnailUrl\":\"https:\\\/\\\/emecr.org\\\/wp-content\\\/uploads\\\/2024\\\/06\\\/scams-alerts-1024x924.png\",\"datePublished\":\"2023-12-16T11:35:56+00:00\",\"dateModified\":\"2024-08-25T11:14:05+00:00\",\"breadcrumb\":{\"@id\":\"https:\\\/\\\/emecr.org\\\/reporting-scams\\\/#breadcrumb\"},\"inLanguage\":\"pt-PT\",\"potentialAction\":[{\"@type\":\"ReadAction\",\"target\":[\"https:\\\/\\\/emecr.org\\\/reporting-scams\\\/\"]}]},{\"@type\":\"ImageObject\",\"inLanguage\":\"pt-PT\",\"@id\":\"https:\\\/\\\/emecr.org\\\/reporting-scams\\\/#primaryimage\",\"url\":\"https:\\\/\\\/emecr.org\\\/wp-content\\\/uploads\\\/2024\\\/06\\\/scams-alerts-1024x924.png\",\"contentUrl\":\"https:\\\/\\\/emecr.org\\\/wp-content\\\/uploads\\\/2024\\\/06\\\/scams-alerts-1024x924.png\"},{\"@type\":\"BreadcrumbList\",\"@id\":\"https:\\\/\\\/emecr.org\\\/reporting-scams\\\/#breadcrumb\",\"itemListElement\":[{\"@type\":\"ListItem\",\"position\":1,\"name\":\"Home\",\"item\":\"https:\\\/\\\/emecr.org\\\/\"},{\"@type\":\"ListItem\",\"position\":2,\"name\":\"Reporting scams\"}]},{\"@type\":\"WebSite\",\"@id\":\"https:\\\/\\\/emecr.org\\\/#website\",\"url\":\"https:\\\/\\\/emecr.org\\\/\",\"name\":\"Equitable Medicaid and Clinical Research\",\"description\":\"Every Life Matters\",\"publisher\":{\"@id\":\"https:\\\/\\\/emecr.org\\\/#organization\"},\"alternateName\":\"EMCR\",\"potentialAction\":[{\"@type\":\"SearchAction\",\"target\":{\"@type\":\"EntryPoint\",\"urlTemplate\":\"https:\\\/\\\/emecr.org\\\/?s={search_term_string}\"},\"query-input\":{\"@type\":\"PropertyValueSpecification\",\"valueRequired\":true,\"valueName\":\"search_term_string\"}}],\"inLanguage\":\"pt-PT\"},{\"@type\":\"Organization\",\"@id\":\"https:\\\/\\\/emecr.org\\\/#organization\",\"name\":\"Equitable Medicaid and Clinical Research\",\"alternateName\":\"EMCR\",\"url\":\"https:\\\/\\\/emecr.org\\\/\",\"logo\":{\"@type\":\"ImageObject\",\"inLanguage\":\"pt-PT\",\"@id\":\"https:\\\/\\\/emecr.org\\\/#\\\/schema\\\/logo\\\/image\\\/\",\"url\":\"https:\\\/\\\/emecr.org\\\/wp-content\\\/uploads\\\/2025\\\/03\\\/logo.png\",\"contentUrl\":\"https:\\\/\\\/emecr.org\\\/wp-content\\\/uploads\\\/2025\\\/03\\\/logo.png\",\"width\":1500,\"height\":867,\"caption\":\"Equitable Medicaid and Clinical Research\"},\"image\":{\"@id\":\"https:\\\/\\\/emecr.org\\\/#\\\/schema\\\/logo\\\/image\\\/\"},\"sameAs\":[\"https:\\\/\\\/www.facebook.com\\\/hq.emecr\",\"https:\\\/\\\/x.com\\\/hq_emecr\",\"https:\\\/\\\/www.instagram.com\\\/hq.emcr\\\/\",\"https:\\\/\\\/linkedin.com\\\/company\\\/hq-emecr\",\"http:\\\/\\\/www.youtube.com\\\/@hq_emecr\",\"https:\\\/\\\/www.tiktok.com\\\/@hq_emcr\"],\"description\":\"Equitable Medicaid and Clinical Research is a women-led non-profit organization that focuses on providing equal access to healthcare for economically disadvantaged populations, especially in rural and underserved communities, regardless of background, income levels, or geographical location. Founded on the belief that everyone deserves equitable access to quality medical services, we strive to bridge the gap in healthcare disparities. Our technology-driven approach helps deepen access to primary healthcare in hard-to-reach and neglected regions. Clinical research is at the heart of our mission. We conduct studies that support the development of safe and effective medicines and treatments. Through these efforts, we work to improve public health and strengthen healthcare access for communities across Africa and around the world.\",\"email\":\"info@emecr.org\",\"telephone\":\"+234806-2491-386\",\"legalName\":\"Equitable Medicaid and Clinical Research Ltd\\\/Gte\",\"foundingDate\":\"2024-05-06\",\"numberOfEmployees\":{\"@type\":\"QuantitativeValue\",\"minValue\":\"51\",\"maxValue\":\"200\"}}]}<\/script>\n<!-- \/ Yoast SEO Premium plugin. -->","yoast_head_json":{"title":"Reporting scams &#8226; Equitable Medicaid and Clinical Research","robots":{"index":"index","follow":"follow","max-snippet":"max-snippet:-1","max-image-preview":"max-image-preview:large","max-video-preview":"max-video-preview:-1"},"canonical":"https:\/\/emecr.org\/pt\/reporting-scams\/","og_locale":"pt_PT","og_type":"article","og_title":"Reporting scams","og_description":"Preventing fraudulent Activities and Reporting Scams We maintain the highest standards of integrity and protecting the well-being of our community. Unfortunately, scammers may attempt to exploit our name for fraudulent [&hellip;]","og_url":"https:\/\/emecr.org\/pt\/reporting-scams\/","og_site_name":"Equitable Medicaid and Clinical Research","article_publisher":"https:\/\/www.facebook.com\/hq.emecr","article_modified_time":"2024-08-25T11:14:05+00:00","og_image":[{"width":2000,"height":1804,"url":"https:\/\/emecr.org\/wp-content\/uploads\/2024\/06\/scams-alerts.png","type":"image\/png"}],"twitter_card":"summary_large_image","twitter_site":"@hq_emecr","twitter_misc":{"Tempo estimado de leitura":"2 minutos"},"schema":{"@context":"https:\/\/schema.org","@graph":[{"@type":"WebPage","@id":"https:\/\/emecr.org\/reporting-scams\/","url":"https:\/\/emecr.org\/reporting-scams\/","name":"Reporting scams &#8226; Equitable Medicaid and Clinical Research","isPartOf":{"@id":"https:\/\/emecr.org\/#website"},"primaryImageOfPage":{"@id":"https:\/\/emecr.org\/reporting-scams\/#primaryimage"},"image":{"@id":"https:\/\/emecr.org\/reporting-scams\/#primaryimage"},"thumbnailUrl":"https:\/\/emecr.org\/wp-content\/uploads\/2024\/06\/scams-alerts-1024x924.png","datePublished":"2023-12-16T11:35:56+00:00","dateModified":"2024-08-25T11:14:05+00:00","breadcrumb":{"@id":"https:\/\/emecr.org\/reporting-scams\/#breadcrumb"},"inLanguage":"pt-PT","potentialAction":[{"@type":"ReadAction","target":["https:\/\/emecr.org\/reporting-scams\/"]}]},{"@type":"ImageObject","inLanguage":"pt-PT","@id":"https:\/\/emecr.org\/reporting-scams\/#primaryimage","url":"https:\/\/emecr.org\/wp-content\/uploads\/2024\/06\/scams-alerts-1024x924.png","contentUrl":"https:\/\/emecr.org\/wp-content\/uploads\/2024\/06\/scams-alerts-1024x924.png"},{"@type":"BreadcrumbList","@id":"https:\/\/emecr.org\/reporting-scams\/#breadcrumb","itemListElement":[{"@type":"ListItem","position":1,"name":"Home","item":"https:\/\/emecr.org\/"},{"@type":"ListItem","position":2,"name":"Reporting scams"}]},{"@type":"WebSite","@id":"https:\/\/emecr.org\/#website","url":"https:\/\/emecr.org\/","name":"Medicaid equitativo e investiga\u00e7\u00e3o cl\u00ednica","description":"Todas as vidas s\u00e3o importantes","publisher":{"@id":"https:\/\/emecr.org\/#organization"},"alternateName":"EMCR","potentialAction":[{"@type":"SearchAction","target":{"@type":"EntryPoint","urlTemplate":"https:\/\/emecr.org\/?s={search_term_string}"},"query-input":{"@type":"PropertyValueSpecification","valueRequired":true,"valueName":"search_term_string"}}],"inLanguage":"pt-PT"},{"@type":"Organization","@id":"https:\/\/emecr.org\/#organization","name":"Medicaid equitativo e investiga\u00e7\u00e3o cl\u00ednica","alternateName":"EMCR","url":"https:\/\/emecr.org\/","logo":{"@type":"ImageObject","inLanguage":"pt-PT","@id":"https:\/\/emecr.org\/#\/schema\/logo\/image\/","url":"https:\/\/emecr.org\/wp-content\/uploads\/2025\/03\/logo.png","contentUrl":"https:\/\/emecr.org\/wp-content\/uploads\/2025\/03\/logo.png","width":1500,"height":867,"caption":"Equitable Medicaid and Clinical Research"},"image":{"@id":"https:\/\/emecr.org\/#\/schema\/logo\/image\/"},"sameAs":["https:\/\/www.facebook.com\/hq.emecr","https:\/\/x.com\/hq_emecr","https:\/\/www.instagram.com\/hq.emcr\/","https:\/\/linkedin.com\/company\/hq-emecr","http:\/\/www.youtube.com\/@hq_emecr","https:\/\/www.tiktok.com\/@hq_emcr"],"description":"Equitable Medicaid and Clinical Research is a women-led non-profit organization that focuses on providing equal access to healthcare for economically disadvantaged populations, especially in rural and underserved communities, regardless of background, income levels, or geographical location. Founded on the belief that everyone deserves equitable access to quality medical services, we strive to bridge the gap in healthcare disparities. Our technology-driven approach helps deepen access to primary healthcare in hard-to-reach and neglected regions. Clinical research is at the heart of our mission. We conduct studies that support the development of safe and effective medicines and treatments. Through these efforts, we work to improve public health and strengthen healthcare access for communities across Africa and around the world.","email":"info@emecr.org","telephone":"+234806-2491-386","legalName":"Equitable Medicaid and Clinical Research Ltd\/Gte","foundingDate":"2024-05-06","numberOfEmployees":{"@type":"QuantitativeValue","minValue":"51","maxValue":"200"}}]}},"_links":{"self":[{"href":"https:\/\/emecr.org\/pt\/wp-json\/wp\/v2\/pages\/12152","targetHints":{"allow":["GET"]}}],"collection":[{"href":"https:\/\/emecr.org\/pt\/wp-json\/wp\/v2\/pages"}],"about":[{"href":"https:\/\/emecr.org\/pt\/wp-json\/wp\/v2\/types\/page"}],"author":[{"embeddable":true,"href":"https:\/\/emecr.org\/pt\/wp-json\/wp\/v2\/users\/1"}],"replies":[{"embeddable":true,"href":"https:\/\/emecr.org\/pt\/wp-json\/wp\/v2\/comments?post=12152"}],"version-history":[{"count":0,"href":"https:\/\/emecr.org\/pt\/wp-json\/wp\/v2\/pages\/12152\/revisions"}],"wp:attachment":[{"href":"https:\/\/emecr.org\/pt\/wp-json\/wp\/v2\/media?parent=12152"}],"curies":[{"name":"wp","href":"https:\/\/api.w.org\/{rel}","templated":true}]}}