{"id":13400,"date":"2024-01-02T15:59:18","date_gmt":"2024-01-02T15:59:18","guid":{"rendered":"https:\/\/emecr.org\/?page_id=13400"},"modified":"2026-02-11T00:35:51","modified_gmt":"2026-02-11T00:35:51","slug":"careers","status":"publish","type":"page","link":"https:\/\/emecr.org\/pt\/careers\/","title":{"rendered":"Carreiras"},"content":{"rendered":"\t\t<div data-elementor-type=\"wp-page\" data-elementor-id=\"13400\" class=\"elementor elementor-13400\" data-elementor-post-type=\"page\">\n\t\t\t\t\t\t<section class=\"elementor-section elementor-top-section elementor-element elementor-element-f3f922e elementor-section-boxed elementor-section-height-default elementor-section-height-default\" data-id=\"f3f922e\" data-element_type=\"section\" data-e-type=\"section\" data-settings=\"{&quot;ekit_has_onepagescroll_dot&quot;:&quot;yes&quot;}\">\n\t\t\t\t\t\t<div class=\"elementor-container elementor-column-gap-default\">\n\t\t\t\t\t<div class=\"elementor-column elementor-col-66 elementor-top-column elementor-element elementor-element-fe75251\" data-id=\"fe75251\" data-element_type=\"column\" data-e-type=\"column\">\n\t\t\t<div class=\"elementor-widget-wrap elementor-element-populated\">\n\t\t\t\t\t\t<div class=\"elementor-element elementor-element-0b32311 elementor-widget elementor-widget-image\" data-id=\"0b32311\" data-element_type=\"widget\" data-e-type=\"widget\" data-settings=\"{&quot;ekit_we_effect_on&quot;:&quot;none&quot;}\" data-widget_type=\"image.default\">\n\t\t\t\t<div class=\"elementor-widget-container\">\n\t\t\t\t\t\t\t\t\t\t\t\t\t\t\t<img fetchpriority=\"high\" decoding=\"async\" width=\"1000\" height=\"667\" src=\"https:\/\/emecr.org\/wp-content\/uploads\/2026\/02\/faqs.jpg\" class=\"attachment-full size-full wp-image-47671\" alt=\"\" srcset=\"https:\/\/emecr.org\/wp-content\/uploads\/2026\/02\/faqs.jpg 1000w, https:\/\/emecr.org\/wp-content\/uploads\/2026\/02\/faqs-300x200.jpg 300w, https:\/\/emecr.org\/wp-content\/uploads\/2026\/02\/faqs-768x512.jpg 768w, https:\/\/emecr.org\/wp-content\/uploads\/2026\/02\/faqs-18x12.jpg 18w\" sizes=\"(max-width: 1000px) 100vw, 1000px\" \/>\t\t\t\t\t\t\t\t\t\t\t\t\t\t\t<\/div>\n\t\t\t\t<\/div>\n\t\t\t\t<div class=\"elementor-element elementor-element-7b35902 elementor-widget elementor-widget-heading\" data-id=\"7b35902\" data-element_type=\"widget\" data-e-type=\"widget\" data-settings=\"{&quot;ekit_we_effect_on&quot;:&quot;none&quot;}\" data-widget_type=\"heading.default\">\n\t\t\t\t<div class=\"elementor-widget-container\">\n\t\t\t\t\t<h2 class=\"elementor-heading-title elementor-size-default\">Working with Us<\/h2>\t\t\t\t<\/div>\n\t\t\t\t<\/div>\n\t\t\t\t<div class=\"elementor-element elementor-element-7fea7be elementor-widget elementor-widget-text-editor\" data-id=\"7fea7be\" data-element_type=\"widget\" data-e-type=\"widget\" data-settings=\"{&quot;ekit_we_effect_on&quot;:&quot;none&quot;}\" data-widget_type=\"text-editor.default\">\n\t\t\t\t<div class=\"elementor-widget-container\">\n\t\t\t\t\t\t\t\t\t<div class=\"flex flex-grow flex-col max-w-full\"><div class=\"min-h-[20px] text-message flex flex-col items-start gap-3 whitespace-pre-wrap break-words [.text-message+&amp;]:mt-5 overflow-x-auto\" data-message-author-role=\"assistant\" data-message-id=\"2cb981d2-715d-4bce-aced-5ff511ca931c\"><div class=\"markdown prose w-full break-words dark:prose-invert light\"><p>We believe in building a team that represents a diverse range of backgrounds, experiences, and perspectives. We understand that diversity fosters innovation, creativity, and success, which is why we are committed to creating an inclusive work environment where everyone feels valued, respected, and empowered to bring their authentic selves to work every day.<\/p><h1>What We&#8217;re Looking For:<\/h1><p>We are seeking passionate individuals who are dedicated to making a positive impact in their work and in the world around them. Our ideal candidates are team players who thrive in a collaborative environment, possess strong communication skills, and are eager to learn and grow professionally.<\/p><p>In addition to technical skills and qualifications relevant to the position, we value traits such as empathy, adaptability, and a commitment to continuous improvement. We believe in supporting our employees\u2019 personal and professional development, providing opportunities for training, mentorship, and advancement within our organization.<\/p><\/div><\/div><\/div>\t\t\t\t\t\t\t\t<\/div>\n\t\t\t\t<\/div>\n\t\t\t\t<div class=\"elementor-element elementor-element-4b68c64 elementor-widget elementor-widget-heading\" data-id=\"4b68c64\" data-element_type=\"widget\" data-e-type=\"widget\" data-settings=\"{&quot;ekit_we_effect_on&quot;:&quot;none&quot;}\" data-widget_type=\"heading.default\">\n\t\t\t\t<div class=\"elementor-widget-container\">\n\t\t\t\t\t<h2 class=\"elementor-heading-title elementor-size-default\">Our Hiring Process<\/h2>\t\t\t\t<\/div>\n\t\t\t\t<\/div>\n\t\t\t\t<div class=\"elementor-element elementor-element-97cd5a3 elementor-widget elementor-widget-image\" data-id=\"97cd5a3\" data-element_type=\"widget\" data-e-type=\"widget\" data-settings=\"{&quot;ekit_we_effect_on&quot;:&quot;none&quot;}\" data-widget_type=\"image.default\">\n\t\t\t\t<div class=\"elementor-widget-container\">\n\t\t\t\t\t\t\t\t\t\t\t\t\t\t\t<img decoding=\"async\" width=\"800\" height=\"533\" src=\"https:\/\/emecr.org\/wp-content\/uploads\/2024\/03\/emecrhiringprocess-1024x682.png\" class=\"attachment-large size-large wp-image-19725\" alt=\"\" srcset=\"https:\/\/emecr.org\/wp-content\/uploads\/2024\/03\/emecrhiringprocess-1024x682.png 1024w, https:\/\/emecr.org\/wp-content\/uploads\/2024\/03\/emecrhiringprocess-600x399.png 600w, https:\/\/emecr.org\/wp-content\/uploads\/2024\/03\/emecrhiringprocess-300x200.png 300w, https:\/\/emecr.org\/wp-content\/uploads\/2024\/03\/emecrhiringprocess-768x511.png 768w, https:\/\/emecr.org\/wp-content\/uploads\/2024\/03\/emecrhiringprocess-1536x1022.png 1536w, https:\/\/emecr.org\/wp-content\/uploads\/2024\/03\/emecrhiringprocess-2048x1363.png 2048w\" sizes=\"(max-width: 800px) 100vw, 800px\" \/>\t\t\t\t\t\t\t\t\t\t\t\t\t\t\t<\/div>\n\t\t\t\t<\/div>\n\t\t\t\t<div class=\"elementor-element elementor-element-e0e3bb2 elementor-widget elementor-widget-text-editor\" data-id=\"e0e3bb2\" data-element_type=\"widget\" data-e-type=\"widget\" data-settings=\"{&quot;ekit_we_effect_on&quot;:&quot;none&quot;}\" data-widget_type=\"text-editor.default\">\n\t\t\t\t<div class=\"elementor-widget-container\">\n\t\t\t\t\t\t\t\t\t<div class=\"flex flex-grow flex-col max-w-full\"><div class=\"min-h-[20px] text-message flex flex-col items-start gap-3 whitespace-pre-wrap break-words [.text-message+&amp;]:mt-5 overflow-x-auto\" data-message-author-role=\"assistant\" data-message-id=\"2cb981d2-715d-4bce-aced-5ff511ca931c\"><div class=\"markdown prose w-full break-words dark:prose-invert light\"><h1>Our Inclusion and Diversity Policies<\/h1><p>We are committed to promoting an inclusive culture where all employees feel welcome, respected, and valued for who they are. We believe that diversity is not only the right thing to do, but it also drives innovation and helps us better serve our partners and communities.<\/p><p>We promote diversity and inclusion through various ways, including:<\/p><ol><li><p>Diversity Training: We provide comprehensive training to all employees to raise awareness of unconscious bias, promote cultural competency, and promote inclusive behaviours.<\/p><\/li><li><p>Employee Resource Groups (ERGs): We support ERGs that provide a forum for employees to connect, share experiences, and advocate for diversity and inclusion within our organization.<\/p><\/li><li><p>Recruiting and Hiring Practices: We are committed to recruiting and hiring a diverse workforce and strive to eliminate bias from our hiring processes. We always seek out candidates from underrepresented groups and ensure that our job postings are inclusive and welcoming to all.<\/p><\/li><li><p>Equal Opportunities: We provide equal opportunities for advancement and career development to all employees, regardless of race, ethnicity, gender, sexual orientation, disability, or any other characteristic protected by law.<\/p><\/li><\/ol><h2><strong>\u00a0<\/strong><\/h2><\/div><\/div><\/div>\t\t\t\t\t\t\t\t<\/div>\n\t\t\t\t<\/div>\n\t\t\t\t\t<\/div>\n\t\t<\/div>\n\t\t\t\t<div class=\"elementor-column elementor-col-33 elementor-top-column elementor-element elementor-element-eb92d1e\" data-id=\"eb92d1e\" data-element_type=\"column\" data-e-type=\"column\" data-settings=\"{&quot;background_background&quot;:&quot;classic&quot;}\">\n\t\t\t<div class=\"elementor-widget-wrap elementor-element-populated\">\n\t\t\t\t\t\t<div class=\"elementor-element elementor-element-9d1780e overlay-box ekit-equal-height-disable elementor-widget elementor-widget-elementskit-icon-box\" data-id=\"9d1780e\" data-element_type=\"widget\" data-e-type=\"widget\" data-settings=\"{&quot;ekit_we_effect_on&quot;:&quot;none&quot;}\" data-widget_type=\"elementskit-icon-box.default\">\n\t\t\t\t<div class=\"elementor-widget-container\">\n\t\t\t\t\t<div class=\"ekit-wid-con\" >        <!-- link opening -->\n                <!-- end link opening -->\n\n        <div class=\"elementskit-infobox text-left text-left icon-top-align elementor-animation-   image-active\">\n                    <div class=\"elementskit-box-header elementor-animation-\">\n                <div class=\"elementskit-info-box-icon  \">\n                    <i aria-hidden=\"true\" class=\"elementkit-infobox-icon icon icon-briefcase\"><\/i>\n                <\/div>\n          <\/div>\n                        <div class=\"box-body\">\n                            <h3 class=\"elementskit-info-box-title\">\n                    Join Our Team                <\/h3>\n                        \t\t  \t<p>Are you ready to take the next step in your career? Join a dynamic and inclusive working environment.<\/p>\n                                        <div class=\"box-footer disable_hover_button\">\n                    <div class=\"btn-wraper\">\n                                                            <a class=\"elementskit-btn whitespace--normal\" href=\"https:\/\/emecr.org\/section\/jobs-vacancies\/\">\n                                        Available Jobs                                    <\/a>\n                                                        <\/div>\n                <\/div>\n                    <\/div>\n        \n                    <figure class=\"image-hover\"><img decoding=\"async\" width=\"1600\" height=\"439\" src=\"https:\/\/emecr.org\/wp-content\/uploads\/2024\/02\/home-aboutus-bg.png\" class=\"attachment- size-\" alt=\"\" srcset=\"https:\/\/emecr.org\/wp-content\/uploads\/2024\/02\/home-aboutus-bg.png 1600w, https:\/\/emecr.org\/wp-content\/uploads\/2024\/02\/home-aboutus-bg-600x165.png 600w, https:\/\/emecr.org\/wp-content\/uploads\/2024\/02\/home-aboutus-bg-300x82.png 300w, https:\/\/emecr.org\/wp-content\/uploads\/2024\/02\/home-aboutus-bg-1024x281.png 1024w, https:\/\/emecr.org\/wp-content\/uploads\/2024\/02\/home-aboutus-bg-768x211.png 768w, https:\/\/emecr.org\/wp-content\/uploads\/2024\/02\/home-aboutus-bg-1536x421.png 1536w\" sizes=\"(max-width: 1600px) 100vw, 1600px\" \/><\/figure>        \n                    <div class=\"ekit-icon-box-badge ekit_position_top_left\">\n                <span class=\"ekit-badge\">We are hiring<\/span>\n            <\/div>\n                <\/div>\n        <\/div>\t\t\t\t<\/div>\n\t\t\t\t<\/div>\n\t\t\t\t\t<\/div>\n\t\t<\/div>\n\t\t\t\t\t<\/div>\n\t\t<\/section>\n\t\t\t\t<\/div>\n\t\t","protected":false},"excerpt":{"rendered":"<p>Working with Us We believe in building a team that represents a diverse range of backgrounds, experiences, and perspectives. We understand that diversity fosters innovation, creativity, and success, which is [&hellip;]<\/p>\n","protected":false},"author":1,"featured_media":0,"parent":0,"menu_order":0,"comment_status":"closed","ping_status":"closed","template":"elementor_header_footer","meta":{"rs_blank_template":"","rs_page_bg_color":"","slide_template_v7":"","footnotes":""},"class_list":["post-13400","page","type-page","status-publish","hentry"],"yoast_head":"<!-- This site is optimized with the Yoast SEO Premium plugin v27.1 (Yoast SEO v27.4) - https:\/\/yoast.com\/product\/yoast-seo-premium-wordpress\/ -->\n<title>Careers &#8226; Equitable Medicaid and Clinical Research<\/title>\n<meta name=\"robots\" content=\"index, follow, max-snippet:-1, max-image-preview:large, max-video-preview:-1\" \/>\n<link rel=\"canonical\" href=\"https:\/\/emecr.org\/pt\/careers\/\" \/>\n<meta property=\"og:locale\" content=\"pt_PT\" \/>\n<meta property=\"og:type\" content=\"article\" \/>\n<meta property=\"og:title\" content=\"Careers\" \/>\n<meta property=\"og:description\" content=\"Working with Us We believe in building a team that represents a diverse range of backgrounds, experiences, and perspectives. We understand that diversity fosters innovation, creativity, and success, which is [&hellip;]\" \/>\n<meta property=\"og:url\" content=\"https:\/\/emecr.org\/pt\/careers\/\" \/>\n<meta property=\"og:site_name\" content=\"Equitable Medicaid and Clinical Research\" \/>\n<meta property=\"article:publisher\" content=\"https:\/\/www.facebook.com\/hq.emecr\" \/>\n<meta property=\"article:modified_time\" content=\"2026-02-11T00:35:51+00:00\" \/>\n<meta property=\"og:image\" content=\"https:\/\/emecr.org\/wp-content\/uploads\/2026\/02\/faqs.jpg\" \/>\n\t<meta property=\"og:image:width\" content=\"1000\" \/>\n\t<meta property=\"og:image:height\" content=\"667\" \/>\n\t<meta property=\"og:image:type\" content=\"image\/jpeg\" \/>\n<meta name=\"twitter:card\" content=\"summary_large_image\" \/>\n<meta name=\"twitter:site\" content=\"@hq_emecr\" \/>\n<meta name=\"twitter:label1\" content=\"Tempo estimado de leitura\" \/>\n\t<meta name=\"twitter:data1\" content=\"2 minutos\" \/>\n<script type=\"application\/ld+json\" class=\"yoast-schema-graph\">{\"@context\":\"https:\\\/\\\/schema.org\",\"@graph\":[{\"@type\":\"WebPage\",\"@id\":\"https:\\\/\\\/emecr.org\\\/careers\\\/\",\"url\":\"https:\\\/\\\/emecr.org\\\/careers\\\/\",\"name\":\"Careers &#8226; Equitable Medicaid and Clinical Research\",\"isPartOf\":{\"@id\":\"https:\\\/\\\/emecr.org\\\/#website\"},\"primaryImageOfPage\":{\"@id\":\"https:\\\/\\\/emecr.org\\\/careers\\\/#primaryimage\"},\"image\":{\"@id\":\"https:\\\/\\\/emecr.org\\\/careers\\\/#primaryimage\"},\"thumbnailUrl\":\"https:\\\/\\\/emecr.org\\\/wp-content\\\/uploads\\\/2026\\\/02\\\/faqs.jpg\",\"datePublished\":\"2024-01-02T15:59:18+00:00\",\"dateModified\":\"2026-02-11T00:35:51+00:00\",\"breadcrumb\":{\"@id\":\"https:\\\/\\\/emecr.org\\\/careers\\\/#breadcrumb\"},\"inLanguage\":\"pt-PT\",\"potentialAction\":[{\"@type\":\"ReadAction\",\"target\":[\"https:\\\/\\\/emecr.org\\\/careers\\\/\"]}]},{\"@type\":\"ImageObject\",\"inLanguage\":\"pt-PT\",\"@id\":\"https:\\\/\\\/emecr.org\\\/careers\\\/#primaryimage\",\"url\":\"https:\\\/\\\/emecr.org\\\/wp-content\\\/uploads\\\/2026\\\/02\\\/faqs.jpg\",\"contentUrl\":\"https:\\\/\\\/emecr.org\\\/wp-content\\\/uploads\\\/2026\\\/02\\\/faqs.jpg\"},{\"@type\":\"BreadcrumbList\",\"@id\":\"https:\\\/\\\/emecr.org\\\/careers\\\/#breadcrumb\",\"itemListElement\":[{\"@type\":\"ListItem\",\"position\":1,\"name\":\"Home\",\"item\":\"https:\\\/\\\/emecr.org\\\/\"},{\"@type\":\"ListItem\",\"position\":2,\"name\":\"Careers\"}]},{\"@type\":\"WebSite\",\"@id\":\"https:\\\/\\\/emecr.org\\\/#website\",\"url\":\"https:\\\/\\\/emecr.org\\\/\",\"name\":\"Equitable Medicaid and Clinical Research\",\"description\":\"Every Life Matters\",\"publisher\":{\"@id\":\"https:\\\/\\\/emecr.org\\\/#organization\"},\"alternateName\":\"EMCR\",\"potentialAction\":[{\"@type\":\"SearchAction\",\"target\":{\"@type\":\"EntryPoint\",\"urlTemplate\":\"https:\\\/\\\/emecr.org\\\/?s={search_term_string}\"},\"query-input\":{\"@type\":\"PropertyValueSpecification\",\"valueRequired\":true,\"valueName\":\"search_term_string\"}}],\"inLanguage\":\"pt-PT\"},{\"@type\":\"Organization\",\"@id\":\"https:\\\/\\\/emecr.org\\\/#organization\",\"name\":\"Equitable Medicaid and Clinical Research\",\"alternateName\":\"EMCR\",\"url\":\"https:\\\/\\\/emecr.org\\\/\",\"logo\":{\"@type\":\"ImageObject\",\"inLanguage\":\"pt-PT\",\"@id\":\"https:\\\/\\\/emecr.org\\\/#\\\/schema\\\/logo\\\/image\\\/\",\"url\":\"https:\\\/\\\/emecr.org\\\/wp-content\\\/uploads\\\/2025\\\/03\\\/logo.png\",\"contentUrl\":\"https:\\\/\\\/emecr.org\\\/wp-content\\\/uploads\\\/2025\\\/03\\\/logo.png\",\"width\":1500,\"height\":867,\"caption\":\"Equitable Medicaid and Clinical Research\"},\"image\":{\"@id\":\"https:\\\/\\\/emecr.org\\\/#\\\/schema\\\/logo\\\/image\\\/\"},\"sameAs\":[\"https:\\\/\\\/www.facebook.com\\\/hq.emecr\",\"https:\\\/\\\/x.com\\\/hq_emecr\",\"https:\\\/\\\/www.instagram.com\\\/hq.emcr\\\/\",\"https:\\\/\\\/linkedin.com\\\/company\\\/hq-emecr\",\"http:\\\/\\\/www.youtube.com\\\/@hq_emecr\",\"https:\\\/\\\/www.tiktok.com\\\/@hq_emcr\"],\"description\":\"Equitable Medicaid and Clinical Research is a women-led non-profit organization that focuses on providing equal access to healthcare for economically disadvantaged populations, especially in rural and underserved communities, regardless of background, income levels, or geographical location. Founded on the belief that everyone deserves equitable access to quality medical services, we strive to bridge the gap in healthcare disparities. Our technology-driven approach helps deepen access to primary healthcare in hard-to-reach and neglected regions. Clinical research is at the heart of our mission. We conduct studies that support the development of safe and effective medicines and treatments. Through these efforts, we work to improve public health and strengthen healthcare access for communities across Africa and around the world.\",\"email\":\"info@emecr.org\",\"telephone\":\"+234806-2491-386\",\"legalName\":\"Equitable Medicaid and Clinical Research Ltd\\\/Gte\",\"foundingDate\":\"2024-05-06\",\"numberOfEmployees\":{\"@type\":\"QuantitativeValue\",\"minValue\":\"51\",\"maxValue\":\"200\"}}]}<\/script>\n<!-- \/ Yoast SEO Premium plugin. -->","yoast_head_json":{"title":"Careers &#8226; Equitable Medicaid and Clinical Research","robots":{"index":"index","follow":"follow","max-snippet":"max-snippet:-1","max-image-preview":"max-image-preview:large","max-video-preview":"max-video-preview:-1"},"canonical":"https:\/\/emecr.org\/pt\/careers\/","og_locale":"pt_PT","og_type":"article","og_title":"Careers","og_description":"Working with Us We believe in building a team that represents a diverse range of backgrounds, experiences, and perspectives. We understand that diversity fosters innovation, creativity, and success, which is [&hellip;]","og_url":"https:\/\/emecr.org\/pt\/careers\/","og_site_name":"Equitable Medicaid and Clinical Research","article_publisher":"https:\/\/www.facebook.com\/hq.emecr","article_modified_time":"2026-02-11T00:35:51+00:00","og_image":[{"width":1000,"height":667,"url":"https:\/\/emecr.org\/wp-content\/uploads\/2026\/02\/faqs.jpg","type":"image\/jpeg"}],"twitter_card":"summary_large_image","twitter_site":"@hq_emecr","twitter_misc":{"Tempo estimado de leitura":"2 minutos"},"schema":{"@context":"https:\/\/schema.org","@graph":[{"@type":"WebPage","@id":"https:\/\/emecr.org\/careers\/","url":"https:\/\/emecr.org\/careers\/","name":"Careers &#8226; Equitable Medicaid and Clinical Research","isPartOf":{"@id":"https:\/\/emecr.org\/#website"},"primaryImageOfPage":{"@id":"https:\/\/emecr.org\/careers\/#primaryimage"},"image":{"@id":"https:\/\/emecr.org\/careers\/#primaryimage"},"thumbnailUrl":"https:\/\/emecr.org\/wp-content\/uploads\/2026\/02\/faqs.jpg","datePublished":"2024-01-02T15:59:18+00:00","dateModified":"2026-02-11T00:35:51+00:00","breadcrumb":{"@id":"https:\/\/emecr.org\/careers\/#breadcrumb"},"inLanguage":"pt-PT","potentialAction":[{"@type":"ReadAction","target":["https:\/\/emecr.org\/careers\/"]}]},{"@type":"ImageObject","inLanguage":"pt-PT","@id":"https:\/\/emecr.org\/careers\/#primaryimage","url":"https:\/\/emecr.org\/wp-content\/uploads\/2026\/02\/faqs.jpg","contentUrl":"https:\/\/emecr.org\/wp-content\/uploads\/2026\/02\/faqs.jpg"},{"@type":"BreadcrumbList","@id":"https:\/\/emecr.org\/careers\/#breadcrumb","itemListElement":[{"@type":"ListItem","position":1,"name":"Home","item":"https:\/\/emecr.org\/"},{"@type":"ListItem","position":2,"name":"Careers"}]},{"@type":"WebSite","@id":"https:\/\/emecr.org\/#website","url":"https:\/\/emecr.org\/","name":"Medicaid equitativo e investiga\u00e7\u00e3o cl\u00ednica","description":"Todas as vidas s\u00e3o importantes","publisher":{"@id":"https:\/\/emecr.org\/#organization"},"alternateName":"EMCR","potentialAction":[{"@type":"SearchAction","target":{"@type":"EntryPoint","urlTemplate":"https:\/\/emecr.org\/?s={search_term_string}"},"query-input":{"@type":"PropertyValueSpecification","valueRequired":true,"valueName":"search_term_string"}}],"inLanguage":"pt-PT"},{"@type":"Organization","@id":"https:\/\/emecr.org\/#organization","name":"Medicaid equitativo e investiga\u00e7\u00e3o cl\u00ednica","alternateName":"EMCR","url":"https:\/\/emecr.org\/","logo":{"@type":"ImageObject","inLanguage":"pt-PT","@id":"https:\/\/emecr.org\/#\/schema\/logo\/image\/","url":"https:\/\/emecr.org\/wp-content\/uploads\/2025\/03\/logo.png","contentUrl":"https:\/\/emecr.org\/wp-content\/uploads\/2025\/03\/logo.png","width":1500,"height":867,"caption":"Equitable Medicaid and Clinical Research"},"image":{"@id":"https:\/\/emecr.org\/#\/schema\/logo\/image\/"},"sameAs":["https:\/\/www.facebook.com\/hq.emecr","https:\/\/x.com\/hq_emecr","https:\/\/www.instagram.com\/hq.emcr\/","https:\/\/linkedin.com\/company\/hq-emecr","http:\/\/www.youtube.com\/@hq_emecr","https:\/\/www.tiktok.com\/@hq_emcr"],"description":"Equitable Medicaid and Clinical Research is a women-led non-profit organization that focuses on providing equal access to healthcare for economically disadvantaged populations, especially in rural and underserved communities, regardless of background, income levels, or geographical location. Founded on the belief that everyone deserves equitable access to quality medical services, we strive to bridge the gap in healthcare disparities. Our technology-driven approach helps deepen access to primary healthcare in hard-to-reach and neglected regions. Clinical research is at the heart of our mission. We conduct studies that support the development of safe and effective medicines and treatments. Through these efforts, we work to improve public health and strengthen healthcare access for communities across Africa and around the world.","email":"info@emecr.org","telephone":"+234806-2491-386","legalName":"Equitable Medicaid and Clinical Research Ltd\/Gte","foundingDate":"2024-05-06","numberOfEmployees":{"@type":"QuantitativeValue","minValue":"51","maxValue":"200"}}]}},"_links":{"self":[{"href":"https:\/\/emecr.org\/pt\/wp-json\/wp\/v2\/pages\/13400","targetHints":{"allow":["GET"]}}],"collection":[{"href":"https:\/\/emecr.org\/pt\/wp-json\/wp\/v2\/pages"}],"about":[{"href":"https:\/\/emecr.org\/pt\/wp-json\/wp\/v2\/types\/page"}],"author":[{"embeddable":true,"href":"https:\/\/emecr.org\/pt\/wp-json\/wp\/v2\/users\/1"}],"replies":[{"embeddable":true,"href":"https:\/\/emecr.org\/pt\/wp-json\/wp\/v2\/comments?post=13400"}],"version-history":[{"count":0,"href":"https:\/\/emecr.org\/pt\/wp-json\/wp\/v2\/pages\/13400\/revisions"}],"wp:attachment":[{"href":"https:\/\/emecr.org\/pt\/wp-json\/wp\/v2\/media?parent=13400"}],"curies":[{"name":"wp","href":"https:\/\/api.w.org\/{rel}","templated":true}]}}