{"id":13488,"date":"2024-01-02T16:47:34","date_gmt":"2024-01-02T16:47:34","guid":{"rendered":"https:\/\/emecr.org\/?page_id=13488"},"modified":"2025-12-08T23:51:15","modified_gmt":"2025-12-08T23:51:15","slug":"our-story","status":"publish","type":"page","link":"https:\/\/emecr.org\/pt\/our-story\/","title":{"rendered":"A nossa hist\u00f3ria"},"content":{"rendered":"<div data-elementor-type=\"wp-page\" data-elementor-id=\"13488\" class=\"elementor elementor-13488\" data-elementor-post-type=\"page\">\n\t\t\t\t\t\t<section class=\"elementor-section elementor-top-section elementor-element elementor-element-a7284f1 elementor-section-boxed elementor-section-height-default elementor-section-height-default\" data-id=\"a7284f1\" data-element_type=\"section\" data-e-type=\"section\" data-settings=\"{&quot;ekit_has_onepagescroll_dot&quot;:&quot;yes&quot;}\">\n\t\t\t\t\t\t<div class=\"elementor-container elementor-column-gap-default\">\n\t\t\t\t\t<div class=\"elementor-column elementor-col-50 elementor-top-column elementor-element elementor-element-c653841\" data-id=\"c653841\" data-element_type=\"column\" data-e-type=\"column\">\n\t\t\t<div class=\"elementor-widget-wrap elementor-element-populated\">\n\t\t\t\t\t\t<div class=\"elementor-element elementor-element-96c8830 elementor-widget elementor-widget-image\" data-id=\"96c8830\" data-element_type=\"widget\" data-e-type=\"widget\" data-settings=\"{&quot;ekit_we_effect_on&quot;:&quot;none&quot;}\" data-widget_type=\"image.default\">\n\t\t\t\t<div class=\"elementor-widget-container\">\n\t\t\t\t\t\t\t\t\t\t\t\t\t\t\t<img fetchpriority=\"high\" decoding=\"async\" width=\"1000\" height=\"1326\" src=\"https:\/\/emecr.org\/wp-content\/uploads\/2024\/02\/FounderJOY.png\" class=\"attachment-full size-full wp-image-17772\" alt=\"Founder of Equitable Medicaid and Clinical Research\" srcset=\"https:\/\/emecr.org\/wp-content\/uploads\/2024\/02\/FounderJOY.png 1000w, https:\/\/emecr.org\/wp-content\/uploads\/2024\/02\/FounderJOY-600x796.png 600w, https:\/\/emecr.org\/wp-content\/uploads\/2024\/02\/FounderJOY-226x300.png 226w, https:\/\/emecr.org\/wp-content\/uploads\/2024\/02\/FounderJOY-772x1024.png 772w, https:\/\/emecr.org\/wp-content\/uploads\/2024\/02\/FounderJOY-768x1018.png 768w\" sizes=\"(max-width: 1000px) 100vw, 1000px\" \/>\t\t\t\t\t\t\t\t\t\t\t\t\t\t\t<\/div>\n\t\t\t\t<\/div>\n\t\t\t\t<div class=\"elementor-element elementor-element-eea7e07 elementor-widget elementor-widget-elementskit-heading\" data-id=\"eea7e07\" data-element_type=\"widget\" data-e-type=\"widget\" data-settings=\"{&quot;ekit_we_effect_on&quot;:&quot;none&quot;}\" data-widget_type=\"elementskit-heading.default\">\n\t\t\t\t<div class=\"elementor-widget-container\">\n\t\t\t\t\t<div class=\"ekit-wid-con\" ><div class=\"ekit-heading elementskit-section-title-wraper text_left   ekit_heading_tablet-   ekit_heading_mobile-\"><h2 class=\"ekit-heading--title elementskit-section-title\">Etubi, Joy OJochogwu<\/h2><h3 class=\"ekit-heading--subtitle elementskit-section-subtitle\">\n\t\t\t\t\t\tFundador\n\t\t\t\t\t<\/h3><\/div><\/div>\t\t\t\t<\/div>\n\t\t\t\t<\/div>\n\t\t\t\t<div class=\"elementor-element elementor-element-c0acf28 elementor-widget-divider--view-line elementor-widget elementor-widget-divider\" data-id=\"c0acf28\" data-element_type=\"widget\" data-e-type=\"widget\" data-settings=\"{&quot;ekit_we_effect_on&quot;:&quot;none&quot;}\" data-widget_type=\"divider.default\">\n\t\t\t\t<div class=\"elementor-widget-container\">\n\t\t\t\t\t\t\t<div class=\"elementor-divider\">\n\t\t\t<span class=\"elementor-divider-separator\">\n\t\t\t\t\t\t<\/span>\n\t\t<\/div>\n\t\t\t\t\t\t<\/div>\n\t\t\t\t<\/div>\n\t\t\t\t\t<\/div>\n\t\t<\/div>\n\t\t\t\t<div class=\"elementor-column elementor-col-50 elementor-top-column elementor-element elementor-element-26b05db\" data-id=\"26b05db\" data-element_type=\"column\" data-e-type=\"column\">\n\t\t\t<div class=\"elementor-widget-wrap elementor-element-populated\">\n\t\t\t\t\t\t<div class=\"elementor-element elementor-element-51bc681 elementor-widget__width-initial elementor-widget elementor-widget-heading\" data-id=\"51bc681\" data-element_type=\"widget\" data-e-type=\"widget\" data-settings=\"{&quot;ekit_we_effect_on&quot;:&quot;none&quot;}\" data-widget_type=\"heading.default\">\n\t\t\t\t<div class=\"elementor-widget-container\">\n\t\t\t\t\t<h2 class=\"elementor-heading-title elementor-size-default\">A nossa hist\u00f3ria de funda\u00e7\u00e3o<\/h2>\t\t\t\t<\/div>\n\t\t\t\t<\/div>\n\t\t\t\t<div class=\"elementor-element elementor-element-5a5b17b elementor-widget elementor-widget-text-editor\" data-id=\"5a5b17b\" data-element_type=\"widget\" data-e-type=\"widget\" data-settings=\"{&quot;ekit_we_effect_on&quot;:&quot;none&quot;}\" data-widget_type=\"text-editor.default\">\n\t\t\t\t<div class=\"elementor-widget-container\">\n\t\t\t\t\t\t\t\t\t<p>Na Nig\u00e9ria, o acesso a cuidados de sa\u00fade b\u00e1sicos n\u00e3o deveria ser um privil\u00e9gio, mas para muitos, parece um sonho imposs\u00edvel. Testemunh\u00e1mos esta luta em primeira m\u00e3o - as longas esperas, a falta de recursos, as escolhas desesperadas que as pessoas s\u00e3o obrigadas a fazer. O custo da desigualdade na sa\u00fade n\u00e3o \u00e9 apenas financeiro; \u00e9 pago em vidas perdidas demasiado cedo, em fam\u00edlias desfeitas por doen\u00e7as evit\u00e1veis. Esta realidade despertou algo profundo em n\u00f3s, uma determina\u00e7\u00e3o para criar mudan\u00e7as.<\/p><p>Fund\u00e1mos a Equitable Medicaid and Clinical Research Ltd\/Gte porque n\u00e3o pod\u00edamos ficar parados enquanto tantas pessoas nas nossas comunidades estavam a sofrer. Sab\u00edamos que, se n\u00e3o actu\u00e1ssemos, o ciclo de neglig\u00eancia continuaria. Doen\u00e7as que podiam ser tratadas estavam a ser deixadas a apodrecer porque a investiga\u00e7\u00e3o e os ensaios cl\u00ednicos avan\u00e7ados eram quase inexistentes no nosso pa\u00eds. Assistimos \u00e0 transforma\u00e7\u00e3o de pessoas - pessoas reais com esperan\u00e7as, sonhos e entes queridos - em estat\u00edsticas, com as suas vidas encurtadas por n\u00e3o terem acesso aos cuidados de que necessitavam.<\/p><p>Nas zonas rurais e nos bairros de lata urbanos, onde a vida quotidiana j\u00e1 \u00e9 uma luta, as crises sanit\u00e1rias s\u00e3o mais graves. Doen\u00e7as evit\u00e1veis ceifam vidas silenciosamente, e a medicina tradicional, que tem grande valor na nossa cultura, por vezes faz mais mal do que bem sem testes cl\u00ednicos adequados. Vemos esta utiliza\u00e7\u00e3o incorrecta n\u00e3o como uma falha da tradi\u00e7\u00e3o, mas como uma falha do sistema em apoiar pr\u00e1ticas seguras e eficazes.<\/p>\t\t\t\t\t\t\t\t<\/div>\n\t\t\t\t<\/div>\n\t\t\t\t\t<\/div>\n\t\t<\/div>\n\t\t\t\t\t<\/div>\n\t\t<\/section>\n\t\t\t\t<section class=\"elementor-section elementor-top-section elementor-element elementor-element-c5152b7 elementor-reverse-mobile elementor-section-boxed elementor-section-height-default elementor-section-height-default\" data-id=\"c5152b7\" data-element_type=\"section\" data-e-type=\"section\" data-settings=\"{&quot;ekit_has_onepagescroll_dot&quot;:&quot;yes&quot;}\">\n\t\t\t\t\t\t<div class=\"elementor-container elementor-column-gap-default\">\n\t\t\t\t\t<div class=\"elementor-column elementor-col-50 elementor-top-column elementor-element elementor-element-08657cd\" data-id=\"08657cd\" data-element_type=\"column\" data-e-type=\"column\">\n\t\t\t<div class=\"elementor-widget-wrap elementor-element-populated\">\n\t\t\t\t\t\t<div class=\"elementor-element elementor-element-954e35c elementor-widget elementor-widget-image\" data-id=\"954e35c\" data-element_type=\"widget\" data-e-type=\"widget\" data-settings=\"{&quot;ekit_we_effect_on&quot;:&quot;none&quot;}\" data-widget_type=\"image.default\">\n\t\t\t\t<div class=\"elementor-widget-container\">\n\t\t\t\t\t\t\t\t\t\t\t\t\t\t\t<img decoding=\"async\" width=\"1000\" height=\"1326\" src=\"https:\/\/emecr.org\/wp-content\/uploads\/2024\/02\/cofounderKD.png\" class=\"attachment-full size-full wp-image-17774\" alt=\"public health research organization\" srcset=\"https:\/\/emecr.org\/wp-content\/uploads\/2024\/02\/cofounderKD.png 1000w, https:\/\/emecr.org\/wp-content\/uploads\/2024\/02\/cofounderKD-600x796.png 600w, https:\/\/emecr.org\/wp-content\/uploads\/2024\/02\/cofounderKD-226x300.png 226w, https:\/\/emecr.org\/wp-content\/uploads\/2024\/02\/cofounderKD-772x1024.png 772w, https:\/\/emecr.org\/wp-content\/uploads\/2024\/02\/cofounderKD-768x1018.png 768w\" sizes=\"(max-width: 1000px) 100vw, 1000px\" \/>\t\t\t\t\t\t\t\t\t\t\t\t\t\t\t<\/div>\n\t\t\t\t<\/div>\n\t\t\t\t<div class=\"elementor-element elementor-element-f963606 elementor-widget elementor-widget-elementskit-heading\" data-id=\"f963606\" data-element_type=\"widget\" data-e-type=\"widget\" data-settings=\"{&quot;ekit_we_effect_on&quot;:&quot;none&quot;}\" data-widget_type=\"elementskit-heading.default\">\n\t\t\t\t<div class=\"elementor-widget-container\">\n\t\t\t\t\t<div class=\"ekit-wid-con\" ><div class=\"ekit-heading elementskit-section-title-wraper text_left   ekit_heading_tablet-   ekit_heading_mobile-\"><h2 class=\"ekit-heading--title elementskit-section-title\">Kadiri, Ugbede-Ojo D.<\/h2><h3 class=\"ekit-heading--subtitle elementskit-section-subtitle\">\n\t\t\t\t\t\tCofundador\n\t\t\t\t\t<\/h3><\/div><\/div>\t\t\t\t<\/div>\n\t\t\t\t<\/div>\n\t\t\t\t<div class=\"elementor-element elementor-element-8e87c88 elementor-widget-divider--view-line elementor-widget elementor-widget-divider\" data-id=\"8e87c88\" data-element_type=\"widget\" data-e-type=\"widget\" data-settings=\"{&quot;ekit_we_effect_on&quot;:&quot;none&quot;}\" data-widget_type=\"divider.default\">\n\t\t\t\t<div class=\"elementor-widget-container\">\n\t\t\t\t\t\t\t<div class=\"elementor-divider\">\n\t\t\t<span class=\"elementor-divider-separator\">\n\t\t\t\t\t\t<\/span>\n\t\t<\/div>\n\t\t\t\t\t\t<\/div>\n\t\t\t\t<\/div>\n\t\t\t\t\t<\/div>\n\t\t<\/div>\n\t\t\t\t<div class=\"elementor-column elementor-col-50 elementor-top-column elementor-element elementor-element-a7703ee\" data-id=\"a7703ee\" data-element_type=\"column\" data-e-type=\"column\">\n\t\t\t<div class=\"elementor-widget-wrap elementor-element-populated\">\n\t\t\t\t\t\t<div class=\"elementor-element elementor-element-51ab37e elementor-widget elementor-widget-text-editor\" data-id=\"51ab37e\" data-element_type=\"widget\" data-e-type=\"widget\" data-settings=\"{&quot;ekit_we_effect_on&quot;:&quot;none&quot;}\" data-widget_type=\"text-editor.default\">\n\t\t\t\t<div class=\"elementor-widget-container\">\n\t\t\t\t\t\t\t\t\t<p>Para as mulheres e raparigas jovens, os riscos s\u00e3o ainda maiores. A mortalidade materna \u00e9 uma realidade tr\u00e1gica, agravada pela falta de educa\u00e7\u00e3o e de recursos em mat\u00e9ria de sa\u00fade sexual e reprodutiva. Os casamentos prematuros, as gravidezes n\u00e3o desejadas e a propaga\u00e7\u00e3o de doen\u00e7as n\u00e3o s\u00e3o apenas problemas - s\u00e3o crises que as nossas m\u00e3es, irm\u00e3s e filhas enfrentam todos os dias. A depend\u00eancia desactualizada do sistema em rela\u00e7\u00e3o aos registos em papel apenas dificulta a presta\u00e7\u00e3o de cuidados que poderiam salvar vidas.<\/p><p>Tamb\u00e9m os idosos s\u00e3o muitas vezes esquecidos, deixados a enfrentar os seus \u00faltimos anos com pouco ou nenhum apoio. A sa\u00fade mental \u00e9 ignorada e os que sofrem s\u00e3o postos de lado, a sua dor \u00e9 considerada uma supersti\u00e7\u00e3o. Vemo-los, a vaguear pelas ruas, perdidos nas suas lutas, e sabemos que este estigma tem de acabar.<\/p><p>Foi por isso que cri\u00e1mos a Equitable Medicaid and Clinical Research. N\u00e3o somos apenas mais uma organiza\u00e7\u00e3o; somos pessoas que acreditam que todas as vidas, por mais pequenas ou marginalizadas que sejam, s\u00e3o importantes. Concentramo-nos nas pessoas que foram deixadas para tr\u00e1s, levando os cuidados de sa\u00fade \u00e0queles que mais precisam. O nosso trabalho \u00e9 orientado por uma verdade simples: Todas as vidas s\u00e3o importantes.<\/p><p>Isto n\u00e3o \u00e9 apenas um lema para n\u00f3s; \u00e9 uma promessa. Estamos aqui para fazer uma diferen\u00e7a real, para mudar a hist\u00f3ria daqueles que foram esquecidos. E n\u00e3o vamos parar at\u00e9 que todas as pessoas, em todas as comunidades, tenham a oportunidade de viver uma vida saud\u00e1vel e digna.<\/p>\t\t\t\t\t\t\t\t<\/div>\n\t\t\t\t<\/div>\n\t\t\t\t\t<\/div>\n\t\t<\/div>\n\t\t\t\t\t<\/div>\n\t\t<\/section>\n\t\t\t\t<\/div>","protected":false},"excerpt":{"rendered":"<p>Etubi, Joy OJochogwu Founder Our Founding Story In Nigeria, accessing basic healthcare shouldn\u2019t be a privilege, but for many, it feels like an impossible dream. We\u2019ve witnessed this struggle firsthand [&hellip;]<\/p>\n","protected":false},"author":1,"featured_media":0,"parent":0,"menu_order":0,"comment_status":"closed","ping_status":"closed","template":"elementor_header_footer","meta":{"rs_blank_template":"","rs_page_bg_color":"","slide_template_v7":"","footnotes":""},"class_list":["post-13488","page","type-page","status-publish","hentry"],"yoast_head":"<!-- This site is optimized with the Yoast SEO Premium plugin v27.1 (Yoast SEO v27.5) - https:\/\/yoast.com\/product\/yoast-seo-premium-wordpress\/ -->\n<title>Our Story &#8226; Equitable Medicaid and Clinical Research<\/title>\n<meta name=\"robots\" content=\"index, follow, max-snippet:-1, max-image-preview:large, max-video-preview:-1\" \/>\n<link rel=\"canonical\" href=\"http:\/\/emecr.org\/pt\/our-story\/\" \/>\n<meta property=\"og:locale\" content=\"pt_PT\" \/>\n<meta property=\"og:type\" content=\"article\" \/>\n<meta property=\"og:title\" content=\"Our Story\" \/>\n<meta property=\"og:description\" content=\"Etubi, Joy OJochogwu Founder Our Founding Story In Nigeria, accessing basic healthcare shouldn\u2019t be a privilege, but for many, it feels like an impossible dream. We\u2019ve witnessed this struggle firsthand [&hellip;]\" \/>\n<meta property=\"og:url\" content=\"http:\/\/emecr.org\/pt\/our-story\/\" \/>\n<meta property=\"og:site_name\" content=\"Equitable Medicaid and Clinical Research\" \/>\n<meta property=\"article:publisher\" content=\"https:\/\/www.facebook.com\/hq.emecr\" \/>\n<meta property=\"article:modified_time\" content=\"2025-12-08T23:51:15+00:00\" \/>\n<meta property=\"og:image\" content=\"https:\/\/emecr.org\/wp-content\/uploads\/2024\/02\/FounderJOY.png\" \/>\n\t<meta property=\"og:image:width\" content=\"1000\" \/>\n\t<meta property=\"og:image:height\" content=\"1326\" \/>\n\t<meta property=\"og:image:type\" content=\"image\/png\" \/>\n<meta name=\"twitter:card\" content=\"summary_large_image\" \/>\n<meta name=\"twitter:site\" content=\"@hq_emecr\" \/>\n<meta name=\"twitter:label1\" content=\"Tempo estimado de leitura\" \/>\n\t<meta name=\"twitter:data1\" content=\"2 minutos\" \/>\n<script type=\"application\/ld+json\" class=\"yoast-schema-graph\">{\"@context\":\"https:\\\/\\\/schema.org\",\"@graph\":[{\"@type\":\"WebPage\",\"@id\":\"http:\\\/\\\/emecr.org\\\/pt\\\/our-story\\\/\",\"url\":\"http:\\\/\\\/emecr.org\\\/pt\\\/our-story\\\/\",\"name\":\"Our Story &#8226; Equitable Medicaid and Clinical Research\",\"isPartOf\":{\"@id\":\"https:\\\/\\\/emecr.org\\\/#website\"},\"primaryImageOfPage\":{\"@id\":\"http:\\\/\\\/emecr.org\\\/pt\\\/our-story\\\/#primaryimage\"},\"image\":{\"@id\":\"http:\\\/\\\/emecr.org\\\/pt\\\/our-story\\\/#primaryimage\"},\"thumbnailUrl\":\"https:\\\/\\\/emecr.org\\\/wp-content\\\/uploads\\\/2024\\\/02\\\/FounderJOY.png\",\"datePublished\":\"2024-01-02T16:47:34+00:00\",\"dateModified\":\"2025-12-08T23:51:15+00:00\",\"breadcrumb\":{\"@id\":\"http:\\\/\\\/emecr.org\\\/pt\\\/our-story\\\/#breadcrumb\"},\"inLanguage\":\"pt-PT\",\"potentialAction\":[{\"@type\":\"ReadAction\",\"target\":[\"http:\\\/\\\/emecr.org\\\/pt\\\/our-story\\\/\"]}]},{\"@type\":\"ImageObject\",\"inLanguage\":\"pt-PT\",\"@id\":\"http:\\\/\\\/emecr.org\\\/pt\\\/our-story\\\/#primaryimage\",\"url\":\"https:\\\/\\\/emecr.org\\\/wp-content\\\/uploads\\\/2024\\\/02\\\/FounderJOY.png\",\"contentUrl\":\"https:\\\/\\\/emecr.org\\\/wp-content\\\/uploads\\\/2024\\\/02\\\/FounderJOY.png\"},{\"@type\":\"BreadcrumbList\",\"@id\":\"http:\\\/\\\/emecr.org\\\/pt\\\/our-story\\\/#breadcrumb\",\"itemListElement\":[{\"@type\":\"ListItem\",\"position\":1,\"name\":\"Home\",\"item\":\"https:\\\/\\\/emecr.org\\\/\"},{\"@type\":\"ListItem\",\"position\":2,\"name\":\"Our Story\"}]},{\"@type\":\"WebSite\",\"@id\":\"https:\\\/\\\/emecr.org\\\/#website\",\"url\":\"https:\\\/\\\/emecr.org\\\/\",\"name\":\"Equitable Medicaid and Clinical Research\",\"description\":\"Every Life Matters\",\"publisher\":{\"@id\":\"https:\\\/\\\/emecr.org\\\/#organization\"},\"alternateName\":\"EMCR\",\"potentialAction\":[{\"@type\":\"SearchAction\",\"target\":{\"@type\":\"EntryPoint\",\"urlTemplate\":\"https:\\\/\\\/emecr.org\\\/?s={search_term_string}\"},\"query-input\":{\"@type\":\"PropertyValueSpecification\",\"valueRequired\":true,\"valueName\":\"search_term_string\"}}],\"inLanguage\":\"pt-PT\"},{\"@type\":\"Organization\",\"@id\":\"https:\\\/\\\/emecr.org\\\/#organization\",\"name\":\"Equitable Medicaid and Clinical Research\",\"alternateName\":\"EMCR\",\"url\":\"https:\\\/\\\/emecr.org\\\/\",\"logo\":{\"@type\":\"ImageObject\",\"inLanguage\":\"pt-PT\",\"@id\":\"https:\\\/\\\/emecr.org\\\/#\\\/schema\\\/logo\\\/image\\\/\",\"url\":\"https:\\\/\\\/emecr.org\\\/wp-content\\\/uploads\\\/2025\\\/03\\\/logo.png\",\"contentUrl\":\"https:\\\/\\\/emecr.org\\\/wp-content\\\/uploads\\\/2025\\\/03\\\/logo.png\",\"width\":1500,\"height\":867,\"caption\":\"Equitable Medicaid and Clinical Research\"},\"image\":{\"@id\":\"https:\\\/\\\/emecr.org\\\/#\\\/schema\\\/logo\\\/image\\\/\"},\"sameAs\":[\"https:\\\/\\\/www.facebook.com\\\/hq.emecr\",\"https:\\\/\\\/x.com\\\/hq_emecr\",\"https:\\\/\\\/www.instagram.com\\\/hq.emcr\\\/\",\"https:\\\/\\\/linkedin.com\\\/company\\\/hq-emecr\",\"http:\\\/\\\/www.youtube.com\\\/@hq_emecr\",\"https:\\\/\\\/www.tiktok.com\\\/@hq_emcr\"],\"description\":\"Equitable Medicaid and Clinical Research is a women-led non-profit organization that focuses on providing equal access to healthcare for economically disadvantaged populations, especially in rural and underserved communities, regardless of background, income levels, or geographical location. Founded on the belief that everyone deserves equitable access to quality medical services, we strive to bridge the gap in healthcare disparities. Our technology-driven approach helps deepen access to primary healthcare in hard-to-reach and neglected regions. Clinical research is at the heart of our mission. We conduct studies that support the development of safe and effective medicines and treatments. Through these efforts, we work to improve public health and strengthen healthcare access for communities across Africa and around the world.\",\"email\":\"info@emecr.org\",\"telephone\":\"+234806-2491-386\",\"legalName\":\"Equitable Medicaid and Clinical Research Ltd\\\/Gte\",\"foundingDate\":\"2024-05-06\",\"numberOfEmployees\":{\"@type\":\"QuantitativeValue\",\"minValue\":\"51\",\"maxValue\":\"200\"}}]}<\/script>\n<!-- \/ Yoast SEO Premium plugin. -->","yoast_head_json":{"title":"Our Story &#8226; Equitable Medicaid and Clinical Research","robots":{"index":"index","follow":"follow","max-snippet":"max-snippet:-1","max-image-preview":"max-image-preview:large","max-video-preview":"max-video-preview:-1"},"canonical":"http:\/\/emecr.org\/pt\/our-story\/","og_locale":"pt_PT","og_type":"article","og_title":"Our Story","og_description":"Etubi, Joy OJochogwu Founder Our Founding Story In Nigeria, accessing basic healthcare shouldn\u2019t be a privilege, but for many, it feels like an impossible dream. We\u2019ve witnessed this struggle firsthand [&hellip;]","og_url":"http:\/\/emecr.org\/pt\/our-story\/","og_site_name":"Equitable Medicaid and Clinical Research","article_publisher":"https:\/\/www.facebook.com\/hq.emecr","article_modified_time":"2025-12-08T23:51:15+00:00","og_image":[{"width":1000,"height":1326,"url":"https:\/\/emecr.org\/wp-content\/uploads\/2024\/02\/FounderJOY.png","type":"image\/png"}],"twitter_card":"summary_large_image","twitter_site":"@hq_emecr","twitter_misc":{"Tempo estimado de leitura":"2 minutos"},"schema":{"@context":"https:\/\/schema.org","@graph":[{"@type":"WebPage","@id":"http:\/\/emecr.org\/pt\/our-story\/","url":"http:\/\/emecr.org\/pt\/our-story\/","name":"Our Story &#8226; Equitable Medicaid and Clinical Research","isPartOf":{"@id":"https:\/\/emecr.org\/#website"},"primaryImageOfPage":{"@id":"http:\/\/emecr.org\/pt\/our-story\/#primaryimage"},"image":{"@id":"http:\/\/emecr.org\/pt\/our-story\/#primaryimage"},"thumbnailUrl":"https:\/\/emecr.org\/wp-content\/uploads\/2024\/02\/FounderJOY.png","datePublished":"2024-01-02T16:47:34+00:00","dateModified":"2025-12-08T23:51:15+00:00","breadcrumb":{"@id":"http:\/\/emecr.org\/pt\/our-story\/#breadcrumb"},"inLanguage":"pt-PT","potentialAction":[{"@type":"ReadAction","target":["http:\/\/emecr.org\/pt\/our-story\/"]}]},{"@type":"ImageObject","inLanguage":"pt-PT","@id":"http:\/\/emecr.org\/pt\/our-story\/#primaryimage","url":"https:\/\/emecr.org\/wp-content\/uploads\/2024\/02\/FounderJOY.png","contentUrl":"https:\/\/emecr.org\/wp-content\/uploads\/2024\/02\/FounderJOY.png"},{"@type":"BreadcrumbList","@id":"http:\/\/emecr.org\/pt\/our-story\/#breadcrumb","itemListElement":[{"@type":"ListItem","position":1,"name":"Home","item":"https:\/\/emecr.org\/"},{"@type":"ListItem","position":2,"name":"Our Story"}]},{"@type":"WebSite","@id":"https:\/\/emecr.org\/#website","url":"https:\/\/emecr.org\/","name":"Medicaid equitativo e investiga\u00e7\u00e3o cl\u00ednica","description":"Todas as vidas s\u00e3o importantes","publisher":{"@id":"https:\/\/emecr.org\/#organization"},"alternateName":"EMCR","potentialAction":[{"@type":"SearchAction","target":{"@type":"EntryPoint","urlTemplate":"https:\/\/emecr.org\/?s={search_term_string}"},"query-input":{"@type":"PropertyValueSpecification","valueRequired":true,"valueName":"search_term_string"}}],"inLanguage":"pt-PT"},{"@type":"Organization","@id":"https:\/\/emecr.org\/#organization","name":"Medicaid equitativo e investiga\u00e7\u00e3o cl\u00ednica","alternateName":"EMCR","url":"https:\/\/emecr.org\/","logo":{"@type":"ImageObject","inLanguage":"pt-PT","@id":"https:\/\/emecr.org\/#\/schema\/logo\/image\/","url":"https:\/\/emecr.org\/wp-content\/uploads\/2025\/03\/logo.png","contentUrl":"https:\/\/emecr.org\/wp-content\/uploads\/2025\/03\/logo.png","width":1500,"height":867,"caption":"Equitable Medicaid and Clinical Research"},"image":{"@id":"https:\/\/emecr.org\/#\/schema\/logo\/image\/"},"sameAs":["https:\/\/www.facebook.com\/hq.emecr","https:\/\/x.com\/hq_emecr","https:\/\/www.instagram.com\/hq.emcr\/","https:\/\/linkedin.com\/company\/hq-emecr","http:\/\/www.youtube.com\/@hq_emecr","https:\/\/www.tiktok.com\/@hq_emcr"],"description":"Equitable Medicaid and Clinical Research is a women-led non-profit organization that focuses on providing equal access to healthcare for economically disadvantaged populations, especially in rural and underserved communities, regardless of background, income levels, or geographical location. Founded on the belief that everyone deserves equitable access to quality medical services, we strive to bridge the gap in healthcare disparities. Our technology-driven approach helps deepen access to primary healthcare in hard-to-reach and neglected regions. Clinical research is at the heart of our mission. We conduct studies that support the development of safe and effective medicines and treatments. Through these efforts, we work to improve public health and strengthen healthcare access for communities across Africa and around the world.","email":"info@emecr.org","telephone":"+234806-2491-386","legalName":"Equitable Medicaid and Clinical Research Ltd\/Gte","foundingDate":"2024-05-06","numberOfEmployees":{"@type":"QuantitativeValue","minValue":"51","maxValue":"200"}}]}},"_links":{"self":[{"href":"https:\/\/emecr.org\/pt\/wp-json\/wp\/v2\/pages\/13488","targetHints":{"allow":["GET"]}}],"collection":[{"href":"https:\/\/emecr.org\/pt\/wp-json\/wp\/v2\/pages"}],"about":[{"href":"https:\/\/emecr.org\/pt\/wp-json\/wp\/v2\/types\/page"}],"author":[{"embeddable":true,"href":"https:\/\/emecr.org\/pt\/wp-json\/wp\/v2\/users\/1"}],"replies":[{"embeddable":true,"href":"https:\/\/emecr.org\/pt\/wp-json\/wp\/v2\/comments?post=13488"}],"version-history":[{"count":0,"href":"https:\/\/emecr.org\/pt\/wp-json\/wp\/v2\/pages\/13488\/revisions"}],"wp:attachment":[{"href":"https:\/\/emecr.org\/pt\/wp-json\/wp\/v2\/media?parent=13488"}],"curies":[{"name":"wp","href":"https:\/\/api.w.org\/{rel}","templated":true}]}}