{"id":28589,"date":"2024-06-12T16:51:13","date_gmt":"2024-06-12T16:51:13","guid":{"rendered":"https:\/\/emecr.org\/?page_id=28589"},"modified":"2024-08-23T14:30:30","modified_gmt":"2024-08-23T14:30:30","slug":"accessibility-and-disclaimer","status":"publish","type":"page","link":"https:\/\/emecr.org\/pt\/accessibility-and-disclaimer\/","title":{"rendered":"Accessibility and Disclaimer"},"content":{"rendered":"<div data-elementor-type=\"wp-page\" data-elementor-id=\"28589\" class=\"elementor elementor-28589\" data-elementor-post-type=\"page\">\n\t\t\t\t<div class=\"elementor-element elementor-element-6da56ef e-flex e-con-boxed e-con e-parent\" data-id=\"6da56ef\" data-element_type=\"container\" data-e-type=\"container\" data-settings=\"{&quot;ekit_has_onepagescroll_dot&quot;:&quot;yes&quot;}\">\n\t\t\t\t\t<div class=\"e-con-inner\">\n\t\t\t\t<div class=\"elementor-element elementor-element-e64764c elementor-widget elementor-widget-text-editor\" data-id=\"e64764c\" data-element_type=\"widget\" data-e-type=\"widget\" data-settings=\"{&quot;ekit_we_effect_on&quot;:&quot;none&quot;}\" data-widget_type=\"text-editor.default\">\n\t\t\t\t<div class=\"elementor-widget-container\">\n\t\t\t\t\t\t\t\t\t<h1 style=\"text-align: center;\" data-custom-class=\"title\"><strong>DECLARA\u00c7\u00c3O DE ACESSIBILIDADE DA WEB E DECLARA\u00c7\u00c3O DE EXONERA\u00c7\u00c3O DE RESPONSABILIDADE<br \/><\/strong><\/h1><p style=\"text-align: center;\" data-custom-class=\"subtitle\"><strong>\u00daltima atualiza\u00e7\u00e3o<\/strong> <strong>12 de junho de 2024<\/strong><\/p><p>Na Equitable Medicaid and Clinical Research (EMECR), estamos empenhados em garantir que o nosso s\u00edtio Web seja acess\u00edvel a todos. Acreditamos que todos os utilizadores, independentemente das suas capacidades, devem poder aceder e interagir com as informa\u00e7\u00f5es e servi\u00e7os que fornecemos.<\/p><h4>O nosso compromisso<\/h4><p>Esfor\u00e7amo-nos por aderir \u00e0s melhores pr\u00e1ticas e normas definidas pelas Diretrizes de Acessibilidade para o Conte\u00fado da Web (WCAG) 2.1 N\u00edvel AA. Os nossos esfor\u00e7os cont\u00ednuos para melhorar a acessibilidade s\u00e3o orientados pelos seguintes princ\u00edpios:<\/p><ul><li><strong>Inclus\u00e3o<\/strong>: O nosso objetivo \u00e9 criar um ambiente em linha inclusivo onde todos os indiv\u00edduos, incluindo os portadores de defici\u00eancia, tenham igual acesso aos nossos conte\u00fados e servi\u00e7os.<\/li><li><strong>Usabilidade<\/strong>: Procuramos tornar o nosso s\u00edtio Web f\u00e1cil de utilizar e intuitivo, garantindo que todos possam navegar facilmente.<\/li><li><strong>Transpar\u00eancia<\/strong>: Estamos abertos aos nossos esfor\u00e7os de acessibilidade e agradecemos o feedback para melhorar continuamente a experi\u00eancia do utilizador.<\/li><\/ul><h4>Carater\u00edsticas de acessibilidade<\/h4><ul><li><strong>Texto alternativo<\/strong>: As imagens no nosso s\u00edtio incluem texto alternativo descritivo para apoiar os leitores de ecr\u00e3.<\/li><li><strong>Navega\u00e7\u00e3o pelo teclado<\/strong>: O nosso s\u00edtio Web foi concebido para ser totalmente naveg\u00e1vel atrav\u00e9s de entradas de teclado.<\/li><li><strong>Texto leg\u00edvel<\/strong>: Utilizamos tipos de letra claros e mantemos um elevado contraste entre o texto e o fundo para melhorar a legibilidade.<\/li><li><strong>Design responsivo<\/strong>: O nosso site est\u00e1 optimizado para v\u00e1rios dispositivos, garantindo uma experi\u00eancia perfeita em computadores de secret\u00e1ria, tablets e telem\u00f3veis.<\/li><li><strong>Conte\u00fado de v\u00eddeo e \u00e1udio<\/strong>: Quando aplic\u00e1vel, fornecemos legendas ou transcri\u00e7\u00f5es para conte\u00fados multim\u00e9dia.<\/li><\/ul><h4>\u00a0<\/h4><h4>Esfor\u00e7os em curso<\/h4><p>A acessibilidade \u00e9 um esfor\u00e7o permanente e estamos a trabalhar continuamente para melhorar o nosso s\u00edtio. Analisamos regularmente o nosso s\u00edtio Web e procuramos atualizar e melhorar as funcionalidades de acessibilidade com base no feedback dos utilizadores e nos avan\u00e7os tecnol\u00f3gicos.<\/p><h1><strong>DECLARA\u00c7\u00c3O DE RESPONSABILIDADE<\/strong><\/h1><p>As informa\u00e7\u00f5es fornecidas no s\u00edtio Web Equitable Medicaid and Clinical Research (EMECR) (emecr.org) destinam-se apenas a fins informativos gerais. Todas as informa\u00e7\u00f5es no s\u00edtio s\u00e3o fornecidas de boa f\u00e9; no entanto, n\u00e3o fazemos qualquer representa\u00e7\u00e3o ou garantia de qualquer tipo, expressa ou impl\u00edcita, relativamente \u00e0 exatid\u00e3o, adequa\u00e7\u00e3o, validade, fiabilidade, disponibilidade ou integridade de qualquer informa\u00e7\u00e3o no s\u00edtio.<\/p><h4>Declara\u00e7\u00e3o de exonera\u00e7\u00e3o de responsabilidade m\u00e9dica<\/h4><ul><li><strong>N\u00e3o \u00e9 um conselho m\u00e9dico<\/strong>: O conte\u00fado deste s\u00edtio Web n\u00e3o se destina a substituir o aconselhamento, diagn\u00f3stico ou tratamento m\u00e9dico profissional. Procure sempre o conselho do seu m\u00e9dico ou de outro profissional de sa\u00fade qualificado para quaisquer quest\u00f5es que possa ter relativamente a um problema de sa\u00fade.<\/li><li><strong>Sem rela\u00e7\u00e3o m\u00e9dico-paciente<\/strong>: A utiliza\u00e7\u00e3o deste s\u00edtio Web n\u00e3o cria uma rela\u00e7\u00e3o m\u00e9dico-paciente entre o utilizador e qualquer um dos m\u00e9dicos ou prestadores de cuidados de sa\u00fade associados \u00e0 EMECR.<\/li><\/ul><h4>Declara\u00e7\u00e3o de exonera\u00e7\u00e3o de responsabilidade da investiga\u00e7\u00e3o<\/h4><ul><li><strong>Exatid\u00e3o das informa\u00e7\u00f5es<\/strong>: Embora nos esforcemos por fornecer informa\u00e7\u00f5es exactas e actualizadas sobre investiga\u00e7\u00e3o e ensaios cl\u00ednicos, a EMECR n\u00e3o garante a exaustividade ou exatid\u00e3o destas informa\u00e7\u00f5es. A investiga\u00e7\u00e3o cl\u00ednica est\u00e1 em constante evolu\u00e7\u00e3o e as informa\u00e7\u00f5es podem mudar ao longo do tempo.<\/li><li><strong>Responsabilidade do participante<\/strong>: A participa\u00e7\u00e3o em estudos de investiga\u00e7\u00e3o cl\u00ednica \u00e9 volunt\u00e1ria. Os futuros participantes devem analisar cuidadosamente todas as informa\u00e7\u00f5es fornecidas pelos organizadores do estudo e consultar os seus prestadores de cuidados de sa\u00fade antes de se inscreverem em qualquer estudo.<\/li><\/ul><h4>Exonera\u00e7\u00e3o de responsabilidade por liga\u00e7\u00f5es externas<\/h4><ul><li><strong>S\u00edtios Web de terceiros<\/strong>: O s\u00edtio Web da EMECR pode conter liga\u00e7\u00f5es para outros s\u00edtios Web ou conte\u00fados pertencentes ou provenientes de terceiros. Essas liga\u00e7\u00f5es externas n\u00e3o s\u00e3o investigadas, controladas ou verificadas por n\u00f3s quanto \u00e0 sua exatid\u00e3o, adequa\u00e7\u00e3o, validade, fiabilidade, disponibilidade ou exaustividade.<\/li><li><strong>Sem aval<\/strong>: N\u00e3o endossamos, garantimos ou assumimos a responsabilidade pela exatid\u00e3o ou fiabilidade de quaisquer informa\u00e7\u00f5es oferecidas por s\u00edtios Web de terceiros ligados atrav\u00e9s do nosso s\u00edtio.<\/li><\/ul><h4>Limita\u00e7\u00e3o da responsabilidade<\/h4><ul><li><strong>Utiliza\u00e7\u00e3o por sua conta e risco<\/strong>: A utiliza\u00e7\u00e3o do s\u00edtio e a confian\u00e7a depositada em qualquer informa\u00e7\u00e3o nele contida s\u00e3o da exclusiva responsabilidade do utilizador. A EMECR n\u00e3o ser\u00e1 respons\u00e1vel por quaisquer erros ou omiss\u00f5es nas informa\u00e7\u00f5es fornecidas no s\u00edtio ou por quaisquer perdas ou danos de qualquer tipo incorridos em resultado da utiliza\u00e7\u00e3o do s\u00edtio.<\/li><li><strong>Sem garantias<\/strong>: A EMECR fornece o s\u00edtio e o seu conte\u00fado \"tal como est\u00e1\" e \"conforme dispon\u00edvel\" sem quaisquer garantias de qualquer tipo, expressas ou impl\u00edcitas, incluindo mas n\u00e3o se limitando \u00e0s garantias impl\u00edcitas de comercializa\u00e7\u00e3o, adequa\u00e7\u00e3o a um determinado fim ou n\u00e3o infra\u00e7\u00e3o.<\/li><\/ul><h4>\u00a0<\/h4><h4>Actualiza\u00e7\u00f5es da presente declara\u00e7\u00e3o de exonera\u00e7\u00e3o de responsabilidade<\/h4><p>Poderemos atualizar esta declara\u00e7\u00e3o de exonera\u00e7\u00e3o de responsabilidade periodicamente, de modo a refletir altera\u00e7\u00f5es \u00e0s nossas pr\u00e1ticas ou por outras raz\u00f5es operacionais, legais ou regulamentares. Recomendamos que reveja esta p\u00e1gina periodicamente para obter as informa\u00e7\u00f5es mais recentes sobre as nossas isen\u00e7\u00f5es de responsabilidade.<\/p>\t\t\t\t\t\t\t\t<\/div>\n\t\t\t\t<\/div>\n\t\t\t\t\t<\/div>\n\t\t\t\t<\/div>\n\t\t\t\t<\/div>","protected":false},"excerpt":{"rendered":"<p>WEB ACCESSIBILITY STATEMENT AND DISCLAIMER Last updated June 12, 2024 At Equitable Medicaid and Clinical Research (EMECR), we are committed to ensuring that our website is accessible to everyone. We [&hellip;]<\/p>\n","protected":false},"author":1,"featured_media":0,"parent":0,"menu_order":0,"comment_status":"closed","ping_status":"closed","template":"elementor_header_footer","meta":{"rs_blank_template":"","rs_page_bg_color":"","slide_template_v7":"","footnotes":""},"class_list":["post-28589","page","type-page","status-publish","hentry"],"yoast_head":"<!-- This site is optimized with the Yoast SEO Premium plugin v27.1 (Yoast SEO v27.4) - https:\/\/yoast.com\/product\/yoast-seo-premium-wordpress\/ -->\n<title>Accessibility and Disclaimer &#8226; Equitable Medicaid and Clinical Research<\/title>\n<meta name=\"robots\" content=\"index, follow, max-snippet:-1, max-image-preview:large, max-video-preview:-1\" \/>\n<link rel=\"canonical\" href=\"https:\/\/emecr.org\/pt\/accessibility-and-disclaimer\/\" \/>\n<meta property=\"og:locale\" content=\"pt_PT\" \/>\n<meta property=\"og:type\" content=\"article\" \/>\n<meta property=\"og:title\" content=\"Accessibility and Disclaimer\" \/>\n<meta property=\"og:description\" content=\"WEB ACCESSIBILITY STATEMENT AND DISCLAIMER Last updated June 12, 2024 At Equitable Medicaid and Clinical Research (EMECR), we are committed to ensuring that our website is accessible to everyone. We [&hellip;]\" \/>\n<meta property=\"og:url\" content=\"https:\/\/emecr.org\/pt\/accessibility-and-disclaimer\/\" \/>\n<meta property=\"og:site_name\" content=\"Equitable Medicaid and Clinical Research\" \/>\n<meta property=\"article:publisher\" content=\"https:\/\/www.facebook.com\/hq.emecr\" \/>\n<meta property=\"article:modified_time\" content=\"2024-08-23T14:30:30+00:00\" \/>\n<meta name=\"twitter:card\" content=\"summary_large_image\" \/>\n<meta name=\"twitter:site\" content=\"@hq_emecr\" \/>\n<meta name=\"twitter:label1\" content=\"Tempo estimado de leitura\" \/>\n\t<meta name=\"twitter:data1\" content=\"3 minutos\" \/>\n<script type=\"application\/ld+json\" class=\"yoast-schema-graph\">{\"@context\":\"https:\\\/\\\/schema.org\",\"@graph\":[{\"@type\":\"WebPage\",\"@id\":\"https:\\\/\\\/emecr.org\\\/accessibility-and-disclaimer\\\/\",\"url\":\"https:\\\/\\\/emecr.org\\\/accessibility-and-disclaimer\\\/\",\"name\":\"Accessibility and Disclaimer &#8226; Equitable Medicaid and Clinical Research\",\"isPartOf\":{\"@id\":\"https:\\\/\\\/emecr.org\\\/#website\"},\"datePublished\":\"2024-06-12T16:51:13+00:00\",\"dateModified\":\"2024-08-23T14:30:30+00:00\",\"breadcrumb\":{\"@id\":\"https:\\\/\\\/emecr.org\\\/accessibility-and-disclaimer\\\/#breadcrumb\"},\"inLanguage\":\"pt-PT\",\"potentialAction\":[{\"@type\":\"ReadAction\",\"target\":[\"https:\\\/\\\/emecr.org\\\/accessibility-and-disclaimer\\\/\"]}]},{\"@type\":\"BreadcrumbList\",\"@id\":\"https:\\\/\\\/emecr.org\\\/accessibility-and-disclaimer\\\/#breadcrumb\",\"itemListElement\":[{\"@type\":\"ListItem\",\"position\":1,\"name\":\"Home\",\"item\":\"https:\\\/\\\/emecr.org\\\/\"},{\"@type\":\"ListItem\",\"position\":2,\"name\":\"Accessibility and Disclaimer\"}]},{\"@type\":\"WebSite\",\"@id\":\"https:\\\/\\\/emecr.org\\\/#website\",\"url\":\"https:\\\/\\\/emecr.org\\\/\",\"name\":\"Equitable Medicaid and Clinical Research\",\"description\":\"Every Life Matters\",\"publisher\":{\"@id\":\"https:\\\/\\\/emecr.org\\\/#organization\"},\"alternateName\":\"EMCR\",\"potentialAction\":[{\"@type\":\"SearchAction\",\"target\":{\"@type\":\"EntryPoint\",\"urlTemplate\":\"https:\\\/\\\/emecr.org\\\/?s={search_term_string}\"},\"query-input\":{\"@type\":\"PropertyValueSpecification\",\"valueRequired\":true,\"valueName\":\"search_term_string\"}}],\"inLanguage\":\"pt-PT\"},{\"@type\":\"Organization\",\"@id\":\"https:\\\/\\\/emecr.org\\\/#organization\",\"name\":\"Equitable Medicaid and Clinical Research\",\"alternateName\":\"EMCR\",\"url\":\"https:\\\/\\\/emecr.org\\\/\",\"logo\":{\"@type\":\"ImageObject\",\"inLanguage\":\"pt-PT\",\"@id\":\"https:\\\/\\\/emecr.org\\\/#\\\/schema\\\/logo\\\/image\\\/\",\"url\":\"https:\\\/\\\/emecr.org\\\/wp-content\\\/uploads\\\/2025\\\/03\\\/logo.png\",\"contentUrl\":\"https:\\\/\\\/emecr.org\\\/wp-content\\\/uploads\\\/2025\\\/03\\\/logo.png\",\"width\":1500,\"height\":867,\"caption\":\"Equitable Medicaid and Clinical Research\"},\"image\":{\"@id\":\"https:\\\/\\\/emecr.org\\\/#\\\/schema\\\/logo\\\/image\\\/\"},\"sameAs\":[\"https:\\\/\\\/www.facebook.com\\\/hq.emecr\",\"https:\\\/\\\/x.com\\\/hq_emecr\",\"https:\\\/\\\/www.instagram.com\\\/hq.emcr\\\/\",\"https:\\\/\\\/linkedin.com\\\/company\\\/hq-emecr\",\"http:\\\/\\\/www.youtube.com\\\/@hq_emecr\",\"https:\\\/\\\/www.tiktok.com\\\/@hq_emcr\"],\"description\":\"Equitable Medicaid and Clinical Research is a women-led non-profit organization that focuses on providing equal access to healthcare for economically disadvantaged populations, especially in rural and underserved communities, regardless of background, income levels, or geographical location. Founded on the belief that everyone deserves equitable access to quality medical services, we strive to bridge the gap in healthcare disparities. Our technology-driven approach helps deepen access to primary healthcare in hard-to-reach and neglected regions. Clinical research is at the heart of our mission. We conduct studies that support the development of safe and effective medicines and treatments. Through these efforts, we work to improve public health and strengthen healthcare access for communities across Africa and around the world.\",\"email\":\"info@emecr.org\",\"telephone\":\"+234806-2491-386\",\"legalName\":\"Equitable Medicaid and Clinical Research Ltd\\\/Gte\",\"foundingDate\":\"2024-05-06\",\"numberOfEmployees\":{\"@type\":\"QuantitativeValue\",\"minValue\":\"51\",\"maxValue\":\"200\"}}]}<\/script>\n<!-- \/ Yoast SEO Premium plugin. -->","yoast_head_json":{"title":"Accessibility and Disclaimer &#8226; Equitable Medicaid and Clinical Research","robots":{"index":"index","follow":"follow","max-snippet":"max-snippet:-1","max-image-preview":"max-image-preview:large","max-video-preview":"max-video-preview:-1"},"canonical":"https:\/\/emecr.org\/pt\/accessibility-and-disclaimer\/","og_locale":"pt_PT","og_type":"article","og_title":"Accessibility and Disclaimer","og_description":"WEB ACCESSIBILITY STATEMENT AND DISCLAIMER Last updated June 12, 2024 At Equitable Medicaid and Clinical Research (EMECR), we are committed to ensuring that our website is accessible to everyone. We [&hellip;]","og_url":"https:\/\/emecr.org\/pt\/accessibility-and-disclaimer\/","og_site_name":"Equitable Medicaid and Clinical Research","article_publisher":"https:\/\/www.facebook.com\/hq.emecr","article_modified_time":"2024-08-23T14:30:30+00:00","twitter_card":"summary_large_image","twitter_site":"@hq_emecr","twitter_misc":{"Tempo estimado de leitura":"3 minutos"},"schema":{"@context":"https:\/\/schema.org","@graph":[{"@type":"WebPage","@id":"https:\/\/emecr.org\/accessibility-and-disclaimer\/","url":"https:\/\/emecr.org\/accessibility-and-disclaimer\/","name":"Accessibility and Disclaimer &#8226; Equitable Medicaid and Clinical Research","isPartOf":{"@id":"https:\/\/emecr.org\/#website"},"datePublished":"2024-06-12T16:51:13+00:00","dateModified":"2024-08-23T14:30:30+00:00","breadcrumb":{"@id":"https:\/\/emecr.org\/accessibility-and-disclaimer\/#breadcrumb"},"inLanguage":"pt-PT","potentialAction":[{"@type":"ReadAction","target":["https:\/\/emecr.org\/accessibility-and-disclaimer\/"]}]},{"@type":"BreadcrumbList","@id":"https:\/\/emecr.org\/accessibility-and-disclaimer\/#breadcrumb","itemListElement":[{"@type":"ListItem","position":1,"name":"Home","item":"https:\/\/emecr.org\/"},{"@type":"ListItem","position":2,"name":"Accessibility and Disclaimer"}]},{"@type":"WebSite","@id":"https:\/\/emecr.org\/#website","url":"https:\/\/emecr.org\/","name":"Medicaid equitativo e investiga\u00e7\u00e3o cl\u00ednica","description":"Todas as vidas s\u00e3o importantes","publisher":{"@id":"https:\/\/emecr.org\/#organization"},"alternateName":"EMCR","potentialAction":[{"@type":"SearchAction","target":{"@type":"EntryPoint","urlTemplate":"https:\/\/emecr.org\/?s={search_term_string}"},"query-input":{"@type":"PropertyValueSpecification","valueRequired":true,"valueName":"search_term_string"}}],"inLanguage":"pt-PT"},{"@type":"Organization","@id":"https:\/\/emecr.org\/#organization","name":"Medicaid equitativo e investiga\u00e7\u00e3o cl\u00ednica","alternateName":"EMCR","url":"https:\/\/emecr.org\/","logo":{"@type":"ImageObject","inLanguage":"pt-PT","@id":"https:\/\/emecr.org\/#\/schema\/logo\/image\/","url":"https:\/\/emecr.org\/wp-content\/uploads\/2025\/03\/logo.png","contentUrl":"https:\/\/emecr.org\/wp-content\/uploads\/2025\/03\/logo.png","width":1500,"height":867,"caption":"Equitable Medicaid and Clinical Research"},"image":{"@id":"https:\/\/emecr.org\/#\/schema\/logo\/image\/"},"sameAs":["https:\/\/www.facebook.com\/hq.emecr","https:\/\/x.com\/hq_emecr","https:\/\/www.instagram.com\/hq.emcr\/","https:\/\/linkedin.com\/company\/hq-emecr","http:\/\/www.youtube.com\/@hq_emecr","https:\/\/www.tiktok.com\/@hq_emcr"],"description":"Equitable Medicaid and Clinical Research is a women-led non-profit organization that focuses on providing equal access to healthcare for economically disadvantaged populations, especially in rural and underserved communities, regardless of background, income levels, or geographical location. Founded on the belief that everyone deserves equitable access to quality medical services, we strive to bridge the gap in healthcare disparities. Our technology-driven approach helps deepen access to primary healthcare in hard-to-reach and neglected regions. Clinical research is at the heart of our mission. We conduct studies that support the development of safe and effective medicines and treatments. Through these efforts, we work to improve public health and strengthen healthcare access for communities across Africa and around the world.","email":"info@emecr.org","telephone":"+234806-2491-386","legalName":"Equitable Medicaid and Clinical Research Ltd\/Gte","foundingDate":"2024-05-06","numberOfEmployees":{"@type":"QuantitativeValue","minValue":"51","maxValue":"200"}}]}},"_links":{"self":[{"href":"https:\/\/emecr.org\/pt\/wp-json\/wp\/v2\/pages\/28589","targetHints":{"allow":["GET"]}}],"collection":[{"href":"https:\/\/emecr.org\/pt\/wp-json\/wp\/v2\/pages"}],"about":[{"href":"https:\/\/emecr.org\/pt\/wp-json\/wp\/v2\/types\/page"}],"author":[{"embeddable":true,"href":"https:\/\/emecr.org\/pt\/wp-json\/wp\/v2\/users\/1"}],"replies":[{"embeddable":true,"href":"https:\/\/emecr.org\/pt\/wp-json\/wp\/v2\/comments?post=28589"}],"version-history":[{"count":0,"href":"https:\/\/emecr.org\/pt\/wp-json\/wp\/v2\/pages\/28589\/revisions"}],"wp:attachment":[{"href":"https:\/\/emecr.org\/pt\/wp-json\/wp\/v2\/media?parent=28589"}],"curies":[{"name":"wp","href":"https:\/\/api.w.org\/{rel}","templated":true}]}}