{"id":43262,"date":"2025-06-06T12:37:37","date_gmt":"2025-06-06T12:37:37","guid":{"rendered":"https:\/\/emecr.org\/?page_id=43262"},"modified":"2025-06-06T15:35:41","modified_gmt":"2025-06-06T15:35:41","slug":"funded-projects","status":"publish","type":"page","link":"https:\/\/emecr.org\/pt\/funded-projects\/","title":{"rendered":"Projectos financiados"},"content":{"rendered":"<div data-elementor-type=\"wp-page\" data-elementor-id=\"43262\" class=\"elementor elementor-43262\" data-elementor-post-type=\"page\">\n\t\t\t\t\t\t<section class=\"elementor-section elementor-top-section elementor-element elementor-element-d590ea4 elementor-section-content-top elementor-section-boxed elementor-section-height-default elementor-section-height-default\" data-id=\"d590ea4\" data-element_type=\"section\" data-e-type=\"section\" data-settings=\"{&quot;ekit_has_onepagescroll_dot&quot;:&quot;yes&quot;}\">\n\t\t\t\t\t\t<div class=\"elementor-container elementor-column-gap-default\">\n\t\t\t\t\t<div class=\"elementor-column elementor-col-50 elementor-top-column elementor-element elementor-element-fbf6f70\" data-id=\"fbf6f70\" data-element_type=\"column\" data-e-type=\"column\">\n\t\t\t<div class=\"elementor-widget-wrap elementor-element-populated\">\n\t\t\t\t\t\t<div class=\"elementor-element elementor-element-adfcabd elementor-widget elementor-widget-elementskit-heading\" data-id=\"adfcabd\" data-element_type=\"widget\" data-e-type=\"widget\" data-settings=\"{&quot;ekit_we_effect_on&quot;:&quot;none&quot;}\" data-widget_type=\"elementskit-heading.default\">\n\t\t\t\t<div class=\"elementor-widget-container\">\n\t\t\t\t\t<div class=\"ekit-wid-con\" ><div class=\"ekit-heading elementskit-section-title-wraper text_left   ekit_heading_tablet-   ekit_heading_mobile-\"><h2 class=\"ekit-heading--title elementskit-section-title\">Projectos financiados<\/h2>\t\t\t\t<div class='ekit-heading__description'>\n\t\t\t\t\t<p>Projectos financiados em curso e em curso concebidos para produzir resultados claros dentro de prazos e or\u00e7amentos definidos.<\/p>\n\t\t\t\t<\/div>\n\t\t\t<\/div><\/div>\t\t\t\t<\/div>\n\t\t\t\t<\/div>\n\t\t\t\t<div class=\"elementor-element elementor-element-6395a5b elementor-widget elementor-widget-elementskit-post-list\" data-id=\"6395a5b\" data-element_type=\"widget\" data-e-type=\"widget\" data-settings=\"{&quot;ekit_we_effect_on&quot;:&quot;none&quot;}\" data-widget_type=\"elementskit-post-list.default\">\n\t\t\t\t<div class=\"elementor-widget-container\">\n\t\t\t\t\t<div class=\"ekit-wid-con\" >\t\t<ul class=\"elementor-icon-list-items ekit-post-list-wrapper\">\n\t\t\t\t\t\t<li class=\"elementor-icon-list-item\">\n\t\t\t\t<a href=\"https:\/\/emecr.org\/de\/reusable-sanitary-pads-for-school-girls\/\" >\n\t\t\t\t\t\t\t\t\t\t\t\t\t<span class=\"elementor-icon-list-icon\">\n\t\t\t\t\t\t\t\t\t<i aria-hidden=\"true\" class=\"far fa-bookmark\"><\/i>\t\t\t\t\t\t\t\t<\/span>\n\t\t\t\t\t\t\t\t\t\t\t\t<div class=\"ekit_post_list_content_wraper\">\n\t\t\t\t\t\t\n\t\t\t\t\t\t<span class=\"elementor-icon-list-text\">Pensos higi\u00e9nicos reutiliz\u00e1veis para raparigas em idade escolar<\/span>\n\n\t\t\t\t\t\t\t\t\t\t\t<\/div>\n\t\t\t\t<\/a>\n\t\t\t<\/li>\n\t\t\t\t\t<li class=\"elementor-icon-list-item\">\n\t\t\t\t<a href=\"https:\/\/emecr.org\/de\/feed-and-clothe-homeless-almajiri-street-children-funded-by-globalgiving\/\" >\n\t\t\t\t\t\t\t\t\t\t\t\t\t<span class=\"elementor-icon-list-icon\">\n\t\t\t\t\t\t\t\t\t<i aria-hidden=\"true\" class=\"far fa-bookmark\"><\/i>\t\t\t\t\t\t\t\t<\/span>\n\t\t\t\t\t\t\t\t\t\t\t\t<div class=\"ekit_post_list_content_wraper\">\n\t\t\t\t\t\t\n\t\t\t\t\t\t<span class=\"elementor-icon-list-text\">Alimentar e vestir crian\u00e7as de rua Almajiri sem-abrigo<\/span>\n\n\t\t\t\t\t\t\t\t\t\t\t<\/div>\n\t\t\t\t<\/a>\n\t\t\t<\/li>\n\t\t\t\t\t<li class=\"elementor-icon-list-item\">\n\t\t\t\t<a href=\"https:\/\/emecr.org\/de\/naija-bladder-cancer-awareness-funded-by-world-bladder-cancer-patient-coalition\/\" >\n\t\t\t\t\t\t\t\t\t\t\t\t\t<span class=\"elementor-icon-list-icon\">\n\t\t\t\t\t\t\t\t\t<i aria-hidden=\"true\" class=\"far fa-bookmark\"><\/i>\t\t\t\t\t\t\t\t<\/span>\n\t\t\t\t\t\t\t\t\t\t\t\t<div class=\"ekit_post_list_content_wraper\">\n\t\t\t\t\t\t\n\t\t\t\t\t\t<span class=\"elementor-icon-list-text\">Sensibiliza\u00e7\u00e3o para o cancro da bexiga de Naija (BCAM2025)<\/span>\n\n\t\t\t\t\t\t\t\t\t\t\t<\/div>\n\t\t\t\t<\/a>\n\t\t\t<\/li>\n\t\t\t\t\t<li class=\"elementor-icon-list-item\">\n\t\t\t\t<a href=\"https:\/\/emecr.org\/de\/my-health-my-data\/\" >\n\t\t\t\t\t\t\t\t\t\t\t\t\t<span class=\"elementor-icon-list-icon\">\n\t\t\t\t\t\t\t\t\t<i aria-hidden=\"true\" class=\"far fa-bookmark\"><\/i>\t\t\t\t\t\t\t\t<\/span>\n\t\t\t\t\t\t\t\t\t\t\t\t<div class=\"ekit_post_list_content_wraper\">\n\t\t\t\t\t\t\n\t\t\t\t\t\t<span class=\"elementor-icon-list-text\">A minha sa\u00fade, os meus dados<\/span>\n\n\t\t\t\t\t\t\t\t\t\t\t<\/div>\n\t\t\t\t<\/a>\n\t\t\t<\/li>\n\t\t\t\t\t<li class=\"elementor-icon-list-item\">\n\t\t\t\t<a href=\"https:\/\/emecr.org\/de\/world-tb-day-mountain-hike-to-end-tb\/\" >\n\t\t\t\t\t\t\t\t\t\t\t\t\t<span class=\"elementor-icon-list-icon\">\n\t\t\t\t\t\t\t\t\t<i aria-hidden=\"true\" class=\"far fa-bookmark\"><\/i>\t\t\t\t\t\t\t\t<\/span>\n\t\t\t\t\t\t\t\t\t\t\t\t<div class=\"ekit_post_list_content_wraper\">\n\t\t\t\t\t\t\n\t\t\t\t\t\t<span class=\"elementor-icon-list-text\">World Tuberculosis Day: Mountain Hike to End Tuberculosis (TB).<\/span>\n\n\t\t\t\t\t\t\t\t\t\t\t<\/div>\n\t\t\t\t<\/a>\n\t\t\t<\/li>\n\t\t\t\t\t<li class=\"elementor-icon-list-item\">\n\t\t\t\t<a href=\"https:\/\/emecr.org\/de\/preventing-sexual-exploitation-and-abuse-in-humanitarian-work\/\" >\n\t\t\t\t\t\t\t\t\t\t\t\t\t<span class=\"elementor-icon-list-icon\">\n\t\t\t\t\t\t\t\t\t<i aria-hidden=\"true\" class=\"far fa-bookmark\"><\/i>\t\t\t\t\t\t\t\t<\/span>\n\t\t\t\t\t\t\t\t\t\t\t\t<div class=\"ekit_post_list_content_wraper\">\n\t\t\t\t\t\t\n\t\t\t\t\t\t<span class=\"elementor-icon-list-text\">Prevenir a explora\u00e7\u00e3o e o abuso sexual no trabalho humanit\u00e1rio<\/span>\n\n\t\t\t\t\t\t\t\t\t\t\t<\/div>\n\t\t\t\t<\/a>\n\t\t\t<\/li>\n\t\t\t\t<\/ul>\n\t\t<\/div>\t\t\t\t<\/div>\n\t\t\t\t<\/div>\n\t\t\t\t\t<\/div>\n\t\t<\/div>\n\t\t\t\t<div class=\"elementor-column elementor-col-50 elementor-top-column elementor-element elementor-element-cc680e9\" data-id=\"cc680e9\" data-element_type=\"column\" data-e-type=\"column\">\n\t\t\t<div class=\"elementor-widget-wrap elementor-element-populated\">\n\t\t\t\t\t\t<div class=\"elementor-element elementor-element-4e89b66 elementor-widget__width-initial elementor-widget elementor-widget-image\" data-id=\"4e89b66\" data-element_type=\"widget\" data-e-type=\"widget\" data-settings=\"{&quot;ekit_we_effect_on&quot;:&quot;none&quot;}\" data-widget_type=\"image.default\">\n\t\t\t\t<div class=\"elementor-widget-container\">\n\t\t\t\t\t\t\t\t\t\t\t\t\t\t\t<img fetchpriority=\"high\" decoding=\"async\" width=\"2560\" height=\"1707\" src=\"https:\/\/emecr.org\/wp-content\/uploads\/2025\/06\/group-cheerful-african-friends-with-facemasks-taking-selfie-park-scaled.jpg\" class=\"attachment-full size-full wp-image-43283\" alt=\"\" srcset=\"https:\/\/emecr.org\/wp-content\/uploads\/2025\/06\/group-cheerful-african-friends-with-facemasks-taking-selfie-park-scaled.jpg 2560w, https:\/\/emecr.org\/wp-content\/uploads\/2025\/06\/group-cheerful-african-friends-with-facemasks-taking-selfie-park-300x200.jpg 300w\" sizes=\"(max-width: 2560px) 100vw, 2560px\" \/>\t\t\t\t\t\t\t\t\t\t\t\t\t\t\t<\/div>\n\t\t\t\t<\/div>\n\t\t\t\t\t<\/div>\n\t\t<\/div>\n\t\t\t\t\t<\/div>\n\t\t<\/section>\n\t\t\t\t<\/div>","protected":false},"excerpt":{"rendered":"<p>Funded Projects Ongoing and current funded projects designed to produce clear results within set timelines and budgets. Reusable Sanitary Pads for School Girls Feed and Clothe Homeless Almajiri Street Children [&hellip;]<\/p>\n","protected":false},"author":1,"featured_media":0,"parent":0,"menu_order":0,"comment_status":"closed","ping_status":"closed","template":"template\/full-width-template.php","meta":{"rs_blank_template":"","rs_page_bg_color":"","slide_template_v7":"","footnotes":""},"class_list":["post-43262","page","type-page","status-publish","hentry"],"yoast_head":"<!-- This site is optimized with the Yoast SEO Premium plugin v27.1 (Yoast SEO v27.4) - https:\/\/yoast.com\/product\/yoast-seo-premium-wordpress\/ -->\n<title>Funded Projects &#8226; Equitable Medicaid and Clinical Research<\/title>\n<meta name=\"robots\" content=\"index, follow, max-snippet:-1, max-image-preview:large, max-video-preview:-1\" \/>\n<link rel=\"canonical\" href=\"https:\/\/emecr.org\/pt\/funded-projects\/\" \/>\n<meta property=\"og:locale\" content=\"pt_PT\" \/>\n<meta property=\"og:type\" content=\"article\" \/>\n<meta property=\"og:title\" content=\"Funded Projects\" \/>\n<meta property=\"og:description\" content=\"Funded Projects Ongoing and current funded projects designed to produce clear results within set timelines and budgets. Reusable Sanitary Pads for School Girls Feed and Clothe Homeless Almajiri Street Children [&hellip;]\" \/>\n<meta property=\"og:url\" content=\"https:\/\/emecr.org\/pt\/funded-projects\/\" \/>\n<meta property=\"og:site_name\" content=\"Equitable Medicaid and Clinical Research\" \/>\n<meta property=\"article:publisher\" content=\"https:\/\/www.facebook.com\/hq.emecr\" \/>\n<meta property=\"article:modified_time\" content=\"2025-06-06T15:35:41+00:00\" \/>\n<meta property=\"og:image\" content=\"https:\/\/emecr.org\/wp-content\/uploads\/2025\/06\/group-cheerful-african-friends-with-facemasks-taking-selfie-park-scaled.jpg\" \/>\n\t<meta property=\"og:image:width\" content=\"2560\" \/>\n\t<meta property=\"og:image:height\" content=\"1707\" \/>\n\t<meta property=\"og:image:type\" content=\"image\/jpeg\" \/>\n<meta name=\"twitter:card\" content=\"summary_large_image\" \/>\n<meta name=\"twitter:site\" content=\"@hq_emecr\" \/>\n<script type=\"application\/ld+json\" class=\"yoast-schema-graph\">{\"@context\":\"https:\\\/\\\/schema.org\",\"@graph\":[{\"@type\":\"WebPage\",\"@id\":\"https:\\\/\\\/emecr.org\\\/funded-projects\\\/\",\"url\":\"https:\\\/\\\/emecr.org\\\/funded-projects\\\/\",\"name\":\"Funded Projects &#8226; Equitable Medicaid and Clinical Research\",\"isPartOf\":{\"@id\":\"https:\\\/\\\/emecr.org\\\/#website\"},\"primaryImageOfPage\":{\"@id\":\"https:\\\/\\\/emecr.org\\\/funded-projects\\\/#primaryimage\"},\"image\":{\"@id\":\"https:\\\/\\\/emecr.org\\\/funded-projects\\\/#primaryimage\"},\"thumbnailUrl\":\"https:\\\/\\\/emecr.org\\\/wp-content\\\/uploads\\\/2025\\\/06\\\/group-cheerful-african-friends-with-facemasks-taking-selfie-park-scaled.jpg\",\"datePublished\":\"2025-06-06T12:37:37+00:00\",\"dateModified\":\"2025-06-06T15:35:41+00:00\",\"breadcrumb\":{\"@id\":\"https:\\\/\\\/emecr.org\\\/funded-projects\\\/#breadcrumb\"},\"inLanguage\":\"pt-PT\",\"potentialAction\":[{\"@type\":\"ReadAction\",\"target\":[\"https:\\\/\\\/emecr.org\\\/funded-projects\\\/\"]}]},{\"@type\":\"ImageObject\",\"inLanguage\":\"pt-PT\",\"@id\":\"https:\\\/\\\/emecr.org\\\/funded-projects\\\/#primaryimage\",\"url\":\"https:\\\/\\\/emecr.org\\\/wp-content\\\/uploads\\\/2025\\\/06\\\/group-cheerful-african-friends-with-facemasks-taking-selfie-park-scaled.jpg\",\"contentUrl\":\"https:\\\/\\\/emecr.org\\\/wp-content\\\/uploads\\\/2025\\\/06\\\/group-cheerful-african-friends-with-facemasks-taking-selfie-park-scaled.jpg\"},{\"@type\":\"BreadcrumbList\",\"@id\":\"https:\\\/\\\/emecr.org\\\/funded-projects\\\/#breadcrumb\",\"itemListElement\":[{\"@type\":\"ListItem\",\"position\":1,\"name\":\"Home\",\"item\":\"https:\\\/\\\/emecr.org\\\/\"},{\"@type\":\"ListItem\",\"position\":2,\"name\":\"Funded Projects\"}]},{\"@type\":\"WebSite\",\"@id\":\"https:\\\/\\\/emecr.org\\\/#website\",\"url\":\"https:\\\/\\\/emecr.org\\\/\",\"name\":\"Equitable Medicaid and Clinical Research\",\"description\":\"Every Life Matters\",\"publisher\":{\"@id\":\"https:\\\/\\\/emecr.org\\\/#organization\"},\"alternateName\":\"EMCR\",\"potentialAction\":[{\"@type\":\"SearchAction\",\"target\":{\"@type\":\"EntryPoint\",\"urlTemplate\":\"https:\\\/\\\/emecr.org\\\/?s={search_term_string}\"},\"query-input\":{\"@type\":\"PropertyValueSpecification\",\"valueRequired\":true,\"valueName\":\"search_term_string\"}}],\"inLanguage\":\"pt-PT\"},{\"@type\":\"Organization\",\"@id\":\"https:\\\/\\\/emecr.org\\\/#organization\",\"name\":\"Equitable Medicaid and Clinical Research\",\"alternateName\":\"EMCR\",\"url\":\"https:\\\/\\\/emecr.org\\\/\",\"logo\":{\"@type\":\"ImageObject\",\"inLanguage\":\"pt-PT\",\"@id\":\"https:\\\/\\\/emecr.org\\\/#\\\/schema\\\/logo\\\/image\\\/\",\"url\":\"https:\\\/\\\/emecr.org\\\/wp-content\\\/uploads\\\/2025\\\/03\\\/logo.png\",\"contentUrl\":\"https:\\\/\\\/emecr.org\\\/wp-content\\\/uploads\\\/2025\\\/03\\\/logo.png\",\"width\":1500,\"height\":867,\"caption\":\"Equitable Medicaid and Clinical Research\"},\"image\":{\"@id\":\"https:\\\/\\\/emecr.org\\\/#\\\/schema\\\/logo\\\/image\\\/\"},\"sameAs\":[\"https:\\\/\\\/www.facebook.com\\\/hq.emecr\",\"https:\\\/\\\/x.com\\\/hq_emecr\",\"https:\\\/\\\/www.instagram.com\\\/hq.emcr\\\/\",\"https:\\\/\\\/linkedin.com\\\/company\\\/hq-emecr\",\"http:\\\/\\\/www.youtube.com\\\/@hq_emecr\",\"https:\\\/\\\/www.tiktok.com\\\/@hq_emcr\"],\"description\":\"Equitable Medicaid and Clinical Research is a women-led non-profit organization that focuses on providing equal access to healthcare for economically disadvantaged populations, especially in rural and underserved communities, regardless of background, income levels, or geographical location. Founded on the belief that everyone deserves equitable access to quality medical services, we strive to bridge the gap in healthcare disparities. Our technology-driven approach helps deepen access to primary healthcare in hard-to-reach and neglected regions. Clinical research is at the heart of our mission. We conduct studies that support the development of safe and effective medicines and treatments. Through these efforts, we work to improve public health and strengthen healthcare access for communities across Africa and around the world.\",\"email\":\"info@emecr.org\",\"telephone\":\"+234806-2491-386\",\"legalName\":\"Equitable Medicaid and Clinical Research Ltd\\\/Gte\",\"foundingDate\":\"2024-05-06\",\"numberOfEmployees\":{\"@type\":\"QuantitativeValue\",\"minValue\":\"51\",\"maxValue\":\"200\"}}]}<\/script>\n<!-- \/ Yoast SEO Premium plugin. -->","yoast_head_json":{"title":"Funded Projects &#8226; Equitable Medicaid and Clinical Research","robots":{"index":"index","follow":"follow","max-snippet":"max-snippet:-1","max-image-preview":"max-image-preview:large","max-video-preview":"max-video-preview:-1"},"canonical":"https:\/\/emecr.org\/pt\/funded-projects\/","og_locale":"pt_PT","og_type":"article","og_title":"Funded Projects","og_description":"Funded Projects Ongoing and current funded projects designed to produce clear results within set timelines and budgets. Reusable Sanitary Pads for School Girls Feed and Clothe Homeless Almajiri Street Children [&hellip;]","og_url":"https:\/\/emecr.org\/pt\/funded-projects\/","og_site_name":"Equitable Medicaid and Clinical Research","article_publisher":"https:\/\/www.facebook.com\/hq.emecr","article_modified_time":"2025-06-06T15:35:41+00:00","og_image":[{"width":2560,"height":1707,"url":"https:\/\/emecr.org\/wp-content\/uploads\/2025\/06\/group-cheerful-african-friends-with-facemasks-taking-selfie-park-scaled.jpg","type":"image\/jpeg"}],"twitter_card":"summary_large_image","twitter_site":"@hq_emecr","schema":{"@context":"https:\/\/schema.org","@graph":[{"@type":"WebPage","@id":"https:\/\/emecr.org\/funded-projects\/","url":"https:\/\/emecr.org\/funded-projects\/","name":"Funded Projects &#8226; Equitable Medicaid and Clinical Research","isPartOf":{"@id":"https:\/\/emecr.org\/#website"},"primaryImageOfPage":{"@id":"https:\/\/emecr.org\/funded-projects\/#primaryimage"},"image":{"@id":"https:\/\/emecr.org\/funded-projects\/#primaryimage"},"thumbnailUrl":"https:\/\/emecr.org\/wp-content\/uploads\/2025\/06\/group-cheerful-african-friends-with-facemasks-taking-selfie-park-scaled.jpg","datePublished":"2025-06-06T12:37:37+00:00","dateModified":"2025-06-06T15:35:41+00:00","breadcrumb":{"@id":"https:\/\/emecr.org\/funded-projects\/#breadcrumb"},"inLanguage":"pt-PT","potentialAction":[{"@type":"ReadAction","target":["https:\/\/emecr.org\/funded-projects\/"]}]},{"@type":"ImageObject","inLanguage":"pt-PT","@id":"https:\/\/emecr.org\/funded-projects\/#primaryimage","url":"https:\/\/emecr.org\/wp-content\/uploads\/2025\/06\/group-cheerful-african-friends-with-facemasks-taking-selfie-park-scaled.jpg","contentUrl":"https:\/\/emecr.org\/wp-content\/uploads\/2025\/06\/group-cheerful-african-friends-with-facemasks-taking-selfie-park-scaled.jpg"},{"@type":"BreadcrumbList","@id":"https:\/\/emecr.org\/funded-projects\/#breadcrumb","itemListElement":[{"@type":"ListItem","position":1,"name":"Home","item":"https:\/\/emecr.org\/"},{"@type":"ListItem","position":2,"name":"Funded Projects"}]},{"@type":"WebSite","@id":"https:\/\/emecr.org\/#website","url":"https:\/\/emecr.org\/","name":"Medicaid equitativo e investiga\u00e7\u00e3o cl\u00ednica","description":"Todas as vidas s\u00e3o importantes","publisher":{"@id":"https:\/\/emecr.org\/#organization"},"alternateName":"EMCR","potentialAction":[{"@type":"SearchAction","target":{"@type":"EntryPoint","urlTemplate":"https:\/\/emecr.org\/?s={search_term_string}"},"query-input":{"@type":"PropertyValueSpecification","valueRequired":true,"valueName":"search_term_string"}}],"inLanguage":"pt-PT"},{"@type":"Organization","@id":"https:\/\/emecr.org\/#organization","name":"Medicaid equitativo e investiga\u00e7\u00e3o cl\u00ednica","alternateName":"EMCR","url":"https:\/\/emecr.org\/","logo":{"@type":"ImageObject","inLanguage":"pt-PT","@id":"https:\/\/emecr.org\/#\/schema\/logo\/image\/","url":"https:\/\/emecr.org\/wp-content\/uploads\/2025\/03\/logo.png","contentUrl":"https:\/\/emecr.org\/wp-content\/uploads\/2025\/03\/logo.png","width":1500,"height":867,"caption":"Equitable Medicaid and Clinical Research"},"image":{"@id":"https:\/\/emecr.org\/#\/schema\/logo\/image\/"},"sameAs":["https:\/\/www.facebook.com\/hq.emecr","https:\/\/x.com\/hq_emecr","https:\/\/www.instagram.com\/hq.emcr\/","https:\/\/linkedin.com\/company\/hq-emecr","http:\/\/www.youtube.com\/@hq_emecr","https:\/\/www.tiktok.com\/@hq_emcr"],"description":"Equitable Medicaid and Clinical Research is a women-led non-profit organization that focuses on providing equal access to healthcare for economically disadvantaged populations, especially in rural and underserved communities, regardless of background, income levels, or geographical location. Founded on the belief that everyone deserves equitable access to quality medical services, we strive to bridge the gap in healthcare disparities. Our technology-driven approach helps deepen access to primary healthcare in hard-to-reach and neglected regions. Clinical research is at the heart of our mission. We conduct studies that support the development of safe and effective medicines and treatments. Through these efforts, we work to improve public health and strengthen healthcare access for communities across Africa and around the world.","email":"info@emecr.org","telephone":"+234806-2491-386","legalName":"Equitable Medicaid and Clinical Research Ltd\/Gte","foundingDate":"2024-05-06","numberOfEmployees":{"@type":"QuantitativeValue","minValue":"51","maxValue":"200"}}]}},"_links":{"self":[{"href":"https:\/\/emecr.org\/pt\/wp-json\/wp\/v2\/pages\/43262","targetHints":{"allow":["GET"]}}],"collection":[{"href":"https:\/\/emecr.org\/pt\/wp-json\/wp\/v2\/pages"}],"about":[{"href":"https:\/\/emecr.org\/pt\/wp-json\/wp\/v2\/types\/page"}],"author":[{"embeddable":true,"href":"https:\/\/emecr.org\/pt\/wp-json\/wp\/v2\/users\/1"}],"replies":[{"embeddable":true,"href":"https:\/\/emecr.org\/pt\/wp-json\/wp\/v2\/comments?post=43262"}],"version-history":[{"count":0,"href":"https:\/\/emecr.org\/pt\/wp-json\/wp\/v2\/pages\/43262\/revisions"}],"wp:attachment":[{"href":"https:\/\/emecr.org\/pt\/wp-json\/wp\/v2\/media?parent=43262"}],"curies":[{"name":"wp","href":"https:\/\/api.w.org\/{rel}","templated":true}]}}