{"id":7422,"date":"2023-06-01T06:38:39","date_gmt":"2023-06-01T06:38:39","guid":{"rendered":"https:\/\/demo.themewinter.com\/wp\/instive\/?page_id=7422"},"modified":"2025-05-30T17:32:47","modified_gmt":"2025-05-30T17:32:47","slug":"ehealth-solutions","status":"publish","type":"page","link":"https:\/\/emecr.org\/pt\/ehealth-solutions\/","title":{"rendered":"Solu\u00e7\u00f5es de sa\u00fade eletr\u00f3nica"},"content":{"rendered":"<div data-elementor-type=\"wp-page\" data-elementor-id=\"7422\" class=\"elementor elementor-7422\" data-elementor-post-type=\"page\">\n\t\t\t\t<div class=\"elementor-element elementor-element-364eeb2 e-flex e-con-boxed e-con e-parent\" data-id=\"364eeb2\" data-element_type=\"container\" data-e-type=\"container\" data-settings=\"{&quot;ekit_has_onepagescroll_dot&quot;:&quot;yes&quot;}\">\n\t\t\t\t\t<div class=\"e-con-inner\">\n\t\t<div class=\"elementor-element elementor-element-d528bc9 e-con-full e-flex e-con e-child\" data-id=\"d528bc9\" data-element_type=\"container\" data-e-type=\"container\" data-settings=\"{&quot;ekit_has_onepagescroll_dot&quot;:&quot;yes&quot;}\">\n\t\t\t\t<div class=\"elementor-element elementor-element-2646d39 elementor-widget elementor-widget-image\" data-id=\"2646d39\" data-element_type=\"widget\" data-e-type=\"widget\" data-settings=\"{&quot;ekit_we_effect_on&quot;:&quot;none&quot;}\" data-widget_type=\"image.default\">\n\t\t\t\t<div class=\"elementor-widget-container\">\n\t\t\t\t\t\t\t\t\t\t\t\t\t\t\t<img fetchpriority=\"high\" decoding=\"async\" width=\"724\" height=\"483\" src=\"https:\/\/emecr.org\/wp-content\/uploads\/2024\/04\/GettyImages-899355186.jpg\" class=\"attachment-full size-full wp-image-24802\" alt=\"\" srcset=\"https:\/\/emecr.org\/wp-content\/uploads\/2024\/04\/GettyImages-899355186.jpg 724w, https:\/\/emecr.org\/wp-content\/uploads\/2024\/04\/GettyImages-899355186-600x400.jpg 600w, https:\/\/emecr.org\/wp-content\/uploads\/2024\/04\/GettyImages-899355186-300x200.jpg 300w\" sizes=\"(max-width: 724px) 100vw, 724px\" \/>\t\t\t\t\t\t\t\t\t\t\t\t\t\t\t<\/div>\n\t\t\t\t<\/div>\n\t\t\t\t<\/div>\n\t\t<div class=\"elementor-element elementor-element-538f530 e-con-full e-flex e-con e-child\" data-id=\"538f530\" data-element_type=\"container\" data-e-type=\"container\" data-settings=\"{&quot;ekit_has_onepagescroll_dot&quot;:&quot;yes&quot;}\">\n\t\t\t\t<div class=\"elementor-element elementor-element-540c2ce elementor-widget elementor-widget-elementskit-heading\" data-id=\"540c2ce\" data-element_type=\"widget\" data-e-type=\"widget\" data-settings=\"{&quot;ekit_we_effect_on&quot;:&quot;none&quot;}\" data-widget_type=\"elementskit-heading.default\">\n\t\t\t\t<div class=\"elementor-widget-container\">\n\t\t\t\t\t<div class=\"ekit-wid-con\" ><div class=\"ekit-heading elementskit-section-title-wraper    ekit_heading_tablet-   ekit_heading_mobile-\"><h2 class=\"ekit-heading--title elementskit-section-title\">Solu\u00e7\u00f5es de sa\u00fade digital<\/h2>\t\t\t\t<div class='ekit-heading__description'>\n\t\t\t\t\t<p>A Equitable Medicaid e a Clinical Research desenvolvem e integram tecnologias digitais, sistemas de comunica\u00e7\u00e3o e dispositivos, aplica\u00e7\u00f5es e sistemas interligados para recolher, partilhar e analisar informa\u00e7\u00f5es de sa\u00fade em tempo real, a fim de aprofundar o acesso \u00e0 presta\u00e7\u00e3o de cuidados de sa\u00fade.<br \/>Os nossos cuidados de sa\u00fade ligados incluem:\u00a0<span class=\"elementor-icon-list-text\">Telemedicina,\u00a0<\/span><span class=\"elementor-icon-list-text\">Interc\u00e2mbio de informa\u00e7\u00f5es sobre sa\u00fade (HIE), <\/span><span class=\"elementor-icon-list-text\">Dispositivos port\u00e1teis, <\/span><span class=\"elementor-icon-list-text\">Monitoriza\u00e7\u00e3o remota de doentes (RPM), <\/span><span class=\"elementor-icon-list-text\">Registos de sa\u00fade electr\u00f3nicos (EHR), <\/span><span class=\"elementor-icon-list-text\">Sa\u00fade m\u00f3vel (mHealth).<\/span><\/p>\n\t\t\t\t<\/div>\n\t\t\t<\/div><\/div>\t\t\t\t<\/div>\n\t\t\t\t<\/div>\n\t\t\t\t<div class=\"elementor-element elementor-element-bed258e elementor-align-left elementor-widget elementor-widget-elementskit-button\" data-id=\"bed258e\" data-element_type=\"widget\" data-e-type=\"widget\" data-settings=\"{&quot;ekit_we_effect_on&quot;:&quot;none&quot;}\" data-widget_type=\"elementskit-button.default\">\n\t\t\t\t<div class=\"elementor-widget-container\">\n\t\t\t\t\t<div class=\"ekit-wid-con\" >\t\t<div class=\"ekit-btn-wraper\">\n\t\t\t\t\t\t\t<a href=\"#\" class=\"elementskit-btn  whitespace--normal\" id=\"\">\n\t\t\t\t\t<i class=\"fas fa-external-link-square-alt\"><\/i>Estudos de caso\t\t\t\t<\/a>\n\t\t\t\t\t<\/div>\n        <\/div>\t\t\t\t<\/div>\n\t\t\t\t<\/div>\n\t\t\t\t<\/div>\n\t\t\t\t\t<\/div>\n\t\t\t\t<\/div>\n\t\t<div class=\"elementor-element elementor-element-e087616 e-flex e-con-boxed e-con e-parent\" data-id=\"e087616\" data-element_type=\"container\" data-e-type=\"container\" data-settings=\"{&quot;ekit_has_onepagescroll_dot&quot;:&quot;yes&quot;}\">\n\t\t\t\t\t<div class=\"e-con-inner\">\n\t\t\t\t<div class=\"elementor-element elementor-element-88a1945 elementor-widget elementor-widget-elementskit-heading\" data-id=\"88a1945\" data-element_type=\"widget\" data-e-type=\"widget\" data-settings=\"{&quot;ekit_we_effect_on&quot;:&quot;none&quot;}\" data-widget_type=\"elementskit-heading.default\">\n\t\t\t\t<div class=\"elementor-widget-container\">\n\t\t\t\t\t<div class=\"ekit-wid-con\" ><div class=\"ekit-heading elementskit-section-title-wraper text_center   ekit_heading_tablet-   ekit_heading_mobile-\"><h2 class=\"ekit-heading--title elementskit-section-title\">As nossas solu\u00e7\u00f5es de sa\u00fade eletr\u00f3nica<\/h2><h3 class=\"ekit-heading--subtitle elementskit-section-subtitle\">\n\t\t\t\t\t\t\/ Sa\u00fade ligada\n\t\t\t\t\t<\/h3><div class=\"ekit_heading_separetor_wraper ekit_heading_elementskit-border-divider elementskit-style-long\"><div class=\"elementskit-border-divider elementskit-style-long\"><\/div><\/div><\/div><\/div>\t\t\t\t<\/div>\n\t\t\t\t<\/div>\n\t\t\t\t\t<\/div>\n\t\t\t\t<\/div>\n\t\t\t\t<section class=\"elementor-section elementor-top-section elementor-element elementor-element-cb928d0 elementor-section-boxed elementor-section-height-default elementor-section-height-default elementor-invisible\" data-id=\"cb928d0\" data-element_type=\"section\" data-e-type=\"section\" data-settings=\"{&quot;animation&quot;:&quot;fadeInUp&quot;,&quot;animation_delay&quot;:500,&quot;ekit_has_onepagescroll_dot&quot;:&quot;yes&quot;}\">\n\t\t\t\t\t\t<div class=\"elementor-container elementor-column-gap-default\">\n\t\t\t\t\t<div class=\"elementor-column elementor-col-100 elementor-top-column elementor-element elementor-element-f955632\" data-id=\"f955632\" data-element_type=\"column\" data-e-type=\"column\">\n\t\t\t<div class=\"elementor-widget-wrap elementor-element-populated\">\n\t\t\t\t\t\t<div class=\"elementor-element elementor-element-ac62cf8 elementor-widget elementor-widget-instive-insurance\" data-id=\"ac62cf8\" data-element_type=\"widget\" data-e-type=\"widget\" data-settings=\"{&quot;ekit_we_effect_on&quot;:&quot;none&quot;}\" data-widget_type=\"instive-insurance.default\">\n\t\t\t\t<div class=\"elementor-widget-container\">\n\t\t\t\t\t\n\t\t\n\t\t\n\t\t\t\t\t\t\t\t\t<div class=\"row instive-style4-service-list\">\n\n\t\t\t\t\t\t\t\t\t\t\t\n\t\t\t\t\t\t    \n    <div class=\"col-md-6 instive-grid-item\">\n        <div class=\"ts-feature-box style2\">\n            <h3 class=\"ts-title md\">\n                <a href=\"https:\/\/emecr.org\/pt\/service\/easy-health-hms\/\"> Easy Health (HMS) <\/a>\n            <\/h3>\n            <div class=\"media service-thumb-bg\">\n                                <div class=\"feature-icon d-flex post-thumb\">\n                    <a href=\"https:\/\/emecr.org\/pt\/service\/easy-health-hms\/\">\n                    <span class=\"blog-bg-img\" style=\"background-image: url(https:\/\/emecr.org\/wp-content\/uploads\/2024\/08\/hospitalized@2x.png);\"><\/span>\n                    <\/a>\n                                    <\/div>\n                                <div class=\"media-body\">\n                <p>\n                    A Easy Health simplifica a gest\u00e3o hospitalar com solu\u00e7\u00f5es de cuidados de sa\u00fade eficientes e f\u00e1ceis de utilizar para uma administra\u00e7\u00e3o e cuidados optimizados dos pacientes.                <\/p>\n                                    <a href=\"https:\/\/emecr.org\/pt\/service\/easy-health-hms\/\" class=\"btn-link readmore\"> ler mais <\/a>\n                                <\/div>\n            <\/div>\n        <\/div>\n    <\/div>\n\t\t\t\t\t\t\t\t\t\t\t\n\t\t\t\t\t\t    \n    <div class=\"col-md-6 instive-grid-item\">\n        <div class=\"ts-feature-box style2\">\n            <h3 class=\"ts-title md\">\n                <a href=\"https:\/\/emecr.org\/pt\/service\/myhmo\/\"> MyHMO <\/a>\n            <\/h3>\n            <div class=\"media service-thumb-bg\">\n                                <div class=\"feature-icon d-flex post-thumb\">\n                    <a href=\"https:\/\/emecr.org\/pt\/service\/myhmo\/\">\n                    <span class=\"blog-bg-img\" style=\"background-image: url(https:\/\/emecr.org\/wp-content\/uploads\/2024\/08\/doctor_female@2x.png);\"><\/span>\n                    <\/a>\n                                    <\/div>\n                                <div class=\"media-body\">\n                <p>\n                    O MyHMO proporciona uma gest\u00e3o perfeita do plano de sa\u00fade, cuidados personalizados para os inscritos no NHIS\/Private e uma verifica\u00e7\u00e3o eficiente das facturas dos prestadores de servi\u00e7os.                <\/p>\n                                    <a href=\"https:\/\/emecr.org\/pt\/service\/myhmo\/\" class=\"btn-link readmore\"> ler mais <\/a>\n                                <\/div>\n            <\/div>\n        <\/div>\n    <\/div>\n\t\t\t\t\t\t\t\t\t\t\t\n\t\t\t\t\t\t    \n    <div class=\"col-md-6 instive-grid-item\">\n        <div class=\"ts-feature-box style2\">\n            <h3 class=\"ts-title md\">\n                <a href=\"https:\/\/emecr.org\/pt\/service\/medsenger\/\"> Medsenger <\/a>\n            <\/h3>\n            <div class=\"media service-thumb-bg\">\n                                <div class=\"feature-icon d-flex post-thumb\">\n                    <a href=\"https:\/\/emecr.org\/pt\/service\/medsenger\/\">\n                    <span class=\"blog-bg-img\" style=\"background-image: url(https:\/\/emecr.org\/wp-content\/uploads\/2024\/08\/desktop_app@2x.png);\"><\/span>\n                    <\/a>\n                                    <\/div>\n                                <div class=\"media-body\">\n                <p>\n                    O Medsenger \u00e9 uma solu\u00e7\u00e3o de marketing de SMS e WhatsApp em massa concebida para hospitais e HMOs para melhorar a comunica\u00e7\u00e3o e o envolvimento.                <\/p>\n                                    <a href=\"https:\/\/emecr.org\/pt\/service\/medsenger\/\" class=\"btn-link readmore\"> ler mais <\/a>\n                                <\/div>\n            <\/div>\n        <\/div>\n    <\/div>\n\t\t\t\t\t\t\t\t\t<\/div>\n\t\t\t\t\t\t\t\t\t\t\t\t\t\t\t\t\t\t\n\t\t\t\t<\/div>\n\t\t\t\t<\/div>\n\t\t\t\t\t<\/div>\n\t\t<\/div>\n\t\t\t\t\t<\/div>\n\t\t<\/section>\n\t\t\t\t<\/div>","protected":false},"excerpt":{"rendered":"<p>Digital Health Solutions Equitable Medicaid and Clinical Research develop and integrate digital technologies, communication systems, and interconnected devices, applications, and systems to collect, share, and analyze health information in real-time [&hellip;]<\/p>\n","protected":false},"author":1,"featured_media":0,"parent":0,"menu_order":0,"comment_status":"closed","ping_status":"closed","template":"elementor_header_footer","meta":{"rs_blank_template":"","rs_page_bg_color":"","slide_template_v7":"","footnotes":""},"class_list":["post-7422","page","type-page","status-publish","hentry"],"yoast_head":"<!-- This site is optimized with the Yoast SEO Premium plugin v27.1 (Yoast SEO v27.4) - https:\/\/yoast.com\/product\/yoast-seo-premium-wordpress\/ -->\n<title>eHealth Solutions &#8226; Equitable Medicaid and Clinical Research<\/title>\n<meta name=\"robots\" content=\"index, follow, max-snippet:-1, max-image-preview:large, max-video-preview:-1\" \/>\n<link rel=\"canonical\" href=\"https:\/\/emecr.org\/pt\/ehealth-solutions\/\" \/>\n<meta property=\"og:locale\" content=\"pt_PT\" \/>\n<meta property=\"og:type\" content=\"article\" \/>\n<meta property=\"og:title\" content=\"eHealth Solutions\" \/>\n<meta property=\"og:description\" content=\"Digital Health Solutions Equitable Medicaid and Clinical Research develop and integrate digital technologies, communication systems, and interconnected devices, applications, and systems to collect, share, and analyze health information in real-time [&hellip;]\" \/>\n<meta property=\"og:url\" content=\"https:\/\/emecr.org\/pt\/ehealth-solutions\/\" \/>\n<meta property=\"og:site_name\" content=\"Equitable Medicaid and Clinical Research\" \/>\n<meta property=\"article:publisher\" content=\"https:\/\/www.facebook.com\/hq.emecr\" \/>\n<meta property=\"article:modified_time\" content=\"2025-05-30T17:32:47+00:00\" \/>\n<meta property=\"og:image\" content=\"https:\/\/emecr.org\/wp-content\/uploads\/2024\/04\/GettyImages-899355186.jpg\" \/>\n\t<meta property=\"og:image:width\" content=\"724\" \/>\n\t<meta property=\"og:image:height\" content=\"483\" \/>\n\t<meta property=\"og:image:type\" content=\"image\/jpeg\" \/>\n<meta name=\"twitter:card\" content=\"summary_large_image\" \/>\n<meta name=\"twitter:site\" content=\"@hq_emecr\" \/>\n<meta name=\"twitter:label1\" content=\"Tempo estimado de leitura\" \/>\n\t<meta name=\"twitter:data1\" content=\"1 minuto\" \/>\n<script type=\"application\/ld+json\" class=\"yoast-schema-graph\">{\"@context\":\"https:\\\/\\\/schema.org\",\"@graph\":[{\"@type\":\"WebPage\",\"@id\":\"https:\\\/\\\/emecr.org\\\/ehealth-solutions\\\/\",\"url\":\"https:\\\/\\\/emecr.org\\\/ehealth-solutions\\\/\",\"name\":\"eHealth Solutions &#8226; Equitable Medicaid and Clinical Research\",\"isPartOf\":{\"@id\":\"https:\\\/\\\/emecr.org\\\/#website\"},\"primaryImageOfPage\":{\"@id\":\"https:\\\/\\\/emecr.org\\\/ehealth-solutions\\\/#primaryimage\"},\"image\":{\"@id\":\"https:\\\/\\\/emecr.org\\\/ehealth-solutions\\\/#primaryimage\"},\"thumbnailUrl\":\"https:\\\/\\\/emecr.org\\\/wp-content\\\/uploads\\\/2024\\\/04\\\/GettyImages-899355186.jpg\",\"datePublished\":\"2023-06-01T06:38:39+00:00\",\"dateModified\":\"2025-05-30T17:32:47+00:00\",\"breadcrumb\":{\"@id\":\"https:\\\/\\\/emecr.org\\\/ehealth-solutions\\\/#breadcrumb\"},\"inLanguage\":\"pt-PT\",\"potentialAction\":[{\"@type\":\"ReadAction\",\"target\":[\"https:\\\/\\\/emecr.org\\\/ehealth-solutions\\\/\"]}]},{\"@type\":\"ImageObject\",\"inLanguage\":\"pt-PT\",\"@id\":\"https:\\\/\\\/emecr.org\\\/ehealth-solutions\\\/#primaryimage\",\"url\":\"https:\\\/\\\/emecr.org\\\/wp-content\\\/uploads\\\/2024\\\/04\\\/GettyImages-899355186.jpg\",\"contentUrl\":\"https:\\\/\\\/emecr.org\\\/wp-content\\\/uploads\\\/2024\\\/04\\\/GettyImages-899355186.jpg\"},{\"@type\":\"BreadcrumbList\",\"@id\":\"https:\\\/\\\/emecr.org\\\/ehealth-solutions\\\/#breadcrumb\",\"itemListElement\":[{\"@type\":\"ListItem\",\"position\":1,\"name\":\"Home\",\"item\":\"https:\\\/\\\/emecr.org\\\/\"},{\"@type\":\"ListItem\",\"position\":2,\"name\":\"eHealth Solutions\"}]},{\"@type\":\"WebSite\",\"@id\":\"https:\\\/\\\/emecr.org\\\/#website\",\"url\":\"https:\\\/\\\/emecr.org\\\/\",\"name\":\"Equitable Medicaid and Clinical Research\",\"description\":\"Every Life Matters\",\"publisher\":{\"@id\":\"https:\\\/\\\/emecr.org\\\/#organization\"},\"alternateName\":\"EMCR\",\"potentialAction\":[{\"@type\":\"SearchAction\",\"target\":{\"@type\":\"EntryPoint\",\"urlTemplate\":\"https:\\\/\\\/emecr.org\\\/?s={search_term_string}\"},\"query-input\":{\"@type\":\"PropertyValueSpecification\",\"valueRequired\":true,\"valueName\":\"search_term_string\"}}],\"inLanguage\":\"pt-PT\"},{\"@type\":\"Organization\",\"@id\":\"https:\\\/\\\/emecr.org\\\/#organization\",\"name\":\"Equitable Medicaid and Clinical Research\",\"alternateName\":\"EMCR\",\"url\":\"https:\\\/\\\/emecr.org\\\/\",\"logo\":{\"@type\":\"ImageObject\",\"inLanguage\":\"pt-PT\",\"@id\":\"https:\\\/\\\/emecr.org\\\/#\\\/schema\\\/logo\\\/image\\\/\",\"url\":\"https:\\\/\\\/emecr.org\\\/wp-content\\\/uploads\\\/2025\\\/03\\\/logo.png\",\"contentUrl\":\"https:\\\/\\\/emecr.org\\\/wp-content\\\/uploads\\\/2025\\\/03\\\/logo.png\",\"width\":1500,\"height\":867,\"caption\":\"Equitable Medicaid and Clinical Research\"},\"image\":{\"@id\":\"https:\\\/\\\/emecr.org\\\/#\\\/schema\\\/logo\\\/image\\\/\"},\"sameAs\":[\"https:\\\/\\\/www.facebook.com\\\/hq.emecr\",\"https:\\\/\\\/x.com\\\/hq_emecr\",\"https:\\\/\\\/www.instagram.com\\\/hq.emcr\\\/\",\"https:\\\/\\\/linkedin.com\\\/company\\\/hq-emecr\",\"http:\\\/\\\/www.youtube.com\\\/@hq_emecr\",\"https:\\\/\\\/www.tiktok.com\\\/@hq_emcr\"],\"description\":\"Equitable Medicaid and Clinical Research is a women-led non-profit organization that focuses on providing equal access to healthcare for economically disadvantaged populations, especially in rural and underserved communities, regardless of background, income levels, or geographical location. Founded on the belief that everyone deserves equitable access to quality medical services, we strive to bridge the gap in healthcare disparities. Our technology-driven approach helps deepen access to primary healthcare in hard-to-reach and neglected regions. Clinical research is at the heart of our mission. We conduct studies that support the development of safe and effective medicines and treatments. Through these efforts, we work to improve public health and strengthen healthcare access for communities across Africa and around the world.\",\"email\":\"info@emecr.org\",\"telephone\":\"+234806-2491-386\",\"legalName\":\"Equitable Medicaid and Clinical Research Ltd\\\/Gte\",\"foundingDate\":\"2024-05-06\",\"numberOfEmployees\":{\"@type\":\"QuantitativeValue\",\"minValue\":\"51\",\"maxValue\":\"200\"}}]}<\/script>\n<!-- \/ Yoast SEO Premium plugin. -->","yoast_head_json":{"title":"eHealth Solutions &#8226; Equitable Medicaid and Clinical Research","robots":{"index":"index","follow":"follow","max-snippet":"max-snippet:-1","max-image-preview":"max-image-preview:large","max-video-preview":"max-video-preview:-1"},"canonical":"https:\/\/emecr.org\/pt\/ehealth-solutions\/","og_locale":"pt_PT","og_type":"article","og_title":"eHealth Solutions","og_description":"Digital Health Solutions Equitable Medicaid and Clinical Research develop and integrate digital technologies, communication systems, and interconnected devices, applications, and systems to collect, share, and analyze health information in real-time [&hellip;]","og_url":"https:\/\/emecr.org\/pt\/ehealth-solutions\/","og_site_name":"Equitable Medicaid and Clinical Research","article_publisher":"https:\/\/www.facebook.com\/hq.emecr","article_modified_time":"2025-05-30T17:32:47+00:00","og_image":[{"width":724,"height":483,"url":"https:\/\/emecr.org\/wp-content\/uploads\/2024\/04\/GettyImages-899355186.jpg","type":"image\/jpeg"}],"twitter_card":"summary_large_image","twitter_site":"@hq_emecr","twitter_misc":{"Tempo estimado de leitura":"1 minuto"},"schema":{"@context":"https:\/\/schema.org","@graph":[{"@type":"WebPage","@id":"https:\/\/emecr.org\/ehealth-solutions\/","url":"https:\/\/emecr.org\/ehealth-solutions\/","name":"eHealth Solutions &#8226; Equitable Medicaid and Clinical Research","isPartOf":{"@id":"https:\/\/emecr.org\/#website"},"primaryImageOfPage":{"@id":"https:\/\/emecr.org\/ehealth-solutions\/#primaryimage"},"image":{"@id":"https:\/\/emecr.org\/ehealth-solutions\/#primaryimage"},"thumbnailUrl":"https:\/\/emecr.org\/wp-content\/uploads\/2024\/04\/GettyImages-899355186.jpg","datePublished":"2023-06-01T06:38:39+00:00","dateModified":"2025-05-30T17:32:47+00:00","breadcrumb":{"@id":"https:\/\/emecr.org\/ehealth-solutions\/#breadcrumb"},"inLanguage":"pt-PT","potentialAction":[{"@type":"ReadAction","target":["https:\/\/emecr.org\/ehealth-solutions\/"]}]},{"@type":"ImageObject","inLanguage":"pt-PT","@id":"https:\/\/emecr.org\/ehealth-solutions\/#primaryimage","url":"https:\/\/emecr.org\/wp-content\/uploads\/2024\/04\/GettyImages-899355186.jpg","contentUrl":"https:\/\/emecr.org\/wp-content\/uploads\/2024\/04\/GettyImages-899355186.jpg"},{"@type":"BreadcrumbList","@id":"https:\/\/emecr.org\/ehealth-solutions\/#breadcrumb","itemListElement":[{"@type":"ListItem","position":1,"name":"Home","item":"https:\/\/emecr.org\/"},{"@type":"ListItem","position":2,"name":"eHealth Solutions"}]},{"@type":"WebSite","@id":"https:\/\/emecr.org\/#website","url":"https:\/\/emecr.org\/","name":"Medicaid equitativo e investiga\u00e7\u00e3o cl\u00ednica","description":"Todas as vidas s\u00e3o importantes","publisher":{"@id":"https:\/\/emecr.org\/#organization"},"alternateName":"EMCR","potentialAction":[{"@type":"SearchAction","target":{"@type":"EntryPoint","urlTemplate":"https:\/\/emecr.org\/?s={search_term_string}"},"query-input":{"@type":"PropertyValueSpecification","valueRequired":true,"valueName":"search_term_string"}}],"inLanguage":"pt-PT"},{"@type":"Organization","@id":"https:\/\/emecr.org\/#organization","name":"Medicaid equitativo e investiga\u00e7\u00e3o cl\u00ednica","alternateName":"EMCR","url":"https:\/\/emecr.org\/","logo":{"@type":"ImageObject","inLanguage":"pt-PT","@id":"https:\/\/emecr.org\/#\/schema\/logo\/image\/","url":"https:\/\/emecr.org\/wp-content\/uploads\/2025\/03\/logo.png","contentUrl":"https:\/\/emecr.org\/wp-content\/uploads\/2025\/03\/logo.png","width":1500,"height":867,"caption":"Equitable Medicaid and Clinical Research"},"image":{"@id":"https:\/\/emecr.org\/#\/schema\/logo\/image\/"},"sameAs":["https:\/\/www.facebook.com\/hq.emecr","https:\/\/x.com\/hq_emecr","https:\/\/www.instagram.com\/hq.emcr\/","https:\/\/linkedin.com\/company\/hq-emecr","http:\/\/www.youtube.com\/@hq_emecr","https:\/\/www.tiktok.com\/@hq_emcr"],"description":"Equitable Medicaid and Clinical Research is a women-led non-profit organization that focuses on providing equal access to healthcare for economically disadvantaged populations, especially in rural and underserved communities, regardless of background, income levels, or geographical location. Founded on the belief that everyone deserves equitable access to quality medical services, we strive to bridge the gap in healthcare disparities. Our technology-driven approach helps deepen access to primary healthcare in hard-to-reach and neglected regions. Clinical research is at the heart of our mission. We conduct studies that support the development of safe and effective medicines and treatments. Through these efforts, we work to improve public health and strengthen healthcare access for communities across Africa and around the world.","email":"info@emecr.org","telephone":"+234806-2491-386","legalName":"Equitable Medicaid and Clinical Research Ltd\/Gte","foundingDate":"2024-05-06","numberOfEmployees":{"@type":"QuantitativeValue","minValue":"51","maxValue":"200"}}]}},"_links":{"self":[{"href":"https:\/\/emecr.org\/pt\/wp-json\/wp\/v2\/pages\/7422","targetHints":{"allow":["GET"]}}],"collection":[{"href":"https:\/\/emecr.org\/pt\/wp-json\/wp\/v2\/pages"}],"about":[{"href":"https:\/\/emecr.org\/pt\/wp-json\/wp\/v2\/types\/page"}],"author":[{"embeddable":true,"href":"https:\/\/emecr.org\/pt\/wp-json\/wp\/v2\/users\/1"}],"replies":[{"embeddable":true,"href":"https:\/\/emecr.org\/pt\/wp-json\/wp\/v2\/comments?post=7422"}],"version-history":[{"count":0,"href":"https:\/\/emecr.org\/pt\/wp-json\/wp\/v2\/pages\/7422\/revisions"}],"wp:attachment":[{"href":"https:\/\/emecr.org\/pt\/wp-json\/wp\/v2\/media?parent=7422"}],"curies":[{"name":"wp","href":"https:\/\/api.w.org\/{rel}","templated":true}]}}